{"id":32933,"date":"2021-12-07T14:31:12","date_gmt":"2021-12-07T13:31:12","guid":{"rendered":"https:\/\/bp.ostroleka.pl\/uslugi\/"},"modified":"2025-11-26T11:12:25","modified_gmt":"2025-11-26T10:12:25","slug":"uslugi","status":"publish","type":"page","link":"https:\/\/bp.ostroleka.pl\/uk\/uslugi\/","title":{"rendered":"Us\u0142ugi"},"content":{"rendered":"\n<p><strong>UDOST\u0118PNIANIE ZBIOR\u00d3W<\/strong><\/p>\n\n\n\n<ul class=\"wp-block-list\">\n<li>na zewn\u0105trz, poza bibliotek\u0119 \u2013 w Wypo\u017cyczalni i Dziale Zbior\u00f3w Specjalnych,<\/li>\n\n\n\n<li>prezencyjnie, na miejscu oraz w ramach wypo\u017cycze\u0144 kr\u00f3tkoterminowych \u2013 w Czytelni,<\/li>\n\n\n\n<li>wypo\u017cyczalnia mi\u0119dzybiblioteczna,<\/li>\n\n\n\n<li><a href=\"https:\/\/academica.edu.pl\/\" target=\"_blank\" rel=\"noreferrer noopener\">ACADEMICA<\/a>&nbsp;\u2013 Cyfrowa Wypo\u017cyczalnia Mi\u0119dzybiblioteczna Ksi\u0105\u017cek i Czasopism Naukowych,<\/li>\n\n\n\n<li><a href=\"https:\/\/bp.ostroleka.pl\/libra\/\">IBUK libra<\/a>&nbsp;\u2013 Czytelnia Ksi\u0105\u017cek Elektronicznych,<\/li>\n<\/ul>\n\n\n\n<p>Bezp\u0142atny dost\u0119p do Internetu.<br><em>Szczeg\u00f3\u0142owe uregulowania dotycz\u0105ce udost\u0119pniania i wypo\u017cycze\u0144 mi\u0119dzybibliotecznych znajduj\u0105 si\u0119 w <a href=\"https:\/\/bp.ostroleka.pl\/uk\/regulaminy\/\">Regulaminie korzystania ze zbior\u00f3w Biblioteki Pedagogicznej w Ostro\u0142\u0119ce.<\/a><\/em><\/p>\n\n\n\n<p><strong>DZIA\u0141ALNO\u015a\u0106 INFORMACYJNO- BIBLIOGRAFICZNA<\/strong><\/p>\n\n\n\n<ul class=\"wp-block-list\">\n<li>opracowanie tematycznych zestawie\u0144 bibliograficznych<\/li>\n\n\n\n<li>opracowanie Serwisu Prasowego<\/li>\n\n\n\n<li>udzielanie informacji bibliograficznych i pokrewnych<\/li>\n\n\n\n<li>prowadzenie bazy artyku\u0142\u00f3w z czasopism<\/li>\n\n\n\n<li>popularyzacja zbior\u00f3w przez organizowanie wystaw nowo\u015bci, ekspozycji tematycznych<\/li>\n<\/ul>\n\n\n\n<p><strong>DZIA\u0141ALNO\u015a\u0106 DYDAKTYCZNO-METODYCZNA<\/strong><\/p>\n\n\n\n<ul class=\"wp-block-list\">\n<li>szkolenia u\u017cytkownik\u00f3w Biblioteki<\/li>\n\n\n\n<li>warsztaty i spotkania autorskie dla nauczycieli<\/li>\n\n\n\n<li>zaj\u0119cia czytelnicze i&nbsp; warsztaty dla uczni\u00f3w<\/li>\n\n\n\n<li>konkursy popularyzuj\u0105ce Bibliotek\u0119 i czytelnictwo<\/li>\n\n\n\n<li>udzielanie indywidualnych konsultacji bibliotekarzom szkolnym<\/li>\n<\/ul>\n\n\n\n<p><strong>US\u0141UGI SKANOWANIA<\/strong><\/p>\n\n\n\n<ul class=\"wp-block-list\">\n<li>wykonywanie skan\u00f3w artyku\u0142\u00f3w z czasopism<\/li>\n<\/ul>\n\n\n\n<p style=\"margin-top:0;margin-bottom:0;padding-top:0;padding-bottom:0\"><em>Szczeg\u00f3\u0142owe uregulowania dotycz\u0105ce us\u0142ugi skanowania znajduj\u0105 si\u0119 w Regulaminie e-us\u0142ugi \u2013 skany.<\/em><\/p>\n\n\n\n<p style=\"margin-top:0;margin-bottom:0;padding-top:0;padding-bottom:0\"><a href=\"https:\/\/bp.ostroleka.pl\/mbpeuslugiregulamin\/zamowienia-skanow\" target=\"_blank\" rel=\"noreferrer noopener\">https:\/\/bp.ostroleka.pl\/mbpeuslugiregulamin\/zamowienia-skanow<\/a><\/p>\n\n\n\n<p style=\"margin-top:0;margin-bottom:0;padding-top:0;padding-bottom:0\"><em>Skanowanie materia\u0142\u00f3w bibliotecznych ze zbior\u00f3w Biblioteki Pedagogicznej w Ostro\u0142\u0119ce odbywa si\u0119 wy\u0142\u0105cznie z poszanowaniem prawa autorskiego.<\/em><\/p>\n\n\n\n<p><\/p>\n","protected":false},"excerpt":{"rendered":"<p>UDOST\u0118PNIANIE ZBIOR\u00d3W Bezp\u0142atny dost\u0119p do Internetu.Szczeg\u00f3\u0142owe uregulowania dotycz\u0105ce udost\u0119pniania i wypo\u017cycze\u0144 mi\u0119dzybibliotecznych znajduj\u0105 si\u0119 w Regulaminie korzystania ze zbior\u00f3w Biblioteki [&hellip;]<\/p>\n","protected":false},"author":10,"featured_media":0,"parent":0,"menu_order":0,"comment_status":"closed","ping_status":"closed","template":"","meta":{"_acf_changed":false,"_oasis_is_in_workflow":0,"_oasis_original":0,"inline_featured_image":false,"site-sidebar-layout":"default","site-content-layout":"","ast-site-content-layout":"default","site-content-style":"default","site-sidebar-style":"default","ast-global-header-display":"","ast-banner-title-visibility":"","ast-main-header-display":"","ast-hfb-above-header-display":"","ast-hfb-below-header-display":"","ast-hfb-mobile-header-display":"","site-post-title":"","ast-breadcrumbs-content":"","ast-featured-img":"","footer-sml-layout":"","ast-disable-related-posts":"","theme-transparent-header-meta":"","adv-header-id-meta":"","stick-header-meta":"","header-above-stick-meta":"","header-main-stick-meta":"","header-below-stick-meta":"","astra-migrate-meta-layouts":"default","ast-page-background-enabled":"default","ast-page-background-meta":{"desktop":{"background-color":"","background-image":"","background-repeat":"repeat","background-position":"center center","background-size":"auto","background-attachment":"scroll","background-type":"","background-media":"","overlay-type":"","overlay-color":"","overlay-opacity":"","overlay-gradient":""},"tablet":{"background-color":"","background-image":"","background-repeat":"repeat","background-position":"center center","background-size":"auto","background-attachment":"scroll","background-type":"","background-media":"","overlay-type":"","overlay-color":"","overlay-opacity":"","overlay-gradient":""},"mobile":{"background-color":"","background-image":"","background-repeat":"repeat","background-position":"center center","background-size":"auto","background-attachment":"scroll","background-type":"","background-media":"","overlay-type":"","overlay-color":"","overlay-opacity":"","overlay-gradient":""}},"ast-content-background-meta":{"desktop":{"background-color":"var(--ast-global-color-5)","background-image":"","background-repeat":"repeat","background-position":"center center","background-size":"auto","background-attachment":"scroll","background-type":"","background-media":"","overlay-type":"","overlay-color":"","overlay-opacity":"","overlay-gradient":""},"tablet":{"background-color":"var(--ast-global-color-5)","background-image":"","background-repeat":"repeat","background-position":"center center","background-size":"auto","background-attachment":"scroll","background-type":"","background-media":"","overlay-type":"","overlay-color":"","overlay-opacity":"","overlay-gradient":""},"mobile":{"background-color":"var(--ast-global-color-5)","background-image":"","background-repeat":"repeat","background-position":"center center","background-size":"auto","background-attachment":"scroll","background-type":"","background-media":"","overlay-type":"","overlay-color":"","overlay-opacity":"","overlay-gradient":""}},"_themeisle_gutenberg_block_has_review":false,"footnotes":""},"class_list":["post-32933","page","type-page","status-publish","hentry"],"acf":[],"featured_image_urls_v2":{"full":"","thumbnail":"","medium":"","medium_large":"","large":"","1536x1536":"","2048x2048":"","menu-24x24":"","menu-36x36":"","menu-48x48":"","mailpoet_newsletter_max":""},"post_excerpt_stackable_v2":"<p>UDOST\u0118PNIANIE ZBIOR\u00d3W na zewn\u0105trz, poza bibliotek\u0119 \u2013 w Wypo\u017cyczalni i Dziale Zbior\u00f3w Specjalnych, prezencyjnie, na miejscu oraz w ramach wypo\u017cycze\u0144 kr\u00f3tkoterminowych \u2013 w Czytelni, wypo\u017cyczalnia mi\u0119dzybiblioteczna, ACADEMICA&nbsp;\u2013 Cyfrowa Wypo\u017cyczalnia Mi\u0119dzybiblioteczna Ksi\u0105\u017cek i Czasopism Naukowych, IBUK libra&nbsp;\u2013 Czytelnia Ksi\u0105\u017cek Elektronicznych, Bezp\u0142atny dost\u0119p do Internetu.Szczeg\u00f3\u0142owe uregulowania dotycz\u0105ce udost\u0119pniania i wypo\u017cycze\u0144 mi\u0119dzybibliotecznych znajduj\u0105 si\u0119 w Regulaminie korzystania ze zbior\u00f3w Biblioteki Pedagogicznej w Ostro\u0142\u0119ce. DZIA\u0141ALNO\u015a\u0106 INFORMACYJNO- BIBLIOGRAFICZNA opracowanie tematycznych zestawie\u0144 bibliograficznych opracowanie Serwisu Prasowego udzielanie informacji bibliograficznych i pokrewnych prowadzenie bazy artyku\u0142\u00f3w z czasopism popularyzacja zbior\u00f3w przez organizowanie wystaw nowo\u015bci, ekspozycji tematycznych DZIA\u0141ALNO\u015a\u0106 DYDAKTYCZNO-METODYCZNA szkolenia u\u017cytkownik\u00f3w Biblioteki warsztaty i spotkania autorskie dla nauczycieli zaj\u0119cia&hellip;<\/p>\n","category_list_v2":"","author_info_v2":{"name":"bWdyemVnb3Jjenlr","url":"https:\/\/bp.ostroleka.pl\/uk\/author\/bwdyemvnb3jjenlr\/"},"comments_num_v2":"0 \u043a\u043e\u043c\u0435\u043d\u0442\u0430\u0440\u0456\u0432","_links":{"self":[{"href":"https:\/\/bp.ostroleka.pl\/uk\/wp-json\/wp\/v2\/pages\/32933","targetHints":{"allow":["GET"]}}],"collection":[{"href":"https:\/\/bp.ostroleka.pl\/uk\/wp-json\/wp\/v2\/pages"}],"about":[{"href":"https:\/\/bp.ostroleka.pl\/uk\/wp-json\/wp\/v2\/types\/page"}],"author":[{"embeddable":true,"href":"https:\/\/bp.ostroleka.pl\/uk\/wp-json\/wp\/v2\/users\/10"}],"replies":[{"embeddable":true,"href":"https:\/\/bp.ostroleka.pl\/uk\/wp-json\/wp\/v2\/comments?post=32933"}],"version-history":[{"count":3,"href":"https:\/\/bp.ostroleka.pl\/uk\/wp-json\/wp\/v2\/pages\/32933\/revisions"}],"predecessor-version":[{"id":109702,"href":"https:\/\/bp.ostroleka.pl\/uk\/wp-json\/wp\/v2\/pages\/32933\/revisions\/109702"}],"wp:attachment":[{"href":"https:\/\/bp.ostroleka.pl\/uk\/wp-json\/wp\/v2\/media?parent=32933"}],"curies":[{"name":"wp","href":"https:\/\/api.w.org\/{rel}","templated":true}]}}