{"id":32567,"date":"2025-10-13T14:18:07","date_gmt":"2025-10-13T12:18:07","guid":{"rendered":"https:\/\/bp.ostroleka.pl\/wdrazanie-zintegrowanej-strategii-umiejetnosci-rozwoj-umiejetnosci-zawodowych-w-edukacji-formalnej-i-pozaformalnej-w-tym-uczeniu-sie-doroslych\/"},"modified":"2022-10-31T19:19:45","modified_gmt":"2022-10-31T18:19:45","slug":"wdrazanie-zintegrowanej-strategii-umiejetnosci-rozwoj-umiejetnosci-zawodowych-w-edukacji-formalnej-i-pozaformalnej-w-tym-uczeniu-sie-doroslych","status":"publish","type":"page","link":"https:\/\/bp.ostroleka.pl\/uk\/wdrazanie-zintegrowanej-strategii-umiejetnosci-rozwoj-umiejetnosci-zawodowych-w-edukacji-formalnej-i-pozaformalnej-w-tym-uczeniu-sie-doroslych\/","title":{"rendered":"\u0412\u043f\u0440\u043e\u0432\u0430\u0434\u0436\u0435\u043d\u043d\u044f \u0441\u0442\u0440\u0430\u0442\u0435\u0433\u0456\u0457 \u0456\u043d\u0442\u0435\u0433\u0440\u043e\u0432\u0430\u043d\u0438\u0445 \u043d\u0430\u0432\u0438\u0447\u043e\u043a"},"content":{"rendered":"\n<h2 class=\"wp-block-heading\">PRIORYTETY MEN 2021\/2022<\/h2>\n\n\n\n<p>Wdra\u017canie Zintegrowanej Strategii Umiej\u0119tno\u015bci \u2013 rozw\u00f3j umiej\u0119tno\u015bci zawodowych w edukacji formalnej i pozaformalnej, w tym uczeniu si\u0119 doros\u0142ych.<\/p>\n\n\n\n<details class=\"wp-block-stackable-accordion stk-block-accordion stk-inner-blocks stk-block-content stk-block stk-31908c3\" data-block-id=\"31908c3\">\n<summary class=\"wp-block-stackable-column stk--container-small stk-block-accordion__heading stk-block-column stk-column stk-block stk-08d16a4\" data-block-id=\"08d16a4\"><div class=\"stk-column-wrapper stk-block-column__content stk-container stk-08d16a4-container stk-hover-parent\"><div class=\"stk-block-content stk-inner-blocks\">\n<div class=\"wp-block-stackable-icon-label stk-block-icon-label stk-block stk-0b724f1\" data-block-id=\"0b724f1\"><div class=\"stk-row stk-inner-blocks stk-block-content\">\n<div class=\"wp-block-stackable-heading stk-block-heading stk-block stk-dc85e85\" data-block-id=\"dc85e85\"><h4 class=\"stk-block-heading__text\">WYDAWNICTWA ZWARTE<\/h4><\/div>\n\n\n\n<div class=\"wp-block-stackable-icon stk-block-icon stk-block stk-bd75b98\" data-block-id=\"bd75b98\"><span class=\"stk--svg-wrapper\"><div class=\"stk--inner-svg\"><svg style=\"height:0;width:0\"><defs><linearGradient id=\"linear-gradient-bd75b98\" x1=\"0\" x2=\"100%\" y1=\"0\" y2=\"0\"><stop offset=\"0%\" style=\"stop-opacity:1;stop-color:var(--linear-gradient-bd-75-b-98-color-1)\"><\/stop><stop offset=\"100%\" style=\"stop-opacity:1;stop-color:var(--linear-gradient-bd-75-b-98-color-2)\"><\/stop><\/linearGradient><\/defs><\/svg><svg data-prefix=\"fas\" data-icon=\"chevron-down\" class=\"svg-inline--fa fa-chevron-down fa-w-14\" xmlns=\"http:\/\/www.w3.org\/2000\/svg\" viewBox=\"0 0 448 512\" aria-hidden=\"true\" width=\"32\" height=\"32\"><path fill=\"currentColor\" d=\"M207.029 381.476L12.686 187.132c-9.373-9.373-9.373-24.569 0-33.941l22.667-22.667c9.357-9.357 24.522-9.375 33.901-.04L224 284.505l154.745-154.021c9.379-9.335 24.544-9.317 33.901.04l22.667 22.667c9.373 9.373 9.373 24.569 0 33.941L240.971 381.476c-9.373 9.372-24.569 9.372-33.942 0z\"><\/path><\/svg><\/div><\/span><\/div>\n<\/div><\/div>\n<\/div><\/div><\/summary>\n\n\n\n<div class=\"wp-block-stackable-column stk-block-accordion__content stk-block-column stk-column stk-block stk-b4371be\" data-block-id=\"b4371be\"><div class=\"stk-column-wrapper stk-block-column__content stk-container stk-b4371be-container stk--no-background stk--no-padding\"><div class=\"stk-block-content stk-inner-blocks\">\n<div class=\"wp-block-stackable-text stk-block-text stk-block stk-0ba03dc\" data-block-id=\"0ba03dc\"><p class=\"stk-block-text__text\"><em>autor: Bo\u017cena Olkowska-Balcerzak<br><\/em><br><strong>Ksi\u0105\u017cki ze zbior\u00f3w BP w Ostro\u0142\u0119ce pomocne w realizacji tego kierunku (wyb\u00f3r)<\/strong><\/p><\/div>\n\n\n\n<div class=\"wp-block-columns is-layout-flex wp-container-core-columns-is-layout-28f84493 wp-block-columns-is-layout-flex\">\n<div class=\"wp-block-column is-layout-flow wp-block-column-is-layout-flow\" style=\"flex-basis:100%\">\n<div class=\"wp-block-stackable-text stk-block-text stk-block stk-fd662ad\" data-block-id=\"fd662ad\"><p class=\"stk-block-text__text\"><\/p><\/div>\n<\/div>\n<\/div>\n\n\n\n<div class=\"wp-block-columns is-layout-flex wp-container-core-columns-is-layout-28f84493 wp-block-columns-is-layout-flex\">\n<div class=\"wp-block-column is-layout-flow wp-block-column-is-layout-flow\" style=\"flex-basis:33.33%\">\n<div class=\"wp-block-image\"><figure class=\"aligncenter size-full\"><img loading=\"lazy\" decoding=\"async\" width=\"99\" height=\"814\" src=\"https:\/\/bp.ostroleka.pl\/wp-content\/uploads\/sites\/11\/2022\/01\/27.jpg\" alt=\"\" class=\"wp-image-18930\" srcset=\"https:\/\/bp.ostroleka.pl\/wp-content\/uploads\/sites\/11\/2022\/01\/27.jpg 99w, https:\/\/bp.ostroleka.pl\/wp-content\/uploads\/sites\/11\/2022\/01\/27-3x24.jpg 3w, https:\/\/bp.ostroleka.pl\/wp-content\/uploads\/sites\/11\/2022\/01\/27-6x48.jpg 6w\" sizes=\"auto, (max-width: 99px) 100vw, 99px\" \/><\/figure><\/div>\n\n\n\n<div class=\"wp-block-image\"><figure class=\"aligncenter size-full\"><img loading=\"lazy\" decoding=\"async\" width=\"103\" height=\"769\" src=\"https:\/\/bp.ostroleka.pl\/wp-content\/uploads\/sites\/11\/2022\/01\/28.jpg\" alt=\"\" class=\"wp-image-18941\" srcset=\"https:\/\/bp.ostroleka.pl\/wp-content\/uploads\/sites\/11\/2022\/01\/28.jpg 103w, https:\/\/bp.ostroleka.pl\/wp-content\/uploads\/sites\/11\/2022\/01\/28-40x300.jpg 40w, https:\/\/bp.ostroleka.pl\/wp-content\/uploads\/sites\/11\/2022\/01\/28-5x36.jpg 5w\" sizes=\"auto, (max-width: 103px) 100vw, 103px\" \/><\/figure><\/div>\n\n\n\n<div class=\"wp-block-image\"><figure class=\"aligncenter size-full\"><img loading=\"lazy\" decoding=\"async\" width=\"111\" height=\"317\" src=\"https:\/\/bp.ostroleka.pl\/wp-content\/uploads\/sites\/11\/2022\/01\/29.jpg\" alt=\"\" class=\"wp-image-18952\" srcset=\"https:\/\/bp.ostroleka.pl\/wp-content\/uploads\/sites\/11\/2022\/01\/29.jpg 111w, https:\/\/bp.ostroleka.pl\/wp-content\/uploads\/sites\/11\/2022\/01\/29-105x300.jpg 105w, https:\/\/bp.ostroleka.pl\/wp-content\/uploads\/sites\/11\/2022\/01\/29-8x24.jpg 8w, https:\/\/bp.ostroleka.pl\/wp-content\/uploads\/sites\/11\/2022\/01\/29-13x36.jpg 13w, https:\/\/bp.ostroleka.pl\/wp-content\/uploads\/sites\/11\/2022\/01\/29-17x48.jpg 17w\" sizes=\"auto, (max-width: 111px) 100vw, 111px\" \/><\/figure><\/div>\n<\/div>\n\n\n\n<div class=\"wp-block-column is-layout-flow wp-block-column-is-layout-flow\" style=\"flex-basis:66.66%\">\n<p>Edukacja ca\u0142o\u017cyciowa : wybrane obszary \/ redakcja naukowa Anna Karpi\u0144ska, Alina Szwarc, Walentyna Wr\u00f3blewska. \u2013 Toru\u0144 : Wydawnictwo Adam Marsza\u0142ek ; [Bia\u0142ystok] : Wydzia\u0142 Pedagogiki i Psychologii Uniwersytetu w Bia\u0142ymstoku, 2019.\u00a0<strong>W 80304<\/strong><\/p>\n\n\n\n<p>Edukacja zawodowa w procesach transformacji systemu o\u015bwiaty w Polsce \/ Waldemar Furmanek, Jolanta Lenart, Aleksander Piecuch. \u2013 Rzesz\u00f3w : Wydawnictwo Uniwersytetu Rzeszowskiego, 2019.\u00a0<strong>W 81242<\/strong><\/p>\n\n\n\n<div style=\"height:28px\" aria-hidden=\"true\" class=\"wp-block-spacer\"><\/div>\n\n\n\n<p><a href=\"https:\/\/bp.ostroleka.pl\/wp-content\/uploads\/sites\/11\/2022\/01\/Informator-dla-kandydatow-do-szkol-ponadpodstawowych.pdf\" target=\"_blank\" rel=\"noreferrer noopener\">Informator dla kandydat\u00f3w do szk\u00f3\u0142 ponadpodstawowych. Rok szkolny 2020\/21 Urz\u0105d Miasta Ostro\u0142\u0119ki<\/a><\/p>\n\n\n\n<p>Informatyka w edukacji : edukacja informatyczna a rozw\u00f3j spo\u0142ecze\u0144stwa : kszta\u0142cenie na odleg\u0142o\u015b\u0107 \/ redakcja Anna Beata Kwiatkowska, Maciej M. Sys\u0142o ; Wydzia\u0142 Matematyki i Informatyki Uniwersytetu Miko\u0142aja Kopernika, Polskie Towarzystwo Informatyczne. \u2013 Wydanie I.\u00a0 \u2013 Toru\u0144 : Wydawnictwo Naukowe Uniwersytetu Miko\u0142aja Kopernika, 2020.\u00a0<strong>W 83898<\/strong><\/p>\n\n\n\n<p>Kompetencje przysz\u0142o\u015bci : obszary : porozmawiajmy o kompetencjach, wyzwania wsp\u00f3\u0142czesnej edukacji, kompetencje cyfrowe, kompetencje spo\u0142eczne nauczycieli \/ redakcja naukowa Stefan M. Kwiatkowski. \u2013 Dodruk wydania 2018.\u00a0 \u2013 Warszawa : Fundacja Rozwoju Systemu Edukacji, 2020.\u00a0<strong>W 83140<\/strong><\/p>\n\n\n\n<p>Kreatywno\u015b\u0107 w systemie edukacji \/ redakcja naukowa Jan Fazlagi\u0107 ; [wsp\u00f3\u0142praca: Agnieszka Rybi\u0144ska]. \u2013 Dodruk wydania 2019.\u00a0 \u2013 Warszawa : Wydawnictwo FRSE, 2020.\u00a0<strong>W 83061<\/strong><\/p>\n\n\n\n<p>Kszta\u0142cenie zawodowe : dylematy i perspektywy \/ redakcja naukowa Beata Myd\u0142owska. \u2013 Krak\u00f3w : Oficyna Wydawnicza \u201eImpuls\u201d, 2019.\u00a0<strong>W 79995<\/strong><\/p>\n\n\n\n<p>Kszta\u0142towanie kompetencji przedsi\u0119biorczych : obszary : przedsi\u0119biorczo\u015b\u0107 jako kompetencja kluczowa, kszta\u0142towanie kompetencji przedsi\u0119biorczych w edukacji, do\u015bwiadczenia mi\u0119dzynarodowe w zakresie kszta\u0142towania kompetencji przedsi\u0119biorczych \/ redakcja naukowa Tomasz Rachwa\u0142. \u2013 Dodruk wydania 2019.\u00a0 \u2013 Warszawa : Wydawnictwo FRSE, 2020.<strong>W 83062<\/strong><\/p>\n\n\n\n<p>Nauczyciel Czas \u2013 Przestrze\u0144 Szko\u0142a : podnoszenie efektywno\u015bci procesu edukacji \/ redakcja naukowa Ewa Pasterniak-Koby\u0142ecka, Anita Famu\u0142a-Jurczak . \u2013 Wydanie I.\u00a0 \u2013 Krak\u00f3w : Oficyna Wydawnicza \u201eImpuls\u201d, 2020.\u00a0<strong>W 83571<\/strong><\/p>\n\n\n\n<p>Szkolnictwo bran\u017cowe od 1 wrze\u015bnia 2019 r. Cz. 1 \/ [redakcja merytoryczna Lidia Marciniak, El\u017cbieta Piotrowska-Albin]. \u2013 Warszawa : Wolters Kluwer Polska, 2019.\u00a0<strong>W 80429<\/strong><\/p>\n\n\n\n<p>Szkolnictwo bran\u017cowe od 1 wrze\u015bnia 2019 r. Cz. 2 \/ [redakcja merytoryczna Lidia Marciniak, El\u017cbieta Piotrowska-Albin]. \u2013 Warszawa : Wolters Kluwer Polska, 2019.\u00a0<strong>W 80430<\/strong><\/p>\n\n\n\n<div style=\"height:33px\" aria-hidden=\"true\" class=\"wp-block-spacer\"><\/div>\n\n\n\n<p>Szkolnictwo bran\u017cowe w nowym prawie o\u015bwiatowym \/ [redakcja merytoryczna Lidia Marciniak, El\u017cbieta Piotrowska-Albin]. \u2013 Stan prawny na 30 kwietnia 2017 r.\u00a0 \u2013 Warszawa : Wolters Kluwer Polska, 2017.\u00a0<strong>W 77857<\/strong><\/p>\n\n\n\n<div style=\"height:36px\" aria-hidden=\"true\" class=\"wp-block-spacer\"><\/div>\n\n\n\n<p>Wykszta\u0142cenie zawodowe : perspektywa systemu edukacji i rynku pracy \/ redakcja naukowa Urszula Sztanderska, ; Elzbieta Drogosz-Zab\u0142ocka ; [wsp\u00f3\u0142praca: Agnieszka Rybi\u0144ska ; recenzja: Miko\u0142aj Herbst]. \u2013 Warszawa : Wydawnictwo FRSE, 2019.&nbsp;<strong>W 81970<\/strong><\/p>\n<\/div>\n<\/div>\n<\/div><\/div><\/div>\n<\/details>\n\n\n\n<details class=\"wp-block-stackable-accordion stk-block-accordion stk-inner-blocks stk-block-content stk-block stk-0de177b\" data-block-id=\"0de177b\">\n<summary class=\"wp-block-stackable-column stk--container-small stk-block-accordion__heading stk-block-column stk-column stk-block stk-5bdd58e\" data-block-id=\"5bdd58e\"><div class=\"stk-column-wrapper stk-block-column__content stk-container stk-5bdd58e-container stk-hover-parent\"><div class=\"stk-block-content stk-inner-blocks\">\n<div class=\"wp-block-stackable-icon-label stk-block-icon-label stk-block stk-4a43ca3\" data-block-id=\"4a43ca3\"><div class=\"stk-row stk-inner-blocks stk-block-content\">\n<div class=\"wp-block-stackable-heading stk-block-heading stk-block stk-e58bbc0\" data-block-id=\"e58bbc0\"><h4 class=\"stk-block-heading__text\">ZASOBY INTERNETU<\/h4><\/div>\n\n\n\n<div class=\"wp-block-stackable-icon stk-block-icon stk-block stk-4234a89\" data-block-id=\"4234a89\"><span class=\"stk--svg-wrapper\"><div class=\"stk--inner-svg\"><svg style=\"height:0;width:0\"><defs><linearGradient id=\"linear-gradient-4234a89\" x1=\"0\" x2=\"100%\" y1=\"0\" y2=\"0\"><stop offset=\"0%\" style=\"stop-opacity:1;stop-color:var(--linear-gradient-4234-a-89-color-1)\"><\/stop><stop offset=\"100%\" style=\"stop-opacity:1;stop-color:var(--linear-gradient-4234-a-89-color-2)\"><\/stop><\/linearGradient><\/defs><\/svg><svg data-prefix=\"fas\" data-icon=\"chevron-down\" class=\"svg-inline--fa fa-chevron-down fa-w-14\" xmlns=\"http:\/\/www.w3.org\/2000\/svg\" viewBox=\"0 0 448 512\" aria-hidden=\"true\" width=\"32\" height=\"32\"><path fill=\"currentColor\" d=\"M207.029 381.476L12.686 187.132c-9.373-9.373-9.373-24.569 0-33.941l22.667-22.667c9.357-9.357 24.522-9.375 33.901-.04L224 284.505l154.745-154.021c9.379-9.335 24.544-9.317 33.901.04l22.667 22.667c9.373 9.373 9.373 24.569 0 33.941L240.971 381.476c-9.373 9.372-24.569 9.372-33.942 0z\"><\/path><\/svg><\/div><\/span><\/div>\n<\/div><\/div>\n<\/div><\/div><\/summary>\n\n\n\n<div class=\"wp-block-stackable-column stk-block-accordion__content stk-block-column stk-column stk-block stk-d2bc866\" data-block-id=\"d2bc866\"><div class=\"stk-column-wrapper stk-block-column__content stk-container stk-d2bc866-container stk--no-background stk--no-padding\"><div class=\"stk-block-content stk-inner-blocks\">\n<div class=\"wp-block-stackable-text stk-block-text stk-block stk-55730f2\" data-block-id=\"55730f2\"><p class=\"stk-block-text__text\"><em>autor: Bo\u017cena Olkowska-Balcerzak<br><\/em><br><strong>Strony zawieraj\u0105ce informacje dotycz\u0105ce Zintegrowanej Strategii Umiej\u0119tno\u015bci (wyb\u00f3r)<\/strong><\/p><\/div>\n\n\n\n<p><a href=\"https:\/\/efs.mein.gov.pl\/zintegrowana-strategia-umiejetnosci-2030-czesc-ogolna\/\" target=\"_blank\" rel=\"noopener\">https:\/\/efs.mein.gov.pl\/zintegrowana-strategia-umiejetnosci-2030-czesc-ogolna\/<\/a><\/p>\n\n\n\n<p><a href=\"https:\/\/efs.mein.gov.pl\/wp-content\/uploads\/2019\/08\/Zintegrowana-Strategia-Umiej%C4%99tno%C5%9Bci-2030-cz%C4%99%C5%9B%C4%87-og%C3%B3lna.pdf\" target=\"_blank\" rel=\"noopener\">https:\/\/efs.mein.gov.pl\/wp-content\/uploads\/2019\/08\/Zintegrowana-Strategia-Umiej%C4%99tno%C5%9Bci-2030-cz%C4%99%C5%9B%C4%87-og%C3%B3lna.pdf<\/a><\/p>\n\n\n\n<p><a href=\"https:\/\/www.gov.pl\/web\/edukacja-i-nauka\/zintegrowana-strategia-umiejetnosci-2030-czesc-szczegolowa\u2013dokument-przyjety-przez-rade-ministrow\" target=\"_blank\" rel=\"noopener\">https:\/\/www.gov.pl\/web\/edukacja-i-nauka\/zintegrowana-strategia-umiejetnosci-2030-czesc-szczegolowa\u2013dokument-przyjety-przez-rade-ministrow<\/a><\/p>\n\n\n\n<p><a href=\"https:\/\/www.ibe.edu.pl\/pl\/projekty-krajowe\/zintegrowana-strategia-umiejetnosci\" target=\"_blank\" rel=\"noopener\">https:\/\/www.ibe.edu.pl\/pl\/projekty-krajowe\/zintegrowana-strategia-umiejetnosci<\/a><\/p>\n\n\n\n<p><a href=\"https:\/\/docplayer.pl\/157951067-Zintegrowana-strategia-umiejetnosci.html\" target=\"_blank\" rel=\"noopener\">https:\/\/docplayer.pl\/157951067-Zintegrowana-strategia-umiejetnosci.html<\/a><\/p>\n\n\n\n<p><a href=\"https:\/\/www.ore.edu.pl\/2021\/08\/zintegrowana-strategia-umiejetnosci\/\" target=\"_blank\" rel=\"noopener\">https:\/\/www.ore.edu.pl\/2021\/08\/zintegrowana-strategia-umiejetnosci\/<\/a><\/p>\n\n\n\n<p><a href=\"http:\/\/rada.wib.org.pl\/uploaded\/Aktualnosci\/2019\/190618-finskills-2019-prezentacja-maciej-lasota-ministerstwo-edukacji-narodowej-strategia-umiejetnosci.pdf\" target=\"_blank\" rel=\"noreferrer noopener\">http:\/\/rada.wib.org.pl\/uploaded\/Aktualnosci\/2019\/190618-finskills-2019-prezentacja-maciej-lasota-ministerstwo-edukacji-narodowej-strategia-umiejetnosci.pdf<\/a><\/p>\n\n\n\n<p><a href=\"http:\/\/zcdn.edu.pl\/wp-content\/uploads\/2018\/03\/edukacja-formalna-pozaformalna-i-nieformalna-w-nauczaniu.pdf\" target=\"_blank\" rel=\"noreferrer noopener\">http:\/\/zcdn.edu.pl\/wp-content\/uploads\/2018\/03\/edukacja-formalna-pozaformalna-i-nieformalna-w-nauczaniu.pdf<\/a><\/p>\n\n\n\n<p><a href=\"https:\/\/eduhalina.pl\/priorytet-nr-5-zsu-2030-cz-1\/\" target=\"_blank\" rel=\"noreferrer noopener\">https:\/\/eduhalina.pl\/priorytet-nr-5-zsu-2030-cz-1\/<\/a><br><a href=\"https:\/\/eduhalina.pl\/priorytet-nr-5-zsu-2030-cz-2\/\" target=\"_blank\" rel=\"noreferrer noopener\">https:\/\/eduhalina.pl\/priorytet-nr-5-zsu-2030-cz-2\/<\/a><\/p>\n<\/div><\/div><\/div>\n<\/details>\n","protected":false},"excerpt":{"rendered":"<p>PRIORYTETY MEN 2021\/2022 Wdra\u017canie Zintegrowanej Strategii Umiej\u0119tno\u015bci \u2013 rozw\u00f3j umiej\u0119tno\u015bci zawodowych w edukacji formalnej i pozaformalnej, w tym uczeniu si\u0119 [&hellip;]<\/p>\n","protected":false},"author":112,"featured_media":0,"parent":0,"menu_order":0,"comment_status":"closed","ping_status":"closed","template":"","meta":{"_acf_changed":false,"_oasis_is_in_workflow":0,"_oasis_original":0,"inline_featured_image":false,"site-sidebar-layout":"default","site-content-layout":"","ast-site-content-layout":"default","site-content-style":"default","site-sidebar-style":"default","ast-global-header-display":"","ast-banner-title-visibility":"","ast-main-header-display":"","ast-hfb-above-header-display":"","ast-hfb-below-header-display":"","ast-hfb-mobile-header-display":"","site-post-title":"disabled","ast-breadcrumbs-content":"","ast-featured-img":"","footer-sml-layout":"","ast-disable-related-posts":"","theme-transparent-header-meta":"","adv-header-id-meta":"","stick-header-meta":"","header-above-stick-meta":"","header-main-stick-meta":"","header-below-stick-meta":"","astra-migrate-meta-layouts":"default","ast-page-background-enabled":"default","ast-page-background-meta":{"desktop":{"background-color":"","background-image":"","background-repeat":"repeat","background-position":"center center","background-size":"auto","background-attachment":"scroll","background-type":"","background-media":"","overlay-type":"","overlay-color":"","overlay-opacity":"","overlay-gradient":""},"tablet":{"background-color":"","background-image":"","background-repeat":"repeat","background-position":"center center","background-size":"auto","background-attachment":"scroll","background-type":"","background-media":"","overlay-type":"","overlay-color":"","overlay-opacity":"","overlay-gradient":""},"mobile":{"background-color":"","background-image":"","background-repeat":"repeat","background-position":"center center","background-size":"auto","background-attachment":"scroll","background-type":"","background-media":"","overlay-type":"","overlay-color":"","overlay-opacity":"","overlay-gradient":""}},"ast-content-background-meta":{"desktop":{"background-color":"var(--ast-global-color-5)","background-image":"","background-repeat":"repeat","background-position":"center center","background-size":"auto","background-attachment":"scroll","background-type":"","background-media":"","overlay-type":"","overlay-color":"","overlay-opacity":"","overlay-gradient":""},"tablet":{"background-color":"var(--ast-global-color-5)","background-image":"","background-repeat":"repeat","background-position":"center center","background-size":"auto","background-attachment":"scroll","background-type":"","background-media":"","overlay-type":"","overlay-color":"","overlay-opacity":"","overlay-gradient":""},"mobile":{"background-color":"var(--ast-global-color-5)","background-image":"","background-repeat":"repeat","background-position":"center center","background-size":"auto","background-attachment":"scroll","background-type":"","background-media":"","overlay-type":"","overlay-color":"","overlay-opacity":"","overlay-gradient":""}},"_themeisle_gutenberg_block_has_review":false,"footnotes":""},"class_list":["post-32567","page","type-page","status-publish","hentry"],"acf":[],"featured_image_urls_v2":{"full":"","thumbnail":"","medium":"","medium_large":"","large":"","1536x1536":"","2048x2048":"","menu-24x24":"","menu-36x36":"","menu-48x48":"","mailpoet_newsletter_max":""},"post_excerpt_stackable_v2":"<p>PRIORYTETY MEN 2021\/2022 Wdra\u017canie Zintegrowanej Strategii Umiej\u0119tno\u015bci \u2013 rozw\u00f3j umiej\u0119tno\u015bci zawodowych w edukacji formalnej i pozaformalnej, w tym uczeniu si\u0119 doros\u0142ych. WYDAWNICTWA ZWARTE autor: Bo\u017cena Olkowska-BalcerzakKsi\u0105\u017cki ze zbior\u00f3w BP w Ostro\u0142\u0119ce pomocne w realizacji tego kierunku (wyb\u00f3r) Edukacja ca\u0142o\u017cyciowa : wybrane obszary \/ redakcja naukowa Anna Karpi\u0144ska, Alina Szwarc, Walentyna Wr\u00f3blewska. \u2013 Toru\u0144 : Wydawnictwo Adam Marsza\u0142ek ; [Bia\u0142ystok] : Wydzia\u0142 Pedagogiki i Psychologii Uniwersytetu w Bia\u0142ymstoku, 2019.\u00a0W 80304 Edukacja zawodowa w procesach transformacji systemu o\u015bwiaty w Polsce \/ Waldemar Furmanek, Jolanta Lenart, Aleksander Piecuch. \u2013 Rzesz\u00f3w : Wydawnictwo Uniwersytetu Rzeszowskiego, 2019.\u00a0W 81242 Informator dla kandydat\u00f3w do szk\u00f3\u0142 ponadpodstawowych. Rok&hellip;<\/p>\n","category_list_v2":"","author_info_v2":{"name":"Martyna Zalewska","url":"https:\/\/bp.ostroleka.pl\/uk\/author\/mprzygodzka\/"},"comments_num_v2":"0 \u043a\u043e\u043c\u0435\u043d\u0442\u0430\u0440\u0456\u0432","_links":{"self":[{"href":"https:\/\/bp.ostroleka.pl\/uk\/wp-json\/wp\/v2\/pages\/32567","targetHints":{"allow":["GET"]}}],"collection":[{"href":"https:\/\/bp.ostroleka.pl\/uk\/wp-json\/wp\/v2\/pages"}],"about":[{"href":"https:\/\/bp.ostroleka.pl\/uk\/wp-json\/wp\/v2\/types\/page"}],"author":[{"embeddable":true,"href":"https:\/\/bp.ostroleka.pl\/uk\/wp-json\/wp\/v2\/users\/112"}],"replies":[{"embeddable":true,"href":"https:\/\/bp.ostroleka.pl\/uk\/wp-json\/wp\/v2\/comments?post=32567"}],"version-history":[{"count":2,"href":"https:\/\/bp.ostroleka.pl\/uk\/wp-json\/wp\/v2\/pages\/32567\/revisions"}],"predecessor-version":[{"id":32711,"href":"https:\/\/bp.ostroleka.pl\/uk\/wp-json\/wp\/v2\/pages\/32567\/revisions\/32711"}],"wp:attachment":[{"href":"https:\/\/bp.ostroleka.pl\/uk\/wp-json\/wp\/v2\/media?parent=32567"}],"curies":[{"name":"wp","href":"https:\/\/api.w.org\/{rel}","templated":true}]}}