{"id":32459,"date":"2021-12-21T12:54:53","date_gmt":"2021-12-21T11:54:53","guid":{"rendered":"https:\/\/bp.ostroleka.pl\/regionalizm\/"},"modified":"2022-10-31T19:34:10","modified_gmt":"2022-10-31T18:34:10","slug":"regionalizm","status":"publish","type":"page","link":"https:\/\/bp.ostroleka.pl\/uk\/regionalizm\/","title":{"rendered":"\u0420\u0435\u0433\u0456\u043e\u043d\u0430\u043b\u0456\u0437\u043c"},"content":{"rendered":"\n<figure class=\"wp-block-table is-style-stripes\"><table><tbody><tr><td><a href=\"\/edukacja-regionalna\/\">Edukacja regionalna<\/a>: zestawienie bibliograficzne za lata 2000 \u2013 2009. Wyszk\u00f3w: BP, 2010<\/td><\/tr><tr><td><a href=\"\/edukacja-regionalna-2\/\">Edukacja regionalna<\/a>&nbsp;zestawienie bibliograficzne w wyborze. Ostro\u0142\u0119ka: BP, 2010<\/td><\/tr><tr><td><a href=\"\/elementy-edukacji-regionalnej\/\">Elementy edukacji regionalnej<\/a>: zestawienie bibliograficzne w wyborze. Ostro\u0142\u0119ka: BP, 2010<\/td><\/tr><tr><td><a href=\"\/historia-szkolnictwa-w-ostrolece-i-w-regionie\/\">Historia szkolnictwa w Ostro\u0142\u0119ce i w regionie<\/a>. Ostro\u0142\u0119ka : BP, 2018<\/td><\/tr><tr><td><a href=\"\/kurpie-2\/\">Kurpie \u2013 historia i etnografia regionu<\/a>: zestawienie bibliograficzne. Ostro\u0142\u0119ka: BP, 2007<\/td><\/tr><tr><td><a href=\"\/kurpie-historia\/\">Kurpie \u2013 historia<\/a>: zestawienie bibliograficzne w wyborze. Ostro\u0142\u0119ka: BP, 2010<\/td><\/tr><tr><td><a href=\"\/ludzie-zwiazani\/\">Ludzie zwi\u0105zani z regionem<\/a>: zestawienie bibliograficzne w wyborze. Ostro\u0142\u0119ka: BP, 2010<\/td><\/tr><tr><td><a href=\"\/ostroleka-i-okolice\/\">Ostro\u0142\u0119ka i okolice \u2013 historia<\/a>: zestawienie bibliograficzne w wyborze. Ostro\u0142\u0119ka: BP, 2010<\/td><\/tr><tr><td><a href=\"\/towarzystwa-i-zwiazki\/\">Towarzystwa i zwi\u0105zki w Ostro\u0142\u0119ce i regionie<\/a>. Ostro\u0142\u0119ka: BP, 2012<\/td><\/tr><\/tbody><\/table><\/figure>\n\n\n\n<p><\/p>\n","protected":false},"excerpt":{"rendered":"<p>Edukacja regionalna: zestawienie bibliograficzne za lata 2000 \u2013 2009. Wyszk\u00f3w: BP, 2010 Edukacja regionalna&nbsp;zestawienie bibliograficzne w wyborze. Ostro\u0142\u0119ka: BP, 2010 [&hellip;]<\/p>\n","protected":false},"author":10,"featured_media":0,"parent":0,"menu_order":0,"comment_status":"closed","ping_status":"closed","template":"","meta":{"_acf_changed":false,"_oasis_is_in_workflow":0,"_oasis_original":0,"inline_featured_image":false,"site-sidebar-layout":"default","site-content-layout":"","ast-site-content-layout":"default","site-content-style":"default","site-sidebar-style":"default","ast-global-header-display":"","ast-banner-title-visibility":"","ast-main-header-display":"","ast-hfb-above-header-display":"","ast-hfb-below-header-display":"","ast-hfb-mobile-header-display":"","site-post-title":"","ast-breadcrumbs-content":"","ast-featured-img":"","footer-sml-layout":"","ast-disable-related-posts":"","theme-transparent-header-meta":"","adv-header-id-meta":"","stick-header-meta":"","header-above-stick-meta":"","header-main-stick-meta":"","header-below-stick-meta":"","astra-migrate-meta-layouts":"default","ast-page-background-enabled":"default","ast-page-background-meta":{"desktop":{"background-color":"","background-image":"","background-repeat":"repeat","background-position":"center center","background-size":"auto","background-attachment":"scroll","background-type":"","background-media":"","overlay-type":"","overlay-color":"","overlay-opacity":"","overlay-gradient":""},"tablet":{"background-color":"","background-image":"","background-repeat":"repeat","background-position":"center center","background-size":"auto","background-attachment":"scroll","background-type":"","background-media":"","overlay-type":"","overlay-color":"","overlay-opacity":"","overlay-gradient":""},"mobile":{"background-color":"","background-image":"","background-repeat":"repeat","background-position":"center center","background-size":"auto","background-attachment":"scroll","background-type":"","background-media":"","overlay-type":"","overlay-color":"","overlay-opacity":"","overlay-gradient":""}},"ast-content-background-meta":{"desktop":{"background-color":"var(--ast-global-color-5)","background-image":"","background-repeat":"repeat","background-position":"center center","background-size":"auto","background-attachment":"scroll","background-type":"","background-media":"","overlay-type":"","overlay-color":"","overlay-opacity":"","overlay-gradient":""},"tablet":{"background-color":"var(--ast-global-color-5)","background-image":"","background-repeat":"repeat","background-position":"center center","background-size":"auto","background-attachment":"scroll","background-type":"","background-media":"","overlay-type":"","overlay-color":"","overlay-opacity":"","overlay-gradient":""},"mobile":{"background-color":"var(--ast-global-color-5)","background-image":"","background-repeat":"repeat","background-position":"center center","background-size":"auto","background-attachment":"scroll","background-type":"","background-media":"","overlay-type":"","overlay-color":"","overlay-opacity":"","overlay-gradient":""}},"_themeisle_gutenberg_block_has_review":false,"footnotes":""},"class_list":["post-32459","page","type-page","status-publish","hentry"],"acf":[],"featured_image_urls_v2":{"full":"","thumbnail":"","medium":"","medium_large":"","large":"","1536x1536":"","2048x2048":"","menu-24x24":"","menu-36x36":"","menu-48x48":"","mailpoet_newsletter_max":""},"post_excerpt_stackable_v2":"<p>Edukacja regionalna: zestawienie bibliograficzne za lata 2000 \u2013 2009. Wyszk\u00f3w: BP, 2010Edukacja regionalna&nbsp;zestawienie bibliograficzne w wyborze. Ostro\u0142\u0119ka: BP, 2010Elementy edukacji regionalnej: zestawienie bibliograficzne w wyborze. Ostro\u0142\u0119ka: BP, 2010Historia szkolnictwa w Ostro\u0142\u0119ce i w regionie. Ostro\u0142\u0119ka : BP, 2018Kurpie \u2013 historia i etnografia regionu: zestawienie bibliograficzne. Ostro\u0142\u0119ka: BP, 2007Kurpie \u2013 historia: zestawienie bibliograficzne w wyborze. Ostro\u0142\u0119ka: BP, 2010Ludzie zwi\u0105zani z regionem: zestawienie bibliograficzne w wyborze. Ostro\u0142\u0119ka: BP, 2010Ostro\u0142\u0119ka i okolice \u2013 historia: zestawienie bibliograficzne w wyborze. Ostro\u0142\u0119ka: BP, 2010Towarzystwa i zwi\u0105zki w Ostro\u0142\u0119ce i regionie. Ostro\u0142\u0119ka: BP, 2012<\/p>\n","category_list_v2":"","author_info_v2":{"name":"bWdyemVnb3Jjenlr","url":"https:\/\/bp.ostroleka.pl\/uk\/author\/bwdyemvnb3jjenlr\/"},"comments_num_v2":"0 \u043a\u043e\u043c\u0435\u043d\u0442\u0430\u0440\u0456\u0432","_links":{"self":[{"href":"https:\/\/bp.ostroleka.pl\/uk\/wp-json\/wp\/v2\/pages\/32459","targetHints":{"allow":["GET"]}}],"collection":[{"href":"https:\/\/bp.ostroleka.pl\/uk\/wp-json\/wp\/v2\/pages"}],"about":[{"href":"https:\/\/bp.ostroleka.pl\/uk\/wp-json\/wp\/v2\/types\/page"}],"author":[{"embeddable":true,"href":"https:\/\/bp.ostroleka.pl\/uk\/wp-json\/wp\/v2\/users\/10"}],"replies":[{"embeddable":true,"href":"https:\/\/bp.ostroleka.pl\/uk\/wp-json\/wp\/v2\/comments?post=32459"}],"version-history":[{"count":2,"href":"https:\/\/bp.ostroleka.pl\/uk\/wp-json\/wp\/v2\/pages\/32459\/revisions"}],"predecessor-version":[{"id":32837,"href":"https:\/\/bp.ostroleka.pl\/uk\/wp-json\/wp\/v2\/pages\/32459\/revisions\/32837"}],"wp:attachment":[{"href":"https:\/\/bp.ostroleka.pl\/uk\/wp-json\/wp\/v2\/media?parent=32459"}],"curies":[{"name":"wp","href":"https:\/\/api.w.org\/{rel}","templated":true}]}}