{"id":32348,"date":"2021-12-07T14:05:28","date_gmt":"2021-12-07T13:05:28","guid":{"rendered":"https:\/\/bp.ostroleka.pl\/pisali-o-nas\/"},"modified":"2022-10-31T19:32:02","modified_gmt":"2022-10-31T18:32:02","slug":"pisali-o-nas","status":"publish","type":"page","link":"https:\/\/bp.ostroleka.pl\/uk\/pisali-o-nas\/","title":{"rendered":"\u041f\u0440\u043e \u043d\u0430\u0441 \u043f\u0438\u0441\u0430\u043b\u0438"},"content":{"rendered":"\n<ol class=\"wp-block-list\"><li><em>Akt wmurowany<\/em>&nbsp;\/ PH \/\/ Rozmaito\u015bci Ostro\u0142\u0119ckie, 2009, nr 199, s. 3.<\/li><li>Bartnicka Agata:&nbsp;<em>Dzia\u0142alno\u015b\u0107 Pedagogicznej Biblioteki Wojew\u00f3dzkiej w Ostro\u0142\u0119ce w latach 1975 \u2013 1995.<\/em>&nbsp;Praca magisterska napisana pod kierunkiem dr \u0141ucji Kabzi\u0144skiej. Olsztyn, 1998. (Biblioteka Pedagogiczna w Ostro\u0142\u0119ce)<\/li><li><em>Belfry surfuj\u0105<\/em>&nbsp;\/ (nan) \/\/ Ostro\u0142\u0119cka Gazeta Wsp\u00f3\u0142czesna, 2006, nr 25, s.9<\/li><li><em>Biblioteka belfr\u00f3w<\/em>&nbsp;\/ oprac.AW \/\/ Rozmaito\u015bci Ostro\u0142\u0119ckie, 2005, nr 105.<\/li><li><em>Biblioteka jutra<\/em>&nbsp;\/ (awo) \/\/ Tygodnik Ostro\u0142\u0119cki z dn. 12 maja 2009, s. (20).<\/li><li><em>Biblioteka Pedagogiczna<\/em>&nbsp;\/ (AW) \/\/ Ratusz Ostro\u0142\u0119cki, 1998, nr 9, s. 10<\/li><li><em>Biblioteka pomaga pedagogom<\/em>&nbsp;\/ (HM) \/\/ Trybuna Mazowiecka, 1965, nr 174, s. 2<\/li><li><em>Dyrektorka doceniona<\/em>&nbsp;\/ (jaz) \/\/ Tygodnik Ostro\u0142\u0119cki, 2006, nr 44, s. 10<\/li><li>Ho\u0142da Bogumi\u0142 :&nbsp;<em>Wakacje z ksi\u0105\u017ck\u0105<\/em>&nbsp;\/\/ Nasza Trybuna, 1978, nr 130, s.1<\/li><li>Jakubowski Stefan :&nbsp;<em>W s\u0142u\u017cbie studiuj\u0105cych nauczycieli<\/em>&nbsp;\/\/ G\u0142os Nauczycielski, 1976, nr 17, s.8<\/li><li>[ Kwiatkowski Andrzej] :&nbsp;<em>Ksi\u0105\u017cki w jasnych salach<\/em>\/ (And) \/\/ Gazeta Wyborcza, 1995, nr 219 ; Wk\u0142adka Gazeta w Bia\u0142ymstoku, s.2<\/li><li>[Kwiatkowski Andrzej]:&nbsp;<em>Kto studiuje, ten czytuje<\/em>&nbsp;\/ (AND) \/\/ Ratusz Ostro\u0142\u0119cki, 1997, nr 2, s. 10<\/li><li>Nie tylko rega\u0142y z ksi\u0105\u017ckami: ostro\u0142\u0119ckie biblioteki zaprosi\u0142y na nocne spotkania \/ Anna Wo\u0142osz \/\/ Tygodnik Ostro\u0142\u0119cki. \u2013 2016, nr 23, s. 4<\/li><li>Mi\u0119dzy tabletem a ksi\u0105\u017ck\u0105 z papieru : pracownicy bibliotek z powiatu obchodzili swoje \u015bwi\u0119to w MBP \/ Anna Wo\u0142osz \/\/ Tygodnik Ostro\u0142\u0119cki. \u2013 2016, nr 24, s. 13<\/li><li><em>Min\u0105\u0142 w\u0142a\u015bnie rok\u2026<\/em>\/ (ar) \/\/ Tygodnik Ostro\u0142\u0119cki, 1996, nr 41, s.7<\/li><li>Pajka Stanis\u0142aw :&nbsp;<em>Chocia\u017c wakacje\u2026<\/em>&nbsp;\/\/ Trybuna Mazowiecka, 1966,<\/li><li>Pajka Stanis\u0142aw :&nbsp;<em>Ksi\u0105\u017cka pedagogiczna na Kurpiach<\/em>&nbsp;\/\/Trybuna Mazowiecka, 1964, nr 40, s.6<\/li><li><em>S\u0142u\u017cy pomoc\u0105 nauczycielom<\/em>&nbsp;\/ (E.I.P.) \/\/ Nasza Trybuna, 1980, nr 201, s.6<\/li><li>Suchecka Bo\u017cena:&nbsp;<em>Pedagogiczna Biblioteka Wojew\u00f3dzka w Ostro\u0142\u0119ce. 1950 \u2013 1995.<\/em>&nbsp;Praca magisterska napisana pod kierunkiem prof. dr. Hab. J\u00f3zefa Wojakowskiego. Warszawa. 1996. (Biblioteka Pedagogiczna w Ostro\u0142\u0119ce).<\/li><li><em>Uczniowie autorami ksi\u0105\u017cek<\/em>&nbsp;\/ (ik) \/\/ Kurier Ostro\u0142\u0119cki, z dn. 7.05.2009, s. 6.<\/li><li><em>W pedagogicznej ksi\u0105\u017cnicy<\/em>&nbsp;\/ (E) \/\/ Trybuna Mazowiecka, 1981, nr 208, s.6<\/li><li><em>Wydajemy w\u0142asn\u0105 ksi\u0105\u017ck\u0119<\/em>&nbsp;\/ oprac. mm \/\/ Tygodnik Ostro\u0142\u0119cki z dn. 12 maja 2009, s. 23.<\/li><\/ol>\n","protected":false},"excerpt":{"rendered":"<p>Akt wmurowany&nbsp;\/ PH \/\/ Rozmaito\u015bci Ostro\u0142\u0119ckie, 2009, nr 199, s. 3. Bartnicka Agata:&nbsp;Dzia\u0142alno\u015b\u0107 Pedagogicznej Biblioteki Wojew\u00f3dzkiej w Ostro\u0142\u0119ce w latach [&hellip;]<\/p>\n","protected":false},"author":10,"featured_media":0,"parent":0,"menu_order":0,"comment_status":"closed","ping_status":"closed","template":"","meta":{"_acf_changed":false,"_oasis_is_in_workflow":0,"_oasis_original":0,"inline_featured_image":false,"site-sidebar-layout":"default","site-content-layout":"","ast-site-content-layout":"default","site-content-style":"default","site-sidebar-style":"default","ast-global-header-display":"","ast-banner-title-visibility":"","ast-main-header-display":"","ast-hfb-above-header-display":"","ast-hfb-below-header-display":"","ast-hfb-mobile-header-display":"","site-post-title":"","ast-breadcrumbs-content":"","ast-featured-img":"","footer-sml-layout":"","ast-disable-related-posts":"","theme-transparent-header-meta":"","adv-header-id-meta":"","stick-header-meta":"","header-above-stick-meta":"","header-main-stick-meta":"","header-below-stick-meta":"","astra-migrate-meta-layouts":"default","ast-page-background-enabled":"default","ast-page-background-meta":{"desktop":{"background-color":"","background-image":"","background-repeat":"repeat","background-position":"center center","background-size":"auto","background-attachment":"scroll","background-type":"","background-media":"","overlay-type":"","overlay-color":"","overlay-opacity":"","overlay-gradient":""},"tablet":{"background-color":"","background-image":"","background-repeat":"repeat","background-position":"center center","background-size":"auto","background-attachment":"scroll","background-type":"","background-media":"","overlay-type":"","overlay-color":"","overlay-opacity":"","overlay-gradient":""},"mobile":{"background-color":"","background-image":"","background-repeat":"repeat","background-position":"center center","background-size":"auto","background-attachment":"scroll","background-type":"","background-media":"","overlay-type":"","overlay-color":"","overlay-opacity":"","overlay-gradient":""}},"ast-content-background-meta":{"desktop":{"background-color":"var(--ast-global-color-5)","background-image":"","background-repeat":"repeat","background-position":"center center","background-size":"auto","background-attachment":"scroll","background-type":"","background-media":"","overlay-type":"","overlay-color":"","overlay-opacity":"","overlay-gradient":""},"tablet":{"background-color":"var(--ast-global-color-5)","background-image":"","background-repeat":"repeat","background-position":"center center","background-size":"auto","background-attachment":"scroll","background-type":"","background-media":"","overlay-type":"","overlay-color":"","overlay-opacity":"","overlay-gradient":""},"mobile":{"background-color":"var(--ast-global-color-5)","background-image":"","background-repeat":"repeat","background-position":"center center","background-size":"auto","background-attachment":"scroll","background-type":"","background-media":"","overlay-type":"","overlay-color":"","overlay-opacity":"","overlay-gradient":""}},"_themeisle_gutenberg_block_has_review":false,"footnotes":""},"class_list":["post-32348","page","type-page","status-publish","hentry"],"acf":[],"featured_image_urls_v2":{"full":"","thumbnail":"","medium":"","medium_large":"","large":"","1536x1536":"","2048x2048":"","menu-24x24":"","menu-36x36":"","menu-48x48":"","mailpoet_newsletter_max":""},"post_excerpt_stackable_v2":"<p>Akt wmurowany&nbsp;\/ PH \/\/ Rozmaito\u015bci Ostro\u0142\u0119ckie, 2009, nr 199, s. 3.Bartnicka Agata:&nbsp;Dzia\u0142alno\u015b\u0107 Pedagogicznej Biblioteki Wojew\u00f3dzkiej w Ostro\u0142\u0119ce w latach 1975 \u2013 1995.&nbsp;Praca magisterska napisana pod kierunkiem dr \u0141ucji Kabzi\u0144skiej. Olsztyn, 1998. (Biblioteka Pedagogiczna w Ostro\u0142\u0119ce)Belfry surfuj\u0105&nbsp;\/ (nan) \/\/ Ostro\u0142\u0119cka Gazeta Wsp\u00f3\u0142czesna, 2006, nr 25, s.9Biblioteka belfr\u00f3w&nbsp;\/ oprac.AW \/\/ Rozmaito\u015bci Ostro\u0142\u0119ckie, 2005, nr 105.Biblioteka jutra&nbsp;\/ (awo) \/\/ Tygodnik Ostro\u0142\u0119cki z dn. 12 maja 2009, s. (20).Biblioteka Pedagogiczna&nbsp;\/ (AW) \/\/ Ratusz Ostro\u0142\u0119cki, 1998, nr 9, s. 10Biblioteka pomaga pedagogom&nbsp;\/ (HM) \/\/ Trybuna Mazowiecka, 1965, nr 174, s. 2Dyrektorka doceniona&nbsp;\/ (jaz) \/\/ Tygodnik Ostro\u0142\u0119cki, 2006, nr 44, s. 10Ho\u0142da Bogumi\u0142 :&nbsp;Wakacje z ksi\u0105\u017ck\u0105&nbsp;\/\/&hellip;<\/p>\n","category_list_v2":"","author_info_v2":{"name":"bWdyemVnb3Jjenlr","url":"https:\/\/bp.ostroleka.pl\/uk\/author\/bwdyemvnb3jjenlr\/"},"comments_num_v2":"0 \u043a\u043e\u043c\u0435\u043d\u0442\u0430\u0440\u0456\u0432","_links":{"self":[{"href":"https:\/\/bp.ostroleka.pl\/uk\/wp-json\/wp\/v2\/pages\/32348","targetHints":{"allow":["GET"]}}],"collection":[{"href":"https:\/\/bp.ostroleka.pl\/uk\/wp-json\/wp\/v2\/pages"}],"about":[{"href":"https:\/\/bp.ostroleka.pl\/uk\/wp-json\/wp\/v2\/types\/page"}],"author":[{"embeddable":true,"href":"https:\/\/bp.ostroleka.pl\/uk\/wp-json\/wp\/v2\/users\/10"}],"replies":[{"embeddable":true,"href":"https:\/\/bp.ostroleka.pl\/uk\/wp-json\/wp\/v2\/comments?post=32348"}],"version-history":[{"count":2,"href":"https:\/\/bp.ostroleka.pl\/uk\/wp-json\/wp\/v2\/pages\/32348\/revisions"}],"predecessor-version":[{"id":32807,"href":"https:\/\/bp.ostroleka.pl\/uk\/wp-json\/wp\/v2\/pages\/32348\/revisions\/32807"}],"wp:attachment":[{"href":"https:\/\/bp.ostroleka.pl\/uk\/wp-json\/wp\/v2\/media?parent=32348"}],"curies":[{"name":"wp","href":"https:\/\/api.w.org\/{rel}","templated":true}]}}