{"id":32333,"date":"2021-12-09T09:24:07","date_gmt":"2021-12-09T08:24:07","guid":{"rendered":"https:\/\/bp.ostroleka.pl\/pedagogika-szkolnictwo-oswiata-wychowanie\/"},"modified":"2022-10-31T19:31:52","modified_gmt":"2022-10-31T18:31:52","slug":"pedagogika-szkolnictwo-oswiata-wychowanie","status":"publish","type":"page","link":"https:\/\/bp.ostroleka.pl\/uk\/pedagogika-szkolnictwo-oswiata-wychowanie\/","title":{"rendered":"\u041e\u0441\u0432\u0456\u0442\u0430."},"content":{"rendered":"\n<figure class=\"wp-block-table\"><table><tbody><tr><td>Absolwenci szk\u00f3\u0142 ponadgimnazjalnych:\u00a0wybory edukacyjne i zawodowe. Ostro\u0142\u0119ka: BP, 2015<\/td><\/tr><tr><td>Animaloterapia:\u00a0zestawienie bibliograficzne. Ostro\u0142\u0119ka: BP, 2013<\/td><\/tr><tr><td>Aspiracje dzieci i m\u0142odzie\u017cy:\u00a0zestawienie bibliograficzne w wyborze. Wyszk\u00f3w: BP, 2015<\/td><\/tr><tr><td>Autonomia szko\u0142y:\u00a0Ostro\u0142\u0119ka: BP, 2005<\/td><\/tr><tr><td>Autyzm:\u00a0zestawienie bibliograficzne w wyborze: Ostro\u0142\u0119ka: BP, 2020<\/td><\/tr><tr><td>Autyzm i Zesp\u00f3\u0142 Aspergera:\u00a0zestawienie bibliograficzne za lata 1988 &#8211; 2011. Wyszk\u00f3w: BP, 2012<\/td><\/tr><tr><td>Bezpieczna szko\u0142a: zestawienie bibliograficzne. Ostro\u0142\u0119ka: BP, 2012<\/td><\/tr><tr><td>Ceremonia\u0142 szkolny: zestawienie bibliograficzne. Ostr\u00f3w Mazowiecka: BP, 2008<\/td><\/tr><tr><td>Czas wolny od pracy ucznia:\u00a0zestawienie bibliograficzne. Wyszk\u00f3w: BP, 2012<\/td><\/tr><tr><td>Diagnoza pedagogiczna:\u00a0zestawienie bibliograficzne. Ostro\u0142\u0119ka: BP, 2013<\/td><\/tr><tr><td>Dojrza\u0142o\u015b\u0107 szkolna:\u00a0zestawienie bibliograficzne. Ostro\u0142\u0119ka: BP, 2007<\/td><\/tr><tr><td>Dojrza\u0142o\u015b\u0107 szkolna:\u00a0zestawienie bibliograficzne. Ostro\u0142\u0119ka: BP, 2016<\/td><\/tr><tr><td>Doradztwo zawodowe:\u00a0zestawienie bibliograficzne. Ostro\u0142\u0119ka: BP, 2019<\/td><\/tr><tr><td>Dyrektor szko\u0142y:\u00a0zestawienia bibliograficzne. Ostro\u0142\u0119ka: BP, 2006<\/td><\/tr><tr><td>Dyskalkulia:\u00a0zestawienie bibliograficzne. Ostro\u0142\u0119ka: BP, 2017<\/td><\/tr><tr><td>Dyscyplina w szkole:\u00a0zestawienie bibliograficzne. Ostro\u0142\u0119ka: BP, 2010<\/td><\/tr><tr><td>Dysleksja, dysgrafia, dyskalkulia:\u00a0zestawienie bibliograficzne za lata 2000 &#8211; 2008. Wyszk\u00f3w: BP, 2009<\/td><\/tr><tr><td>Dzia\u0142ania szko\u0142y na rzecz zdrowia i bezpiecze\u0144stwa uczni\u00f3w:\u00a0zestawienie bibliograficzne artyku\u0142\u00f3w z czasopism. Ostro\u0142\u0119ka: BP, 2013<\/td><\/tr><tr><td>Dzieci\u0119ce pora\u017cenie m\u00f3zgowe:\u00a0Ostro\u0142\u0119ka: BP, 2006<\/td><\/tr><tr><td>Dziecko autystyczne:\u00a0zestawienie bibliograficzne. Ostro\u0142\u0119ka: BP, 2014<\/td><\/tr><tr><td>Dziecko autystyczne:\u00a0zestawienie bibliograficzne za lata 2015 &#8211; 2018. Ostro\u0142\u0119ka: BP, 2019<\/td><\/tr><tr><td>Dziecko o specjalnych potrzebach edukacyjnych :\u00a0zestawienie bibliograficzne za lata 2000-2011. Ostro\u0142\u0119ka : BP, 2011<\/td><\/tr><tr><td>Dziecko w wieku przedszkolnym:\u00a0zestawienie bibliograficzne. Ostro\u0142\u0119ka: BP, 2014<\/td><\/tr><tr><td>Dziecko w wieku przedszkolnym:\u00a0zestawienie bibliograficzne ksi\u0105\u017cek i artyku\u0142\u00f3w z czasopism za lata 2018-2020. Ostro\u0142\u0119ka: BP, 2021<\/td><\/tr><tr><td>Dziecko, m\u0142odzie\u017c i rodzina w nauce Jana Paw\u0142a II: Ostro\u0142\u0119ka: BP, 2006<\/td><\/tr><tr><td>Dziecko zdolne.\u00a0Ostro\u0142\u0119ka : BP, 2014<\/td><\/tr><tr><td>Dziecko zdolne.\u00a0zestawienie bibliograficzne ksi\u0105\u017cek i artyku\u0142\u00f3w z czasopism za lata 2015-2020. Ostro\u0142\u0119ka: BP, 2021<\/td><\/tr><tr><td>Edukacja dla bezpiecze\u0144stwa dziecka:\u00a0zestawienie bibliograficzne.Wyszk\u00f3w: BP, 2012<\/td><\/tr><tr><td>Edukacja domowa:\u00a0zestawienie bibliograficzne. Ostro\u0142\u0119ka: BP, 2011<\/td><\/tr><tr><td>Edukacja ekologiczna w przedszkolu:\u00a0zestawienie bibliograficzne za lata 2015-2021. Ostro\u0142\u0119ka: BP, 2021<\/td><\/tr><tr><td>Edukacja ekonomiczna.\u00a0Ostro\u0142\u0119ka: BP, 2015<\/td><\/tr><tr><td>Edukacja europejska: zestawienie bibliograficzne w wyborze za lata 2000 &#8211; 2008. Wyszk\u00f3w: BP, 2009<\/td><\/tr><tr><td>Edukacja w\u0142\u0105czaj\u0105ca:\u00a0bibliografia artyku\u0142\u00f3w z czasopism. Ostro\u0142\u0119ka: BP, 2014.<\/td><\/tr><tr><td>Edukacja zdrowotna w szkole:\u00a0zestawienie bibliograficzne w wyborze. Ostro\u0142\u0119ka: BP, 2020.<\/td><\/tr><tr><td>Efektywne uczenie si\u0119 i techniki pami\u0119ciowe:\u00a0zestawienie bibliograficzne. Ostro\u0142\u0119ka: BP, 2012<\/td><\/tr><tr><td>E-learning \u2013 nauczanie na odleg\u0142o\u015b\u0107 \u2013 zdalna edukacja:\u00a0zestawienie bibliograficzna w wyborze za lata 2013-2019<\/td><\/tr><tr><td>Godzina wychowawcza:\u00a0zestawienie bibliograficzne w wyborze. Ostro\u0142\u0119ka: BP, 2004<\/td><\/tr><tr><td>Godzina wychowawcza:\u00a0zestawienie bibliograficzne za lata 2015 &#8211; 2021. Ostro\u0142\u0119ka: BP, 2021<\/td><\/tr><tr><td>Gry komputerowe &#8211; ucz\u0105 czy szkodz\u0105?:\u00a0zestawienie bibliograficzne. Wyszk\u00f3w: BP, 2012<\/td><\/tr><tr><td>Gry planszowe:\u00a0zestawienie bibliograficzne w wyborze. Ostro\u0142\u0119ka: BP, 2020<\/td><\/tr><tr><td>Innowacje w plac\u00f3wkach o\u015bwiatowych.\u00a0Ostro\u0142\u0119ka: BP, 2020.<\/td><\/tr><tr><td>Integracja sensoryczna:\u00a0zestawienie bibliograficzne w wyborze. Ostro\u0142\u0119ka : BP, 2021<\/td><\/tr><tr><td>Jako\u015b\u0107 w o\u015bwiacie:\u00a0zestawienie bibliograficzne za lata 1995 &#8211; 2005. Ostro\u0142\u0119ka: BP, 2005<\/td><\/tr><tr><td>Klasa szkolna:\u00a0zestawienie bibliograficzne. Ostro\u0142\u0119ka: BP, 2010<\/td><\/tr><tr><td>Kszta\u0142cenie os\u00f3b doros\u0142ych:\u00a0zestawienie bibliograficzne za lata 2015-2020<\/td><\/tr><tr><td>Kszta\u0142cenie uczni\u00f3w niepe\u0142nosprawnych w szko\u0142ach og\u00f3lnodost\u0119pnych:\u00a0wykaz artyku\u0142\u00f3w z czasopism za lata 2000 \u2013 2013. Ostro\u0142\u0119ka : BP, 2013<\/td><\/tr><tr><td>Kszta\u0142cenie zawodowe i rozw\u00f3j doradztwa zawodowego:\u00a0zestawienie bibliograficzne ksi\u0105\u017cek i artyku\u0142\u00f3w z czasopism dost\u0119pnych w Bibliotece Pedagogicznej w Ostro\u0142\u0119ce za lata 2000-2019<\/td><\/tr><tr><td>Kszta\u0142towanie postaw innowacyjno\u015bci i kreatywno\u015bci:\u00a0zestawienie bibliograficzne. Ostro\u0142\u0119ka: BP, 2019<\/td><\/tr><tr><td>Kszta\u0142towanie umiej\u0119tno\u015bci pracy zespo\u0142owej uczni\u00f3w:\u00a0zestawienie bibliograficzne. Ostro\u0142\u0119ka: BP, 2018<\/td><\/tr><tr><td>Logopedia: zestawienie bibliograficzne. Ostro\u0142\u0119ka: BP, 2016<\/td><\/tr><tr><td>Marketing w szkolnictwie:\u00a0zestawienie bibliograficzne za lata 2000-2010. Ostro\u0142\u0119ka : BP, 2010<\/td><\/tr><tr><td>Matura 2005: j\u0119zyk polski:\u00a0Ostro\u0142\u0119ka: BP, 2005<\/td><\/tr><tr><td>Metoda Montessori:\u00a0Ostro\u0142\u0119ka: BP, 2019<\/td><\/tr><tr><td>Metoda projektu w edukacji oraz aktywne uczenie si\u0119 uczni\u00f3w:\u00a0zestawienie bibliograficzne. Ostro\u0142\u0119ka: BP, 2019<\/td><\/tr><tr><td>Metoda Weroniki Sherborne.\u00a0Ostro\u0142\u0119ka: BP, 2018<\/td><\/tr><tr><td>Metody aktywizuj\u0105ce:\u00a0zestawienie bibliograficzne. Ostro\u0142\u0119ka: BP, 2019.<\/td><\/tr><tr><td>Metody aktywne w nauczaniu i wychowaniu:\u00a0Ostro\u0142\u0119ka: BP, 2005<\/td><\/tr><tr><td>Motywacja uczenia si\u0119:\u00a0zestawienie bibliograficzne za lata 2004 &#8211; 2011.Wyszk\u00f3w: BP, 2012<\/td><\/tr><tr><td>Motywowanie dzieci i m\u0142odzie\u017cy do nauki:\u00a0zestawienie bibliograficzne za lata 2012-2020. Ostro\u0142\u0119ka: BP, 2020<\/td><\/tr><tr><td>Muzykoterapia i choreoterapia:\u00a0zestawienie bibliograficzne. Ostro\u0142\u0119ka: BP, 2010<\/td><\/tr><tr><td>Nadz\u00f3r pedagogiczny w przedszkolu:\u00a0zestawienie bibliograficzne. Ostro\u0142\u0119ka: BP, 2012<\/td><\/tr><tr><td>Nadz\u00f3r pedagogiczny w szkole:\u00a0zestawienie bibliograficzne za lata 2015-2021. Ostro\u0142\u0119ka : BP, 2021<\/td><\/tr><tr><td>Nauczanie dziecka niewidomego i niedowidz\u0105cego :\u00a0zestawienie bibliograficzne. Ostro\u0142\u0119ka : BP, 2014<\/td><\/tr><tr><td>Nauczanie i wychowanie metod\u0105 harcersk\u0105:\u00a0zestawienie bibliograficzne za lata 1990-2010. Ostro\u0142\u0119ka: BP, 2010<\/td><\/tr><tr><td>Nauczanie na odleg\u0142o\u015b\u0107:\u00a0zestawienie bibliograficzne w wyborze za lata 2005-2012. Ostro\u0142\u0119ka: BP, 2012<\/td><\/tr><tr><td>Niepowodzenia szkolne:\u00a0zestawienie bibliograficzne za lata 1994-2010. Ostro\u0142\u0119ka: BP, 2010<\/td><\/tr><tr><td>Ojcostwo:\u00a0zestawienie bibliograficzne. Ostro\u0142\u0119ka: BP, 2006<\/td><\/tr><tr><td>Origami:\u00a0zestawienie bibliograficzne w wyborze. Ostro\u0142\u0119ka: BP, 2020<\/td><\/tr><tr><td>O\u015bwiata doros\u0142ych na \u015bwiecie:\u00a0zestawienie bibliograficzne w wyborze. Ostro\u0142\u0119ka: BP, 2008<\/td><\/tr><tr><td>O\u015bwiata doros\u0142ych:\u00a0zestawienie bibliograficzne za lata 1997-2007. Ostro\u0142\u0119ka: BP, 2007<\/td><\/tr><tr><td>Papieroplastyka i inne kreatywne pomys\u0142y:\u00a0wykaz ksi\u0105\u017cek dost\u0119pnych w Bibliotece Pedagogicznej w Ostro\u0142\u0119ce.<\/td><\/tr><tr><td>Pedagogika Ruolfa Steinera i Szko\u0142a Waldorfska:\u00a0zestawienie bibliograficzne Ostro\u0142\u0119ka: BP, 2008<\/td><\/tr><tr><td>Pedagogika zabawy:\u00a0zestawienie bibliograficzne za lata 1990-2007. Ostro\u0142\u0119ka: BP, 2007<\/td><\/tr><tr><td>Podr\u0119czniki multimedialne i ksi\u0105\u017cki elektroniczne:\u00a0zestawienie bibliograficzne w wyborze. Wyszk\u00f3w: BP, 2015<\/td><\/tr><tr><td>Podstawa programowa wychowania przedszkolnego:\u00a0zestawienie bibliograficzne. Ostro\u0142\u0119ka: BP, 2012<\/td><\/tr><tr><td>Popularyzacja czytelnictwa w\u015br\u00f3d dzieci w wieku przedszkolnym:\u00a0zestawienie bibliograficzne w wyborze. Ostro\u0142\u0119ka: BP, 2016<\/td><\/tr><tr><td>Poradnictwo psychologiczno-pedagogiczne:\u00a0zestawienie bibliograficzne w wyborze. Ostro\u0142\u0119ka : BP, 2014<\/td><\/tr><tr><td>Poradnictwo zawodowe:\u00a0zestawienie bibliograficzne za lata 1990-2007. Ostro\u0142\u0119ka: BP, 2007<\/td><\/tr><tr><td>Praca z tekstem literackim w przedszkolu:\u00a0zestawienie bibliograficzne. Ostro\u0142\u0119ka: BP, 2009<\/td><\/tr><tr><td>Prawa dziecka:\u00a0zestawienie bibliograficzne w wyborze. Ostro\u0142\u0119ka: BP, 2016<\/td><\/tr><tr><td>Problemy wychowawcze w rodzinie zast\u0119pczej:\u00a0zestawienie bibliograficzne za lata 2009-2019. Ostro\u0142\u0119ka: BP, 2019.<\/td><\/tr><tr><td>Profilaktyka uzale\u017cnie\u0144:\u00a0Ostro\u0142\u0119ka: BP, 2003<\/td><\/tr><tr><td>Programy nauczania w zreformowanej szkole:\u00a0Ostro\u0142\u0119ka: BP, 2005<\/td><\/tr><tr><td>Reforma szkolnictwa zawodowego:\u00a0zestawienie bibliograficzne. Ostro\u0142\u0119ka: BP, 2013<\/td><\/tr><tr><td>Rehabilitacja i nauczanie dziecka niewidomego i niedowidz\u0105cego.\u00a0Ostro\u0142\u0119ka: BP, 2015<\/td><\/tr><tr><td>Rehabilitacja i nauczanie dziecka g\u0142uchego i niedos\u0142ysz\u0105cego:\u00a0zestawienie bibliograficzne. Ostro\u0142\u0119ka : BP, 2014<\/td><\/tr><tr><td>Respektowanie norm spo\u0142ecznych:\u00a0zestawienie bibliograficzne za lata 2015-2020. Ostro\u0142\u0119ka : BP, 2020<\/td><\/tr><tr><td>Rodzina niepe\u0142na:\u00a0zestawienie bibliograficzne. Ostro\u0142\u0119ka: BP, 2008<\/td><\/tr><tr><td>Rodzina z dzieckiem niepe\u0142nosprawnym: zestawienie bibliograficzne. Ostro\u0142\u0119ka : BP, 2014<\/td><\/tr><tr><td>Rozwijanie kompetencji cyfrowych uczni\u00f3w i nauczycieli: zestawienie bibliograficzne w wyborze. Ostro\u0142\u0119ka : BP, 2018<\/td><\/tr><tr><td>Rozwijanie kompetencji informatycznych dzieci i m\u0142odzie\u017cy w szko\u0142ach i plac\u00f3wkach:\u00a0zestawienie bibliograficzne. Ostro\u0142\u0119ka: BP, 2016<\/td><\/tr><tr><td>Rozwijanie przedsi\u0119biorczo\u015bci uczni\u00f3w. Ostro\u0142\u0119ka:\u00a0zestawienie bibliograficzne. Ostro\u0142\u0119ka: BP, 2020<\/td><\/tr><tr><td>Rozwijanie zainteresowa\u0144 matematycznych uczni\u00f3w klas I-III.\u00a0Ostro\u0142\u0119ka: BP, 2019<\/td><\/tr><tr><td>Rozw\u00f3j j\u0119zyka dziecka:\u00a0zestawienie bibliograficzne za lata 2005-2012. Ostro\u0142\u0119ka: BP, 2012<\/td><\/tr><tr><td>Samodzielno\u015b\u0107, kreatywno\u015b\u0107 i innowacyjno\u015b\u0107 uczni\u00f3w:\u00a0Ostro\u0142\u0119ka: BP, 2019<\/td><\/tr><tr><td>Samorz\u0105d szkolny<a href=\"http:\/\/bp.ostroleka.pl\/2004\/09\/25\/samorzad\/\">:<\/a>\u00a0Ostro\u0142\u0119ka: BP, 2004<\/td><\/tr><tr><td>Socjoterapia:\u00a0Zestawienie bibliograficzne. Ostro\u0142\u0119ka: BP, 2016<\/td><\/tr><tr><td>Sprawno\u015b\u0107 motoryczna:\u00a0zestawienie bibliograficzne. Ostro\u0142\u0119ka: BP, 2013<\/td><\/tr><tr><td>Szkolnictwo w Belgii, Danii i Holandii:\u00a0zestawienie bibliograficzne artyku\u0142\u00f3w z czasopism. Ostro\u0142\u0119ka: BP, 2008<\/td><\/tr><tr><td>Szkolnictwo we Francji i Niemczech:\u00a0zestawienie bibliograficzne artyku\u0142\u00f3w z czasopism. Ostro\u0142\u0119ka: BP, 2009<\/td><\/tr><tr><td>Szkolnictwo zawodowe a rynek pracy:\u00a0zestawienie bibliograficzne. Ostro\u0142\u0119ka: BP, 2014<\/td><\/tr><tr><td>TIK w nauczaniu (wyb\u00f3r):\u00a0Zestawienie bibliograficzne zbior\u00f3w BP w Ostro\u0142\u0119ce (za lata 2015-2020)<\/td><\/tr><tr><td>Terapia pedagogiczna:\u00a0zestawienie bibliograficzne za lata 2020-2020. Ostro\u0142\u0119ka: BP, 2021.<\/td><\/tr><tr><td>Terapia zaj\u0119ciowa:\u00a0zestawienie bibliograficzne za lata 1990-2012. Ostro\u0142\u0119ka: BP, 2012<\/td><\/tr><tr><td>Uniwersytety trzeciego wieku:\u00a0zestawienie bibliograficzne za lata 2005-2016. Ostro\u0142\u0119ka: BP, 2016<\/td><\/tr><tr><td>Wczesne wspomaganie rozwoju dziecka:\u00a0zestawienie bibliograficzne. Ostro\u0142\u0119ka : BP, 2013<\/td><\/tr><tr><td>Wsparcie dzieci i doros\u0142ych w sytuacji kryzysowej wywo\u0142anej pandemi\u0105 COVID-19:\u00a0zestawienie bibliograficzne. Ostro\u0142\u0119ka, 2021<\/td><\/tr><tr><td>Wspieranie rozwoju dziecka m\u0142odszego w zwi\u0105zku z obni\u017ceniem wieku realizacji obowi\u0105zku szkolnego:\u00a0wykaz artyku\u0142\u00f3w z czasopism za lata 2000 \u2013 2013. Ostro\u0142\u0119ka : BP, 2013<\/td><\/tr><tr><td>Wsp\u00f3\u0142czesne pr\u0105dy w pedagogice resocjalizacyjnej:\u00a0zestawienie bibliograficzne. Ostro\u0142\u0119ka: BP, 2008<\/td><\/tr><tr><td>Wsp\u00f3\u0142praca rodzic\u00f3w z przedszkolem i szko\u0142\u0105:\u00a0zestawienie bibliograficzne. Ostro\u0142\u0119ka: BP, 2019<\/td><\/tr><tr><td>Wychowanie do warto\u015bci:\u00a0zestawienie bibliograficzne w wyborze za lata 2005 &#8211; 2011. Wyszk\u00f3w: BP, 2012<\/td><\/tr><tr><td>Wychowanie do warto\u015bci (Cz. 2):\u00a0zestawienie bibliograficzne w wyborze za lata 2010 &#8211; 2016. Wyszk\u00f3w: BP, 2017<\/td><\/tr><tr><td>Wychowanie patriotyczne: zestawienie bibliograficzne za lata 2008 &#8211; 2018. Ostro\u0142\u0119ka: BP, 2018<\/td><\/tr><tr><td>Wychowanie patriotyczne: zestawienie bibliograficzne.Wyszk\u00f3w: BP, 2012<\/td><\/tr><tr><td>Wychowanie przez teatr:\u00a0zestawienie bibliograficzne. Ostro\u0142\u0119ka: BP, 2007<\/td><\/tr><tr><td>Wycieczki szkolne:\u00a0zestawienie bibliograficzne w wyborze. Ostro\u0142\u0119ka: BP, 2020<\/td><\/tr><tr><td>Wywiad\u00f3wki:\u00a0zestawienie bibliograficzne za lata 1995 &#8211; 2005. Ostro\u0142\u0119ka: BP, 2005<\/td><\/tr><tr><td>Wzmocnienie bezpiecze\u0144stwa dzieci i m\u0142odzie\u017cy, ze szczeg\u00f3lnym uwzgl\u0119dnieniem dzieci ze specjalnymi potrzebami edukacyjnymi [&#8230;]\u00a0: wykaz artyku\u0142\u00f3w z czasopism. Ostro\u0142\u0119ka : BP, 2015<\/td><\/tr><tr><td>Zabawy i zabawki a dzieci w wieku przedszkolnym:\u00a0zestawienie bibliograficzne. Ostro\u0142\u0119ka: BP, 2012<\/td><\/tr><tr><td>Zaburzenia mowy:\u00a0zestawienie bibliograficzne. Ostro\u0142\u0119ka: BP, 2014<\/td><\/tr><tr><td>Zaj\u0119cia korekcyjno-wyr\u00f3wnawcze:\u00a0zestawienie bibliograficzne. Ostro\u0142\u0119ka: BP, 2012<\/td><\/tr><tr><td>Zarz\u0105dzanie szko\u0142\u0105:\u00a0zestawienie bibliograficzne za lata 2000-2011. Ostro\u0142\u0119ka: BP, 2011<\/td><\/tr><tr><td>Zesp\u00f3\u0142 ADHD:\u00a0zestawienie bibliograficzne w wyborze z lat 2000-2010. Wyszk\u00f3w: BP, 2011<\/td><\/tr><tr><td>Zesp\u00f3\u0142 ADHD:\u00a0zestawienie bibliograficzne ksi\u0105\u017cek i artyku\u0142\u00f3w z czasopism dost\u0119pnych w Bibliotece Pedagogicznej w Ostro\u0142\u0119ce. Ostro\u0142\u0119ka: BP, 2014<\/td><\/tr><tr><td>Zesp\u00f3\u0142 Aspergera:\u00a0zestawienie bibliograficzne ksi\u0105\u017cek i zbior\u00f3w audiowizualnych dost\u0119pnych w Bibliotece Pedagogicznej w Ostro\u0142\u0119ce. Ostro\u0142\u0119ka: BP, 2014<\/td><\/tr><\/tbody><\/table><\/figure>\n","protected":false},"excerpt":{"rendered":"<p>Absolwenci szk\u00f3\u0142 ponadgimnazjalnych:\u00a0wybory edukacyjne i zawodowe. Ostro\u0142\u0119ka: BP, 2015 Animaloterapia:\u00a0zestawienie bibliograficzne. Ostro\u0142\u0119ka: BP, 2013 Aspiracje dzieci i m\u0142odzie\u017cy:\u00a0zestawienie bibliograficzne w [&hellip;]<\/p>\n","protected":false},"author":10,"featured_media":0,"parent":0,"menu_order":0,"comment_status":"closed","ping_status":"closed","template":"","meta":{"_acf_changed":false,"_oasis_is_in_workflow":0,"_oasis_original":0,"inline_featured_image":false,"site-sidebar-layout":"default","site-content-layout":"","ast-site-content-layout":"default","site-content-style":"default","site-sidebar-style":"default","ast-global-header-display":"","ast-banner-title-visibility":"","ast-main-header-display":"","ast-hfb-above-header-display":"","ast-hfb-below-header-display":"","ast-hfb-mobile-header-display":"","site-post-title":"","ast-breadcrumbs-content":"","ast-featured-img":"","footer-sml-layout":"","ast-disable-related-posts":"","theme-transparent-header-meta":"","adv-header-id-meta":"","stick-header-meta":"","header-above-stick-meta":"","header-main-stick-meta":"","header-below-stick-meta":"","astra-migrate-meta-layouts":"default","ast-page-background-enabled":"default","ast-page-background-meta":{"desktop":{"background-color":"","background-image":"","background-repeat":"repeat","background-position":"center center","background-size":"auto","background-attachment":"scroll","background-type":"","background-media":"","overlay-type":"","overlay-color":"","overlay-opacity":"","overlay-gradient":""},"tablet":{"background-color":"","background-image":"","background-repeat":"repeat","background-position":"center center","background-size":"auto","background-attachment":"scroll","background-type":"","background-media":"","overlay-type":"","overlay-color":"","overlay-opacity":"","overlay-gradient":""},"mobile":{"background-color":"","background-image":"","background-repeat":"repeat","background-position":"center center","background-size":"auto","background-attachment":"scroll","background-type":"","background-media":"","overlay-type":"","overlay-color":"","overlay-opacity":"","overlay-gradient":""}},"ast-content-background-meta":{"desktop":{"background-color":"var(--ast-global-color-5)","background-image":"","background-repeat":"repeat","background-position":"center center","background-size":"auto","background-attachment":"scroll","background-type":"","background-media":"","overlay-type":"","overlay-color":"","overlay-opacity":"","overlay-gradient":""},"tablet":{"background-color":"var(--ast-global-color-5)","background-image":"","background-repeat":"repeat","background-position":"center center","background-size":"auto","background-attachment":"scroll","background-type":"","background-media":"","overlay-type":"","overlay-color":"","overlay-opacity":"","overlay-gradient":""},"mobile":{"background-color":"var(--ast-global-color-5)","background-image":"","background-repeat":"repeat","background-position":"center center","background-size":"auto","background-attachment":"scroll","background-type":"","background-media":"","overlay-type":"","overlay-color":"","overlay-opacity":"","overlay-gradient":""}},"_themeisle_gutenberg_block_has_review":false,"footnotes":""},"class_list":["post-32333","page","type-page","status-publish","hentry"],"acf":[],"featured_image_urls_v2":{"full":"","thumbnail":"","medium":"","medium_large":"","large":"","1536x1536":"","2048x2048":"","menu-24x24":"","menu-36x36":"","menu-48x48":"","mailpoet_newsletter_max":""},"post_excerpt_stackable_v2":"<p>Absolwenci szk\u00f3\u0142 ponadgimnazjalnych:\u00a0wybory edukacyjne i zawodowe. Ostro\u0142\u0119ka: BP, 2015Animaloterapia:\u00a0zestawienie bibliograficzne. Ostro\u0142\u0119ka: BP, 2013Aspiracje dzieci i m\u0142odzie\u017cy:\u00a0zestawienie bibliograficzne w wyborze. Wyszk\u00f3w: BP, 2015Autonomia szko\u0142y:\u00a0Ostro\u0142\u0119ka: BP, 2005Autyzm:\u00a0zestawienie bibliograficzne w wyborze: Ostro\u0142\u0119ka: BP, 2020Autyzm i Zesp\u00f3\u0142 Aspergera:\u00a0zestawienie bibliograficzne za lata 1988 &#8211; 2011. Wyszk\u00f3w: BP, 2012Bezpieczna szko\u0142a: zestawienie bibliograficzne. Ostro\u0142\u0119ka: BP, 2012Ceremonia\u0142 szkolny: zestawienie bibliograficzne. Ostr\u00f3w Mazowiecka: BP, 2008Czas wolny od pracy ucznia:\u00a0zestawienie bibliograficzne. Wyszk\u00f3w: BP, 2012Diagnoza pedagogiczna:\u00a0zestawienie bibliograficzne. Ostro\u0142\u0119ka: BP, 2013Dojrza\u0142o\u015b\u0107 szkolna:\u00a0zestawienie bibliograficzne. Ostro\u0142\u0119ka: BP, 2007Dojrza\u0142o\u015b\u0107 szkolna:\u00a0zestawienie bibliograficzne. Ostro\u0142\u0119ka: BP, 2016Doradztwo zawodowe:\u00a0zestawienie bibliograficzne. Ostro\u0142\u0119ka: BP, 2019Dyrektor szko\u0142y:\u00a0zestawienia bibliograficzne. Ostro\u0142\u0119ka: BP, 2006Dyskalkulia:\u00a0zestawienie bibliograficzne. Ostro\u0142\u0119ka: BP, 2017Dyscyplina w szkole:\u00a0zestawienie bibliograficzne. Ostro\u0142\u0119ka: BP, 2010Dysleksja, dysgrafia,&hellip;<\/p>\n","category_list_v2":"","author_info_v2":{"name":"bWdyemVnb3Jjenlr","url":"https:\/\/bp.ostroleka.pl\/uk\/author\/bwdyemvnb3jjenlr\/"},"comments_num_v2":"0 \u043a\u043e\u043c\u0435\u043d\u0442\u0430\u0440\u0456\u0432","_links":{"self":[{"href":"https:\/\/bp.ostroleka.pl\/uk\/wp-json\/wp\/v2\/pages\/32333","targetHints":{"allow":["GET"]}}],"collection":[{"href":"https:\/\/bp.ostroleka.pl\/uk\/wp-json\/wp\/v2\/pages"}],"about":[{"href":"https:\/\/bp.ostroleka.pl\/uk\/wp-json\/wp\/v2\/types\/page"}],"author":[{"embeddable":true,"href":"https:\/\/bp.ostroleka.pl\/uk\/wp-json\/wp\/v2\/users\/10"}],"replies":[{"embeddable":true,"href":"https:\/\/bp.ostroleka.pl\/uk\/wp-json\/wp\/v2\/comments?post=32333"}],"version-history":[{"count":2,"href":"https:\/\/bp.ostroleka.pl\/uk\/wp-json\/wp\/v2\/pages\/32333\/revisions"}],"predecessor-version":[{"id":32804,"href":"https:\/\/bp.ostroleka.pl\/uk\/wp-json\/wp\/v2\/pages\/32333\/revisions\/32804"}],"wp:attachment":[{"href":"https:\/\/bp.ostroleka.pl\/uk\/wp-json\/wp\/v2\/media?parent=32333"}],"curies":[{"name":"wp","href":"https:\/\/api.w.org\/{rel}","templated":true}]}}