{"id":32024,"date":"2021-09-20T15:43:52","date_gmt":"2021-09-20T13:43:52","guid":{"rendered":"https:\/\/bp.ostroleka.pl\/deklaracja-dostepnosci\/"},"modified":"2022-10-31T19:37:22","modified_gmt":"2022-10-31T18:37:22","slug":"deklaracja-dostepnosci","status":"publish","type":"page","link":"https:\/\/bp.ostroleka.pl\/uk\/deklaracja-dostepnosci\/","title":{"rendered":"\u0414\u0435\u043a\u043b\u0430\u0440\u0430\u0446\u0456\u044f \u0434\u043e\u0441\u0442\u0443\u043f\u043d\u043e\u0441\u0442\u0456"},"content":{"rendered":"\n<p>Biblioteka Pedagogiczna w Ostro\u0142\u0119ce&nbsp;zobowi\u0105zuje si\u0119 zapewni\u0107 dost\u0119pno\u015b\u0107 swojej strony internetowej zgodnie z przepisami ustawy z dnia 4&nbsp;kwietnia 2019&nbsp;r. o&nbsp;dost\u0119pno\u015bci cyfrowej stron internetowych i&nbsp;aplikacji mobilnych podmiot\u00f3w publicznych. O\u015bwiadczenie w sprawie dost\u0119pno\u015bci ma zastosowanie do strony internetowej&nbsp;<a href=\"http:\/\/bp.ostroleka.pl\/%20id=\">http:\/\/bp.ostroleka.pl\/<\/a><\/p>\n\n\n\n<ul class=\"wp-block-list\"><li>Data publikacji strony internetowej:&nbsp;2021-xx-xx<\/li><li>Data ostatniej istotnej aktualizacji:&nbsp;2021-xx-xx<\/li><\/ul>\n\n\n\n<h2 class=\"wp-block-heading\"><strong>Status pod wzgl\u0119dem zgodno\u015bci z ustaw\u0105<\/strong><\/h2>\n\n\n\n<p>Strona internetowa jest&nbsp;<strong>cz\u0119\u015bciowo zgodna<\/strong>&nbsp;z&nbsp;ustaw\u0105 o&nbsp;dost\u0119pno\u015bci cyfrowej stron internetowych i&nbsp;aplikacji mobilnych podmiot\u00f3w publicznych z&nbsp;powodu niezgodno\u015bci lub wy\u0142\u0105cze\u0144 wymienionych poni\u017cej.<\/p>\n\n\n\n<h3 class=\"wp-block-heading\"><strong>Tre\u015bci niedost\u0119pne<\/strong><\/h3>\n\n\n\n<ul class=\"wp-block-list\"><li>cz\u0119\u015b\u0107 dokument\u00f3w PDF nie jest poprawnie odczytywana przez programy dla os\u00f3b niewidz\u0105cych (np. nieprawid\u0142owo przygotowane tabele, wykresy, obrazki, brak sekcji nawigacyjnych, tytu\u0142u itp.) lub s\u0105 to skany dokument\u00f3w,<\/li><li>cz\u0119\u015b\u0107 film\u00f3w zamieszczonych w serwisie mo\u017ce nie posiada\u0107 napis\u00f3w lub audiodeskrypcji, z uwagi na fakt, \u017ce zosta\u0142y opublikowane przed wej\u015bciem w \u017cycie ustawy o dost\u0119pno\u015bci cyfrowej,<\/li><\/ul>\n\n\n\n<h3 class=\"wp-block-heading\"><strong>Przygotowanie deklaracji w sprawie dost\u0119pno\u015bci<\/strong><\/h3>\n\n\n\n<p>Deklaracj\u0119 sporz\u0105dzono dnia:<\/p>\n\n\n\n<p>2021-xx-xx<\/p>\n\n\n\n<p>Deklaracj\u0119 sporz\u0105dzono na podstawie samooceny.<\/p>\n\n\n\n<h3 class=\"wp-block-heading\"><strong>Informacje zwrotne i dane kontaktowe<\/strong><\/h3>\n\n\n\n<p>W przypadku problem\u00f3w z dost\u0119pno\u015bci\u0105 strony internetowej prosimy o kontakt. Osob\u0105 odpowiedzialn\u0105 jest&nbsp;\u2026.<\/p>\n\n\n\n<p>T\u0105 sam\u0105 drog\u0105 mo\u017cna sk\u0142ada\u0107 wnioski o udost\u0119pnienie informacji niedost\u0119pnej oraz sk\u0142ada\u0107 skargi na brak zapewnienia dost\u0119pno\u015bci.<\/p>\n\n\n\n<p>Ka\u017cdy ma prawo do wyst\u0105pienia z \u017c\u0105daniem zapewnienia dost\u0119pno\u015bci cyfrowej strony internetowej, aplikacji mobilnej lub jakiego\u015b ich elementu. Mo\u017cna tak\u017ce za\u017c\u0105da\u0107 udost\u0119pnienia informacji w formach alternatywnych, na przyk\u0142ad odczytanie niedost\u0119pnego cyfrowo dokumentu, opisania zawarto\u015bci filmu bez audiodeskrypcji itp. \u017b\u0105danie powinno zawiera\u0107 dane osoby zg\u0142aszaj\u0105cej \u017c\u0105danie, wskazanie, o kt\u00f3r\u0105 stron\u0119 internetow\u0105 lub aplikacj\u0119 mobiln\u0105 chodzi oraz spos\u00f3b kontaktu. Je\u017celi osoba \u017c\u0105daj\u0105ca zg\u0142asza potrzeb\u0119 otrzymania informacji w formie alternatywnej, powinna tak\u017ce okre\u015bli\u0107 form\u0119 tej informacji.<\/p>\n\n\n\n<p>Podmiot publiczny powinien zrealizowa\u0107 \u017c\u0105danie niezw\u0142ocznie i nie p\u00f3\u017aniej, ni\u017c w ci\u0105gu 7 dni. Je\u017celi dotrzymanie tego terminu nie jest mo\u017cliwe, podmiot publiczny niezw\u0142ocznie informuje o tym, kiedy realizacja \u017c\u0105dania b\u0119dzie mo\u017cliwa, przy czym termin ten nie mo\u017ce by\u0107 d\u0142u\u017cszy ni\u017c 2 miesi\u0105ce. Je\u017celi zapewnienie dost\u0119pno\u015bci nie jest mo\u017cliwe, podmiot publiczny mo\u017ce zaproponowa\u0107 alternatywny spos\u00f3b dost\u0119pu do informacji.<\/p>\n\n\n\n<p>W przypadku, gdy podmiot odm\u00f3wi realizacji \u017c\u0105dania zapewnienia dost\u0119pno\u015bci lub alternatywnego dost\u0119pu do informacji, mo\u017cna z\u0142o\u017cy\u0107 skarg\u0119 na takie dzia\u0142anie.<\/p>\n\n\n\n<p>Po wyczerpaniu wszystkich mo\u017cliwo\u015bci skarg\u0119 mo\u017cna przes\u0142a\u0107 tak\u017ce do&nbsp;<a href=\"https:\/\/www.rpo.gov.pl\/content\/jak-zglosic-sie-do-rzecznika-praw-obywatelskich\" target=\"_blank\" rel=\"noopener\">Rzecznika Praw Obywatelskich<\/a>.<\/p>\n\n\n\n<h2 class=\"wp-block-heading\"><strong>Dost\u0119pno\u015b\u0107 architektoniczna<\/strong><\/h2>\n\n\n\n<p><strong>Biblioteka Pedagogiczna, ul. Pi\u0142sudskiego 38, 07-410 Ostro\u0142\u0119ka&nbsp;<\/strong><\/p>\n\n\n\n<ol class=\"wp-block-list\" type=\"1\"><li>Do budynku prowadz\u0105 trzy wej\u015bcia. Dwa od ulicy Pi\u0142sudskiego, oraz podjazd z ty\u0142u budynku. Wej\u015bcie g\u0142\u00f3wne dysponuje wind\u0105 z mo\u017cliwo\u015bci\u0105 wej\u015bcia do budynku os\u00f3b niepe\u0142nosprawnych. W budynku funkcjonuje obszar kontroli.<\/li><li>Dla os\u00f3b na w\u00f3zkach dost\u0119pne s\u0105 korytarze na parterze oraz I pi\u0119trze. W budynku jest jedna winda. Winda nie posiada wszystkich rozwi\u0105za\u0144 s\u0142u\u017c\u0105cych osobom niepe\u0142nosprawnym (np. nak\u0142adki i oznaczenia dla os\u00f3b niewidomych).<\/li><li>Toaleta dla os\u00f3b niepe\u0142nosprawnych znajduje si\u0119 na parterze budynku.<\/li><li>W budynku nie ma oznacze\u0144 w alfabecie Braille\u2019a ani oznacze\u0144 kontrastowych lub w druku powi\u0119kszonym dla os\u00f3b niewidomych i s\u0142abowidz\u0105cych.<\/li><li>Na parterze budynku znajduje si\u0119 tablica informuj\u0105ca o rozk\u0142adzie pomieszcze\u0144 brak jest rozk\u0142adu pomieszcze\u0144 budynku w formie wizualnej, informacja taka zapewniona jest w spos\u00f3b g\u0142osowy.<\/li><li>Nie zastosowano urz\u0105dze\u0144 i innych \u015brodk\u00f3w technicznych do obs\u0142ugi os\u00f3b s\u0142abos\u0142ysz\u0105cych.<\/li><li>Zapewniony jest wst\u0119p do budynku osobie korzystaj\u0105cej z psa asystuj\u0105cego lub psa przewodnika.<\/li><li>Przed budynkiem wyznaczono 2 miejsca parkingowe dla os\u00f3b niepe\u0142nosprawnych.<\/li><li>Na chwil\u0119 obecn\u0105 w budynku nie ma mo\u017cliwo\u015bci skorzystania z t\u0142umacza polskiego j\u0119zyka migowego. Osoby do\u015bwiadczaj\u0105ce trwale lub okresowo trudno\u015bci w komunikowaniu si\u0119, maj\u0105 mo\u017cliwo\u015b\u0107:<ul><li>przes\u0142ania korespondencji pisemnej kierowanej na adres: Biblioteka Pedagogiczna w Ostro\u0142\u0119ce, ul. Pi\u0142sudskiego 38, 07-410 Ostro\u0142\u0119ka,<\/li><li>korzystania z poczty elektronicznej \u2013 e-mail: <a href=\"mailto:bp@bp.ostroleka.pl\">bp@bp.ostroleka.pl<\/a>,<\/li><li>korzystania z platformy e-PUAP.<\/li><\/ul><\/li><\/ol>\n","protected":false},"excerpt":{"rendered":"<p>Biblioteka Pedagogiczna w Ostro\u0142\u0119ce&nbsp;zobowi\u0105zuje si\u0119 zapewni\u0107 dost\u0119pno\u015b\u0107 swojej strony internetowej zgodnie z przepisami ustawy z dnia 4&nbsp;kwietnia 2019&nbsp;r. o&nbsp;dost\u0119pno\u015bci cyfrowej [&hellip;]<\/p>\n","protected":false},"author":12,"featured_media":0,"parent":0,"menu_order":0,"comment_status":"closed","ping_status":"closed","template":"","meta":{"_acf_changed":false,"_oasis_is_in_workflow":0,"_oasis_original":0,"inline_featured_image":false,"site-sidebar-layout":"default","site-content-layout":"default","ast-site-content-layout":"default","site-content-style":"default","site-sidebar-style":"default","ast-global-header-display":"","ast-banner-title-visibility":"","ast-main-header-display":"","ast-hfb-above-header-display":"","ast-hfb-below-header-display":"","ast-hfb-mobile-header-display":"","site-post-title":"","ast-breadcrumbs-content":"","ast-featured-img":"","footer-sml-layout":"","ast-disable-related-posts":"","theme-transparent-header-meta":"default","adv-header-id-meta":"","stick-header-meta":"","header-above-stick-meta":"","header-main-stick-meta":"","header-below-stick-meta":"","astra-migrate-meta-layouts":"default","ast-page-background-enabled":"default","ast-page-background-meta":{"desktop":{"background-color":"","background-image":"","background-repeat":"repeat","background-position":"center center","background-size":"auto","background-attachment":"scroll","background-type":"","background-media":"","overlay-type":"","overlay-color":"","overlay-opacity":"","overlay-gradient":""},"tablet":{"background-color":"","background-image":"","background-repeat":"repeat","background-position":"center center","background-size":"auto","background-attachment":"scroll","background-type":"","background-media":"","overlay-type":"","overlay-color":"","overlay-opacity":"","overlay-gradient":""},"mobile":{"background-color":"","background-image":"","background-repeat":"repeat","background-position":"center center","background-size":"auto","background-attachment":"scroll","background-type":"","background-media":"","overlay-type":"","overlay-color":"","overlay-opacity":"","overlay-gradient":""}},"ast-content-background-meta":{"desktop":{"background-color":"var(--ast-global-color-5)","background-image":"","background-repeat":"repeat","background-position":"center center","background-size":"auto","background-attachment":"scroll","background-type":"","background-media":"","overlay-type":"","overlay-color":"","overlay-opacity":"","overlay-gradient":""},"tablet":{"background-color":"var(--ast-global-color-5)","background-image":"","background-repeat":"repeat","background-position":"center center","background-size":"auto","background-attachment":"scroll","background-type":"","background-media":"","overlay-type":"","overlay-color":"","overlay-opacity":"","overlay-gradient":""},"mobile":{"background-color":"var(--ast-global-color-5)","background-image":"","background-repeat":"repeat","background-position":"center center","background-size":"auto","background-attachment":"scroll","background-type":"","background-media":"","overlay-type":"","overlay-color":"","overlay-opacity":"","overlay-gradient":""}},"_themeisle_gutenberg_block_has_review":false,"footnotes":""},"class_list":["post-32024","page","type-page","status-publish","hentry"],"acf":[],"featured_image_urls_v2":{"full":"","thumbnail":"","medium":"","medium_large":"","large":"","1536x1536":"","2048x2048":"","menu-24x24":"","menu-36x36":"","menu-48x48":"","mailpoet_newsletter_max":""},"post_excerpt_stackable_v2":"<p>Biblioteka Pedagogiczna w Ostro\u0142\u0119ce&nbsp;zobowi\u0105zuje si\u0119 zapewni\u0107 dost\u0119pno\u015b\u0107 swojej strony internetowej zgodnie z przepisami ustawy z dnia 4&nbsp;kwietnia 2019&nbsp;r. o&nbsp;dost\u0119pno\u015bci cyfrowej stron internetowych i&nbsp;aplikacji mobilnych podmiot\u00f3w publicznych. O\u015bwiadczenie w sprawie dost\u0119pno\u015bci ma zastosowanie do strony internetowej&nbsp;http:\/\/bp.ostroleka.pl\/ Data publikacji strony internetowej:&nbsp;2021-xx-xxData ostatniej istotnej aktualizacji:&nbsp;2021-xx-xx Status pod wzgl\u0119dem zgodno\u015bci z ustaw\u0105 Strona internetowa jest&nbsp;cz\u0119\u015bciowo zgodna&nbsp;z&nbsp;ustaw\u0105 o&nbsp;dost\u0119pno\u015bci cyfrowej stron internetowych i&nbsp;aplikacji mobilnych podmiot\u00f3w publicznych z&nbsp;powodu niezgodno\u015bci lub wy\u0142\u0105cze\u0144 wymienionych poni\u017cej. Tre\u015bci niedost\u0119pne cz\u0119\u015b\u0107 dokument\u00f3w PDF nie jest poprawnie odczytywana przez programy dla os\u00f3b niewidz\u0105cych (np. nieprawid\u0142owo przygotowane tabele, wykresy, obrazki, brak sekcji nawigacyjnych, tytu\u0142u itp.) lub s\u0105 to skany dokument\u00f3w,cz\u0119\u015b\u0107 film\u00f3w zamieszczonych w serwisie&hellip;<\/p>\n","category_list_v2":"","author_info_v2":{"name":"ktadaszak","url":"https:\/\/bp.ostroleka.pl\/uk\/author\/ktadaszak\/"},"comments_num_v2":"0 \u043a\u043e\u043c\u0435\u043d\u0442\u0430\u0440\u0456\u0432","_links":{"self":[{"href":"https:\/\/bp.ostroleka.pl\/uk\/wp-json\/wp\/v2\/pages\/32024","targetHints":{"allow":["GET"]}}],"collection":[{"href":"https:\/\/bp.ostroleka.pl\/uk\/wp-json\/wp\/v2\/pages"}],"about":[{"href":"https:\/\/bp.ostroleka.pl\/uk\/wp-json\/wp\/v2\/types\/page"}],"author":[{"embeddable":true,"href":"https:\/\/bp.ostroleka.pl\/uk\/wp-json\/wp\/v2\/users\/12"}],"replies":[{"embeddable":true,"href":"https:\/\/bp.ostroleka.pl\/uk\/wp-json\/wp\/v2\/comments?post=32024"}],"version-history":[{"count":1,"href":"https:\/\/bp.ostroleka.pl\/uk\/wp-json\/wp\/v2\/pages\/32024\/revisions"}],"predecessor-version":[{"id":32879,"href":"https:\/\/bp.ostroleka.pl\/uk\/wp-json\/wp\/v2\/pages\/32024\/revisions\/32879"}],"wp:attachment":[{"href":"https:\/\/bp.ostroleka.pl\/uk\/wp-json\/wp\/v2\/media?parent=32024"}],"curies":[{"name":"wp","href":"https:\/\/api.w.org\/{rel}","templated":true}]}}