{"id":25408,"date":"2022-06-03T10:17:12","date_gmt":"2022-06-03T08:17:12","guid":{"rendered":"https:\/\/bp.ostroleka.pl\/mapa-strony\/"},"modified":"2022-06-03T11:16:52","modified_gmt":"2022-06-03T09:16:52","slug":"mapa-strony","status":"publish","type":"page","link":"https:\/\/bp.ostroleka.pl\/ru\/mapa-strony\/","title":{"rendered":"\u041a\u0430\u0440\u0442\u0430 \u0441\u0430\u0439\u0442\u0430"},"content":{"rendered":"<ul class=\"wp-block-page-list\"><li class=\"wp-block-pages-list__item\"><a class=\"wp-block-pages-list__item__link\" href=\"https:\/\/bp.ostroleka.pl\/ru\/bibliografie\/\">Bibliografie osobowe<\/a><\/li><li class=\"wp-block-pages-list__item\"><a class=\"wp-block-pages-list__item__link\" href=\"https:\/\/bp.ostroleka.pl\/ru\/bibliotekarstwo-czytelnictwo\/\">Bibliotekarstwo. Czytelnictwo.<\/a><\/li><li class=\"wp-block-pages-list__item\"><a class=\"wp-block-pages-list__item__link\" href=\"https:\/\/bp.ostroleka.pl\/ru\/biuletyn-zbiorow-multimedialnych\/\">Biuletyn zbior\u00f3w multimedialnych<\/a><\/li><li class=\"wp-block-pages-list__item\"><a class=\"wp-block-pages-list__item__link\" href=\"https:\/\/bp.ostroleka.pl\/ru\/dzialy\/\">Dzia\u0142y<\/a><\/li><li class=\"wp-block-pages-list__item\"><a class=\"wp-block-pages-list__item__link\" href=\"https:\/\/bp.ostroleka.pl\/ru\/filie\/\">Filie<\/a><\/li><li class=\"wp-block-pages-list__item\"><a class=\"wp-block-pages-list__item__link\" href=\"https:\/\/bp.ostroleka.pl\/ru\/rodo\/\">GDPR<\/a><\/li><li class=\"wp-block-pages-list__item\"><a class=\"wp-block-pages-list__item__link\" href=\"https:\/\/bp.ostroleka.pl\/ru\/kalendarium\/\">Kalendarium<\/a><\/li><li class=\"wp-block-pages-list__item\"><a class=\"wp-block-pages-list__item__link\" href=\"https:\/\/bp.ostroleka.pl\/ru\/koncepcja-pracy-biblioteki-pedagogicznej-w-ostrolece\/\">Koncepcja pracy Biblioteki Pedagogicznej w Ostro\u0142\u0119ce<\/a><\/li><li class=\"wp-block-pages-list__item\"><a class=\"wp-block-pages-list__item__link\" href=\"https:\/\/bp.ostroleka.pl\/ru\/ksztaltowanie-myslenia-analitycznego\/\">Kszta\u0142towanie my\u015blenia analitycznego<\/a><\/li><li class=\"wp-block-pages-list__item\"><a class=\"wp-block-pages-list__item__link\" href=\"https:\/\/bp.ostroleka.pl\/ru\/literatura-pedagogiczna\/\">Literatura pedagogiczna<\/a><\/li><li class=\"wp-block-pages-list__item\"><a class=\"wp-block-pages-list__item__link\" href=\"https:\/\/bp.ostroleka.pl\/ru\/literatura-piekna\/\">Literatura pi\u0119kna<\/a><\/li><li class=\"wp-block-pages-list__item\"><a class=\"wp-block-pages-list__item__link\" href=\"https:\/\/bp.ostroleka.pl\/ru\/literatura-popularnonaukowa\/\">Literatura popularnonaukowa<\/a><\/li><li class=\"wp-block-pages-list__item\"><a class=\"wp-block-pages-list__item__link\" href=\"https:\/\/bp.ostroleka.pl\/ru\/literatura-psychologiczno-spoleczna\/\">Literatura psychologiczno &#8212; spo\u0142eczna<\/a><\/li><li class=\"wp-block-pages-list__item\"><a class=\"wp-block-pages-list__item__link\" href=\"https:\/\/bp.ostroleka.pl\/ru\/metodyka-nauczania-poszczegolnych-przedmiotow-nauczania\/\">Metodyka nauczania poszczeg\u00f3lnych przedmiot\u00f3w nauczania<\/a><\/li><li class=\"wp-block-pages-list__item\"><a class=\"wp-block-pages-list__item__link\" href=\"https:\/\/bp.ostroleka.pl\/ru\/rodo-klauzula-informacyjna-o-przetwarzaniu-danych-osobowych\/\">OCHRONA DANYCH OSOBOWYCH<\/a><\/li><li class=\"wp-block-pages-list__item\"><a class=\"wp-block-pages-list__item__link\" href=\"https:\/\/bp.ostroleka.pl\/ru\/ochrona-danych-osobowych-w-bibliotece-pedagogicznej-w-ostrolece\/\">Ochrona danych osobowych w Bibliotece Pedagogicznej w Ostro\u0142\u0119ce<\/a><\/li><li class=\"wp-block-pages-list__item\"><a class=\"wp-block-pages-list__item__link\" href=\"https:\/\/bp.ostroleka.pl\/ru\/ogloszenia\/\">Og\u0142oszenia<\/a><\/li><li class=\"wp-block-pages-list__item\"><a class=\"wp-block-pages-list__item__link\" href=\"https:\/\/bp.ostroleka.pl\/ru\/patologia\/\">Patologia spoleczna. Agresywno\u015b\u0107. Uzale\u017cnienia. Przemoc<\/a><\/li><li class=\"wp-block-pages-list__item\"><a class=\"wp-block-pages-list__item__link\" href=\"https:\/\/bp.ostroleka.pl\/ru\/pedagogika-szkolnictwo-oswiata-wychowanie\/\">Pedagogika. Szkolnictwo. O\u015bwiata. Wychowanie.<\/a><\/li><li class=\"wp-block-pages-list__item\"><a class=\"wp-block-pages-list__item__link\" href=\"https:\/\/bp.ostroleka.pl\/ru\/pisali-o-nas\/\">Pisali o nas<\/a><\/li><li class=\"wp-block-pages-list__item\"><a class=\"wp-block-pages-list__item__link\" href=\"https:\/\/bp.ostroleka.pl\/ru\/profilaktyka-przemocy-rowiesniczej\/\">Profilaktyka przemocy r\u00f3wie\u015bniczej<\/a><\/li><li class=\"wp-block-pages-list__item\"><a class=\"wp-block-pages-list__item__link\" href=\"https:\/\/bp.ostroleka.pl\/ru\/promocja-ksztalcenia-zawodowego\/\">Promocja kszta\u0142cenia zawodowego<\/a><\/li><li class=\"wp-block-pages-list__item\"><a class=\"wp-block-pages-list__item__link\" href=\"https:\/\/bp.ostroleka.pl\/ru\/promocja-zdrowego-trybu-zycia-w-szkole\/\">Promocja zdrowego trybu \u017cycia w szkole<\/a><\/li><li class=\"wp-block-pages-list__item\"><a class=\"wp-block-pages-list__item__link\" href=\"https:\/\/bp.ostroleka.pl\/ru\/promowanie-higieny-cyfrowej\/\">Promowanie higieny cyfrowej<\/a><\/li><li class=\"wp-block-pages-list__item\"><a class=\"wp-block-pages-list__item__link\" href=\"https:\/\/bp.ostroleka.pl\/ru\/psychologia\/\">Psychologia<\/a><\/li><li class=\"wp-block-pages-list__item\"><a class=\"wp-block-pages-list__item__link\" href=\"https:\/\/bp.ostroleka.pl\/ru\/regionalizm\/\">Regionalizm<\/a><\/li><li class=\"wp-block-pages-list__item\"><a class=\"wp-block-pages-list__item__link\" href=\"https:\/\/bp.ostroleka.pl\/ru\/serwis-prasowy\/\">Serwis Prasowy<\/a><\/li><li class=\"wp-block-pages-list__item\"><a class=\"wp-block-pages-list__item__link\" href=\"https:\/\/bp.ostroleka.pl\/ru\/socjologia\/\">Socjologia<\/a><\/li><li class=\"wp-block-pages-list__item\"><a class=\"wp-block-pages-list__item__link\" href=\"https:\/\/bp.ostroleka.pl\/ru\/szkola-miejscem-edukacji-obywatelskiej\/\">Szko\u0142a miejscem edukacji obywatelskiej<\/a><\/li><li class=\"wp-block-pages-list__item\"><a class=\"wp-block-pages-list__item__link\" href=\"https:\/\/bp.ostroleka.pl\/ru\/tematyczne\/\">Tematyczne zestawienia zbior\u00f3w specjalnych<\/a><\/li><li class=\"wp-block-pages-list__item\"><a class=\"wp-block-pages-list__item__link\" href=\"https:\/\/bp.ostroleka.pl\/ru\/wspomnienia\/\">Wspomnienia<\/a><\/li><li class=\"wp-block-pages-list__item\"><a class=\"wp-block-pages-list__item__link\" href=\"https:\/\/bp.ostroleka.pl\/ru\/wydarzenia\/\">Wydarzenia<\/a><\/li><li class=\"wp-block-pages-list__item\"><a class=\"wp-block-pages-list__item__link\" href=\"https:\/\/bp.ostroleka.pl\/ru\/zbiory\/\">Zbiory<\/a><\/li><li class=\"wp-block-pages-list__item\"><a class=\"wp-block-pages-list__item__link\" href=\"https:\/\/bp.ostroleka.pl\/ru\/zgloszenie-potwierdzone\/\">Zg\u0142oszenie potwierdzone<\/a><\/li><li class=\"wp-block-pages-list__item\"><a class=\"wp-block-pages-list__item__link\" href=\"https:\/\/bp.ostroleka.pl\/ru\/log-in\/\">\u0430\u0432\u0442\u043e\u0440\u0438\u0437\u043e\u0432\u0430\u0442\u044c\u0441\u044f<\/a><\/li><li class=\"wp-block-pages-list__item\"><a class=\"wp-block-pages-list__item__link\" href=\"https:\/\/bp.ostroleka.pl\/ru\/deklaracja-dostepnosci\/\">\u0414\u0435\u043a\u043b\u0430\u0440\u0430\u0446\u0438\u044f \u043e \u0434\u043e\u0441\u0442\u0443\u043f\u043d\u043e\u0441\u0442\u0438<\/a><\/li><li class=\"wp-block-pages-list__item\"><a class=\"wp-block-pages-list__item__link\" href=\"https:\/\/bp.ostroleka.pl\/ru\/strona-glowna-2\/\">\u0414\u043e\u043c<\/a><\/li><li class=\"wp-block-pages-list__item menu-item-home\"><a class=\"wp-block-pages-list__item__link\" href=\"https:\/\/bp.ostroleka.pl\/ru\/\">\u0414\u043e\u043c\u043e\u0439<\/a><\/li><li class=\"wp-block-pages-list__item\"><a class=\"wp-block-pages-list__item__link\" href=\"https:\/\/bp.ostroleka.pl\/ru\/inne\/\">\u0414\u0440\u0443\u0433\u043e\u0439<\/a><\/li><li class=\"wp-block-pages-list__item\"><a class=\"wp-block-pages-list__item__link\" href=\"https:\/\/bp.ostroleka.pl\/ru\/mapa-strony\/\">\u041a\u0430\u0440\u0442\u0430 \u0441\u0430\u0439\u0442\u0430<\/a><\/li><li class=\"wp-block-pages-list__item\"><a class=\"wp-block-pages-list__item__link\" href=\"https:\/\/bp.ostroleka.pl\/ru\/kontakt\/\">\u043a\u043e\u043d\u0442\u0430\u043a\u0442<\/a><\/li><li class=\"wp-block-pages-list__item\"><a class=\"wp-block-pages-list__item__link\" href=\"https:\/\/bp.ostroleka.pl\/ru\/moje-wiadomosci\/\">\u041c\u043e\u0438 \u0441\u043e\u043e\u0431\u0449\u0435\u043d\u0438\u044f<\/a><\/li><li class=\"wp-block-pages-list__item\"><a class=\"wp-block-pages-list__item__link\" href=\"https:\/\/bp.ostroleka.pl\/ru\/aktualnosci\/\">\u041d\u043e\u0432\u043e\u0441\u0442\u0438<\/a><\/li><li class=\"wp-block-pages-list__item\"><a class=\"wp-block-pages-list__item__link\" href=\"https:\/\/bp.ostroleka.pl\/ru\/regulaminy\/\">\u041d\u043e\u0440\u043c\u0430\u0442\u0438\u0432\u043d\u044b\u0435 \u0434\u043e\u043a\u0443\u043c\u0435\u043d\u0442\u044b<\/a><\/li><li class=\"wp-block-pages-list__item\"><a class=\"wp-block-pages-list__item__link\" href=\"https:\/\/bp.ostroleka.pl\/ru\/polityka-prywatnosci\/\">\u043f\u043e\u043b\u0438\u0442\u0438\u043a\u0430 \u043a\u043e\u043d\u0444\u0438\u0434\u0435\u043d\u0446\u0438\u0430\u043b\u044c\u043d\u043e\u0441\u0442\u0438<\/a><\/li><li class=\"wp-block-pages-list__item\"><a class=\"wp-block-pages-list__item__link\" href=\"https:\/\/bp.ostroleka.pl\/ru\/propozycja-zakupu\/\">\u041f\u0440\u0435\u0434\u043b\u043e\u0436\u0435\u043d\u0438\u0435 \u043e \u043f\u043e\u043a\u0443\u043f\u043a\u0435<\/a><\/li><li class=\"wp-block-pages-list__item\"><a class=\"wp-block-pages-list__item__link\" href=\"https:\/\/bp.ostroleka.pl\/ru\/sprawdz\/\">\u041f\u0440\u043e\u0432\u0435\u0440\u044f\u0442\u044c<\/a><\/li><li class=\"wp-block-pages-list__item\"><a class=\"wp-block-pages-list__item__link\" href=\"https:\/\/bp.ostroleka.pl\/ru\/przegladanie-zgloszen\/\">\u041f\u0440\u043e\u0441\u043c\u043e\u0442\u0440 \u043e\u0442\u0447\u0435\u0442\u043e\u0432<\/a><\/li><li class=\"wp-block-pages-list__item has-child\"><a class=\"wp-block-pages-list__item__link\" href=\"https:\/\/bp.ostroleka.pl\/ru\/profil-uzytkownika\/\">\u041f\u0440\u043e\u0444\u0438\u043b\u044c \u043f\u043e\u043b\u044c\u0437\u043e\u0432\u0430\u0442\u0435\u043b\u044f<\/a><ul class=\"wp-block-navigation__submenu-container\"><li class=\"wp-block-pages-list__item \"><a class=\"wp-block-pages-list__item__link\" href=\"https:\/\/bp.ostroleka.pl\/ru\/profil-uzytkownika\/moje-wideokonferencje\/\">\u041c\u043e\u0438 \u0432\u0438\u0434\u0435\u043e\u043a\u043e\u043d\u0444\u0435\u0440\u0435\u043d\u0446\u0438\u0438<\/a><\/li><li class=\"wp-block-pages-list__item \"><a class=\"wp-block-pages-list__item__link\" href=\"https:\/\/bp.ostroleka.pl\/ru\/profil-uzytkownika\/moje-wystawy\/\">\u041c\u043e\u0438 \u0432\u044b\u0441\u0442\u0430\u0432\u043a\u0438<\/a><\/li><li class=\"wp-block-pages-list__item \"><a class=\"wp-block-pages-list__item__link\" href=\"https:\/\/bp.ostroleka.pl\/ru\/profil-uzytkownika\/moje-skargi-i-wnioski\/\">\u041c\u043e\u0438 \u0436\u0430\u043b\u043e\u0431\u044b \u0438 \u043f\u0440\u043e\u0441\u044c\u0431\u044b<\/a><\/li><li class=\"wp-block-pages-list__item \"><a class=\"wp-block-pages-list__item__link\" href=\"https:\/\/bp.ostroleka.pl\/ru\/profil-uzytkownika\/moje-zapytania\/\">\u041c\u043e\u0438 \u0437\u0430\u043f\u0440\u043e\u0441\u044b<\/a><\/li><li class=\"wp-block-pages-list__item \"><a class=\"wp-block-pages-list__item__link\" href=\"https:\/\/bp.ostroleka.pl\/ru\/profil-uzytkownika\/konto-uzytkownika\/\">\u041c\u043e\u0438 \u043a\u0443\u0440\u0441\u044b<\/a><\/li><li class=\"wp-block-pages-list__item \"><a class=\"wp-block-pages-list__item__link\" href=\"https:\/\/bp.ostroleka.pl\/ru\/profil-uzytkownika\/%d0%bc%d0%be%d0%b8-%d0%ba%d1%83%d1%80%d1%81%d1%8b\/\">\u041c\u043e\u0438 \u043a\u0443\u0440\u0441\u044b<\/a><\/li><li class=\"wp-block-pages-list__item \"><a class=\"wp-block-pages-list__item__link\" href=\"https:\/\/bp.ostroleka.pl\/ru\/profil-uzytkownika\/%d0%bc%d0%be%d0%b8-%d0%be%d1%88%d0%b8%d0%b1%d0%ba%d0%b8\/\">\u041c\u043e\u0438 \u043e\u0448\u0438\u0431\u043a\u0438<\/a><\/li><li class=\"wp-block-pages-list__item \"><a class=\"wp-block-pages-list__item__link\" href=\"https:\/\/bp.ostroleka.pl\/ru\/profil-uzytkownika\/moje-praktyki\/\">\u041c\u043e\u0438 \u043f\u0440\u0430\u043a\u0442\u0438\u043a\u0438<\/a><\/li><li class=\"wp-block-pages-list__item \"><a class=\"wp-block-pages-list__item__link\" href=\"https:\/\/bp.ostroleka.pl\/ru\/profil-uzytkownika\/moje-propozycje-zakupu\/\">\u041c\u043e\u0438 \u043f\u0440\u0435\u0434\u043b\u043e\u0436\u0435\u043d\u0438\u044f \u043f\u043e \u043f\u043e\u043a\u0443\u043f\u043a\u0435<\/a><\/li><li class=\"wp-block-pages-list__item \"><a class=\"wp-block-pages-list__item__link\" href=\"https:\/\/bp.ostroleka.pl\/ru\/profil-uzytkownika\/moje-skany\/\">\u041c\u043e\u0438 \u0441\u043a\u0430\u043d\u044b<\/a><\/li><li class=\"wp-block-pages-list__item \"><a class=\"wp-block-pages-list__item__link\" href=\"https:\/\/bp.ostroleka.pl\/ru\/profil-uzytkownika\/moje-wydarzenia\/\">\u041c\u043e\u0438 \u0441\u043e\u0431\u044b\u0442\u0438\u044f<\/a><\/li><li class=\"wp-block-pages-list__item \"><a class=\"wp-block-pages-list__item__link\" href=\"https:\/\/bp.ostroleka.pl\/ru\/profil-uzytkownika\/%d0%bc%d0%be%d0%b8-%d1%81%d0%be%d0%b3%d0%bb%d0%b0%d1%81%d0%b8%d1%8f\/\">\u041c\u043e\u0438 \u0441\u043e\u0433\u043b\u0430\u0441\u0438\u044f<\/a><\/li><li class=\"wp-block-pages-list__item \"><a class=\"wp-block-pages-list__item__link\" href=\"https:\/\/bp.ostroleka.pl\/ru\/profil-uzytkownika\/%d0%bc%d0%be%d0%b8-%d1%81%d0%be%d0%be%d0%b1%d1%89%d0%b5%d0%bd%d0%b8%d1%8f\/\">\u041c\u043e\u0438 \u0441\u043e\u043e\u0431\u0449\u0435\u043d\u0438\u044f<\/a><\/li><li class=\"wp-block-pages-list__item \"><a class=\"wp-block-pages-list__item__link\" href=\"https:\/\/bp.ostroleka.pl\/ru\/profil-uzytkownika\/moje-zestawienia\/\">\u041c\u043e\u0438 \u0441\u043f\u0438\u0441\u043a\u0438 \u0431\u0438\u0431\u043b\u0438\u043e\u0442\u0435\u043a<\/a><\/li><li class=\"wp-block-pages-list__item \"><a class=\"wp-block-pages-list__item__link\" href=\"https:\/\/bp.ostroleka.pl\/ru\/profil-uzytkownika\/moje-artykuly\/\">\u041c\u043e\u0438 \u0441\u0442\u0430\u0442\u044c\u0438<\/a><\/li><li class=\"wp-block-pages-list__item \"><a class=\"wp-block-pages-list__item__link\" href=\"https:\/\/bp.ostroleka.pl\/ru\/profil-uzytkownika\/moje-lekcje-biblioteczne\/\">\u041c\u043e\u0438 \u0443\u0440\u043e\u043a\u0438 \u0432 \u0431\u0438\u0431\u043b\u0438\u043e\u0442\u0435\u043a\u0435<\/a><\/li><li class=\"wp-block-pages-list__item has-child \"><a class=\"wp-block-pages-list__item__link\" href=\"https:\/\/bp.ostroleka.pl\/ru\/profil-uzytkownika\/moj-profil\/\">\u041c\u043e\u0439 \u043f\u0440\u043e\u0444\u0430\u0439\u043b<\/a><ul class=\"wp-block-navigation__submenu-container\"><li class=\"wp-block-pages-list__item \"><a class=\"wp-block-pages-list__item__link\" href=\"https:\/\/bp.ostroleka.pl\/ru\/profil-uzytkownika\/moj-profil\/edytuj-profil\/\">\u0420\u0435\u0434\u0430\u043a\u0442\u0438\u0440\u043e\u0432\u0430\u0442\u044c \u043f\u0440\u043e\u0444\u0438\u043b\u044c<\/a><\/li><\/ul><\/li><\/ul><\/li><li class=\"wp-block-pages-list__item\"><a class=\"wp-block-pages-list__item__link\" href=\"https:\/\/bp.ostroleka.pl\/ru\/procedura-covid-19\/\">\u043f\u0440\u043e\u0446\u0435\u0434\u0443\u0440\u0430 COVID-19<\/a><\/li><li class=\"wp-block-pages-list__item\"><a class=\"wp-block-pages-list__item__link\" href=\"https:\/\/bp.ostroleka.pl\/ru\/register\/\">\u0440\u0435\u0433\u0438\u0441\u0442\u0440<\/a><\/li><li class=\"wp-block-pages-list__item\"><a class=\"wp-block-pages-list__item__link\" href=\"https:\/\/bp.ostroleka.pl\/ru\/%d1%80%d0%b5%d0%b3%d0%bb%d0%b0%d0%bc%d0%b5%d0%bd%d1%82-%d1%80%d0%be%d0%b7%d1%81%d0%b8%d0%bb%d0%ba%d0%b8\/\">\u0420\u0435\u0433\u043b\u0430\u043c\u0435\u043d\u0442 \u0440\u043e\u0437\u0441\u0438\u043b\u043a\u0438<\/a><\/li><li class=\"wp-block-pages-list__item\"><a class=\"wp-block-pages-list__item__link\" href=\"https:\/\/bp.ostroleka.pl\/ru\/uslugi\/\">\u0423\u0441\u043b\u0443\u0433\u0438<\/a><\/li><\/ul>","protected":false},"excerpt":{"rendered":"","protected":false},"author":415,"featured_media":0,"parent":0,"menu_order":0,"comment_status":"closed","ping_status":"closed","template":"","meta":{"_acf_changed":false,"_oasis_is_in_workflow":0,"_oasis_original":0,"inline_featured_image":false,"site-sidebar-layout":"default","site-content-layout":"","ast-site-content-layout":"default","site-content-style":"default","site-sidebar-style":"default","ast-global-header-display":"","ast-banner-title-visibility":"","ast-main-header-display":"","ast-hfb-above-header-display":"","ast-hfb-below-header-display":"","ast-hfb-mobile-header-display":"","site-post-title":"","ast-breadcrumbs-content":"","ast-featured-img":"","footer-sml-layout":"","ast-disable-related-posts":"","theme-transparent-header-meta":"","adv-header-id-meta":"","stick-header-meta":"","header-above-stick-meta":"","header-main-stick-meta":"","header-below-stick-meta":"","astra-migrate-meta-layouts":"default","ast-page-background-enabled":"default","ast-page-background-meta":{"desktop":{"background-color":"","background-image":"","background-repeat":"repeat","background-position":"center center","background-size":"auto","background-attachment":"scroll","background-type":"","background-media":"","overlay-type":"","overlay-color":"","overlay-opacity":"","overlay-gradient":""},"tablet":{"background-color":"","background-image":"","background-repeat":"repeat","background-position":"center center","background-size":"auto","background-attachment":"scroll","background-type":"","background-media":"","overlay-type":"","overlay-color":"","overlay-opacity":"","overlay-gradient":""},"mobile":{"background-color":"","background-image":"","background-repeat":"repeat","background-position":"center center","background-size":"auto","background-attachment":"scroll","background-type":"","background-media":"","overlay-type":"","overlay-color":"","overlay-opacity":"","overlay-gradient":""}},"ast-content-background-meta":{"desktop":{"background-color":"var(--ast-global-color-5)","background-image":"","background-repeat":"repeat","background-position":"center center","background-size":"auto","background-attachment":"scroll","background-type":"","background-media":"","overlay-type":"","overlay-color":"","overlay-opacity":"","overlay-gradient":""},"tablet":{"background-color":"var(--ast-global-color-5)","background-image":"","background-repeat":"repeat","background-position":"center center","background-size":"auto","background-attachment":"scroll","background-type":"","background-media":"","overlay-type":"","overlay-color":"","overlay-opacity":"","overlay-gradient":""},"mobile":{"background-color":"var(--ast-global-color-5)","background-image":"","background-repeat":"repeat","background-position":"center center","background-size":"auto","background-attachment":"scroll","background-type":"","background-media":"","overlay-type":"","overlay-color":"","overlay-opacity":"","overlay-gradient":""}},"_themeisle_gutenberg_block_has_review":false,"footnotes":""},"class_list":["post-25408","page","type-page","status-publish","hentry"],"acf":[],"featured_image_urls_v2":{"full":"","thumbnail":"","medium":"","medium_large":"","large":"","1536x1536":"","2048x2048":"","menu-24x24":"","menu-36x36":"","menu-48x48":"","mailpoet_newsletter_max":""},"post_excerpt_stackable_v2":"<p>Bibliografie osoboweBibliotekarstwo. Czytelnictwo.Biuletyn zbior\u00f3w multimedialnychDzia\u0142yFilieGDPRKalendariumKoncepcja pracy Biblioteki Pedagogicznej w Ostro\u0142\u0119ceKszta\u0142towanie my\u015blenia analitycznegoLiteratura pedagogicznaLiteratura pi\u0119knaLiteratura popularnonaukowaLiteratura psychologiczno &#8212; spo\u0142ecznaMetodyka nauczania poszczeg\u00f3lnych przedmiot\u00f3w nauczaniaOCHRONA DANYCH OSOBOWYCHOchrona danych osobowych w Bibliotece Pedagogicznej w Ostro\u0142\u0119ceOg\u0142oszeniaPatologia spoleczna. Agresywno\u015b\u0107. Uzale\u017cnienia. PrzemocPedagogika. Szkolnictwo. O\u015bwiata. Wychowanie.Pisali o nasProfilaktyka przemocy r\u00f3wie\u015bniczejPromocja kszta\u0142cenia zawodowegoPromocja zdrowego trybu \u017cycia w szkolePromowanie higieny cyfrowejPsychologiaRegionalizmSerwis PrasowySocjologiaSzko\u0142a miejscem edukacji obywatelskiejTematyczne zestawienia zbior\u00f3w specjalnychWspomnieniaWydarzeniaZbioryZg\u0142oszenie potwierdzone\u0430\u0432\u0442\u043e\u0440\u0438\u0437\u043e\u0432\u0430\u0442\u044c\u0441\u044f\u0414\u0435\u043a\u043b\u0430\u0440\u0430\u0446\u0438\u044f \u043e \u0434\u043e\u0441\u0442\u0443\u043f\u043d\u043e\u0441\u0442\u0438\u0414\u043e\u043c\u0414\u043e\u043c\u043e\u0439\u0414\u0440\u0443\u0433\u043e\u0439\u041a\u0430\u0440\u0442\u0430 \u0441\u0430\u0439\u0442\u0430\u043a\u043e\u043d\u0442\u0430\u043a\u0442\u041c\u043e\u0438 \u0441\u043e\u043e\u0431\u0449\u0435\u043d\u0438\u044f\u041d\u043e\u0432\u043e\u0441\u0442\u0438\u041d\u043e\u0440\u043c\u0430\u0442\u0438\u0432\u043d\u044b\u0435 \u0434\u043e\u043a\u0443\u043c\u0435\u043d\u0442\u044b\u043f\u043e\u043b\u0438\u0442\u0438\u043a\u0430 \u043a\u043e\u043d\u0444\u0438\u0434\u0435\u043d\u0446\u0438\u0430\u043b\u044c\u043d\u043e\u0441\u0442\u0438\u041f\u0440\u0435\u0434\u043b\u043e\u0436\u0435\u043d\u0438\u0435 \u043e \u043f\u043e\u043a\u0443\u043f\u043a\u0435\u041f\u0440\u043e\u0432\u0435\u0440\u044f\u0442\u044c\u041f\u0440\u043e\u0441\u043c\u043e\u0442\u0440 \u043e\u0442\u0447\u0435\u0442\u043e\u0432\u041f\u0440\u043e\u0444\u0438\u043b\u044c \u043f\u043e\u043b\u044c\u0437\u043e\u0432\u0430\u0442\u0435\u043b\u044f\u041c\u043e\u0438 \u0432\u0438\u0434\u0435\u043e\u043a\u043e\u043d\u0444\u0435\u0440\u0435\u043d\u0446\u0438\u0438\u041c\u043e\u0438 \u0432\u044b\u0441\u0442\u0430\u0432\u043a\u0438\u041c\u043e\u0438 \u0436\u0430\u043b\u043e\u0431\u044b \u0438 \u043f\u0440\u043e\u0441\u044c\u0431\u044b\u041c\u043e\u0438 \u0437\u0430\u043f\u0440\u043e\u0441\u044b\u041c\u043e\u0438 \u043a\u0443\u0440\u0441\u044b\u041c\u043e\u0438 \u043a\u0443\u0440\u0441\u044b\u041c\u043e\u0438 \u043e\u0448\u0438\u0431\u043a\u0438\u041c\u043e\u0438 \u043f\u0440\u0430\u043a\u0442\u0438\u043a\u0438\u041c\u043e\u0438 \u043f\u0440\u0435\u0434\u043b\u043e\u0436\u0435\u043d\u0438\u044f \u043f\u043e \u043f\u043e\u043a\u0443\u043f\u043a\u0435\u041c\u043e\u0438 \u0441\u043a\u0430\u043d\u044b\u041c\u043e\u0438 \u0441\u043e\u0431\u044b\u0442\u0438\u044f\u041c\u043e\u0438 \u0441\u043e\u0433\u043b\u0430\u0441\u0438\u044f\u041c\u043e\u0438 \u0441\u043e\u043e\u0431\u0449\u0435\u043d\u0438\u044f\u041c\u043e\u0438 \u0441\u043f\u0438\u0441\u043a\u0438 \u0431\u0438\u0431\u043b\u0438\u043e\u0442\u0435\u043a\u041c\u043e\u0438 \u0441\u0442\u0430\u0442\u044c\u0438\u041c\u043e\u0438 \u0443\u0440\u043e\u043a\u0438 \u0432 \u0431\u0438\u0431\u043b\u0438\u043e\u0442\u0435\u043a\u0435\u041c\u043e\u0439 \u043f\u0440\u043e\u0444\u0430\u0439\u043b\u0420\u0435\u0434\u0430\u043a\u0442\u0438\u0440\u043e\u0432\u0430\u0442\u044c \u043f\u0440\u043e\u0444\u0438\u043b\u044c\u043f\u0440\u043e\u0446\u0435\u0434\u0443\u0440\u0430 COVID-19\u0440\u0435\u0433\u0438\u0441\u0442\u0440\u0420\u0435\u0433\u043b\u0430\u043c\u0435\u043d\u0442 \u0440\u043e\u0437\u0441\u0438\u043b\u043a\u0438\u0423\u0441\u043b\u0443\u0433\u0438<\/p>\n","category_list_v2":"","author_info_v2":{"name":"idemczuk","url":"https:\/\/bp.ostroleka.pl\/ru\/author\/idemczuk\/"},"comments_num_v2":"0 \u043a\u043e\u043c\u043c\u0435\u043d\u0442\u0430\u0440\u0438\u0435\u0432","_links":{"self":[{"href":"https:\/\/bp.ostroleka.pl\/ru\/wp-json\/wp\/v2\/pages\/25408","targetHints":{"allow":["GET"]}}],"collection":[{"href":"https:\/\/bp.ostroleka.pl\/ru\/wp-json\/wp\/v2\/pages"}],"about":[{"href":"https:\/\/bp.ostroleka.pl\/ru\/wp-json\/wp\/v2\/types\/page"}],"author":[{"embeddable":true,"href":"https:\/\/bp.ostroleka.pl\/ru\/wp-json\/wp\/v2\/users\/415"}],"replies":[{"embeddable":true,"href":"https:\/\/bp.ostroleka.pl\/ru\/wp-json\/wp\/v2\/comments?post=25408"}],"version-history":[{"count":0,"href":"https:\/\/bp.ostroleka.pl\/ru\/wp-json\/wp\/v2\/pages\/25408\/revisions"}],"wp:attachment":[{"href":"https:\/\/bp.ostroleka.pl\/ru\/wp-json\/wp\/v2\/media?parent=25408"}],"curies":[{"name":"wp","href":"https:\/\/api.w.org\/{rel}","templated":true}]}}