{"id":19731,"date":"2021-08-22T12:36:53","date_gmt":"2021-08-22T10:36:53","guid":{"rendered":"https:\/\/bp.ostroleka.pl\/kontakt\/"},"modified":"2022-06-03T11:14:46","modified_gmt":"2022-06-03T09:14:46","slug":"kontakt","status":"publish","type":"page","link":"https:\/\/bp.ostroleka.pl\/ru\/kontakt\/","title":{"rendered":"\u043a\u043e\u043d\u0442\u0430\u043a\u0442"},"content":{"rendered":"<!-- https:\/\/getbootstrap.com\/docs\/5.0\/layout\/grid\/ -->\n<div class=\"row p-2\">\n    <div class=\"col pe-md-0\">\n        <!-- https:\/\/getbootstrap.com\/docs\/5.0\/utilities\/shadows\/ -->\n        <div id=\"bs-map-leaflet\" class=\"shadow p-3 mb-2 bg-body rounded\"><\/div>\n    <\/div>\n    <\/div>\n\n\n\n<div class=\"wp-block-columns is-layout-flex wp-container-core-columns-is-layout-28f84493 wp-block-columns-is-layout-flex\">\n<div class=\"wp-block-column is-layout-flow wp-block-column-is-layout-flow\" style=\"flex-basis:66.66%\">\n<p><\/p>\n\n\n\n<p><strong>Adres:<\/strong> ul. Pi\u0142sudskiego 38, 07-410 Ostro\u0142\u0119ka<\/p>\n\n\n\n<p><strong>tel<\/strong><em>. <\/em>(29) 764 21 29<br><strong>fax.<\/strong> (29) 764 21 96<br><strong>email:<\/strong>&nbsp;<a href=\"mailto:bp@bp.ostroleka.pl\">bp@bp.ostroleka.pl<\/a><\/p>\n\n\n\n<p>Od poniedzia\u0142ku do pi\u0105tku w godz. 8<sup>00<\/sup>&nbsp;\u2013 18<sup>00<\/sup><br>W soboty 8<sup>00<\/sup>&nbsp;\u2013 15<sup>00<\/sup><\/p>\n<\/div>\n\n\n\n<div class=\"wp-block-column is-vertically-aligned-top is-layout-flow wp-block-column-is-layout-flow\" style=\"flex-basis:33.33%\">\n<figure class=\"wp-block-image size-full\"><img decoding=\"async\" src=\"https:\/\/pbw.waw.pl\/wp-content\/uploads\/sites\/3\/2021\/12\/budynek_kontakt-300x225-1.jpg\" alt=\"Budynek biblioteki Pedagogicznej w Ostro\u0142\u0119ce\" class=\"wp-image-3149\"\/><\/figure>\n<\/div>\n<\/div>\n","protected":false},"excerpt":{"rendered":"<p>Adres: ul. Pi\u0142sudskiego 38, 07-410 Ostro\u0142\u0119ka tel. (29) 764 21 29fax. (29) 764 21 96email:&nbsp;bp@bp.ostroleka.pl Od poniedzia\u0142ku do pi\u0105tku w [&hellip;]<\/p>\n","protected":false},"author":12,"featured_media":0,"parent":0,"menu_order":0,"comment_status":"closed","ping_status":"closed","template":"","meta":{"_acf_changed":false,"_oasis_is_in_workflow":0,"_oasis_original":0,"inline_featured_image":false,"site-sidebar-layout":"default","site-content-layout":"default","ast-site-content-layout":"default","site-content-style":"default","site-sidebar-style":"default","ast-global-header-display":"","ast-banner-title-visibility":"","ast-main-header-display":"","ast-hfb-above-header-display":"","ast-hfb-below-header-display":"","ast-hfb-mobile-header-display":"","site-post-title":"","ast-breadcrumbs-content":"","ast-featured-img":"","footer-sml-layout":"","ast-disable-related-posts":"","theme-transparent-header-meta":"default","adv-header-id-meta":"","stick-header-meta":"","header-above-stick-meta":"","header-main-stick-meta":"","header-below-stick-meta":"","astra-migrate-meta-layouts":"default","ast-page-background-enabled":"default","ast-page-background-meta":{"desktop":{"background-color":"","background-image":"","background-repeat":"repeat","background-position":"center center","background-size":"auto","background-attachment":"scroll","background-type":"","background-media":"","overlay-type":"","overlay-color":"","overlay-opacity":"","overlay-gradient":""},"tablet":{"background-color":"","background-image":"","background-repeat":"repeat","background-position":"center center","background-size":"auto","background-attachment":"scroll","background-type":"","background-media":"","overlay-type":"","overlay-color":"","overlay-opacity":"","overlay-gradient":""},"mobile":{"background-color":"","background-image":"","background-repeat":"repeat","background-position":"center center","background-size":"auto","background-attachment":"scroll","background-type":"","background-media":"","overlay-type":"","overlay-color":"","overlay-opacity":"","overlay-gradient":""}},"ast-content-background-meta":{"desktop":{"background-color":"var(--ast-global-color-5)","background-image":"","background-repeat":"repeat","background-position":"center center","background-size":"auto","background-attachment":"scroll","background-type":"","background-media":"","overlay-type":"","overlay-color":"","overlay-opacity":"","overlay-gradient":""},"tablet":{"background-color":"var(--ast-global-color-5)","background-image":"","background-repeat":"repeat","background-position":"center center","background-size":"auto","background-attachment":"scroll","background-type":"","background-media":"","overlay-type":"","overlay-color":"","overlay-opacity":"","overlay-gradient":""},"mobile":{"background-color":"var(--ast-global-color-5)","background-image":"","background-repeat":"repeat","background-position":"center center","background-size":"auto","background-attachment":"scroll","background-type":"","background-media":"","overlay-type":"","overlay-color":"","overlay-opacity":"","overlay-gradient":""}},"_themeisle_gutenberg_block_has_review":false,"footnotes":""},"class_list":["post-19731","page","type-page","status-publish","hentry"],"acf":[],"featured_image_urls_v2":{"full":"","thumbnail":"","medium":"","medium_large":"","large":"","1536x1536":"","2048x2048":"","menu-24x24":"","menu-36x36":"","menu-48x48":"","mailpoet_newsletter_max":""},"post_excerpt_stackable_v2":"<p>Adres: ul. Pi\u0142sudskiego 38, 07-410 Ostro\u0142\u0119ka tel. (29) 764 21 29fax. (29) 764 21 96email:&nbsp;bp@bp.ostroleka.pl Od poniedzia\u0142ku do pi\u0105tku w godz. 800&nbsp;\u2013 1800W soboty 800&nbsp;\u2013 1500<\/p>\n","category_list_v2":"","author_info_v2":{"name":"ktadaszak","url":"https:\/\/bp.ostroleka.pl\/ru\/author\/ktadaszak\/"},"comments_num_v2":"0 \u043a\u043e\u043c\u043c\u0435\u043d\u0442\u0430\u0440\u0438\u0435\u0432","_links":{"self":[{"href":"https:\/\/bp.ostroleka.pl\/ru\/wp-json\/wp\/v2\/pages\/19731","targetHints":{"allow":["GET"]}}],"collection":[{"href":"https:\/\/bp.ostroleka.pl\/ru\/wp-json\/wp\/v2\/pages"}],"about":[{"href":"https:\/\/bp.ostroleka.pl\/ru\/wp-json\/wp\/v2\/types\/page"}],"author":[{"embeddable":true,"href":"https:\/\/bp.ostroleka.pl\/ru\/wp-json\/wp\/v2\/users\/12"}],"replies":[{"embeddable":true,"href":"https:\/\/bp.ostroleka.pl\/ru\/wp-json\/wp\/v2\/comments?post=19731"}],"version-history":[{"count":0,"href":"https:\/\/bp.ostroleka.pl\/ru\/wp-json\/wp\/v2\/pages\/19731\/revisions"}],"wp:attachment":[{"href":"https:\/\/bp.ostroleka.pl\/ru\/wp-json\/wp\/v2\/media?parent=19731"}],"curies":[{"name":"wp","href":"https:\/\/api.w.org\/{rel}","templated":true}]}}