{"id":19717,"date":"2015-11-25T15:04:18","date_gmt":"2015-11-25T14:04:18","guid":{"rendered":"https:\/\/bp.ostroleka.pl\/bibliografie\/"},"modified":"2026-02-27T11:15:12","modified_gmt":"2026-02-27T10:15:12","slug":"bibliografie","status":"publish","type":"page","link":"https:\/\/bp.ostroleka.pl\/ru\/bibliografie\/","title":{"rendered":"Bibliografie osobowe"},"content":{"rendered":"\n<figure class=\"wp-block-table is-style-stripes\"><table><tbody><tr><td><a href=\"\/krzysztof-kamil-baczynski\/\">Baczy\u0144ski Krzysztof Kamil (1921-1944)<\/a>: bibliografia podmiotowo \u2013 przedmiotowa. Ostro\u0142\u0119ka: BP, 2004<\/td><\/tr><tr><td><a href=\"\/miron-bialoszewski\/\">Bia\u0142oszewski Miron (1922-1983)<\/a>: bibliografia podmiotowo- przedmiotowa. Ostro\u0142\u0119ka: BP, 2012<\/td><\/tr><tr><td><a href=\"\/bochenski\/\">Boche\u0144ski J\u00f3zef Maria(1902-1995)<\/a>: bibliografia przedmiotowa. Ostro\u0142\u0119ka: BP, 2020<\/td><\/tr><tr><td><a href=\"https:\/\/bp.ostroleka.pl\/tadeusz-boy-zelenski\/\" data-type=\"post\" data-id=\"79897\">Tadeusz Boy-\u017bele\u0144ski (1874 \u2013 1941)<\/a>: bibliografia podmiotowo-przedmiotowa. Ostro\u0142\u0119ka: BP, 2024<\/td><\/tr><tr><td><a href=\"\/wladyslaw-broniewski\/\">Broniewski W\u0142adys\u0142aw (1897-1962)<\/a>: bibliografia przedmiotowa. Ostro\u0142\u0119ka: BP, 2012<\/td><\/tr><tr><td><a href=\"https:\/\/bp.ostroleka.pl\/boznanska-olga\/\" data-type=\"post\" data-id=\"70783\">Bozna\u0144ska Olga (1865-1940)<\/a>: bibliografia podmiotowo-przedmiotowa. Ostro\u0142\u0119ka: BP, 2024<\/td><\/tr><tr><td><a href=\"\/lewis\/\">Carroll Lewis (1832-1898)<\/a>. Ostro\u0142\u0119ka : BP, 2018<\/td><\/tr><tr><td><a href=\"https:\/\/bp.ostroleka.pl\/adam-chetnik-1885-1967\/\" data-type=\"post\" data-id=\"82990\">Ch\u0119tnik Adam (1885-1967)<\/a>: bibliografia podmiotowo-przedmiotowa. Ostro\u0142\u0119ka: BP, 2025<\/td><\/tr><tr><td><a href=\"\/iwona-chmielewska\/\">Chmielewska Iwona (ur. 1960).<\/a>&nbsp;Ostro\u0142\u0119ka: BP, 2018<\/td><\/tr><tr><td><a href=\"\/joseph-conrad\/\">Conrad Joseph<\/a>: bibliografia podmiotowo \u2013 przedmiotowa. Ostro\u0142\u0119ka: BP, 2017<\/td><\/tr><tr><td><a href=\"https:\/\/bp.ostroleka.pl\/roza-maria-czacka\/\" data-type=\"post\" data-id=\"118600\">Czacka R\u00f3\u017ca Maria:<\/a> zestawienie bibliograficzne. Ostro\u0142\u0119ka: BP, 2026<\/td><\/tr><tr><td><a href=\"https:\/\/bp.ostroleka.pl\/jozef-czapski-1896-1993\/\" data-type=\"post\" data-id=\"118498\">Czapski J\u00f3zef:<\/a> bibliografia podmiotowo \u2013 przedmiotowa. Ostro\u0142\u0119ka : BP, 2026<\/td><\/tr><tr><td><a href=\"\/jan-czochralski\/\">Czochralski Jan (1885-1953)<\/a>: zestawienie bibliograficzne. Ostro\u0142\u0119ka: BP, 2013.<\/td><\/tr><tr><td><a href=\"https:\/\/bp.ostroleka.pl\/ignacy-daszynski-1866-1936\/\" data-type=\"post\" data-id=\"122386\">Daszy\u0144ski Ignacy (1866-1936)<\/a>: zestawienie bibliograficzne. Ostro\u0142\u0119ka: BP, 2026.<\/td><\/tr><tr><td><a href=\"\/dmowski\/\">Dmowski Roman Stanis\u0142aw (1864-1939)<\/a>: zestawienie bibliograficzne. Ostro\u0142\u0119ka: BP, 2018<\/td><\/tr><tr><td><a href=\"https:\/\/bp.ostroleka.pl\/fogg-mieczyslaw\/\" data-type=\"post\" data-id=\"118543\">Fogg Mieczys\u0142aw:<\/a> bibliografia. Ostro\u0142\u0119ka: BP, 2026<\/td><\/tr><tr><td><a href=\"\/aleksander-fredro\/\">Fredro Aleksander (1793-1876)<\/a>: bibliografia podmiotowo \u2013 przedmiotowa. Ostro\u0142\u0119ka : BP, 2013<\/td><\/tr><tr><td><a href=\"https:\/\/bp.ostroleka.pl\/jerzy-giedroyc-1906-2000\/\" data-type=\"post\" data-id=\"118612\">Giedroy\u0107 Jerzy (1906-2000):<\/a> bibliografia podmiotowo \u2013 przedmiotowa. Ostro\u0142\u0119ka : BP, 2026<\/td><\/tr><tr><td><a href=\"https:\/\/bp.ostroleka.pl\/gierymski-aleksander-1850-1901\/\" data-type=\"post\" data-id=\"81223\">Gierymski Aleksander (1850-1901)<\/a>: bibliografia podmiotowo \u2013 przedmiotowa. Ostro\u0142\u0119ka : BP, 2025<\/td><\/tr><tr><td><a href=\"https:\/\/bp.ostroleka.pl\/pola-gojawiczynska-1896-1963\/\" data-type=\"link\" data-id=\"https:\/\/bp.ostroleka.pl\/pola-gojawiczynska-1896-1963\/\" target=\"_blank\" rel=\"noreferrer noopener\">Gojawiczy\u0144ska Pola (1896-1963)<\/a>: bibliografia podmiotowo \u2013 przedmiotowa. Ostro\u0142\u0119ka : BP, 2026<\/td><\/tr><tr><td><a href=\"\/william-golding\/\">Golding William (1911-1993)<\/a>: zestawienie bibliograficzne w wyborze. Ostro\u0142\u0119ka: BP, 2003<\/td><\/tr><tr><td><a href=\"https:\/\/bp.ostroleka.pl\/witold-gombrowicz-1904-1969\/\" data-type=\"post\" data-id=\"70987\">Gombrowicz Witold (1904-1969): <\/a>bibliografia podmiotowo-przedmiotowa. Ostro\u0142\u0119ka: BP, 2024<\/td><\/tr><tr><td><a href=\"https:\/\/bp.ostroleka.pl\/stanislaw-grzepski-grzebski-1524-1570\/\" data-type=\"post\" data-id=\"70960\">Grzebski Stanis\u0142aw (1524-1570):<\/a> zestawienie bibliograficzne. Ostro\u0142\u0119ka: BP, 2024<\/td><\/tr><tr><td><a href=\"\/maria-grzegorzewska\/\">Grzegorzewska Maria (1888 \u2013 1967)<\/a>: zestawienie bibliograficzne. Ostro\u0142\u0119ka: BP, 2007<\/td><\/tr><tr><td><a href=\"\/stanislaw-grzesiuk\/\">Grzesiuk Stanis\u0142aw (1918-1963)<\/a>: zestawienie bibliograficzne w wyborze. Ostro\u0142\u0119ka: BP, 2003<\/td><\/tr><tr><td><a href=\"\/zbigniew-herbert\/\">Herbert Zbigniew (1924 \u2013 1998)<\/a>: bibliografia podmiotowo \u2013 przedmiotowa. Ostro\u0142\u0119ka: BP, 2005<\/td><\/tr><tr><td><a href=\"\/gustaw\/\">Herling \u2013 Grudzi\u0144ski Gustaw: zestawienie bibliograficzne. Ostro\u0142\u0119ka: BP, 2019.<\/a>&nbsp;Ostro\u0142\u0119ka: BP, 2019<\/td><\/tr><tr><td><a href=\"\/marek-hlasko-1934-1969\/\">H\u0142asko Marek (1934-1969):<\/a>&nbsp;bibliografia podmiotowo \u2013 przedmiotowa w wyborze. Ostro\u0142\u0119ka: BP, 2019<\/td><\/tr><tr><td><a href=\"https:\/\/bp.ostroleka.pl\/james\/\">James Joyce (1882-1941):<\/a>&nbsp;bibliografia przedmiotowa. Ostro\u0142\u0119ka : BP, 2021<\/td><\/tr><tr><td><a href=\"\/jan-pawel-ii\/\">Jan Pawe\u0142 II<\/a>: zestawienie bibliograficzne. Ostro\u0142\u0119ka: BP, 2014<\/td><\/tr><tr><td><a href=\"\/jan\/\">Jan Pawe\u0142 II papie\u017c<\/a>: zestawienie bibliograficzne za lata 2013-2020. Ostro\u0142\u0119ka : BP, 2020<\/td><\/tr><tr><td><a href=\"\/mieczyslaw-jastrun\/\">Jastrun Mieczys\u0142aw (1903-1983)<\/a>: zestawienie bibliograficzne w wyborze. Ostro\u0142\u0119ka: BP, 2003<\/td><\/tr><tr><td><a href=\"https:\/\/bp.ostroleka.pl\/kamienska\/\">Kamie\u0144ska Anna (1920-1986)<\/a>: bibliografia podmiotowo-przedmiotowa. Ostro\u0142\u0119ka : BP, 2021.<\/td><\/tr><tr><td><a href=\"\/ryszard-kapuscinski\/\">Kapu\u015bci\u0144ski Ryszard (1932 \u2013 2007)<\/a>: bibliografia podmiotowo \u2013 przedmiotowa. Ostro\u0142\u0119ka: BP, 2007<\/td><\/tr><tr><td><a href=\"\/jan-karski\/\">Karski Jan (1914-2000)<\/a>: bibliografia podmiotowo-przedmiotowa. Ostro\u0142\u0119ka : BP, 2014<\/td><\/tr><tr><td><a href=\"\/henryk-oskar-kolberg\/\">Kolberg Oskar Henryk (1814 \u2013 1890)<\/a>: zestawienie bibliograficzne. Ostro\u0142\u0119ka: BP, 2014<\/td><\/tr><tr><td><a href=\"\/janusz-korczak\/\">Korczak Janusz (1978 [?] \u2013 1942)<\/a>: bibliografia przedmiotowa. Ostro\u0142\u0119ka: BP, 2009<\/td><\/tr><tr><td><a href=\"\/janusz-korczak-2\/\">Korczak Janusz (1978 [?] \u2013 1942)<\/a>: bibliografia przedmiotowa. Ostro\u0142\u0119ka: BP, 2011<\/td><\/tr><tr><td><a href=\"\/tadeusz-kosciuszko\/\">Ko\u015bciuszko Tadeusz (1746-1817)<\/a>: zestawienie bibliograficzne. Ostro\u0142\u0119ka: BP, 2017<\/td><\/tr><tr><td><a href=\"\/zygmunt-krasinski\/\">Kras\u0144ski Zygmunt (1812-1859)<\/a>: bibliografia podmiotowo- przedmiotowa. Ostro\u0142\u0119ka: BP, 2012<\/td><\/tr><tr><td><a href=\"\/jozef-ignacy-kraszewski\/\">Kraszewski J\u00f3zef Ignacy (1812-1887)<\/a>: bibliografia podmiotowo- przedmiotowa. Ostro\u0142\u0119ka: BP, 2012<\/td><\/tr><tr><td><a href=\"\/stanislaw-lem\/\">Lem Stanis\u0142aw (1921-2006)<\/a>: bibliografia podmiotowo-przedmiotowa. Ostro\u0142\u0119ka: BP, 2010<\/td><\/tr><tr><td><a href=\"https:\/\/bp.ostroleka.pl\/stanislaw-3\/\">Lem Stanis\u0142aw (1921-2006)<\/a>: bibliografia podmiotowa. Ostro\u0142\u0119ka: BP, 2021<\/td><\/tr><tr><td><a href=\"\/boleslaw-lesmian-2\/\">Le\u015bmian Boles\u0142aw<\/a>: Bibliografia podmiotowo \u2013 przedmiotowa. Ostro\u0142\u0119ka: BP, 2008<\/td><\/tr><tr><td><a href=\"\/astrid-lindgren\/\">Lindgren Astrid (1907-2002):<\/a>: bibliografia przedmiotowa. Ostro\u0142\u0119ka: BP, 2012<\/td><\/tr><tr><td><a href=\"\/maria-lopatkowa\/\">\u0141opatkowa Maria (1927-2016):<\/a>&nbsp;bibliografia podmiotowo \u2013 przedmiotowa. Ostro\u0142\u0119ka: BP, 2018<\/td><\/tr><tr><td><a href=\"\/dorota-maslowska\/\">Mas\u0142owska Dorota<\/a>: bibliografia podmiotowo \u2013 przedmiotowa. Ostro\u0142\u0119ka: BP, 2013<\/td><\/tr><tr><td><a href=\"\/czeslaw-milosz\/\">Mi\u0142osz Czes\u0142aw (1911-2004)<\/a>: bibliografia przedmiotowa. Ostro\u0142\u0119ka: BP, 2011.<\/td><\/tr><tr><td><a href=\"\/patrick-modiano\/\">Modiano Patrick<\/a>: zestawienie bibliograficzne. Ostro\u0142\u0119ka: BP, 2016<\/td><\/tr><tr><td><a href=\"\/maria-montessori\/\">Montessori Maria<\/a>: zestawienie bibliograficzne. Ostro\u0142\u0119ka: BP, 2007<\/td><\/tr><tr><td><a href=\"\/stanislaw\/\">Moniuszko Stanis\u0142aw:<\/a>&nbsp;zestawienie bibliograficzne. Ostro\u0142\u0119ka: BP, 2019<\/td><\/tr><tr><td><a href=\"\/slawomir-mrozek\/\">Mro\u017cek S\u0142awomir (1930-2013)<\/a>: bibliografia podmiotowo \u2013 przedmiotowa. Ostro\u0142\u0119ka : BP, 2013<\/td><\/tr><tr><td><a href=\"\/alice-ann-munro\/\">Munro Alice (1931 \u2013 )<\/a>: bibliografia podmiotowo-przedmiotowa. Ostro\u0142\u0119ka: BP, 2015<\/td><\/tr><tr><td><a href=\"\/malgorzata-musierowicz\/\">Musierowicz Ma\u0142gorzata<\/a>: bibliografia podmiotowo \u2013 przedmiotowa. Ostro\u0142\u0119ka: BP, 2005<\/td><\/tr><tr><td><a href=\"\/herta-muller\/\">M\u00fcller Herta<\/a>: zestawienie bibliograficzne. Ostro\u0142\u0119ka: BP, 2016.<\/td><\/tr><tr><td><a href=\"\/igor-newerly\/\">Newerly Igor (1903-1987)<\/a>: zestawienie bibliograficzne w wyborze. Ostro\u0142\u0119ka: BP, 2003<\/td><\/tr><tr><td><a href=\"\/cyprian-kamil-norwid\/\">Norwid Cyprian Kamil (1821-1883)<\/a>: bibliografia podmiotowo \u2013 przedmiotowa. Ostro\u0142\u0119ka: BP, 2013<\/td><\/tr><tr><td><a href=\"\/jan-nowak-jezioranski\/\">Nowak Jeziora\u0144ski Jan (1914-2005)<\/a>: bibliografia podmiotowo-przedmiotowa. Ostro\u0142\u0119ka: BP, 2014<\/td><\/tr><tr><td><a href=\"https:\/\/bp.ostroleka.pl\/jozef-maksymilian-ossolinski-1748-1826\/\" data-type=\"post\" data-id=\"118525\">Ossoli\u0144ski J\u00f3zef Maksymilian (1748-1826):<\/a> kalendarium. Ostro\u0142\u0119ka: BP, 2026<\/td><\/tr><tr><td><a href=\"\/georg-orwell\/\">Orwell Georg (1903-1950)<\/a>: zestawienie bibliograficzne w wyborze za lata 1979 \u2013 2002. Ostro\u0142\u0119ka: BP, 2003<\/td><\/tr><tr><td><a href=\"https:\/\/bp.ostroleka.pl\/pawlikowska-jasnorzewska-maria-1891-1945\/\" data-type=\"post\" data-id=\"88033\">Pawlikowska-Jasnorzewska Maria (1891-1945)<\/a> : bibliografia podmiotowo-przedmiotowa. Ostro\u0142\u0119ka: BP, 2025<\/td><\/tr><tr><td><a href=\"https:\/\/bp.ostroleka.pl\/piasecki-sergiusz\/\" data-type=\"post\" data-id=\"118081\">Piasecki Sergiusz:<\/a> zestawienie bibliograficzne. Ostro\u0142\u0119ka: BP, 2026<\/td><\/tr><tr><td><a href=\"\/jozef-pilsudski\/\">Pi\u0142sudski J\u00f3zef<\/a>: bibliografia przedmiotowa. Ostro\u0142\u0119ka: BP, 2017.<\/td><\/tr><tr><td><a href=\"\/grzegorz-piramowicz\/\">Piramowicz Grzegorz (1735-1801) i Hugo Ko\u0142\u0142\u0105taj (1750-1812)<\/a>: bibliografia podmiotowo-przedmiotowa. Ostro\u0142\u0119ka: BP, 2010<\/td><\/tr><tr><td><a href=\"\/jan-potocki\/\">Potocki Jan (1761-1815)<\/a>: bibliografia podmiotowo-przedmiotowa. Ostro\u0142\u0119ka: BP, 2015<\/td><\/tr><tr><td><a href=\"\/boleslaw-prus\/\">Prus Boles\u0142aw (1847-1912)<\/a>: bibliografia przedmiotowa za lata 1990 \u2013 2012. Ostro\u0142\u0119ka: BP, 2012<\/td><\/tr><tr><td><a href=\"https:\/\/bp.ostroleka.pl\/wladyslaw-stanislaw-reymont-1867-1925\/\" data-type=\"post\" data-id=\"82969\">Reymont W\u0142adys\u0142aw Stanis\u0142aw (1867-1925)<\/a>: bibliografia podmiotowo-przedmiotowa. Ostro\u0142\u0119ka: BP, 2025<\/td><\/tr><tr><td><a href=\"\/tadeusz-rozewicz\/\">R\u00f3\u017cewicz Tadeusz (1921-2014)<\/a>: bibliografia przedmiotowa. Ostro\u0142\u0119ka, 2021<\/td><\/tr><tr><td><a href=\"\/rymkiewicz-jaroslaw-marek\/\">Rymkiewicz Jaros\u0142aw Marek<\/a>: bibliografia podmiotowo \u2013 przedmiotowa. Ostro\u0142\u0119ka: BP, 2007<\/td><\/tr><tr><td><a href=\"\/andrzej-sapkowski\/\">Sapkowski Andrzej<\/a>: bibliografia podmiotowo \u2013 przedmiotowa. Ostro\u0142\u0119ka: BP, 2006<\/td><\/tr><tr><td><a href=\"\/bruno-schulz-2\/\">Schulz Bruno<\/a>: bibliografia przedmiotowa. Ostro\u0142\u0119ka: BP, 2012<\/td><\/tr><tr><td><a href=\"\/irena-sendlerowa\/\">Sendlerowa Irena Stanis\u0142awa (1910-2008).<\/a>&nbsp;Ostro\u0142\u0119ka: BP, 2017<\/td><\/tr><tr><td><a href=\"\/shaw-irwin\/\">Shaw Irwin (1913 \u2013 1984)<\/a>: Ostro\u0142\u0119ka: BP, 2004<\/td><\/tr><tr><td><a href=\"\/henryk-sienkiewicz\/\">Sienkiewicz Henryk (1846-1916)<\/a>: bibliografia podmiotowo-przedmiotowa. Ostro\u0142\u0119ka: BP, 2016<\/td><\/tr><tr><td><a href=\"https:\/\/bp.ostroleka.pl\/ks-skierkowski-wladyslaw-1886-1941\/\" data-type=\"post\" data-id=\"116089\">Ks. Skierkowski W\u0142adys\u0142aw (1886-1941)<\/a>: bibliografia podmiotowo-przedmiotowa. Ostro\u0142\u0119ka: BP, 2026<\/td><\/tr><tr><td><a href=\"https:\/\/bp.ostroleka.pl\/antoni-slonimski-1895-1976\/\" data-type=\"post\" data-id=\"73090\">S\u0142onimski Antoni (1895-1976)<\/a>: zestawienie bibliograficzne. Ostro\u0142\u0119ka : BP, 2024<\/td><\/tr><tr><td><a href=\"\/stanislaw-staszic\/\">Staszic Stanis\u0142aw (1755 \u2013 1826) \u2013 patriota, nauczyciel, uczony<\/a>: zestawienie bibliograficzne. Ostro\u0142\u0119ka: BP, 2008<\/td><\/tr><tr><td><a href=\"https:\/\/bp.ostroleka.pl\/stanislaw-staszic-1755-1826\/\" data-type=\"post\" data-id=\"114766\">Staszic Stanis\u0142aw (1755-1826)<\/a>: bibliografia podmiotowo-przedmiotowa. Ostro\u0142\u0119ka: BP, 2026<\/td><\/tr><tr><td><a href=\"https:\/\/bp.ostroleka.pl\/andrzej-strug-1871-1937\/\" data-type=\"post\" data-id=\"114802\">Strug Andrzej (1871-1937)<\/a>: bibliografia podmiotowo-przedmiotowa. Ostro\u0142\u0119ka: BP, 2026<\/td><\/tr><tr><td><a href=\"\/wislawa-szymborska\/\">Szymborska Wis\u0142awa (1923 \u2013 2012)<\/a>: zestawienie bibliograficzne w wyborze. Ostro\u0142\u0119ka: BP, 2003<\/td><\/tr><tr><td><a href=\"\/tadeusz-sliwiak\/\">\u015aliwiak Tadeusz (1928 \u2013 1994)<\/a>: bibliografia podmiotowo \u2013 przedmiotowa. Ostro\u0142\u0119ka: BP, 2008<\/td><\/tr><tr><td><a href=\"https:\/\/bp.ostroleka.pl\/traugutt-romuald-1826-1864-zestawienie-bibliograficzne-ostroleka-bp-2024\/\" data-type=\"post\" data-id=\"81391\">Traugutt Romuald (1826-1864)<\/a>: zestawienie bibliograficzne. Ostro\u0142\u0119ka : BP, 2024<\/td><\/tr><tr><td><a href=\"\/julian-tuwim\/\">Tuwim Julian (1894-1953)<\/a>: bibliografia podmiotowo \u2013 przedmiotowa. Ostro\u0142\u0119ka: BP, 2013<\/td><\/tr><tr><td><a href=\"\/ks-jan-twardowski\/\">Ks. Twardowski Jan (1915-2006)<\/a>: bibliografia podmiotowo-przedmiotowa. Ostro\u0142\u0119ka: BP, 2015<\/td><\/tr><tr><td><a href=\"\/leopold-tyrmand\/\">Tyrmand Leopold (1920-1985):<\/a>&nbsp;bibliografia podmiotowo-przedmiotowa. Ostro\u0142\u0119ka: BP, 2019<\/td><\/tr><tr><td><a href=\"https:\/\/bp.ostroleka.pl\/andrzej-wajda\/\" data-type=\"post\" data-id=\"118573\">Wajda Andrzej:<\/a> zestawienie bibliograficzne. Ostro\u0142\u0119ka: BP, 2026<\/td><\/tr><tr><td><a href=\"\/melchior-wankowicz\/\">Wa\u0144kowicz Melchior (1892 \u2013 1974)<\/a>: bibliografia podmiotowo \u2013 przedmiotowa. Ostro\u0142\u0119ka: BP, 2004<\/td><\/tr><tr><td><a href=\"https:\/\/bp.ostroleka.pl\/kazimierz-wierzynski-1894-1969-poeta-prozaik-eseista\/\" data-type=\"post\" data-id=\"79348\">Kazimierz Wierzy\u0144ski (1894 \u2013 1969)<\/a>: bibliografia podmiotowo \u2013 przedmiotowa. Ostro\u0142\u0119ka: BP, 2024<\/td><\/tr><tr><td><a href=\"https:\/\/bp.ostroleka.pl\/wincenty-witos\/\" data-type=\"post\" data-id=\"79513\">Witos Wincenty (1874-1945):<\/a> bibliografia podmiotowo-przedmiotowa. Ostro\u0142\u0119ka: BP, 2024<\/td><\/tr><tr><td><a href=\"\/rafal-wojaczek\/\">Wojaczek Rafa\u0142 (1945 \u2013 1971)<\/a>: bibliografia podmiotowo \u2013 przedmiotowa. Ostro\u0142\u0119ka: BP, 2010<\/td><\/tr><tr><td><a href=\"\/virginia-woolf\/\">Woolf Virginia (1882 \u2013 1941)<\/a>: bibliografia podmiotowo \u2013 przedmiotowa. Ostro\u0142\u0119ka: BP, 2012<\/td><\/tr><tr><td><a href=\"\/mo-yan\/\">Yan Mo (1955 \u2013 )<\/a>: bibliografia podmiotowo-przedmiotowa. Ostro\u0142\u0119ka: BP, 2015<\/td><\/tr><tr><td><a href=\"https:\/\/bp.ostroleka.pl\/zamoyski-wladyslaw\/\" data-type=\"post\" data-id=\"72190\">Zamoyski W\u0142adys\u0142aw (1853-1924):<\/a> zestawienie bibliograficzne. Ostro\u0142\u0119ka: BP, 2024<\/td><\/tr><tr><td><a href=\"https:\/\/bp.ostroleka.pl\/stefan-zeromski\/\" data-type=\"post\" data-id=\"73918\">\u017beromski Stefan (1864 \u2013 1925)<\/a> \u2013 &nbsp;prozaik, publicysta, dramaturg : bibliografia podmiotowo \u2013 przedmiotowa. Ostro\u0142\u0119ka: BP, 2025<\/td><\/tr><tr><td><a href=\"\/stanislaw-zolkiewski\/\">\u017b\u00f3\u0142kiewski Stanis\u0142aw (1547 \u2013 1620)<\/a>: Ostro\u0142\u0119ka: BP, 2020<\/td><\/tr><\/tbody><\/table><\/figure>\n\n\n\n\n\n<p><\/p>\n","protected":false},"excerpt":{"rendered":"<p>Baczy\u0144ski Krzysztof Kamil (1921-1944): bibliografia podmiotowo \u2013 przedmiotowa. Ostro\u0142\u0119ka: BP, 2004 Bia\u0142oszewski Miron (1922-1983): bibliografia podmiotowo- przedmiotowa. Ostro\u0142\u0119ka: BP, 2012 [&hellip;]<\/p>\n","protected":false},"author":1603,"featured_media":0,"parent":0,"menu_order":0,"comment_status":"closed","ping_status":"closed","template":"","meta":{"_acf_changed":false,"_oasis_is_in_workflow":0,"_oasis_original":0,"inline_featured_image":false,"site-sidebar-layout":"default","site-content-layout":"","ast-site-content-layout":"default","site-content-style":"default","site-sidebar-style":"default","ast-global-header-display":"","ast-banner-title-visibility":"","ast-main-header-display":"","ast-hfb-above-header-display":"","ast-hfb-below-header-display":"","ast-hfb-mobile-header-display":"","site-post-title":"","ast-breadcrumbs-content":"","ast-featured-img":"","footer-sml-layout":"","ast-disable-related-posts":"","theme-transparent-header-meta":"","adv-header-id-meta":"","stick-header-meta":"","header-above-stick-meta":"","header-main-stick-meta":"","header-below-stick-meta":"","astra-migrate-meta-layouts":"default","ast-page-background-enabled":"default","ast-page-background-meta":{"desktop":{"background-color":"","background-image":"","background-repeat":"repeat","background-position":"center center","background-size":"auto","background-attachment":"scroll","background-type":"","background-media":"","overlay-type":"","overlay-color":"","overlay-opacity":"","overlay-gradient":""},"tablet":{"background-color":"","background-image":"","background-repeat":"repeat","background-position":"center center","background-size":"auto","background-attachment":"scroll","background-type":"","background-media":"","overlay-type":"","overlay-color":"","overlay-opacity":"","overlay-gradient":""},"mobile":{"background-color":"","background-image":"","background-repeat":"repeat","background-position":"center center","background-size":"auto","background-attachment":"scroll","background-type":"","background-media":"","overlay-type":"","overlay-color":"","overlay-opacity":"","overlay-gradient":""}},"ast-content-background-meta":{"desktop":{"background-color":"var(--ast-global-color-5)","background-image":"","background-repeat":"repeat","background-position":"center center","background-size":"auto","background-attachment":"scroll","background-type":"","background-media":"","overlay-type":"","overlay-color":"","overlay-opacity":"","overlay-gradient":""},"tablet":{"background-color":"var(--ast-global-color-5)","background-image":"","background-repeat":"repeat","background-position":"center center","background-size":"auto","background-attachment":"scroll","background-type":"","background-media":"","overlay-type":"","overlay-color":"","overlay-opacity":"","overlay-gradient":""},"mobile":{"background-color":"var(--ast-global-color-5)","background-image":"","background-repeat":"repeat","background-position":"center center","background-size":"auto","background-attachment":"scroll","background-type":"","background-media":"","overlay-type":"","overlay-color":"","overlay-opacity":"","overlay-gradient":""}},"_themeisle_gutenberg_block_has_review":false,"footnotes":""},"class_list":["post-19717","page","type-page","status-publish","hentry"],"acf":[],"featured_image_urls_v2":{"full":"","thumbnail":"","medium":"","medium_large":"","large":"","1536x1536":"","2048x2048":"","menu-24x24":"","menu-36x36":"","menu-48x48":"","mailpoet_newsletter_max":""},"post_excerpt_stackable_v2":"<p>Baczy\u0144ski Krzysztof Kamil (1921-1944): bibliografia podmiotowo \u2013 przedmiotowa. Ostro\u0142\u0119ka: BP, 2004Bia\u0142oszewski Miron (1922-1983): bibliografia podmiotowo- przedmiotowa. Ostro\u0142\u0119ka: BP, 2012Boche\u0144ski J\u00f3zef Maria(1902-1995): bibliografia przedmiotowa. Ostro\u0142\u0119ka: BP, 2020Tadeusz Boy-\u017bele\u0144ski (1874 \u2013 1941): bibliografia podmiotowo-przedmiotowa. Ostro\u0142\u0119ka: BP, 2024Broniewski W\u0142adys\u0142aw (1897-1962): bibliografia przedmiotowa. Ostro\u0142\u0119ka: BP, 2012Bozna\u0144ska Olga (1865-1940): bibliografia podmiotowo-przedmiotowa. Ostro\u0142\u0119ka: BP, 2024Carroll Lewis (1832-1898). Ostro\u0142\u0119ka : BP, 2018Ch\u0119tnik Adam (1885-1967): bibliografia podmiotowo-przedmiotowa. Ostro\u0142\u0119ka: BP, 2025Chmielewska Iwona (ur. 1960).&nbsp;Ostro\u0142\u0119ka: BP, 2018Conrad Joseph: bibliografia podmiotowo \u2013 przedmiotowa. Ostro\u0142\u0119ka: BP, 2017Czacka R\u00f3\u017ca Maria: zestawienie bibliograficzne. Ostro\u0142\u0119ka: BP, 2026Czapski J\u00f3zef: bibliografia podmiotowo \u2013 przedmiotowa. Ostro\u0142\u0119ka : BP, 2026Czochralski Jan (1885-1953): zestawienie bibliograficzne. Ostro\u0142\u0119ka: BP, 2013.Daszy\u0144ski Ignacy (1866-1936):&hellip;<\/p>\n","category_list_v2":"","author_info_v2":{"name":"uzytkownik niezalogowany","url":"https:\/\/bp.ostroleka.pl\/ru\/author\/1705578372katarzyna-domagalamazovia-pl\/"},"comments_num_v2":"0 \u043a\u043e\u043c\u043c\u0435\u043d\u0442\u0430\u0440\u0438\u0435\u0432","_links":{"self":[{"href":"https:\/\/bp.ostroleka.pl\/ru\/wp-json\/wp\/v2\/pages\/19717","targetHints":{"allow":["GET"]}}],"collection":[{"href":"https:\/\/bp.ostroleka.pl\/ru\/wp-json\/wp\/v2\/pages"}],"about":[{"href":"https:\/\/bp.ostroleka.pl\/ru\/wp-json\/wp\/v2\/types\/page"}],"author":[{"embeddable":true,"href":"https:\/\/bp.ostroleka.pl\/ru\/wp-json\/wp\/v2\/users\/1603"}],"replies":[{"embeddable":true,"href":"https:\/\/bp.ostroleka.pl\/ru\/wp-json\/wp\/v2\/comments?post=19717"}],"version-history":[{"count":32,"href":"https:\/\/bp.ostroleka.pl\/ru\/wp-json\/wp\/v2\/pages\/19717\/revisions"}],"predecessor-version":[{"id":122400,"href":"https:\/\/bp.ostroleka.pl\/ru\/wp-json\/wp\/v2\/pages\/19717\/revisions\/122400"}],"wp:attachment":[{"href":"https:\/\/bp.ostroleka.pl\/ru\/wp-json\/wp\/v2\/media?parent=19717"}],"curies":[{"name":"wp","href":"https:\/\/api.w.org\/{rel}","templated":true}]}}