{"id":19716,"date":"2015-11-25T15:04:58","date_gmt":"2015-11-25T14:04:58","guid":{"rendered":"https:\/\/bp.ostroleka.pl\/inne\/"},"modified":"2022-06-03T11:14:34","modified_gmt":"2022-06-03T09:14:34","slug":"inne","status":"publish","type":"page","link":"https:\/\/bp.ostroleka.pl\/ru\/inne\/","title":{"rendered":"\u0414\u0440\u0443\u0433\u043e\u0439"},"content":{"rendered":"\n<figure class=\"wp-block-table is-style-stripes\"><table><tbody><tr><td><a href=\"\/agroturystyka\/\">Agroturystyka:<\/a>&nbsp;zestawienie bibliograficzne. Ostro\u0142\u0119ka: BP, 2019<\/td><\/tr><tr><td><a href=\"\/aplikacje\/\">Aplikacje mobilne:<\/a>&nbsp;zestawienie bibliograficzne. Ostro\u0142\u0119ka: BP, 2020<\/td><\/tr><tr><td><a href=\"\/bezpieczne\/\">Bezpieczne i ciekawe wakacje:<\/a>&nbsp;zestawienie bibliograficzne artyku\u0142\u00f3w z czasopism. Ostro\u0142\u0119ka: BP, 2020<\/td><\/tr><tr><td><a href=\"\/bitwa-warszawska\/\">Bitwa Warszawska 1920r.:<\/a>&nbsp;zestawienie bibliograficzne. Ostro\u0142\u0119ka: BP, 2020<\/td><\/tr><tr><td><a href=\"\/coaching\/\">Coaching:<\/a>&nbsp;zestawienie bibliograficzne za lata 2014-2019. Ostro\u0142\u0119ka: BP, 2019<\/td><\/tr><tr><td><a href=\"\/edukacja-12\/\">Edukacja ekologiczna:<\/a>&nbsp;zestawienie bibliograficzne. Ostro\u0142\u0119ka: BP, 2021<\/td><\/tr><tr><td><a href=\"\/edukacja-9\/\">Edukacja filmowa:<\/a>&nbsp;zestawienie bibliograficzne. Ostro\u0142\u0119ka: BP, 2019<\/td><\/tr><tr><td><a href=\"\/jakosc-2\/\">Jako\u015b\u0107 \u017cycia senior\u00f3w:<\/a>&nbsp;zestawienie bibliograficzne. Ostro\u0142\u0119ka: BP, 2019<\/td><\/tr><tr><td><a href=\"\/konfederacja\/\">Konfederacja barska:<\/a>&nbsp;zestawienie bibliograficzne. Ostro\u0142\u0119ka : BP, 2018<\/td><\/tr><tr><td><a href=\"\/nordic-walking\/\">Nordic walking:<\/a>&nbsp;zestawienie bibliograficzne artyku\u0142\u00f3w z czasopism. Ostro\u0142\u0119ka: BP, 2020<\/td><\/tr><tr><td><a href=\"\/ocieplenie\/\">Ocieplenie klimatu:<\/a>&nbsp;zestawienie bibliograficzne za lata 2015-2021. Ostro\u0142\u0119ka: BP, 2021<\/td><\/tr><tr><td><a href=\"\/parki-narodowe\/\">Parki narodowe<\/a>: zestawienie bibliograficzne. Ostro\u0142\u0119ka: BP, 2021<\/td><\/tr><tr><td><a href=\"\/powstania-slaskie-1919-1921-r\/\">Powstania \u015bl\u0105skie 1919-1921 r<\/a>: zestawienie bibliograficzne. Ostro\u0142\u0119ka: BP, 2019<\/td><\/tr><tr><td><a href=\"\/powstanie-wielkopolskie-1918-1919\/\">Powstanie Wielkopolskie 1918-1919<\/a>: zestawienie bibliograficzne. Ostro\u0142\u0119ka: BP, 2018<\/td><\/tr><tr><td><a href=\"\/prawa-kobiet\/\">Prawa kobiet:<\/a>&nbsp;zestawienie bibliograficzne w wyborze. Ostro\u0142\u0119ka; 2018<\/td><\/tr><tr><td><a href=\"\/recykling\/\">Recykling:<\/a>&nbsp;zestawienie bibliograficzne. Ostro\u0142\u0119ka: BP, 2019<\/td><\/tr><tr><td><a href=\"\/rok-fizyki\/\">Rok 2020 Rokiem Fizyki<\/a>: zestawienie zbior\u00f3w BP w Ostro\u0142\u0119ce w wyborze. Ostro\u0142\u0119ka: BP, 2020<\/td><\/tr><tr><td><a href=\"\/smog\/\">Smog<\/a>: zestawienie bibliograficzne. Ostro\u0142\u0119ka: BP, 2021<\/td><\/tr><tr><td><a href=\"\/turystyka\/\">Turystyka<\/a>: zestawienie bibliograficzne. Ostro\u0142\u0119ka: BP, 2021<\/td><\/tr><tr><td><a href=\"\/unia-lubelska\/\">Unia Lubelska (1559)<\/a>: zestawienie bibliograficzne. Ostro\u0142\u0119ka: BP, 2019<\/td><\/tr><tr><td><a href=\"\/w-zdrowym-ciele-zdrowy-duch\/\">W zdrowym ciele zdrowy duch : odporno\u015b\u0107 psychiczna i fizyczna organizmu<\/a>: Zestawienie bibliograficzne opracowane na podstawie zbior\u00f3w Biblioteki Pedagogicznej w Ostro\u0142\u0119ce. Ostro\u0142\u0119ka: BP, 2020<\/td><\/tr><tr><td><a href=\"\/zdrowe-odzywianie\/\">Zdrowe od\u017cywianie<\/a>: zestawienie bibliograficzne. Ostro\u0142\u0119ka: BP, 2019<\/td><\/tr><\/tbody><\/table><\/figure>\n","protected":false},"excerpt":{"rendered":"<p>Agroturystyka:&nbsp;zestawienie bibliograficzne. Ostro\u0142\u0119ka: BP, 2019 Aplikacje mobilne:&nbsp;zestawienie bibliograficzne. Ostro\u0142\u0119ka: BP, 2020 Bezpieczne i ciekawe wakacje:&nbsp;zestawienie bibliograficzne artyku\u0142\u00f3w z czasopism. Ostro\u0142\u0119ka: [&hellip;]<\/p>\n","protected":false},"author":1603,"featured_media":0,"parent":0,"menu_order":0,"comment_status":"closed","ping_status":"closed","template":"","meta":{"_acf_changed":false,"_oasis_is_in_workflow":0,"_oasis_original":0,"inline_featured_image":false,"site-sidebar-layout":"default","site-content-layout":"","ast-site-content-layout":"default","site-content-style":"default","site-sidebar-style":"default","ast-global-header-display":"","ast-banner-title-visibility":"","ast-main-header-display":"","ast-hfb-above-header-display":"","ast-hfb-below-header-display":"","ast-hfb-mobile-header-display":"","site-post-title":"","ast-breadcrumbs-content":"","ast-featured-img":"","footer-sml-layout":"","ast-disable-related-posts":"","theme-transparent-header-meta":"","adv-header-id-meta":"","stick-header-meta":"","header-above-stick-meta":"","header-main-stick-meta":"","header-below-stick-meta":"","astra-migrate-meta-layouts":"default","ast-page-background-enabled":"default","ast-page-background-meta":{"desktop":{"background-color":"","background-image":"","background-repeat":"repeat","background-position":"center center","background-size":"auto","background-attachment":"scroll","background-type":"","background-media":"","overlay-type":"","overlay-color":"","overlay-opacity":"","overlay-gradient":""},"tablet":{"background-color":"","background-image":"","background-repeat":"repeat","background-position":"center center","background-size":"auto","background-attachment":"scroll","background-type":"","background-media":"","overlay-type":"","overlay-color":"","overlay-opacity":"","overlay-gradient":""},"mobile":{"background-color":"","background-image":"","background-repeat":"repeat","background-position":"center center","background-size":"auto","background-attachment":"scroll","background-type":"","background-media":"","overlay-type":"","overlay-color":"","overlay-opacity":"","overlay-gradient":""}},"ast-content-background-meta":{"desktop":{"background-color":"var(--ast-global-color-5)","background-image":"","background-repeat":"repeat","background-position":"center center","background-size":"auto","background-attachment":"scroll","background-type":"","background-media":"","overlay-type":"","overlay-color":"","overlay-opacity":"","overlay-gradient":""},"tablet":{"background-color":"var(--ast-global-color-5)","background-image":"","background-repeat":"repeat","background-position":"center center","background-size":"auto","background-attachment":"scroll","background-type":"","background-media":"","overlay-type":"","overlay-color":"","overlay-opacity":"","overlay-gradient":""},"mobile":{"background-color":"var(--ast-global-color-5)","background-image":"","background-repeat":"repeat","background-position":"center center","background-size":"auto","background-attachment":"scroll","background-type":"","background-media":"","overlay-type":"","overlay-color":"","overlay-opacity":"","overlay-gradient":""}},"_themeisle_gutenberg_block_has_review":false,"footnotes":""},"class_list":["post-19716","page","type-page","status-publish","hentry"],"acf":[],"featured_image_urls_v2":{"full":"","thumbnail":"","medium":"","medium_large":"","large":"","1536x1536":"","2048x2048":"","menu-24x24":"","menu-36x36":"","menu-48x48":"","mailpoet_newsletter_max":""},"post_excerpt_stackable_v2":"<p>Agroturystyka:&nbsp;zestawienie bibliograficzne. Ostro\u0142\u0119ka: BP, 2019Aplikacje mobilne:&nbsp;zestawienie bibliograficzne. Ostro\u0142\u0119ka: BP, 2020Bezpieczne i ciekawe wakacje:&nbsp;zestawienie bibliograficzne artyku\u0142\u00f3w z czasopism. Ostro\u0142\u0119ka: BP, 2020Bitwa Warszawska 1920r.:&nbsp;zestawienie bibliograficzne. Ostro\u0142\u0119ka: BP, 2020Coaching:&nbsp;zestawienie bibliograficzne za lata 2014-2019. Ostro\u0142\u0119ka: BP, 2019Edukacja ekologiczna:&nbsp;zestawienie bibliograficzne. Ostro\u0142\u0119ka: BP, 2021Edukacja filmowa:&nbsp;zestawienie bibliograficzne. Ostro\u0142\u0119ka: BP, 2019Jako\u015b\u0107 \u017cycia senior\u00f3w:&nbsp;zestawienie bibliograficzne. Ostro\u0142\u0119ka: BP, 2019Konfederacja barska:&nbsp;zestawienie bibliograficzne. Ostro\u0142\u0119ka : BP, 2018Nordic walking:&nbsp;zestawienie bibliograficzne artyku\u0142\u00f3w z czasopism. Ostro\u0142\u0119ka: BP, 2020Ocieplenie klimatu:&nbsp;zestawienie bibliograficzne za lata 2015-2021. Ostro\u0142\u0119ka: BP, 2021Parki narodowe: zestawienie bibliograficzne. Ostro\u0142\u0119ka: BP, 2021Powstania \u015bl\u0105skie 1919-1921 r: zestawienie bibliograficzne. Ostro\u0142\u0119ka: BP, 2019Powstanie Wielkopolskie 1918-1919: zestawienie bibliograficzne. Ostro\u0142\u0119ka: BP, 2018Prawa kobiet:&nbsp;zestawienie bibliograficzne w wyborze. Ostro\u0142\u0119ka; 2018Recykling:&nbsp;zestawienie bibliograficzne. Ostro\u0142\u0119ka:&hellip;<\/p>\n","category_list_v2":"","author_info_v2":{"name":"uzytkownik niezalogowany","url":"https:\/\/bp.ostroleka.pl\/ru\/author\/1705578372katarzyna-domagalamazovia-pl\/"},"comments_num_v2":"0 \u043a\u043e\u043c\u043c\u0435\u043d\u0442\u0430\u0440\u0438\u0435\u0432","_links":{"self":[{"href":"https:\/\/bp.ostroleka.pl\/ru\/wp-json\/wp\/v2\/pages\/19716","targetHints":{"allow":["GET"]}}],"collection":[{"href":"https:\/\/bp.ostroleka.pl\/ru\/wp-json\/wp\/v2\/pages"}],"about":[{"href":"https:\/\/bp.ostroleka.pl\/ru\/wp-json\/wp\/v2\/types\/page"}],"author":[{"embeddable":true,"href":"https:\/\/bp.ostroleka.pl\/ru\/wp-json\/wp\/v2\/users\/1603"}],"replies":[{"embeddable":true,"href":"https:\/\/bp.ostroleka.pl\/ru\/wp-json\/wp\/v2\/comments?post=19716"}],"version-history":[{"count":0,"href":"https:\/\/bp.ostroleka.pl\/ru\/wp-json\/wp\/v2\/pages\/19716\/revisions"}],"wp:attachment":[{"href":"https:\/\/bp.ostroleka.pl\/ru\/wp-json\/wp\/v2\/media?parent=19716"}],"curies":[{"name":"wp","href":"https:\/\/api.w.org\/{rel}","templated":true}]}}