{"id":19712,"date":"2021-12-27T10:23:12","date_gmt":"2021-12-27T09:23:12","guid":{"rendered":"https:\/\/bp.ostroleka.pl\/bibliotekarstwo-czytelnictwo\/"},"modified":"2025-01-03T17:44:49","modified_gmt":"2025-01-03T16:44:49","slug":"bibliotekarstwo-czytelnictwo","status":"publish","type":"page","link":"https:\/\/bp.ostroleka.pl\/ru\/bibliotekarstwo-czytelnictwo\/","title":{"rendered":"Bibliotekarstwo. Czytelnictwo."},"content":{"rendered":"\n<figure class=\"wp-block-table is-style-stripes\"><table><tbody><tr><td><a href=\"https:\/\/bp.ostroleka.pl\/biblioteka-szkolna-jako-centrum-informacji-multimedialnej\/\" data-type=\"post\" data-id=\"72418\">Biblioteka szkolna jako centrum informacji multimedialnej:<\/a> zestawienie bibliograficzne w wyborze. Ostro\u0142\u0119ka: BP, 2007<\/td><\/tr><tr><td><a href=\"https:\/\/bp.ostroleka.pl\/biblioteki-cyfrowe\/\" data-type=\"post\" data-id=\"72427\">Biblioteki cyfrowe:<\/a> zestawienie bibliograficzne. Ostro\u0142\u0119ka: BP, 2010<\/td><\/tr><tr><td><a href=\"https:\/\/bp.ostroleka.pl\/biblioteki-szkolne-na-swiecie\/\" data-type=\"post\" data-id=\"72439\">Biblioteki szkolne na \u015bwiecie:<\/a> zestawienie bibliograficzne artyku\u0142\u00f3w z czasopism. Ostro\u0142\u0119ka: BP, 2010<\/td><\/tr><tr><td><a href=\"https:\/\/bp.ostroleka.pl\/bibliotekoznawstwo-i-informacja-naukowa-teoria-i-praktyka\/\" data-type=\"post\" data-id=\"72448\">Bibliotekoznawstwo i informacja naukowa (teoria i praktyka): <\/a>Zestawienie bibliograficzne zbior\u00f3w BP w Ostro\u0142\u0119ce (za lata 2015-2020)<\/td><\/tr><tr><td><a href=\"https:\/\/bp.ostroleka.pl\/biblioterapia\/\" data-type=\"post\" data-id=\"72457\">Biblioterapia:<\/a> Ostro\u0142\u0119ka: BP, 2004<\/td><\/tr><tr><td><a href=\"https:\/\/bp.ostroleka.pl\/biblioterapia-2\/\" data-type=\"post\" data-id=\"72466\">Biblioterapia:<\/a> zestawienie bibliograficzne za lata 1990-2010. Ostro\u0142\u0119ka: BP, 2010<\/td><\/tr><tr><td><a href=\"https:\/\/bp.ostroleka.pl\/szkolnictwo-w-belgii-danii-i-holandii\/\">Czasopisma dzieci\u0119ce i m\u0142odzie\u017cowe<\/a>: zestawienie bibliograficzne. Ostro\u0142\u0119ka: BP, 2008<\/td><\/tr><tr><td><a href=\"\/czytelnictwo-dzieci-i-mlodziezy\/\">Czytelnictwo dzieci i m\u0142odzie\u017cy<\/a>: zestawienie bibliograficzne za lata 1989 \u2013 2009<\/td><\/tr><tr><td><a href=\"https:\/\/bp.ostroleka.pl\/ru\/czytelnictwo\/\">Czytelnictwo dzieci i m\u0142odzie\u017cy<\/a>: zestawienie bibliograficzne w wyborze. Ostro\u0142\u0119ka: BP, 2019<\/td><\/tr><tr><td><a href=\"https:\/\/bp.ostroleka.pl\/ru\/dokumentacja\/\">Dokumentacja w bibliotece szkolnej:<\/a>&nbsp;Wykaz artyku\u0142\u00f3w z czasopism dost\u0119pnych w Bibliotece Pedagogicznej w Ostro\u0142\u0119ce.<\/td><\/tr><tr><td><a href=\"\/dzialalnosc-bibliograficzna\/\">Dzia\u0142alno\u015b\u0107 informacyjna bibliotek:<\/a>: zestawienie bibliograficzne. Ostro\u0142\u0119ka: BP, 2009<\/td><\/tr><tr><td><a href=\"\/e-ksiazki-i-e-czytanie\/\">E-ksi\u0105\u017cki i e-czytanie<\/a>: zestawienie bibliograficzne w wyborze. Ostro\u0142\u0119ka: BP, 2020<\/td><\/tr><tr><td><a href=\"\/informacja-naukowa\/\">Informacja naukowa<\/a>: zestawienia bibliograficzne w wyborze. Ostro\u0142\u0119ka: BP, 2014<\/td><\/tr><tr><td><a href=\"\/internet-a-bibliotekarstwo\/\">Internet a bibliotekarstwo<\/a>: zestawienia bibliograficzne. Ostro\u0142\u0119ka: BP, 2013<\/td><\/tr><tr><td><a href=\"\/konkursy-czytelnicze\/\">Konkursy czytelnicze<\/a>: zestawienie bibliograficzne. Ostro\u0142\u0119ka: BP, 2006<\/td><\/tr><tr><td><a href=\"\/konkursy-szkolne-popularyzujace-czytelnictwo\/\">Konkursy szkolne popularyzuj\u0105ce czytelnictwo<\/a>: zestawienie bibliograficzne artyku\u0142\u00f3w z czasopism za lata 2007-2015. Ostro\u0142\u0119ka : BP, 2015.<\/td><\/tr><tr><td><a href=\"\/marketing-i-public-relations-w-bibliotece\/\">Marketing i public relations w bibliotece<\/a>: zestawienie bibliograficzne. Ostro\u0142\u0119ka: BP, 2007<\/td><\/tr><tr><td><a href=\"\/metody-pracy\/\">Marketing i public relations w bibliotece<\/a>: zestawienie bibliograficzne. Ostro\u0142\u0119ka: BP, 2008<\/td><\/tr><tr><td><a href=\"\/nauczyciel-bibliotekarz\/\">Nauczyciel-bibliotekarz<\/a>: zestawienia bibliograficzne. Ostro\u0142\u0119ka: BP, 2011<\/td><\/tr><tr><td><a href=\"\/narodowe\/\">Narodowe \u015awi\u0119to Niepodleg\u0142o\u015bci:&nbsp;<\/a>wykaz materia\u0142\u00f3w repertuarowych. Ostro\u0142\u0119ka: BP, 2018<\/td><\/tr><tr><td><a href=\"\/pasowanie-na-czytelnika\/\">Pasowanie na czytelnika:<\/a> zestawienie bibliograficzne. Ostro\u0142\u0119ka: BP, 2008<\/td><\/tr><tr><td><a href=\"\/rola-2\/\">Rola biblioteki w spo\u0142eczno\u015bci lokalnej:<\/a>&nbsp;Zestawienie bibliograficzne artyku\u0142\u00f3w z czasopism za lata 2000-2020<\/td><\/tr><tr><td><a href=\"\/rola\/\">Rola ksi\u0105\u017cki w rozwoju dziecka w wieku wczesnoszkolnym:<\/a>&nbsp;zestawienie bibliograficzne. Ostro\u0142\u0119ka: BP, 2019<\/td><\/tr><tr><td><a href=\"\/scenariusze-zajec-bibliotecznych\/\">Scenariusze lekcji bibliotecznych<\/a>: zestawienie bibliograficzne za lata 1995-2012. Ostro\u0142\u0119ka: BP, 2012<\/td><\/tr><tr><td><a href=\"https:\/\/bp.ostroleka.pl\/technologie\/\">Technologie informacyjno-komunikacyjne w pracy bibliotekarza:<\/a>&nbsp;zestawienie bibliograficzne. Ostro\u0142\u0119ka: BP, 2021<\/td><\/tr><\/tbody><\/table><\/figure>\n","protected":false},"excerpt":{"rendered":"<p>Biblioteka szkolna jako centrum informacji multimedialnej: zestawienie bibliograficzne w wyborze. Ostro\u0142\u0119ka: BP, 2007 Biblioteki cyfrowe: zestawienie bibliograficzne. Ostro\u0142\u0119ka: BP, 2010 [&hellip;]<\/p>\n","protected":false},"author":10,"featured_media":0,"parent":0,"menu_order":0,"comment_status":"closed","ping_status":"closed","template":"","meta":{"_acf_changed":false,"_oasis_is_in_workflow":0,"_oasis_original":0,"inline_featured_image":false,"site-sidebar-layout":"default","site-content-layout":"","ast-site-content-layout":"default","site-content-style":"default","site-sidebar-style":"default","ast-global-header-display":"","ast-banner-title-visibility":"","ast-main-header-display":"","ast-hfb-above-header-display":"","ast-hfb-below-header-display":"","ast-hfb-mobile-header-display":"","site-post-title":"","ast-breadcrumbs-content":"","ast-featured-img":"","footer-sml-layout":"","ast-disable-related-posts":"","theme-transparent-header-meta":"","adv-header-id-meta":"","stick-header-meta":"","header-above-stick-meta":"","header-main-stick-meta":"","header-below-stick-meta":"","astra-migrate-meta-layouts":"default","ast-page-background-enabled":"default","ast-page-background-meta":{"desktop":{"background-color":"","background-image":"","background-repeat":"repeat","background-position":"center center","background-size":"auto","background-attachment":"scroll","background-type":"","background-media":"","overlay-type":"","overlay-color":"","overlay-opacity":"","overlay-gradient":""},"tablet":{"background-color":"","background-image":"","background-repeat":"repeat","background-position":"center center","background-size":"auto","background-attachment":"scroll","background-type":"","background-media":"","overlay-type":"","overlay-color":"","overlay-opacity":"","overlay-gradient":""},"mobile":{"background-color":"","background-image":"","background-repeat":"repeat","background-position":"center center","background-size":"auto","background-attachment":"scroll","background-type":"","background-media":"","overlay-type":"","overlay-color":"","overlay-opacity":"","overlay-gradient":""}},"ast-content-background-meta":{"desktop":{"background-color":"var(--ast-global-color-5)","background-image":"","background-repeat":"repeat","background-position":"center center","background-size":"auto","background-attachment":"scroll","background-type":"","background-media":"","overlay-type":"","overlay-color":"","overlay-opacity":"","overlay-gradient":""},"tablet":{"background-color":"var(--ast-global-color-5)","background-image":"","background-repeat":"repeat","background-position":"center center","background-size":"auto","background-attachment":"scroll","background-type":"","background-media":"","overlay-type":"","overlay-color":"","overlay-opacity":"","overlay-gradient":""},"mobile":{"background-color":"var(--ast-global-color-5)","background-image":"","background-repeat":"repeat","background-position":"center center","background-size":"auto","background-attachment":"scroll","background-type":"","background-media":"","overlay-type":"","overlay-color":"","overlay-opacity":"","overlay-gradient":""}},"_themeisle_gutenberg_block_has_review":false,"footnotes":""},"class_list":["post-19712","page","type-page","status-publish","hentry"],"acf":[],"featured_image_urls_v2":{"full":"","thumbnail":"","medium":"","medium_large":"","large":"","1536x1536":"","2048x2048":"","menu-24x24":"","menu-36x36":"","menu-48x48":"","mailpoet_newsletter_max":""},"post_excerpt_stackable_v2":"<p>Biblioteka szkolna jako centrum informacji multimedialnej: zestawienie bibliograficzne w wyborze. Ostro\u0142\u0119ka: BP, 2007Biblioteki cyfrowe: zestawienie bibliograficzne. Ostro\u0142\u0119ka: BP, 2010Biblioteki szkolne na \u015bwiecie: zestawienie bibliograficzne artyku\u0142\u00f3w z czasopism. Ostro\u0142\u0119ka: BP, 2010Bibliotekoznawstwo i informacja naukowa (teoria i praktyka): Zestawienie bibliograficzne zbior\u00f3w BP w Ostro\u0142\u0119ce (za lata 2015-2020)Biblioterapia: Ostro\u0142\u0119ka: BP, 2004Biblioterapia: zestawienie bibliograficzne za lata 1990-2010. Ostro\u0142\u0119ka: BP, 2010Czasopisma dzieci\u0119ce i m\u0142odzie\u017cowe: zestawienie bibliograficzne. Ostro\u0142\u0119ka: BP, 2008Czytelnictwo dzieci i m\u0142odzie\u017cy: zestawienie bibliograficzne za lata 1989 \u2013 2009Czytelnictwo dzieci i m\u0142odzie\u017cy: zestawienie bibliograficzne w wyborze. Ostro\u0142\u0119ka: BP, 2019Dokumentacja w bibliotece szkolnej:&nbsp;Wykaz artyku\u0142\u00f3w z czasopism dost\u0119pnych w Bibliotece Pedagogicznej w Ostro\u0142\u0119ce.Dzia\u0142alno\u015b\u0107 informacyjna bibliotek:: zestawienie bibliograficzne.&hellip;<\/p>\n","category_list_v2":"","author_info_v2":{"name":"bWdyemVnb3Jjenlr","url":"https:\/\/bp.ostroleka.pl\/ru\/author\/bwdyemvnb3jjenlr\/"},"comments_num_v2":"0 \u043a\u043e\u043c\u043c\u0435\u043d\u0442\u0430\u0440\u0438\u0435\u0432","_links":{"self":[{"href":"https:\/\/bp.ostroleka.pl\/ru\/wp-json\/wp\/v2\/pages\/19712","targetHints":{"allow":["GET"]}}],"collection":[{"href":"https:\/\/bp.ostroleka.pl\/ru\/wp-json\/wp\/v2\/pages"}],"about":[{"href":"https:\/\/bp.ostroleka.pl\/ru\/wp-json\/wp\/v2\/types\/page"}],"author":[{"embeddable":true,"href":"https:\/\/bp.ostroleka.pl\/ru\/wp-json\/wp\/v2\/users\/10"}],"replies":[{"embeddable":true,"href":"https:\/\/bp.ostroleka.pl\/ru\/wp-json\/wp\/v2\/comments?post=19712"}],"version-history":[{"count":3,"href":"https:\/\/bp.ostroleka.pl\/ru\/wp-json\/wp\/v2\/pages\/19712\/revisions"}],"predecessor-version":[{"id":72478,"href":"https:\/\/bp.ostroleka.pl\/ru\/wp-json\/wp\/v2\/pages\/19712\/revisions\/72478"}],"wp:attachment":[{"href":"https:\/\/bp.ostroleka.pl\/ru\/wp-json\/wp\/v2\/media?parent=19712"}],"curies":[{"name":"wp","href":"https:\/\/api.w.org\/{rel}","templated":true}]}}