{"id":19707,"date":"2015-11-25T15:03:25","date_gmt":"2015-11-25T14:03:25","guid":{"rendered":"https:\/\/bp.ostroleka.pl\/patologia\/"},"modified":"2025-10-04T10:25:08","modified_gmt":"2025-10-04T08:25:08","slug":"patologia","status":"publish","type":"page","link":"https:\/\/bp.ostroleka.pl\/ru\/patologia\/","title":{"rendered":"Patologia spoleczna. Agresywno\u015b\u0107. Uzale\u017cnienia. Przemoc"},"content":{"rendered":"\n<figure class=\"wp-block-table table table-striped is-style-stripes\"><table><tbody><tr><td><a href=\"https:\/\/bp.ostroleka.pl\/alkoholizm\/\">Alkoholizm dzieci i m\u0142odzie\u017cy:<\/a> zestawienie bibliograficzne. Ostro\u0142\u0119ka: BP, 2021<\/td><\/tr><tr><td><a href=\"https:\/\/bp.ostroleka.pl\/anoreksja-i-bulimia\/\" data-type=\"post\" data-id=\"72019\">Anoreksja i bulimia:<\/a> zestawienie bibliograficzne. Ostro\u0142\u0119ka: BP, 2007<\/td><\/tr><tr><td><a href=\"https:\/\/bp.ostroleka.pl\/cyberprzemoc-i-cyberuzaleznienia\/\" data-type=\"post\" data-id=\"72028\">Cyberprzemoc:<\/a> zestawienie bibliograficzne. Ostro\u0142\u0119ka: BP, 2012<\/td><\/tr><tr><td><a href=\"https:\/\/bp.ostroleka.pl\/cyberuzaleznienia\/\" data-type=\"post\" data-id=\"72040\">Cyberuzale\u017cnienia:<\/a> zestawienie bibliograficzne. Ostro\u0142\u0119ka: BP, 2012<\/td><\/tr><tr><td><a href=\"https:\/\/bp.ostroleka.pl\/cyberuzaleznienia-2\/\">Cyberuzale\u017cnienia<\/a>: zestawienie bibliograficzne. Ostro\u0142\u0119ka: BP, 2021<\/td><\/tr><tr><td><a href=\"https:\/\/bp.ostroleka.pl\/dopalacze\/\" data-type=\"post\" data-id=\"72049\">Dopalacze:<\/a> Ostro\u0142\u0119ka: BP, 2016<\/td><\/tr><tr><td><a href=\"https:\/\/bp.ostroleka.pl\/fonoholizm\/\" data-type=\"post\" data-id=\"72058\">Fonoholizm:<\/a> zestawienie bibliograficzne. Ostro\u0142\u0119ka: BP, 2020<\/td><\/tr><tr><td><a href=\"https:\/\/bp.ostroleka.pl\/ru\/profilaktyka-agresji-i-przemocy-w-szkole\/\">Profilaktyka agresji i przemocy w szkole<\/a>: wykaz ksi\u0105\u017cek i artyku\u0142\u00f3w z czasopism za lata 2000-2014. Ostro\u0142\u0119ka: BP, 2014<\/td><\/tr><tr><td><a href=\"https:\/\/bp.ostroleka.pl\/profilaktyka-przemocy-rowiesniczej-2\/\" data-type=\"post\" data-id=\"70819\" target=\"_blank\" rel=\"noreferrer noopener\">Profilaktyka przemocy r\u00f3wie\u015bniczej:<\/a> zestawienie bibliograficzne w wyborze. Ostro\u0142\u0119ka: BP, 2025<\/td><\/tr><tr><td><a href=\"https:\/\/bp.ostroleka.pl\/ru\/profilaktyka-3\/\">Profilaktyka uzale\u017cnie\u0144 w szko\u0142ach i plac\u00f3wkach o\u015bwiatowych<\/a>: zestawienie bibliograficzne w wyborze. Ostro\u0142\u0119ka: BP, 2019<\/td><\/tr><tr><td><a href=\"https:\/\/bp.ostroleka.pl\/prostytucja-nieletnich\/\" data-type=\"post\" data-id=\"72067\">Prostytucja nieletnich:<\/a> zestawienie bibliograficzne. Ostro\u0142\u0119ka: BP, 2010<\/td><\/tr><tr><td><a href=\"https:\/\/bp.ostroleka.pl\/przeciwdzialanie-przemocy-wobec-dzieci\/\" data-type=\"post\" data-id=\"70819\">Przeciwdzia\u0142anie przemocy wobec dzieci (dla nauczycieli przedszkoli):<\/a> zestawienie bibliograficzne w wyborze. Ostro\u0142\u0119ka: BP, 2024<\/td><\/tr><tr><td><a href=\"https:\/\/bp.ostroleka.pl\/przeciwdzialanie-przemocy-wobec-dzieci-i-mlodziezy\/\" data-type=\"post\" data-id=\"71953\">Przeciwdzia\u0142anie przemocy wobec dzieci i m\u0142odzie\u017cy (dla nauczycieli szk\u00f3\u0142 podstawowych):<\/a> zestawienie bibliograficzne w wyborze. Ostro\u0142\u0119ka: BP, 2024<\/td><\/tr><tr><td><a href=\"https:\/\/bp.ostroleka.pl\/przeciwdzialanie-przemocy-wobec-dzieci-i-mlodziezy-2\/\" data-type=\"post\" data-id=\"71977\">Przeciwdzia\u0142anie przemocy wobec dzieci i m\u0142odzie\u017cy (dla nauczycieli szk\u00f3\u0142 \u015brednich):<\/a> zestawienie bibliograficzne w wyborze. Ostro\u0142\u0119ka: BP, 2024<\/td><\/tr><tr><td><a href=\"https:\/\/bp.ostroleka.pl\/przemoc-i-agresja-w-szkole-i-srodowisku-wychowawczym-dziecka\/\" data-type=\"post\" data-id=\"72076\">Przemoc i agresja w szkole i \u015brodowisku wychowawczym dziecka:<\/a> Ostro\u0142\u0119ka: BP, 2003<\/td><\/tr><tr><td><a href=\"https:\/\/bp.ostroleka.pl\/przestepczosc-nieletnich-i-mlodocianych\/\" data-type=\"post\" data-id=\"72085\">Przest\u0119pczo\u015b\u0107 nieletnich i m\u0142odocianych:<\/a> zestawienie bibliograficzne za lata 1990 &#8212; 2010. Ostro\u0142\u0119ka: BP, 2010<\/td><\/tr><tr><td><a href=\"https:\/\/bp.ostroleka.pl\/uzaleznienia-behawioralne-2\/\" data-type=\"post\" data-id=\"72094\">Uzale\u017cnienia behawioralne:<\/a> zestawienie bibliograficzne za lata 2025-2022. Ostro\u0142\u0119ka: BP, 2022<\/td><\/tr><\/tbody><\/table><\/figure>\n","protected":false},"excerpt":{"rendered":"<p>Alkoholizm dzieci i m\u0142odzie\u017cy: zestawienie bibliograficzne. Ostro\u0142\u0119ka: BP, 2021 Anoreksja i bulimia: zestawienie bibliograficzne. Ostro\u0142\u0119ka: BP, 2007 Cyberprzemoc: zestawienie bibliograficzne. [&hellip;]<\/p>\n","protected":false},"author":1603,"featured_media":0,"parent":0,"menu_order":0,"comment_status":"closed","ping_status":"closed","template":"","meta":{"_acf_changed":false,"_oasis_is_in_workflow":0,"_oasis_original":0,"inline_featured_image":false,"site-sidebar-layout":"default","site-content-layout":"","ast-site-content-layout":"default","site-content-style":"default","site-sidebar-style":"default","ast-global-header-display":"","ast-banner-title-visibility":"","ast-main-header-display":"","ast-hfb-above-header-display":"","ast-hfb-below-header-display":"","ast-hfb-mobile-header-display":"","site-post-title":"","ast-breadcrumbs-content":"","ast-featured-img":"","footer-sml-layout":"","ast-disable-related-posts":"","theme-transparent-header-meta":"","adv-header-id-meta":"","stick-header-meta":"","header-above-stick-meta":"","header-main-stick-meta":"","header-below-stick-meta":"","astra-migrate-meta-layouts":"default","ast-page-background-enabled":"default","ast-page-background-meta":{"desktop":{"background-color":"","background-image":"","background-repeat":"repeat","background-position":"center center","background-size":"auto","background-attachment":"scroll","background-type":"","background-media":"","overlay-type":"","overlay-color":"","overlay-opacity":"","overlay-gradient":""},"tablet":{"background-color":"","background-image":"","background-repeat":"repeat","background-position":"center center","background-size":"auto","background-attachment":"scroll","background-type":"","background-media":"","overlay-type":"","overlay-color":"","overlay-opacity":"","overlay-gradient":""},"mobile":{"background-color":"","background-image":"","background-repeat":"repeat","background-position":"center center","background-size":"auto","background-attachment":"scroll","background-type":"","background-media":"","overlay-type":"","overlay-color":"","overlay-opacity":"","overlay-gradient":""}},"ast-content-background-meta":{"desktop":{"background-color":"var(--ast-global-color-5)","background-image":"","background-repeat":"repeat","background-position":"center center","background-size":"auto","background-attachment":"scroll","background-type":"","background-media":"","overlay-type":"","overlay-color":"","overlay-opacity":"","overlay-gradient":""},"tablet":{"background-color":"var(--ast-global-color-5)","background-image":"","background-repeat":"repeat","background-position":"center center","background-size":"auto","background-attachment":"scroll","background-type":"","background-media":"","overlay-type":"","overlay-color":"","overlay-opacity":"","overlay-gradient":""},"mobile":{"background-color":"var(--ast-global-color-5)","background-image":"","background-repeat":"repeat","background-position":"center center","background-size":"auto","background-attachment":"scroll","background-type":"","background-media":"","overlay-type":"","overlay-color":"","overlay-opacity":"","overlay-gradient":""}},"_themeisle_gutenberg_block_has_review":false,"footnotes":""},"class_list":["post-19707","page","type-page","status-publish","hentry"],"acf":[],"featured_image_urls_v2":{"full":"","thumbnail":"","medium":"","medium_large":"","large":"","1536x1536":"","2048x2048":"","menu-24x24":"","menu-36x36":"","menu-48x48":"","mailpoet_newsletter_max":""},"post_excerpt_stackable_v2":"<p>Alkoholizm dzieci i m\u0142odzie\u017cy: zestawienie bibliograficzne. Ostro\u0142\u0119ka: BP, 2021Anoreksja i bulimia: zestawienie bibliograficzne. Ostro\u0142\u0119ka: BP, 2007Cyberprzemoc: zestawienie bibliograficzne. Ostro\u0142\u0119ka: BP, 2012Cyberuzale\u017cnienia: zestawienie bibliograficzne. Ostro\u0142\u0119ka: BP, 2012Cyberuzale\u017cnienia: zestawienie bibliograficzne. Ostro\u0142\u0119ka: BP, 2021Dopalacze: Ostro\u0142\u0119ka: BP, 2016Fonoholizm: zestawienie bibliograficzne. Ostro\u0142\u0119ka: BP, 2020Profilaktyka agresji i przemocy w szkole: wykaz ksi\u0105\u017cek i artyku\u0142\u00f3w z czasopism za lata 2000-2014. Ostro\u0142\u0119ka: BP, 2014Profilaktyka przemocy r\u00f3wie\u015bniczej: zestawienie bibliograficzne w wyborze. Ostro\u0142\u0119ka: BP, 2025Profilaktyka uzale\u017cnie\u0144 w szko\u0142ach i plac\u00f3wkach o\u015bwiatowych: zestawienie bibliograficzne w wyborze. Ostro\u0142\u0119ka: BP, 2019Prostytucja nieletnich: zestawienie bibliograficzne. Ostro\u0142\u0119ka: BP, 2010Przeciwdzia\u0142anie przemocy wobec dzieci (dla nauczycieli przedszkoli): zestawienie bibliograficzne w wyborze. Ostro\u0142\u0119ka: BP, 2024Przeciwdzia\u0142anie przemocy wobec dzieci&hellip;<\/p>\n","category_list_v2":"","author_info_v2":{"name":"uzytkownik niezalogowany","url":"https:\/\/bp.ostroleka.pl\/ru\/author\/1705578372katarzyna-domagalamazovia-pl\/"},"comments_num_v2":"0 \u043a\u043e\u043c\u043c\u0435\u043d\u0442\u0430\u0440\u0438\u0435\u0432","_links":{"self":[{"href":"https:\/\/bp.ostroleka.pl\/ru\/wp-json\/wp\/v2\/pages\/19707","targetHints":{"allow":["GET"]}}],"collection":[{"href":"https:\/\/bp.ostroleka.pl\/ru\/wp-json\/wp\/v2\/pages"}],"about":[{"href":"https:\/\/bp.ostroleka.pl\/ru\/wp-json\/wp\/v2\/types\/page"}],"author":[{"embeddable":true,"href":"https:\/\/bp.ostroleka.pl\/ru\/wp-json\/wp\/v2\/users\/1603"}],"replies":[{"embeddable":true,"href":"https:\/\/bp.ostroleka.pl\/ru\/wp-json\/wp\/v2\/comments?post=19707"}],"version-history":[{"count":9,"href":"https:\/\/bp.ostroleka.pl\/ru\/wp-json\/wp\/v2\/pages\/19707\/revisions"}],"predecessor-version":[{"id":100603,"href":"https:\/\/bp.ostroleka.pl\/ru\/wp-json\/wp\/v2\/pages\/19707\/revisions\/100603"}],"wp:attachment":[{"href":"https:\/\/bp.ostroleka.pl\/ru\/wp-json\/wp\/v2\/media?parent=19707"}],"curies":[{"name":"wp","href":"https:\/\/api.w.org\/{rel}","templated":true}]}}