{"id":19703,"date":"2015-11-25T15:02:46","date_gmt":"2015-11-25T14:02:46","guid":{"rendered":"https:\/\/bp.ostroleka.pl\/psychologia\/"},"modified":"2026-03-31T16:02:51","modified_gmt":"2026-03-31T14:02:51","slug":"psychologia","status":"publish","type":"page","link":"https:\/\/bp.ostroleka.pl\/ru\/psychologia\/","title":{"rendered":"Psychologia"},"content":{"rendered":"\n<figure class=\"wp-block-table table table-striped is-style-stripes\"><table><tbody><tr><td><a href=\"https:\/\/bp.ostroleka.pl\/asertywnosc\/\" data-type=\"post\" data-id=\"71506\">Asertywno\u015b\u0107:<\/a> Ostro\u0142\u0119ka: BP, 2003<\/td><\/tr><tr><td><a href=\"https:\/\/bp.ostroleka.pl\/depresja-dzieci-i-mlodziezy\/\" data-type=\"post\" data-id=\"96376\">Depresja dzieci i m\u0142odzie\u017cy:<\/a> zestawienie bibliograficzne za lata 2015 \u2013 2025. Ostro\u0142\u0119ka: BP, 2025<\/td><\/tr><tr><td><a href=\"https:\/\/bp.ostroleka.pl\/empatia\/\" data-type=\"post\" data-id=\"71515\">Empatia:<\/a> zestawienie bibliograficzne. Ostro\u0142\u0119ka: BP, 2016<\/td><\/tr><tr><td><a href=\"https:\/\/bp.ostroleka.pl\/inteligencja-emocjonalna\/\" data-type=\"post\" data-id=\"71524\">Inteligencja emocjonalna: <\/a>zestawienie bibliograficzne: BP, 2017<\/td><\/tr><tr><td><a href=\"https:\/\/bp.ostroleka.pl\/kinezjologia-edukacyjna\/\" data-type=\"post\" data-id=\"71533\">Kinezjologia edukacyjna:<\/a> zestawienie bibliograficzne. Ostro\u0142\u0119ka: BP, 2017<\/td><\/tr><tr><td><a href=\"https:\/\/bp.ostroleka.pl\/komunikacja-spoleczna\/\" data-type=\"post\" data-id=\"71542\">Komunikacja spo\u0142eczna:<\/a> zestawienie bibliograficzne. Ostro\u0142\u0119ka: BP, 2009<\/td><\/tr><tr><td><a href=\"https:\/\/bp.ostroleka.pl\/kreatywnosc-i-aktywnosc-tworcza\/\" data-type=\"post\" data-id=\"71551\">Kreatywno\u015b\u0107 i aktywno\u015b\u0107 tw\u00f3rcza:<\/a> zestawienie bibliograficzne za lata 2000 &#8212; 2009. Ostro\u0142\u0119ka: BP, 2009<\/td><\/tr><tr><td><a href=\"https:\/\/bp.ostroleka.pl\/mindfulness\/\" data-type=\"post\" data-id=\"15727\">Mindfulness:<\/a> zestawienie bibliograficzne ksi\u0105\u017cek, artyku\u0142\u00f3w z czasopism i zbior\u00f3w audiowizualnych dost\u0119pnych w Bibliotece Pedagogicznej w Ostro\u0142\u0119ce. Ostro\u0142\u0119ka: BP, 2022<\/td><\/tr><tr><td><a href=\"https:\/\/bp.ostroleka.pl\/mlodociane-matki\/\" data-type=\"post\" data-id=\"71569\">M\u0142odociane matki:<\/a> zestawienie bibliograficzne. Ostro\u0142\u0119ka: BP, 2012.<\/td><\/tr><tr><td><a href=\"https:\/\/bp.ostroleka.pl\/myslenie-tworcze\/\" data-type=\"post\" data-id=\"71578\">My\u015blenie tw\u00f3rcze.<\/a><a href=\"https:\/\/bp.ostroleka.pl\/myslenie-tworcze\/\">&nbsp;<\/a> Ostro\u0142\u0119ka : BP, 2014<\/td><\/tr><tr><td><a href=\"https:\/\/bp.ostroleka.pl\/neuroedukacja-i-neurodydaktyka\/\" data-type=\"post\" data-id=\"71599\">Neuroedukacja i neurodydaktyka:<\/a> zestawienie bibliograficzne za lata 2005-2017. Ostro\u0142\u0119ka: BP, 2017<\/td><\/tr><tr><td><a href=\"https:\/\/bp.ostroleka.pl\/poczucie\/\" target=\"_blank\" rel=\"noreferrer noopener\">Poczucie w\u0142asnej warto\u015bci:<\/a> zestawienie bibliograficzne za lata 2015-2020. Ostro\u0142\u0119ka : BP,2021<\/td><\/tr><tr><td><a href=\"https:\/\/bp.ostroleka.pl\/psychologia-kliniczna\/\" data-type=\"post\" data-id=\"124744\">Psychologia kliniczna<\/a> : zestawienie bibliograficzne za lata 2015-2025. Ostro\u0142\u0119ka : BP, 2025<\/td><\/tr><tr><td><a href=\"https:\/\/bp.ostroleka.pl\/psychologia-pozytywna\/\" data-type=\"post\" data-id=\"72589\">Psychologia pozytywna: <\/a>zestawienie bibliograficzne. Ostro\u0142\u0119ka: BP, 2025<\/td><\/tr><tr><td><a href=\"https:\/\/bp.ostroleka.pl\/psychologia-roznic-indywidualnych\/\" data-type=\"post\" data-id=\"71608\">Psychologia r\u00f3\u017cnic indywidualnych:<\/a> zestawienie bibliograficzne. Ostro\u0142\u0119ka: BP, 2013<\/td><\/tr><tr><td><a href=\"https:\/\/bp.ostroleka.pl\/psychologia-spoleczna\/\" data-type=\"post\" data-id=\"71620\">Psychologia spo\u0142eczna:<\/a> Ostro\u0142\u0119ka: BP, 2018<\/td><\/tr><tr><td><a href=\"https:\/\/bp.ostroleka.pl\/psychologia-wychowawcza\/\" data-type=\"post\" data-id=\"71638\">Psychologia wychowawcza:<\/a><a href=\"https:\/\/bp.ostroleka.pl\/psychologia-wychowawcza\/\"> <\/a>zestawienie bibliograficzne za lata 1990-2010. Ostro\u0142\u0119ka: BP, 2011<\/td><\/tr><tr><td><a href=\"https:\/\/bp.ostroleka.pl\/psychologia-zdrowia\/\" data-type=\"post\" data-id=\"71650\">Psychologia zdrowia:<\/a><a href=\"http:\/\/bp.ostroleka.pl\/2023\/10\/09\/psychologia-zdrowia\/\"> <\/a>zestawienie bibliograficzne. Ostro\u0142\u0119ka: BP, 2023<\/td><\/tr><tr><td><a href=\"https:\/\/bp.ostroleka.pl\/samobojstwa-i-autoagresja\/\" data-type=\"post\" data-id=\"71659\">Samob\u00f3jstwa i autoagresja:<\/a><a href=\"https:\/\/bp.ostroleka.pl\/samobojstwa-i-autoagresja\/\"> <\/a>zestawienie bibliograficzne. Ostro\u0142\u0119ka: BP, 2013.<\/td><\/tr><tr><td><a href=\"https:\/\/bp.ostroleka.pl\/samotnosc-i-alienacja-dzieci-i-mlodziezy\/\" data-type=\"post\" data-id=\"71668\">Samotno\u015b\u0107 i alienacja dzieci i m\u0142odzie\u017cy:<\/a> Ostro\u0142\u0119ka: BP, 2005<\/td><\/tr><tr><td><a href=\"https:\/\/bp.ostroleka.pl\/stres\/\" data-type=\"post\" data-id=\"71680\">Stres:<\/a> zestawienie bibliograficzne za lata 1990-2007. Ostro\u0142\u0119ka: BP, 2007<\/td><\/tr><tr><td><a href=\"https:\/\/bp.ostroleka.pl\/stres-2\/\" data-type=\"post\" data-id=\"71695\">Stres:<\/a> zestawienie bibliograficzne w wyborze. Ostro\u0142\u0119ka: BP, 2018<\/td><\/tr><tr><td><a href=\"https:\/\/bp.ostroleka.pl\/terapia-poznawczo-behawioralna-cbt\/\" target=\"_blank\" data-type=\"post\" data-id=\"124726\" rel=\"noreferrer noopener\">Terapia poznawczo-behawioralna<\/a> : zestawienie bibliograficzne za lata 2000-2025. Ostro\u0142\u0119ka: BP, 2026<\/td><\/tr><tr><td><a href=\"https:\/\/bp.ostroleka.pl\/ru\/wypalenie-zawodowe-2\/\" data-type=\"post\" data-id=\"71719\">Wypalenie zawodowe:<\/a> zestawienie bibliograficzne w wyborze. Ostro\u0142\u0119ka: BP, 2012.<\/td><\/tr><tr><td><a href=\"https:\/\/bp.ostroleka.pl\/z-ksiazka-na-pomoc\/\" data-type=\"post\" data-id=\"71737\">Z ksi\u0105\u017ck\u0105 na pomoc:<\/a> bibliografia adnotowana. Ksi\u0105\u017cki dost\u0119pne w Wypo\u017cyczalni i Czytelni BP (wyb\u00f3r)<\/td><\/tr><tr><td><a href=\"https:\/\/bp.ostroleka.pl\/zaburzenia-mowy-2\/\" data-type=\"post\" data-id=\"71746\">Zaburzenia mowy:<\/a> zestawienie bibliograficzne. Ostro\u0142\u0119ka: BP, 2008<\/td><\/tr><tr><td><a href=\"https:\/\/bp.ostroleka.pl\/zaburzenia-odzywiania-2\/\" target=\"_blank\" data-type=\"post\" data-id=\"124710\" rel=\"noreferrer noopener\">Zaburzenia od\u017cywiania<\/a> : Zestawienie bibliograficzne za lata 2020-2025. Ostro\u0142\u0119ka : BP, 2026<\/td><\/tr><tr><td><a href=\"https:\/\/bp.ostroleka.pl\/zaburzenia-osobowosci\/\" data-type=\"post\" data-id=\"71761\">Zaburzenia osobowo\u015bci:<\/a> zestawienie bibliograficzne w wyborze. Ostro\u0142\u0119ka: BP, 2013.<\/td><\/tr><tr><td><a href=\"https:\/\/bp.ostroleka.pl\/zdrowie-psychiczne-dzieci-i-mlodziezy\/\" data-type=\"post\" data-id=\"71779\">Zdrowie psychiczne dzieci i m\u0142odzie\u017cy:<\/a> zestawienie bibliograficzne w wyborze za lata 2020 \u2013 2023. Ostro\u0142\u0119ka: BP, 2023<\/td><\/tr><tr><td><a href=\"https:\/\/bp.ostroleka.pl\/zdrowie-psychiczne-dzieci-i-mlodziezy-2\/\" data-type=\"post\" data-id=\"71923\">Zdrowie psychiczne dzieci i m\u0142odzie\u017cy<\/a>: zestawienie artyku\u0142\u00f3w z czasopism w wyborze za lata 2023 \u2013 2024. Ostro\u0142\u0119ka: BP, 2024<\/td><\/tr><tr><td><a href=\"https:\/\/bp.ostroleka.pl\/zespol-stresu-pourazowego\/\" data-type=\"post\" data-id=\"71788\">Zesp\u00f3\u0142 stresu pourazowego:<\/a> Ostro\u0142\u0119ka: BP, 2023<\/td><\/tr><\/tbody><\/table><\/figure>\n","protected":false},"excerpt":{"rendered":"<p>Asertywno\u015b\u0107: Ostro\u0142\u0119ka: BP, 2003 Depresja dzieci i m\u0142odzie\u017cy: zestawienie bibliograficzne za lata 2015 \u2013 2025. Ostro\u0142\u0119ka: BP, 2025 Empatia: zestawienie [&hellip;]<\/p>\n","protected":false},"author":1603,"featured_media":0,"parent":0,"menu_order":0,"comment_status":"closed","ping_status":"closed","template":"","meta":{"_acf_changed":false,"_oasis_is_in_workflow":0,"_oasis_original":0,"inline_featured_image":false,"site-sidebar-layout":"default","site-content-layout":"","ast-site-content-layout":"default","site-content-style":"default","site-sidebar-style":"default","ast-global-header-display":"","ast-banner-title-visibility":"","ast-main-header-display":"","ast-hfb-above-header-display":"","ast-hfb-below-header-display":"","ast-hfb-mobile-header-display":"","site-post-title":"","ast-breadcrumbs-content":"","ast-featured-img":"","footer-sml-layout":"","ast-disable-related-posts":"","theme-transparent-header-meta":"","adv-header-id-meta":"","stick-header-meta":"","header-above-stick-meta":"","header-main-stick-meta":"","header-below-stick-meta":"","astra-migrate-meta-layouts":"default","ast-page-background-enabled":"default","ast-page-background-meta":{"desktop":{"background-color":"","background-image":"","background-repeat":"repeat","background-position":"center center","background-size":"auto","background-attachment":"scroll","background-type":"","background-media":"","overlay-type":"","overlay-color":"","overlay-opacity":"","overlay-gradient":""},"tablet":{"background-color":"","background-image":"","background-repeat":"repeat","background-position":"center center","background-size":"auto","background-attachment":"scroll","background-type":"","background-media":"","overlay-type":"","overlay-color":"","overlay-opacity":"","overlay-gradient":""},"mobile":{"background-color":"","background-image":"","background-repeat":"repeat","background-position":"center center","background-size":"auto","background-attachment":"scroll","background-type":"","background-media":"","overlay-type":"","overlay-color":"","overlay-opacity":"","overlay-gradient":""}},"ast-content-background-meta":{"desktop":{"background-color":"var(--ast-global-color-5)","background-image":"","background-repeat":"repeat","background-position":"center center","background-size":"auto","background-attachment":"scroll","background-type":"","background-media":"","overlay-type":"","overlay-color":"","overlay-opacity":"","overlay-gradient":""},"tablet":{"background-color":"var(--ast-global-color-5)","background-image":"","background-repeat":"repeat","background-position":"center center","background-size":"auto","background-attachment":"scroll","background-type":"","background-media":"","overlay-type":"","overlay-color":"","overlay-opacity":"","overlay-gradient":""},"mobile":{"background-color":"var(--ast-global-color-5)","background-image":"","background-repeat":"repeat","background-position":"center center","background-size":"auto","background-attachment":"scroll","background-type":"","background-media":"","overlay-type":"","overlay-color":"","overlay-opacity":"","overlay-gradient":""}},"_themeisle_gutenberg_block_has_review":false,"footnotes":""},"class_list":["post-19703","page","type-page","status-publish","hentry"],"acf":[],"featured_image_urls_v2":{"full":"","thumbnail":"","medium":"","medium_large":"","large":"","1536x1536":"","2048x2048":"","menu-24x24":"","menu-36x36":"","menu-48x48":"","mailpoet_newsletter_max":""},"post_excerpt_stackable_v2":"<p>Asertywno\u015b\u0107: Ostro\u0142\u0119ka: BP, 2003Depresja dzieci i m\u0142odzie\u017cy: zestawienie bibliograficzne za lata 2015 \u2013 2025. Ostro\u0142\u0119ka: BP, 2025Empatia: zestawienie bibliograficzne. Ostro\u0142\u0119ka: BP, 2016Inteligencja emocjonalna: zestawienie bibliograficzne: BP, 2017Kinezjologia edukacyjna: zestawienie bibliograficzne. Ostro\u0142\u0119ka: BP, 2017Komunikacja spo\u0142eczna: zestawienie bibliograficzne. Ostro\u0142\u0119ka: BP, 2009Kreatywno\u015b\u0107 i aktywno\u015b\u0107 tw\u00f3rcza: zestawienie bibliograficzne za lata 2000 &#8212; 2009. Ostro\u0142\u0119ka: BP, 2009Mindfulness: zestawienie bibliograficzne ksi\u0105\u017cek, artyku\u0142\u00f3w z czasopism i zbior\u00f3w audiowizualnych dost\u0119pnych w Bibliotece Pedagogicznej w Ostro\u0142\u0119ce. Ostro\u0142\u0119ka: BP, 2022M\u0142odociane matki: zestawienie bibliograficzne. Ostro\u0142\u0119ka: BP, 2012.My\u015blenie tw\u00f3rcze.&nbsp; Ostro\u0142\u0119ka : BP, 2014Neuroedukacja i neurodydaktyka: zestawienie bibliograficzne za lata 2005-2017. Ostro\u0142\u0119ka: BP, 2017Poczucie w\u0142asnej warto\u015bci: zestawienie bibliograficzne za lata 2015-2020. Ostro\u0142\u0119ka :&hellip;<\/p>\n","category_list_v2":"","author_info_v2":{"name":"uzytkownik niezalogowany","url":"https:\/\/bp.ostroleka.pl\/ru\/author\/1705578372katarzyna-domagalamazovia-pl\/"},"comments_num_v2":"0 \u043a\u043e\u043c\u043c\u0435\u043d\u0442\u0430\u0440\u0438\u0435\u0432","_links":{"self":[{"href":"https:\/\/bp.ostroleka.pl\/ru\/wp-json\/wp\/v2\/pages\/19703","targetHints":{"allow":["GET"]}}],"collection":[{"href":"https:\/\/bp.ostroleka.pl\/ru\/wp-json\/wp\/v2\/pages"}],"about":[{"href":"https:\/\/bp.ostroleka.pl\/ru\/wp-json\/wp\/v2\/types\/page"}],"author":[{"embeddable":true,"href":"https:\/\/bp.ostroleka.pl\/ru\/wp-json\/wp\/v2\/users\/1603"}],"replies":[{"embeddable":true,"href":"https:\/\/bp.ostroleka.pl\/ru\/wp-json\/wp\/v2\/comments?post=19703"}],"version-history":[{"count":20,"href":"https:\/\/bp.ostroleka.pl\/ru\/wp-json\/wp\/v2\/pages\/19703\/revisions"}],"predecessor-version":[{"id":124762,"href":"https:\/\/bp.ostroleka.pl\/ru\/wp-json\/wp\/v2\/pages\/19703\/revisions\/124762"}],"wp:attachment":[{"href":"https:\/\/bp.ostroleka.pl\/ru\/wp-json\/wp\/v2\/media?parent=19703"}],"curies":[{"name":"wp","href":"https:\/\/api.w.org\/{rel}","templated":true}]}}