{"id":19700,"date":"2021-12-09T12:23:51","date_gmt":"2021-12-09T11:23:51","guid":{"rendered":"https:\/\/bp.ostroleka.pl\/metodyka-nauczania-poszczegolnych-przedmiotow-nauczania\/"},"modified":"2026-03-31T16:21:13","modified_gmt":"2026-03-31T14:21:13","slug":"metodyka-nauczania-poszczegolnych-przedmiotow-nauczania","status":"publish","type":"page","link":"https:\/\/bp.ostroleka.pl\/ru\/metodyka-nauczania-poszczegolnych-przedmiotow-nauczania\/","title":{"rendered":"Metodyka nauczania poszczeg\u00f3lnych przedmiot\u00f3w nauczania"},"content":{"rendered":"\n<figure class=\"wp-block-table is-style-stripes\"><table><tbody><tr><td><a href=\"https:\/\/bp.ostroleka.pl\/aktywizowanie-uczniow-na-lekcjach-wychowania-fizycznego\/\" target=\"_blank\" rel=\"noreferrer noopener\">Aktywizowanie uczni\u00f3w na lekcjach wychowania fizycznego<\/a> : zestawienie bibliograficzne za lata 2020-2025. Ostro\u0142\u0119ka : BP, 2025<\/td><\/tr><tr><td><a href=\"https:\/\/bp.ostroleka.pl\/ciekawa-matematyka-gry-edukacyjne-dla-sp-i-gimnazjum\/\" data-type=\"post\" data-id=\"71260\">Ciekawa matematyka \u2013 gry edukacyjne dla SP i gimnazjum:<\/a>&nbsp;zestawienie bibliograficzne. Ostro\u0142\u0119ka: BP, 2015<\/td><\/tr><tr><td><a href=\"https:\/\/bp.ostroleka.pl\/edukacja-ekologiczna-zajecia-terenowe\/\" data-type=\"post\" data-id=\"71278\">Edukacja ekologiczna \u2013 zaj\u0119cia terenowe:&nbsp;<\/a>zestawienie bibliograficzne. Ostro\u0142\u0119ka: BP, 2015<\/td><\/tr><tr><td><a href=\"https:\/\/bp.ostroleka.pl\/edukacja-przyrodnicza-w-ksztalceniu-ogolnym\/\" data-type=\"post\" data-id=\"71290\">Edukacja przyrodnicza w kszta\u0142ceniu og\u00f3lnym:<\/a>&nbsp;zestawienie bibliograficzne. Ostro\u0142\u0119ka : BP, 2015<\/td><\/tr><tr><td><a href=\"https:\/\/bp.ostroleka.pl\/fizyka-materialy-pomocnicze-dla-nauczycieli\/\" data-type=\"post\" data-id=\"71299\">Fizyka: materia\u0142y pomocnicze dla nauczycieli:<\/a><a href=\"http:\/\/Fizyk\">&nbsp;<\/a>zestawienie bibliograficzne artyku\u0142\u00f3w z czasopism za lata 2006 \u2013 2012. Ostro\u0142\u0119ka: BP, 2012<\/td><\/tr><tr><td><a href=\"https:\/\/bp.ostroleka.pl\/geometria-w-szkole-podstawowej-i-gimnazjum\/\" data-type=\"post\" data-id=\"71320\">Geometria w szkole podstawowej i gimnazjum:&nbsp;<\/a>zestawienie bibliograficzne. Ostro\u0142\u0119ka: BP, 2015<\/td><\/tr><tr><td><a href=\"https:\/\/bp.ostroleka.pl\/gimnastyka-korekcyjna-w-szkole\/\" data-type=\"post\" data-id=\"71329\">Gimnastyka korekcyjna w szkole:<\/a>&nbsp;zestawienie bibliograficzne. Ostro\u0142\u0119ka: BP, 2013<\/td><\/tr><tr><td><a href=\"https:\/\/bp.ostroleka.pl\/gry-i-zabawy-terenowe-scenariusze-zajec\/\" data-type=\"post\" data-id=\"71338\">Gry i zabawy terenowe \u2013 scenariusze zaj\u0119\u0107:<\/a>&nbsp;zestawienie bibliograficzne. Ostro\u0142\u0119ka: BP, 2013<\/td><\/tr><tr><td><a href=\"https:\/\/bp.ostroleka.pl\/informatyka-materialy-metodyczne\/\" data-type=\"post\" data-id=\"71350\">Informatyka: materia\u0142y metodyczne:<\/a>&nbsp;zestawienie bibliograficzne. Ostro\u0142\u0119ka: BP, 2008<\/td><\/tr><tr><td><a href=\"https:\/\/bp.ostroleka.pl\/jezyk-lacinski-w-nauczaniu-i-systemie-edukacji\/\" data-type=\"post\" data-id=\"71383\">J\u0119zyk \u0142aci\u0144ski w nauczaniu i systemie edukacji:<\/a> zestawienie bibliograficzne. Ostro\u0142\u0119ka: BP, 2023<\/td><\/tr><tr><td><a href=\"https:\/\/bp.ostroleka.pl\/jezyk-polski-jako-obcy\/\" data-type=\"post\" data-id=\"71404\">J\u0119zyk polski jako obcy:<\/a><a href=\"http:\/\/bp.ostroleka.pl\/2023\/01\/03\/jezyk\/\"> <\/a>zestawienie bibliograficzne. Ostro\u0142\u0119ka: BP, 2023<\/td><\/tr><tr><td><a href=\"https:\/\/bp.ostroleka.pl\/matematyka-dla-szkol-ponadgimnazjalnych\/\" data-type=\"post\" data-id=\"71416\">Matematyka dla szk\u00f3\u0142 ponadgimnazjalnych: propozycje metodyczne, \u0107wiczenia i zadania:<\/a>&nbsp;zestawienie bibliograficzne artyku\u0142\u00f3w[\u2026] za lata 2012 \u2013 2014. Ostro\u0142\u0119ka: BP, 2014<\/td><\/tr><tr><td><a href=\"https:\/\/bp.ostroleka.pl\/metody-5\/\">Metody aktywizuj\u0105ce w nauczaniu j\u0119zyka polskiego.<\/a>&nbsp;zestawienie bibliograficzne za lata 2015-2021. Ostro\u0142\u0119ka: BP, 2021<\/td><\/tr><tr><td><a href=\"https:\/\/bp.ostroleka.pl\/metody-aktywizujace-w-nauczaniu-matematyki\/\" data-type=\"post\" data-id=\"71425\">Metody aktywizuj\u0105ce w nauczaniu matematyki.&nbsp;<\/a>Ostro\u0142\u0119ka: BP, 2015<\/td><\/tr><tr><td><a href=\"https:\/\/bp.ostroleka.pl\/przyroda-i-biologia-matura-testy-i-sprawdziany-olimpiady\/\" data-type=\"post\" data-id=\"71434\">Przyroda i biologia. Matura, testy i sprawdziany, olimpiady:<\/a>&nbsp;zestawienie bibliograficzne artyku\u0142\u00f3w z czasopism za lata 2000-2011. Ostro\u0142\u0119ka : BP, 2011<\/td><\/tr><tr><td><a href=\"https:\/\/bp.ostroleka.pl\/scenariusze-zajec-z-fizyki\/\" data-type=\"post\" data-id=\"71443\">Scenariusze zaj\u0119\u0107 z fizyki:<\/a>&nbsp;zestawienie bibliograficzne artyku\u0142\u00f3w z czasopism za lata 2006 \u2013 2012. Ostro\u0142\u0119ka: BP, 2012<\/td><\/tr><tr><td><a href=\"https:\/\/bp.ostroleka.pl\/scenariusze-zajec-z-przyrody-i-biologii\/\" data-type=\"post\" data-id=\"71452\">Scenariusze zaj\u0119\u0107 z przyrody i biologii:<\/a>&nbsp;zestawienie bibliograficzne artyku\u0142\u00f3w z czasopism za lata 2000-2011. Ostro\u0142\u0119ka : BP, 2011<\/td><\/tr><tr><td><a href=\"https:\/\/bp.ostroleka.pl\/tworczosc-plastyczna-dzieci-i-mlodziezy\/\" target=\"_blank\" data-type=\"post\" data-id=\"71461\" rel=\"noreferrer noopener\">Tw\u00f3rczo\u015b\u0107 plastyczna dzieci i m\u0142odzie\u017cy:<\/a> zestawienie bibliograficzne. Ostro\u0142\u0119ka BP, 2023<\/td><\/tr><tr><td><a href=\"https:\/\/bp.ostroleka.pl\/wychowanie-do-zycia-w-rodzinie\/\" data-type=\"post\" data-id=\"69535\">Wychowanie do \u017cycia w rodzinie: <\/a>zestawienie bibliograficzne za lata 2015-2021. Ostro\u0142\u0119ka : BP, 2021<\/td><\/tr><tr><td><a href=\"https:\/\/bp.ostroleka.pl\/wp-content\/uploads\/sites\/11\/2021\/12\/szkola_w_ruchu-2.pdf\" target=\"_blank\" rel=\"noreferrer noopener\">Wychowanie&nbsp; fizyczne \u2013 metodyka nauczania:<\/a>&nbsp;zestawienie bibliograficzne materia\u0142\u00f3w metodycznych dost\u0119pnych w BP w Ostro\u0142\u0119ce. Ostro\u0142\u0119ka: BP, 2014 (pdf)<\/td><\/tr><tr><td><a href=\"https:\/\/bp.ostroleka.pl\/wychowanie-fizyczne-w-szkole\/\" target=\"_blank\" data-type=\"post\" data-id=\"71479\" rel=\"noreferrer noopener\">Wychowanie fizyczne \u2013 metodyka nauczania:<\/a>&nbsp;zestawienie bibliograficzne. Ostro\u0142\u0119ka: BP, 2020<\/td><\/tr><\/tbody><\/table><\/figure>\n","protected":false},"excerpt":{"rendered":"<p>Aktywizowanie uczni\u00f3w na lekcjach wychowania fizycznego : zestawienie bibliograficzne za lata 2020-2025. Ostro\u0142\u0119ka : BP, 2025 Ciekawa matematyka \u2013 gry [&hellip;]<\/p>\n","protected":false},"author":10,"featured_media":0,"parent":0,"menu_order":0,"comment_status":"closed","ping_status":"closed","template":"","meta":{"_acf_changed":false,"_oasis_is_in_workflow":0,"_oasis_original":0,"inline_featured_image":false,"site-sidebar-layout":"default","site-content-layout":"","ast-site-content-layout":"default","site-content-style":"default","site-sidebar-style":"default","ast-global-header-display":"","ast-banner-title-visibility":"","ast-main-header-display":"","ast-hfb-above-header-display":"","ast-hfb-below-header-display":"","ast-hfb-mobile-header-display":"","site-post-title":"","ast-breadcrumbs-content":"","ast-featured-img":"","footer-sml-layout":"","ast-disable-related-posts":"","theme-transparent-header-meta":"","adv-header-id-meta":"","stick-header-meta":"","header-above-stick-meta":"","header-main-stick-meta":"","header-below-stick-meta":"","astra-migrate-meta-layouts":"default","ast-page-background-enabled":"default","ast-page-background-meta":{"desktop":{"background-color":"","background-image":"","background-repeat":"repeat","background-position":"center center","background-size":"auto","background-attachment":"scroll","background-type":"","background-media":"","overlay-type":"","overlay-color":"","overlay-opacity":"","overlay-gradient":""},"tablet":{"background-color":"","background-image":"","background-repeat":"repeat","background-position":"center center","background-size":"auto","background-attachment":"scroll","background-type":"","background-media":"","overlay-type":"","overlay-color":"","overlay-opacity":"","overlay-gradient":""},"mobile":{"background-color":"","background-image":"","background-repeat":"repeat","background-position":"center center","background-size":"auto","background-attachment":"scroll","background-type":"","background-media":"","overlay-type":"","overlay-color":"","overlay-opacity":"","overlay-gradient":""}},"ast-content-background-meta":{"desktop":{"background-color":"var(--ast-global-color-5)","background-image":"","background-repeat":"repeat","background-position":"center center","background-size":"auto","background-attachment":"scroll","background-type":"","background-media":"","overlay-type":"","overlay-color":"","overlay-opacity":"","overlay-gradient":""},"tablet":{"background-color":"var(--ast-global-color-5)","background-image":"","background-repeat":"repeat","background-position":"center center","background-size":"auto","background-attachment":"scroll","background-type":"","background-media":"","overlay-type":"","overlay-color":"","overlay-opacity":"","overlay-gradient":""},"mobile":{"background-color":"var(--ast-global-color-5)","background-image":"","background-repeat":"repeat","background-position":"center center","background-size":"auto","background-attachment":"scroll","background-type":"","background-media":"","overlay-type":"","overlay-color":"","overlay-opacity":"","overlay-gradient":""}},"_themeisle_gutenberg_block_has_review":false,"footnotes":""},"class_list":["post-19700","page","type-page","status-publish","hentry"],"acf":[],"featured_image_urls_v2":{"full":"","thumbnail":"","medium":"","medium_large":"","large":"","1536x1536":"","2048x2048":"","menu-24x24":"","menu-36x36":"","menu-48x48":"","mailpoet_newsletter_max":""},"post_excerpt_stackable_v2":"<p>Aktywizowanie uczni\u00f3w na lekcjach wychowania fizycznego : zestawienie bibliograficzne za lata 2020-2025. Ostro\u0142\u0119ka : BP, 2025Ciekawa matematyka \u2013 gry edukacyjne dla SP i gimnazjum:&nbsp;zestawienie bibliograficzne. Ostro\u0142\u0119ka: BP, 2015Edukacja ekologiczna \u2013 zaj\u0119cia terenowe:&nbsp;zestawienie bibliograficzne. Ostro\u0142\u0119ka: BP, 2015Edukacja przyrodnicza w kszta\u0142ceniu og\u00f3lnym:&nbsp;zestawienie bibliograficzne. Ostro\u0142\u0119ka : BP, 2015Fizyka: materia\u0142y pomocnicze dla nauczycieli:&nbsp;zestawienie bibliograficzne artyku\u0142\u00f3w z czasopism za lata 2006 \u2013 2012. Ostro\u0142\u0119ka: BP, 2012Geometria w szkole podstawowej i gimnazjum:&nbsp;zestawienie bibliograficzne. Ostro\u0142\u0119ka: BP, 2015Gimnastyka korekcyjna w szkole:&nbsp;zestawienie bibliograficzne. Ostro\u0142\u0119ka: BP, 2013Gry i zabawy terenowe \u2013 scenariusze zaj\u0119\u0107:&nbsp;zestawienie bibliograficzne. Ostro\u0142\u0119ka: BP, 2013Informatyka: materia\u0142y metodyczne:&nbsp;zestawienie bibliograficzne. Ostro\u0142\u0119ka: BP, 2008J\u0119zyk \u0142aci\u0144ski w nauczaniu i systemie edukacji: zestawienie&hellip;<\/p>\n","category_list_v2":"","author_info_v2":{"name":"bWdyemVnb3Jjenlr","url":"https:\/\/bp.ostroleka.pl\/ru\/author\/bwdyemvnb3jjenlr\/"},"comments_num_v2":"0 \u043a\u043e\u043c\u043c\u0435\u043d\u0442\u0430\u0440\u0438\u0435\u0432","_links":{"self":[{"href":"https:\/\/bp.ostroleka.pl\/ru\/wp-json\/wp\/v2\/pages\/19700","targetHints":{"allow":["GET"]}}],"collection":[{"href":"https:\/\/bp.ostroleka.pl\/ru\/wp-json\/wp\/v2\/pages"}],"about":[{"href":"https:\/\/bp.ostroleka.pl\/ru\/wp-json\/wp\/v2\/types\/page"}],"author":[{"embeddable":true,"href":"https:\/\/bp.ostroleka.pl\/ru\/wp-json\/wp\/v2\/users\/10"}],"replies":[{"embeddable":true,"href":"https:\/\/bp.ostroleka.pl\/ru\/wp-json\/wp\/v2\/comments?post=19700"}],"version-history":[{"count":9,"href":"https:\/\/bp.ostroleka.pl\/ru\/wp-json\/wp\/v2\/pages\/19700\/revisions"}],"predecessor-version":[{"id":124776,"href":"https:\/\/bp.ostroleka.pl\/ru\/wp-json\/wp\/v2\/pages\/19700\/revisions\/124776"}],"wp:attachment":[{"href":"https:\/\/bp.ostroleka.pl\/ru\/wp-json\/wp\/v2\/media?parent=19700"}],"curies":[{"name":"wp","href":"https:\/\/api.w.org\/{rel}","templated":true}]}}