{"id":19695,"date":"2026-02-27T14:32:16","date_gmt":"2026-02-27T13:32:16","guid":{"rendered":"https:\/\/bp.ostroleka.pl\/regulaminy\/"},"modified":"2022-06-03T11:19:51","modified_gmt":"2022-06-03T09:19:51","slug":"regulaminy","status":"publish","type":"page","link":"https:\/\/bp.ostroleka.pl\/ru\/regulaminy\/","title":{"rendered":"\u041d\u043e\u0440\u043c\u0430\u0442\u0438\u0432\u043d\u044b\u0435 \u0434\u043e\u043a\u0443\u043c\u0435\u043d\u0442\u044b"},"content":{"rendered":"\n<ol class=\"wp-block-list\"><li><a href=\"https:\/\/bp.ostroleka.pl\/wp-content\/uploads\/sites\/11\/2021\/12\/RegulaminBP2017-1.pdf\" target=\"_blank\" rel=\"noreferrer noopener\">Regulamin korzystania ze zbior\u00f3w Biblioteki Pedagogicznej w Ostro\u0142\u0119ce<\/a><\/li><li><a href=\"https:\/\/bp.ostroleka.pl\/wp-content\/uploads\/sites\/11\/2021\/12\/Regulaminnewslettera-1.pdf\" target=\"_blank\" rel=\"noreferrer noopener\">Regulamin Newslettera Biblioteki Pedagogicznej w Ostro\u0142\u0119ce<\/a><\/li><li><a href=\"https:\/\/bp.ostroleka.pl\/wp-content\/uploads\/sites\/11\/2021\/12\/Regulamin-konkursu-Literacki-Dzien-Dziecka-1.pdf\">Regulamin konkursu \u2013 Literacki Dzie\u0144 D<\/a><a href=\"https:\/\/bp.ostroleka.pl\/wp-content\/uploads\/sites\/11\/2021\/12\/Regulamin-konkursu-Literacki-Dzien-Dziecka-1.pdf\" target=\"_blank\" rel=\"noreferrer noopener\">z<\/a><a href=\"https:\/\/bp.ostroleka.pl\/wp-content\/uploads\/sites\/11\/2021\/12\/Regulamin-konkursu-Literacki-Dzien-Dziecka-1.pdf\">iecka<\/a><\/li><li><a href=\"https:\/\/bp.ostroleka.pl\/wp-content\/uploads\/sites\/11\/2021\/12\/LiterackiDzienOjca-1.pdf\" target=\"_blank\" rel=\"noreferrer noopener\">Regulamin konkursu \u2013 Literacki Dzie\u0144 Ojca<\/a><\/li><li><a href=\"https:\/\/bp.ostroleka.pl\/wp-content\/uploads\/sites\/11\/2021\/12\/regulaminkonkursubasnmojegodziecinstwa-1.pdf\" target=\"_blank\" rel=\"noreferrer noopener\">Regulamin konkursu \u2013 Ba\u015b\u0144 mojego dzieci\u0144stwa<\/a><\/li><li><a href=\"https:\/\/bp.ostroleka.pl\/wp-content\/uploads\/sites\/11\/2021\/12\/Regulamineko-1.pdf\" target=\"_blank\" rel=\"noreferrer noopener\">B\u0105d\u017a eko z bibliotek\u0105 \u2013 plantcrossing w Czytelni<\/a><\/li><\/ol>\n","protected":false},"excerpt":{"rendered":"<p>Regulamin korzystania ze zbior\u00f3w Biblioteki Pedagogicznej w Ostro\u0142\u0119ce Regulamin Newslettera Biblioteki Pedagogicznej w Ostro\u0142\u0119ce Regulamin konkursu \u2013 Literacki Dzie\u0144 Dziecka [&hellip;]<\/p>\n","protected":false},"author":10,"featured_media":0,"parent":0,"menu_order":0,"comment_status":"closed","ping_status":"closed","template":"","meta":{"_acf_changed":false,"_oasis_is_in_workflow":0,"_oasis_original":0,"inline_featured_image":false,"site-sidebar-layout":"default","site-content-layout":"","ast-site-content-layout":"default","site-content-style":"default","site-sidebar-style":"default","ast-global-header-display":"","ast-banner-title-visibility":"","ast-main-header-display":"","ast-hfb-above-header-display":"","ast-hfb-below-header-display":"","ast-hfb-mobile-header-display":"","site-post-title":"","ast-breadcrumbs-content":"","ast-featured-img":"","footer-sml-layout":"","ast-disable-related-posts":"","theme-transparent-header-meta":"","adv-header-id-meta":"","stick-header-meta":"","header-above-stick-meta":"","header-main-stick-meta":"","header-below-stick-meta":"","astra-migrate-meta-layouts":"default","ast-page-background-enabled":"default","ast-page-background-meta":{"desktop":{"background-color":"","background-image":"","background-repeat":"repeat","background-position":"center center","background-size":"auto","background-attachment":"scroll","background-type":"","background-media":"","overlay-type":"","overlay-color":"","overlay-opacity":"","overlay-gradient":""},"tablet":{"background-color":"","background-image":"","background-repeat":"repeat","background-position":"center center","background-size":"auto","background-attachment":"scroll","background-type":"","background-media":"","overlay-type":"","overlay-color":"","overlay-opacity":"","overlay-gradient":""},"mobile":{"background-color":"","background-image":"","background-repeat":"repeat","background-position":"center center","background-size":"auto","background-attachment":"scroll","background-type":"","background-media":"","overlay-type":"","overlay-color":"","overlay-opacity":"","overlay-gradient":""}},"ast-content-background-meta":{"desktop":{"background-color":"var(--ast-global-color-5)","background-image":"","background-repeat":"repeat","background-position":"center center","background-size":"auto","background-attachment":"scroll","background-type":"","background-media":"","overlay-type":"","overlay-color":"","overlay-opacity":"","overlay-gradient":""},"tablet":{"background-color":"var(--ast-global-color-5)","background-image":"","background-repeat":"repeat","background-position":"center center","background-size":"auto","background-attachment":"scroll","background-type":"","background-media":"","overlay-type":"","overlay-color":"","overlay-opacity":"","overlay-gradient":""},"mobile":{"background-color":"var(--ast-global-color-5)","background-image":"","background-repeat":"repeat","background-position":"center center","background-size":"auto","background-attachment":"scroll","background-type":"","background-media":"","overlay-type":"","overlay-color":"","overlay-opacity":"","overlay-gradient":""}},"_themeisle_gutenberg_block_has_review":false,"footnotes":""},"class_list":["post-19695","page","type-page","status-publish","hentry"],"acf":[],"featured_image_urls_v2":{"full":"","thumbnail":"","medium":"","medium_large":"","large":"","1536x1536":"","2048x2048":"","menu-24x24":"","menu-36x36":"","menu-48x48":"","mailpoet_newsletter_max":""},"post_excerpt_stackable_v2":"<p>Regulamin korzystania ze zbior\u00f3w Biblioteki Pedagogicznej w Ostro\u0142\u0119ceRegulamin Newslettera Biblioteki Pedagogicznej w Ostro\u0142\u0119ceRegulamin konkursu \u2013 Literacki Dzie\u0144 DzieckaRegulamin konkursu \u2013 Literacki Dzie\u0144 OjcaRegulamin konkursu \u2013 Ba\u015b\u0144 mojego dzieci\u0144stwaB\u0105d\u017a eko z bibliotek\u0105 \u2013 plantcrossing w Czytelni<\/p>\n","category_list_v2":"","author_info_v2":{"name":"bWdyemVnb3Jjenlr","url":"https:\/\/bp.ostroleka.pl\/ru\/author\/bwdyemvnb3jjenlr\/"},"comments_num_v2":"0 \u043a\u043e\u043c\u043c\u0435\u043d\u0442\u0430\u0440\u0438\u0435\u0432","_links":{"self":[{"href":"https:\/\/bp.ostroleka.pl\/ru\/wp-json\/wp\/v2\/pages\/19695","targetHints":{"allow":["GET"]}}],"collection":[{"href":"https:\/\/bp.ostroleka.pl\/ru\/wp-json\/wp\/v2\/pages"}],"about":[{"href":"https:\/\/bp.ostroleka.pl\/ru\/wp-json\/wp\/v2\/types\/page"}],"author":[{"embeddable":true,"href":"https:\/\/bp.ostroleka.pl\/ru\/wp-json\/wp\/v2\/users\/10"}],"replies":[{"embeddable":true,"href":"https:\/\/bp.ostroleka.pl\/ru\/wp-json\/wp\/v2\/comments?post=19695"}],"version-history":[{"count":0,"href":"https:\/\/bp.ostroleka.pl\/ru\/wp-json\/wp\/v2\/pages\/19695\/revisions"}],"wp:attachment":[{"href":"https:\/\/bp.ostroleka.pl\/ru\/wp-json\/wp\/v2\/media?parent=19695"}],"curies":[{"name":"wp","href":"https:\/\/api.w.org\/{rel}","templated":true}]}}