{"id":19683,"date":"2021-12-07T08:39:43","date_gmt":"2021-12-07T07:39:43","guid":{"rendered":"https:\/\/bp.ostroleka.pl\/dzialy\/"},"modified":"2026-04-15T15:14:15","modified_gmt":"2026-04-15T13:14:15","slug":"dzialy","status":"publish","type":"page","link":"https:\/\/bp.ostroleka.pl\/ru\/dzialy\/","title":{"rendered":"Dzia\u0142y"},"content":{"rendered":"\n<h2 class=\"wp-block-heading\">WYPO\u017bYCZALNIA KSI\u0104\u017bEK I MULTIMEDI\u00d3W<\/h2>\n\n\n\n<ul class=\"wp-block-list\">\n<li>Udost\u0119pnia zbiory wypo\u017cyczalni na zewn\u0105trz<\/li>\n\n\n\n<li>Buduje komputerow\u0105 baz\u0119 u\u017cytkownik\u00f3w Biblioteki<\/li>\n\n\n\n<li>Udziela informacji katalogowych<\/li>\n\n\n\n<li>Propaguje ksi\u0105\u017cki, zbiory multimedialne, pomoce dydaktyczne i czytelnictwo<\/li>\n\n\n\n<li>Ewidencjonuje, kataloguje i klasyfikuje nabytki w systemie Prolib<\/li>\n\n\n\n<li>Prowadzi statystyki wypo\u017cycze\u0144<\/li>\n\n\n\n<li>Wysy\u0142a upomnienia<\/li>\n\n\n\n<li>Gromadzi dezyderaty czytelnik\u00f3w<\/li>\n\n\n\n<li>Prowadzi dokumentacj\u0119 zwi\u0105zan\u0105 z prac\u0105 dzia\u0142u<\/li>\n\n\n\n<li>Udost\u0119pnia kod PIN do wybranych publikacji w IBUK Libra<\/li>\n\n\n\n<li>Odpowiada za magazyny ksi\u0105\u017cek<\/li>\n\n\n\n<li>Pozyskuje dary od os\u00f3b prywatnych i instytucji<\/li>\n\n\n\n<li>Dokonuje selekcji zbior\u00f3w zniszczonych i zdezaktualizowanych<\/li>\n\n\n\n<li>Sporz\u0105dza zestawienia bibliograficzne<\/li>\n\n\n\n<li>Promuje zbiory na stronie Biblioteki, Instagramie i Facebooku<\/li>\n<\/ul>\n\n\n\n<figure class=\"wp-block-image size-large\"><img loading=\"lazy\" decoding=\"async\" width=\"1024\" height=\"188\" src=\"https:\/\/bp.ostroleka.pl\/wp-content\/uploads\/sites\/11\/2022\/03\/panwyp-1024x188.jpg\" alt=\"\" class=\"wp-image-24977\" srcset=\"https:\/\/bp.ostroleka.pl\/wp-content\/uploads\/sites\/11\/2022\/03\/panwyp-1024x188.jpg 1024w, https:\/\/bp.ostroleka.pl\/wp-content\/uploads\/sites\/11\/2022\/03\/panwyp-300x55.jpg 300w, https:\/\/bp.ostroleka.pl\/wp-content\/uploads\/sites\/11\/2022\/03\/panwyp-768x141.jpg 768w, https:\/\/bp.ostroleka.pl\/wp-content\/uploads\/sites\/11\/2022\/03\/panwyp-1536x283.jpg 1536w, https:\/\/bp.ostroleka.pl\/wp-content\/uploads\/sites\/11\/2022\/03\/panwyp-1320x243.jpg 1320w, https:\/\/bp.ostroleka.pl\/wp-content\/uploads\/sites\/11\/2022\/03\/panwyp-24x4.jpg 24w, https:\/\/bp.ostroleka.pl\/wp-content\/uploads\/sites\/11\/2022\/03\/panwyp-36x7.jpg 36w, https:\/\/bp.ostroleka.pl\/wp-content\/uploads\/sites\/11\/2022\/03\/panwyp-48x9.jpg 48w, https:\/\/bp.ostroleka.pl\/wp-content\/uploads\/sites\/11\/2022\/03\/panwyp.jpg 1680w\" sizes=\"auto, (max-width: 1024px) 100vw, 1024px\" \/><\/figure>\n\n\n\n<figure class=\"wp-block-image size-large\"><img loading=\"lazy\" decoding=\"async\" width=\"1024\" height=\"220\" src=\"https:\/\/bp.ostroleka.pl\/wp-content\/uploads\/sites\/11\/2022\/03\/panoramaDZS-1024x220.jpg\" alt=\"\" class=\"wp-image-24981\" srcset=\"https:\/\/bp.ostroleka.pl\/wp-content\/uploads\/sites\/11\/2022\/03\/panoramaDZS-1024x220.jpg 1024w, https:\/\/bp.ostroleka.pl\/wp-content\/uploads\/sites\/11\/2022\/03\/panoramaDZS-300x64.jpg 300w, https:\/\/bp.ostroleka.pl\/wp-content\/uploads\/sites\/11\/2022\/03\/panoramaDZS-768x165.jpg 768w, https:\/\/bp.ostroleka.pl\/wp-content\/uploads\/sites\/11\/2022\/03\/panoramaDZS-1536x330.jpg 1536w, https:\/\/bp.ostroleka.pl\/wp-content\/uploads\/sites\/11\/2022\/03\/panoramaDZS-1320x284.jpg 1320w, https:\/\/bp.ostroleka.pl\/wp-content\/uploads\/sites\/11\/2022\/03\/panoramaDZS-24x5.jpg 24w, https:\/\/bp.ostroleka.pl\/wp-content\/uploads\/sites\/11\/2022\/03\/panoramaDZS-36x8.jpg 36w, https:\/\/bp.ostroleka.pl\/wp-content\/uploads\/sites\/11\/2022\/03\/panoramaDZS-48x10.jpg 48w, https:\/\/bp.ostroleka.pl\/wp-content\/uploads\/sites\/11\/2022\/03\/panoramaDZS.jpg 1680w\" sizes=\"auto, (max-width: 1024px) 100vw, 1024px\" \/><\/figure>\n\n\n\n<h2 class=\"wp-block-heading\">DZIA\u0141 INFORMACYJNO \u2013 BIBLIOGRAFICZNY I CZYTELNIA<\/h2>\n\n\n\n<p>Czytelnia ma charakter publiczny. Dzia\u0142 udost\u0119pnia swoje zbiory na miejscu oraz w ramach wypo\u017cycze\u0144 weekendowych i nocnych oraz:<\/p>\n\n\n\n<ul class=\"wp-block-list\">\n<li>udziela informacji i porad w zakresie pos\u0142ugiwania si\u0119 warsztatem informacyjnym Biblioteki<\/li>\n\n\n\n<li>udziela pomocy przy wyborze literatury na dany temat<\/li>\n\n\n\n<li>sporz\u0105dza zestawienia bibliograficzne<\/li>\n\n\n\n<li>prowadzi warsztaty i zaj\u0119cia biblioteczne<\/li>\n\n\n\n<li>organizuje wystawy, spotkania autorskie, konkursy czytelnicze i inne imprezy promuj\u0105ce ksi\u0105\u017ck\u0119 i czytelnictwo<\/li>\n\n\n\n<li>koordynuje dzia\u0142alno\u015b\u0107 informacyjn\u0105 Biblioteki<\/li>\n\n\n\n<li>prowadzi Internetowe Centrum Informacji Multimedialnej<\/li>\n<\/ul>\n\n\n\n<figure class=\"wp-block-image size-large\"><img loading=\"lazy\" decoding=\"async\" width=\"1024\" height=\"201\" src=\"https:\/\/bp.ostroleka.pl\/wp-content\/uploads\/sites\/11\/2022\/03\/Panczyt-1024x201.jpg\" alt=\"\" class=\"wp-image-24984\" srcset=\"https:\/\/bp.ostroleka.pl\/wp-content\/uploads\/sites\/11\/2022\/03\/Panczyt-1024x201.jpg 1024w, https:\/\/bp.ostroleka.pl\/wp-content\/uploads\/sites\/11\/2022\/03\/Panczyt-300x59.jpg 300w, https:\/\/bp.ostroleka.pl\/wp-content\/uploads\/sites\/11\/2022\/03\/Panczyt-768x151.jpg 768w, https:\/\/bp.ostroleka.pl\/wp-content\/uploads\/sites\/11\/2022\/03\/Panczyt-1536x302.jpg 1536w, https:\/\/bp.ostroleka.pl\/wp-content\/uploads\/sites\/11\/2022\/03\/Panczyt-1320x259.jpg 1320w, https:\/\/bp.ostroleka.pl\/wp-content\/uploads\/sites\/11\/2022\/03\/Panczyt-24x5.jpg 24w, https:\/\/bp.ostroleka.pl\/wp-content\/uploads\/sites\/11\/2022\/03\/Panczyt-36x7.jpg 36w, https:\/\/bp.ostroleka.pl\/wp-content\/uploads\/sites\/11\/2022\/03\/Panczyt-48x9.jpg 48w, https:\/\/bp.ostroleka.pl\/wp-content\/uploads\/sites\/11\/2022\/03\/Panczyt.jpg 2000w\" sizes=\"auto, (max-width: 1024px) 100vw, 1024px\" \/><\/figure>\n\n\n\n<h2 class=\"wp-block-heading\">DZIA\u0141 GROMADZENIA I OPRACOWANIA<\/h2>\n\n\n\n<ul class=\"wp-block-list\">\n<li>dokonuje wyboru i gromadzi ksi\u0119gozbi\u00f3r zgodnie z koncepcj\u0105 pracy Biblioteki<\/li>\n\n\n\n<li>nawi\u0105zuje wsp\u00f3\u0142prac\u0119 z osobami prywatnymi i instytucjami w celu pozyskania dar\u00f3w<\/li>\n\n\n\n<li>ewidencjonuje, kataloguje i klasyfikuje nabytki w bibliotecznym systemie Prolib<\/li>\n\n\n\n<li>organizuje skontrum, dokonuje selekcji zbior\u00f3w zwartych<\/li>\n\n\n\n<li>promuje nowo\u015bci wydawnicze na stronie Biblioteki<\/li>\n\n\n\n<li>wsp\u00f3\u0142organizuje imprezy biblioteczne maj\u0105ce na celu promowanie czytelnictwa, ksi\u0105\u017cki i Biblioteki w \u015brodowisku<\/li>\n\n\n\n<li>udziela konsultacji nauczycielom bibliotekarzom w zakresie ewidencji, gromadzenia i opracowania zbior\u00f3w<\/li>\n<\/ul>\n\n\n\n<figure class=\"wp-block-image size-large\"><img loading=\"lazy\" decoding=\"async\" width=\"1024\" height=\"235\" src=\"https:\/\/bp.ostroleka.pl\/wp-content\/uploads\/sites\/11\/2022\/03\/Pandgioz-1024x235.jpg\" alt=\"\" class=\"wp-image-24987\" srcset=\"https:\/\/bp.ostroleka.pl\/wp-content\/uploads\/sites\/11\/2022\/03\/Pandgioz-1024x235.jpg 1024w, https:\/\/bp.ostroleka.pl\/wp-content\/uploads\/sites\/11\/2022\/03\/Pandgioz-300x69.jpg 300w, https:\/\/bp.ostroleka.pl\/wp-content\/uploads\/sites\/11\/2022\/03\/Pandgioz-768x176.jpg 768w, https:\/\/bp.ostroleka.pl\/wp-content\/uploads\/sites\/11\/2022\/03\/Pandgioz-1536x353.jpg 1536w, https:\/\/bp.ostroleka.pl\/wp-content\/uploads\/sites\/11\/2022\/03\/Pandgioz-1320x303.jpg 1320w, https:\/\/bp.ostroleka.pl\/wp-content\/uploads\/sites\/11\/2022\/03\/Pandgioz-24x6.jpg 24w, https:\/\/bp.ostroleka.pl\/wp-content\/uploads\/sites\/11\/2022\/03\/Pandgioz-36x8.jpg 36w, https:\/\/bp.ostroleka.pl\/wp-content\/uploads\/sites\/11\/2022\/03\/Pandgioz-48x11.jpg 48w, https:\/\/bp.ostroleka.pl\/wp-content\/uploads\/sites\/11\/2022\/03\/Pandgioz.jpg 1680w\" sizes=\"auto, (max-width: 1024px) 100vw, 1024px\" \/><\/figure>\n","protected":false},"excerpt":{"rendered":"<p>WYPO\u017bYCZALNIA KSI\u0104\u017bEK I MULTIMEDI\u00d3W DZIA\u0141 INFORMACYJNO \u2013 BIBLIOGRAFICZNY I CZYTELNIA Czytelnia ma charakter publiczny. Dzia\u0142 udost\u0119pnia swoje zbiory na miejscu [&hellip;]<\/p>\n","protected":false},"author":10,"featured_media":0,"parent":0,"menu_order":0,"comment_status":"closed","ping_status":"closed","template":"","meta":{"_acf_changed":false,"_oasis_is_in_workflow":0,"_oasis_original":0,"inline_featured_image":false,"site-sidebar-layout":"default","site-content-layout":"","ast-site-content-layout":"default","site-content-style":"default","site-sidebar-style":"default","ast-global-header-display":"","ast-banner-title-visibility":"","ast-main-header-display":"","ast-hfb-above-header-display":"","ast-hfb-below-header-display":"","ast-hfb-mobile-header-display":"","site-post-title":"","ast-breadcrumbs-content":"","ast-featured-img":"","footer-sml-layout":"","ast-disable-related-posts":"","theme-transparent-header-meta":"","adv-header-id-meta":"","stick-header-meta":"","header-above-stick-meta":"","header-main-stick-meta":"","header-below-stick-meta":"","astra-migrate-meta-layouts":"default","ast-page-background-enabled":"default","ast-page-background-meta":{"desktop":{"background-color":"","background-image":"","background-repeat":"repeat","background-position":"center center","background-size":"auto","background-attachment":"scroll","background-type":"","background-media":"","overlay-type":"","overlay-color":"","overlay-opacity":"","overlay-gradient":""},"tablet":{"background-color":"","background-image":"","background-repeat":"repeat","background-position":"center center","background-size":"auto","background-attachment":"scroll","background-type":"","background-media":"","overlay-type":"","overlay-color":"","overlay-opacity":"","overlay-gradient":""},"mobile":{"background-color":"","background-image":"","background-repeat":"repeat","background-position":"center center","background-size":"auto","background-attachment":"scroll","background-type":"","background-media":"","overlay-type":"","overlay-color":"","overlay-opacity":"","overlay-gradient":""}},"ast-content-background-meta":{"desktop":{"background-color":"var(--ast-global-color-5)","background-image":"","background-repeat":"repeat","background-position":"center center","background-size":"auto","background-attachment":"scroll","background-type":"","background-media":"","overlay-type":"","overlay-color":"","overlay-opacity":"","overlay-gradient":""},"tablet":{"background-color":"var(--ast-global-color-5)","background-image":"","background-repeat":"repeat","background-position":"center center","background-size":"auto","background-attachment":"scroll","background-type":"","background-media":"","overlay-type":"","overlay-color":"","overlay-opacity":"","overlay-gradient":""},"mobile":{"background-color":"var(--ast-global-color-5)","background-image":"","background-repeat":"repeat","background-position":"center center","background-size":"auto","background-attachment":"scroll","background-type":"","background-media":"","overlay-type":"","overlay-color":"","overlay-opacity":"","overlay-gradient":""}},"_themeisle_gutenberg_block_has_review":false,"footnotes":""},"class_list":["post-19683","page","type-page","status-publish","hentry"],"acf":[],"featured_image_urls_v2":{"full":"","thumbnail":"","medium":"","medium_large":"","large":"","1536x1536":"","2048x2048":"","menu-24x24":"","menu-36x36":"","menu-48x48":"","mailpoet_newsletter_max":""},"post_excerpt_stackable_v2":"<p>WYPO\u017bYCZALNIA KSI\u0104\u017bEK I MULTIMEDI\u00d3W Udost\u0119pnia zbiory wypo\u017cyczalni na zewn\u0105trz Buduje komputerow\u0105 baz\u0119 u\u017cytkownik\u00f3w Biblioteki Udziela informacji katalogowych Propaguje ksi\u0105\u017cki, zbiory multimedialne, pomoce dydaktyczne i czytelnictwo Ewidencjonuje, kataloguje i klasyfikuje nabytki w systemie Prolib Prowadzi statystyki wypo\u017cycze\u0144 Wysy\u0142a upomnienia Gromadzi dezyderaty czytelnik\u00f3w Prowadzi dokumentacj\u0119 zwi\u0105zan\u0105 z prac\u0105 dzia\u0142u Udost\u0119pnia kod PIN do wybranych publikacji w IBUK Libra Odpowiada za magazyny ksi\u0105\u017cek Pozyskuje dary od os\u00f3b prywatnych i instytucji Dokonuje selekcji zbior\u00f3w zniszczonych i zdezaktualizowanych Sporz\u0105dza zestawienia bibliograficzne Promuje zbiory na stronie Biblioteki, Instagramie i Facebooku DZIA\u0141 INFORMACYJNO \u2013 BIBLIOGRAFICZNY I CZYTELNIA Czytelnia ma charakter publiczny. Dzia\u0142 udost\u0119pnia swoje zbiory na miejscu&hellip;<\/p>\n","category_list_v2":"","author_info_v2":{"name":"bWdyemVnb3Jjenlr","url":"https:\/\/bp.ostroleka.pl\/ru\/author\/bwdyemvnb3jjenlr\/"},"comments_num_v2":"0 \u043a\u043e\u043c\u043c\u0435\u043d\u0442\u0430\u0440\u0438\u0435\u0432","_links":{"self":[{"href":"https:\/\/bp.ostroleka.pl\/ru\/wp-json\/wp\/v2\/pages\/19683","targetHints":{"allow":["GET"]}}],"collection":[{"href":"https:\/\/bp.ostroleka.pl\/ru\/wp-json\/wp\/v2\/pages"}],"about":[{"href":"https:\/\/bp.ostroleka.pl\/ru\/wp-json\/wp\/v2\/types\/page"}],"author":[{"embeddable":true,"href":"https:\/\/bp.ostroleka.pl\/ru\/wp-json\/wp\/v2\/users\/10"}],"replies":[{"embeddable":true,"href":"https:\/\/bp.ostroleka.pl\/ru\/wp-json\/wp\/v2\/comments?post=19683"}],"version-history":[{"count":4,"href":"https:\/\/bp.ostroleka.pl\/ru\/wp-json\/wp\/v2\/pages\/19683\/revisions"}],"predecessor-version":[{"id":125820,"href":"https:\/\/bp.ostroleka.pl\/ru\/wp-json\/wp\/v2\/pages\/19683\/revisions\/125820"}],"wp:attachment":[{"href":"https:\/\/bp.ostroleka.pl\/ru\/wp-json\/wp\/v2\/media?parent=19683"}],"curies":[{"name":"wp","href":"https:\/\/api.w.org\/{rel}","templated":true}]}}