{"id":25407,"date":"2022-06-03T10:17:12","date_gmt":"2022-06-03T08:17:12","guid":{"rendered":"https:\/\/bp.ostroleka.pl\/mapa-strony\/"},"modified":"2022-06-03T10:31:33","modified_gmt":"2022-06-03T08:31:33","slug":"mapa-strony","status":"publish","type":"page","link":"https:\/\/bp.ostroleka.pl\/en\/mapa-strony\/","title":{"rendered":"Site Map"},"content":{"rendered":"<ul class=\"wp-block-page-list\"><li class=\"wp-block-pages-list__item\"><a class=\"wp-block-pages-list__item__link\" href=\"https:\/\/bp.ostroleka.pl\/en\/deklaracja-dostepnosci\/\">Accessibility declaration<\/a><\/li><li class=\"wp-block-pages-list__item\"><a class=\"wp-block-pages-list__item__link\" href=\"https:\/\/bp.ostroleka.pl\/en\/bibliografie\/\">Bibliografie osobowe<\/a><\/li><li class=\"wp-block-pages-list__item\"><a class=\"wp-block-pages-list__item__link\" href=\"https:\/\/bp.ostroleka.pl\/en\/bibliotekarstwo-czytelnictwo\/\">Bibliotekarstwo. Czytelnictwo.<\/a><\/li><li class=\"wp-block-pages-list__item\"><a class=\"wp-block-pages-list__item__link\" href=\"https:\/\/bp.ostroleka.pl\/en\/biuletyn-zbiorow-multimedialnych\/\">Biuletyn zbior\u00f3w multimedialnych<\/a><\/li><li class=\"wp-block-pages-list__item\"><a class=\"wp-block-pages-list__item__link\" href=\"https:\/\/bp.ostroleka.pl\/en\/kontakt\/\">Contact<\/a><\/li><li class=\"wp-block-pages-list__item\"><a class=\"wp-block-pages-list__item__link\" href=\"https:\/\/bp.ostroleka.pl\/en\/procedura-covid-19\/\">COVID 19 procedure<\/a><\/li><li class=\"wp-block-pages-list__item\"><a class=\"wp-block-pages-list__item__link\" href=\"https:\/\/bp.ostroleka.pl\/en\/dzialanie-na-rzecz-szerszego-udostepnienia-kanonu-edukacji-klasycznej-wprowadzenia-w-dziedzictwo-cywilizacyjne-europy-edukacji-patriotycznej-nauczania-historii-oraz-poznawania-polskiej-kultury-w-t\/\">Dzia\u0142anie na rzecz szerszego udost\u0119pnienia kanonu edukacji klasycznej&#8230;<\/a><\/li><li class=\"wp-block-pages-list__item\"><a class=\"wp-block-pages-list__item__link\" href=\"https:\/\/bp.ostroleka.pl\/en\/dzialy\/\">Dzia\u0142y<\/a><\/li><li class=\"wp-block-pages-list__item\"><a class=\"wp-block-pages-list__item__link\" href=\"https:\/\/bp.ostroleka.pl\/en\/wydarzenia\/\">Events<\/a><\/li><li class=\"wp-block-pages-list__item\"><a class=\"wp-block-pages-list__item__link\" href=\"https:\/\/bp.ostroleka.pl\/en\/filie\/\">Filie<\/a><\/li><li class=\"wp-block-pages-list__item\"><a class=\"wp-block-pages-list__item__link\" href=\"https:\/\/bp.ostroleka.pl\/en\/rodo\/\">GDPR<\/a><\/li><li class=\"wp-block-pages-list__item menu-item-home\"><a class=\"wp-block-pages-list__item__link\" href=\"https:\/\/bp.ostroleka.pl\/en\/\">Home<\/a><\/li><li class=\"wp-block-pages-list__item\"><a class=\"wp-block-pages-list__item__link\" href=\"https:\/\/bp.ostroleka.pl\/en\/strona-glowna-2\/\">Home<\/a><\/li><li class=\"wp-block-pages-list__item\"><a class=\"wp-block-pages-list__item__link\" href=\"https:\/\/bp.ostroleka.pl\/en\/kalendarium\/\">Kalendarium<\/a><\/li><li class=\"wp-block-pages-list__item\"><a class=\"wp-block-pages-list__item__link\" href=\"https:\/\/bp.ostroleka.pl\/en\/koncepcja-pracy-biblioteki-pedagogicznej-w-ostrolece\/\">Koncepcja pracy Biblioteki Pedagogicznej w Ostro\u0142\u0119ce<\/a><\/li><li class=\"wp-block-pages-list__item\"><a class=\"wp-block-pages-list__item__link\" href=\"https:\/\/bp.ostroleka.pl\/en\/literatura-pedagogiczna\/\">Literatura pedagogiczna<\/a><\/li><li class=\"wp-block-pages-list__item\"><a class=\"wp-block-pages-list__item__link\" href=\"https:\/\/bp.ostroleka.pl\/en\/literatura-piekna\/\">Literatura pi\u0119kna<\/a><\/li><li class=\"wp-block-pages-list__item\"><a class=\"wp-block-pages-list__item__link\" href=\"https:\/\/bp.ostroleka.pl\/en\/literatura-popularnonaukowa\/\">Literatura popularnonaukowa<\/a><\/li><li class=\"wp-block-pages-list__item\"><a class=\"wp-block-pages-list__item__link\" href=\"https:\/\/bp.ostroleka.pl\/en\/literatura-psychologiczno-spoleczna\/\">Literatura psychologiczno &#8211; spo\u0142eczna<\/a><\/li><li class=\"wp-block-pages-list__item\"><a class=\"wp-block-pages-list__item__link\" href=\"https:\/\/bp.ostroleka.pl\/en\/log-in\/\">log in<\/a><\/li><li class=\"wp-block-pages-list__item\"><a class=\"wp-block-pages-list__item__link\" href=\"https:\/\/bp.ostroleka.pl\/en\/metodyka-nauczania-poszczegolnych-przedmiotow-nauczania\/\">Metodyka nauczania poszczeg\u00f3lnych przedmiot\u00f3w nauczania<\/a><\/li><li class=\"wp-block-pages-list__item\"><a class=\"wp-block-pages-list__item__link\" href=\"https:\/\/bp.ostroleka.pl\/en\/moje-wiadomosci\/\">Moje wiadomo\u015bci<\/a><\/li><li class=\"wp-block-pages-list__item\"><a class=\"wp-block-pages-list__item__link\" href=\"https:\/\/bp.ostroleka.pl\/en\/aktualnosci\/\">News<\/a><\/li><li class=\"wp-block-pages-list__item\"><a class=\"wp-block-pages-list__item__link\" href=\"https:\/\/bp.ostroleka.pl\/en\/newsletter-regulations\/\">Newsletter regulations<\/a><\/li><li class=\"wp-block-pages-list__item\"><a class=\"wp-block-pages-list__item__link\" href=\"https:\/\/bp.ostroleka.pl\/en\/ochrona-danych-osobowych-w-bibliotece-pedagogicznej-w-ostrolece\/\">Ochrona danych osobowych w Bibliotece Pedagogicznej w Ostro\u0142\u0119ce<\/a><\/li><li class=\"wp-block-pages-list__item\"><a class=\"wp-block-pages-list__item__link\" href=\"https:\/\/bp.ostroleka.pl\/en\/ogloszenia\/\">Og\u0142oszenia<\/a><\/li><li class=\"wp-block-pages-list__item\"><a class=\"wp-block-pages-list__item__link\" href=\"https:\/\/bp.ostroleka.pl\/en\/inne\/\">Other<\/a><\/li><li class=\"wp-block-pages-list__item\"><a class=\"wp-block-pages-list__item__link\" href=\"https:\/\/bp.ostroleka.pl\/en\/patologia\/\">Patologia spoleczna. Agresywno\u015b\u0107. Uzale\u017cnienia. Przemoc<\/a><\/li><li class=\"wp-block-pages-list__item\"><a class=\"wp-block-pages-list__item__link\" href=\"https:\/\/bp.ostroleka.pl\/en\/pedagogika-szkolnictwo-oswiata-wychowanie\/\">Pedagogika. Szkolnictwo. O\u015bwiata. Wychowanie.<\/a><\/li><li class=\"wp-block-pages-list__item\"><a class=\"wp-block-pages-list__item__link\" href=\"https:\/\/bp.ostroleka.pl\/en\/pisali-o-nas\/\">Pisali o nas<\/a><\/li><li class=\"wp-block-pages-list__item\"><a class=\"wp-block-pages-list__item__link\" href=\"https:\/\/bp.ostroleka.pl\/en\/podnoszenie-jakosci-edukacji-poprzez-dzialania-uwzgledniajace-zroznicowane-potrzeby-rozwojowe-i-edukacyjne-wszystkich-uczniow-zapewnienie-wsparcia-psychologiczno-pedagogicznego-szczegolnie-w-sytuacj\/\">Podnoszenie jako\u015bci edukacji poprzez dzia\u0142ania&#8230;<\/a><\/li><li class=\"wp-block-pages-list__item\"><a class=\"wp-block-pages-list__item__link\" href=\"https:\/\/bp.ostroleka.pl\/en\/polityka-prywatnosci\/\">Privacy policy<\/a><\/li><li class=\"wp-block-pages-list__item\"><a class=\"wp-block-pages-list__item__link\" href=\"https:\/\/bp.ostroleka.pl\/en\/psychologia\/\">Psychologia<\/a><\/li><li class=\"wp-block-pages-list__item\"><a class=\"wp-block-pages-list__item__link\" href=\"https:\/\/bp.ostroleka.pl\/en\/propozycja-zakupu\/\">Purchase proposal<\/a><\/li><li class=\"wp-block-pages-list__item\"><a class=\"wp-block-pages-list__item__link\" href=\"https:\/\/bp.ostroleka.pl\/en\/regionalizm\/\">Regionalizm<\/a><\/li><li class=\"wp-block-pages-list__item\"><a class=\"wp-block-pages-list__item__link\" href=\"https:\/\/bp.ostroleka.pl\/en\/register\/\">Register<\/a><\/li><li class=\"wp-block-pages-list__item\"><a class=\"wp-block-pages-list__item__link\" href=\"https:\/\/bp.ostroleka.pl\/en\/regulaminy\/\">Regulations<\/a><\/li><li class=\"wp-block-pages-list__item\"><a class=\"wp-block-pages-list__item__link\" href=\"https:\/\/bp.ostroleka.pl\/en\/rodo-klauzula-informacyjna-o-przetwarzaniu-danych-osobowych\/\">RODO \u2013 klauzula informacyjna o przetwarzaniu danych osobowych<\/a><\/li><li class=\"wp-block-pages-list__item\"><a class=\"wp-block-pages-list__item__link\" href=\"https:\/\/bp.ostroleka.pl\/en\/serwis-prasowy\/\">Serwis prasowy<\/a><\/li><li class=\"wp-block-pages-list__item\"><a class=\"wp-block-pages-list__item__link\" href=\"https:\/\/bp.ostroleka.pl\/en\/mapa-strony\/\">Site Map<\/a><\/li><li class=\"wp-block-pages-list__item\"><a class=\"wp-block-pages-list__item__link\" href=\"https:\/\/bp.ostroleka.pl\/en\/socjologia\/\">Socjologia<\/a><\/li><li class=\"wp-block-pages-list__item\"><a class=\"wp-block-pages-list__item__link\" href=\"https:\/\/bp.ostroleka.pl\/en\/sprawdz\/\">Sprawd\u017a<\/a><\/li><li class=\"wp-block-pages-list__item\"><a class=\"wp-block-pages-list__item__link\" href=\"https:\/\/bp.ostroleka.pl\/en\/tematyczne\/\">Tematyczne zestawienia zbior\u00f3w specjalnych<\/a><\/li><li class=\"wp-block-pages-list__item has-child\"><a class=\"wp-block-pages-list__item__link\" href=\"https:\/\/bp.ostroleka.pl\/en\/profil-uzytkownika\/\">User profile<\/a><ul class=\"wp-block-navigation__submenu-container\"><li class=\"wp-block-pages-list__item \"><a class=\"wp-block-pages-list__item__link\" href=\"https:\/\/bp.ostroleka.pl\/en\/profil-uzytkownika\/moje-artykuly\/\">My Articles<\/a><\/li><li class=\"wp-block-pages-list__item \"><a class=\"wp-block-pages-list__item__link\" href=\"https:\/\/bp.ostroleka.pl\/en\/profil-uzytkownika\/moje-skargi-i-wnioski\/\">My complaints and requests<\/a><\/li><li class=\"wp-block-pages-list__item \"><a class=\"wp-block-pages-list__item__link\" href=\"https:\/\/bp.ostroleka.pl\/en\/profil-uzytkownika\/my-consents\/\">My consents<\/a><\/li><li class=\"wp-block-pages-list__item \"><a class=\"wp-block-pages-list__item__link\" href=\"https:\/\/bp.ostroleka.pl\/en\/profil-uzytkownika\/konto-uzytkownika\/\">My courses<\/a><\/li><li class=\"wp-block-pages-list__item \"><a class=\"wp-block-pages-list__item__link\" href=\"https:\/\/bp.ostroleka.pl\/en\/profil-uzytkownika\/my-courses\/\">My courses<\/a><\/li><li class=\"wp-block-pages-list__item \"><a class=\"wp-block-pages-list__item__link\" href=\"https:\/\/bp.ostroleka.pl\/en\/profil-uzytkownika\/my-errors\/\">My errors<\/a><\/li><li class=\"wp-block-pages-list__item \"><a class=\"wp-block-pages-list__item__link\" href=\"https:\/\/bp.ostroleka.pl\/en\/profil-uzytkownika\/moje-wydarzenia\/\">My events<\/a><\/li><li class=\"wp-block-pages-list__item \"><a class=\"wp-block-pages-list__item__link\" href=\"https:\/\/bp.ostroleka.pl\/en\/profil-uzytkownika\/moje-wystawy\/\">My exhibitions<\/a><\/li><li class=\"wp-block-pages-list__item \"><a class=\"wp-block-pages-list__item__link\" href=\"https:\/\/bp.ostroleka.pl\/en\/profil-uzytkownika\/moje-zapytania\/\">My Inquiries<\/a><\/li><li class=\"wp-block-pages-list__item \"><a class=\"wp-block-pages-list__item__link\" href=\"https:\/\/bp.ostroleka.pl\/en\/profil-uzytkownika\/moje-lekcje-biblioteczne\/\">My library lessons<\/a><\/li><li class=\"wp-block-pages-list__item \"><a class=\"wp-block-pages-list__item__link\" href=\"https:\/\/bp.ostroleka.pl\/en\/profil-uzytkownika\/moje-zestawienia\/\">My Library Lists<\/a><\/li><li class=\"wp-block-pages-list__item \"><a class=\"wp-block-pages-list__item__link\" href=\"https:\/\/bp.ostroleka.pl\/en\/profil-uzytkownika\/my-news\/\">My news<\/a><\/li><li class=\"wp-block-pages-list__item \"><a class=\"wp-block-pages-list__item__link\" href=\"https:\/\/bp.ostroleka.pl\/en\/profil-uzytkownika\/moje-praktyki\/\">My practices<\/a><\/li><li class=\"wp-block-pages-list__item has-child \"><a class=\"wp-block-pages-list__item__link\" href=\"https:\/\/bp.ostroleka.pl\/en\/profil-uzytkownika\/moj-profil\/\">My profile<\/a><ul class=\"wp-block-navigation__submenu-container\"><li class=\"wp-block-pages-list__item \"><a class=\"wp-block-pages-list__item__link\" href=\"https:\/\/bp.ostroleka.pl\/en\/profil-uzytkownika\/moj-profil\/edytuj-profil\/\">Edit profile<\/a><\/li><\/ul><\/li><li class=\"wp-block-pages-list__item \"><a class=\"wp-block-pages-list__item__link\" href=\"https:\/\/bp.ostroleka.pl\/en\/profil-uzytkownika\/moje-propozycje-zakupu\/\">My purchase suggestions<\/a><\/li><li class=\"wp-block-pages-list__item \"><a class=\"wp-block-pages-list__item__link\" href=\"https:\/\/bp.ostroleka.pl\/en\/profil-uzytkownika\/moje-skany\/\">My scans<\/a><\/li><li class=\"wp-block-pages-list__item \"><a class=\"wp-block-pages-list__item__link\" href=\"https:\/\/bp.ostroleka.pl\/en\/profil-uzytkownika\/my-videoconferences\/\">My videoconferences<\/a><\/li><\/ul><\/li><li class=\"wp-block-pages-list__item\"><a class=\"wp-block-pages-list__item__link\" href=\"https:\/\/bp.ostroleka.pl\/en\/wdrazanie-zintegrowanej-strategii-umiejetnosci-rozwoj-umiejetnosci-zawodowych-w-edukacji-formalnej-i-pozaformalnej-w-tym-uczeniu-sie-doroslych\/\">Wdra\u017canie Zintegrowanej Strategii Umiej\u0119tno\u015bci<\/a><\/li><li class=\"wp-block-pages-list__item\"><a class=\"wp-block-pages-list__item__link\" href=\"https:\/\/bp.ostroleka.pl\/en\/wspomaganie-przez-szkole-wychowawczej-roli-rodziny-m-in-przez-wlasciwa-organizacje-zajec-edukacyjnych-wychowanie-do-zycia-w-rodzinie-oraz-realizacje-zadan-programu-wychowawczo-profilaktycznego\/\">Wspomaganie przez szko\u0142\u0119 wychowawczej roli rodziny&#8230;<\/a><\/li><li class=\"wp-block-pages-list__item\"><a class=\"wp-block-pages-list__item__link\" href=\"https:\/\/bp.ostroleka.pl\/en\/wspomnienia\/\">Wspomnienia<\/a><\/li><li class=\"wp-block-pages-list__item\"><a class=\"wp-block-pages-list__item__link\" href=\"https:\/\/bp.ostroleka.pl\/en\/wychowanie-do-wrazliwosci-na-prawde-i-dobro-ksztaltowanie-wlasciwych-postaw-szlachetnosci-zaangazowania-spolecznego-i-dbalosci-o-zdrowie\/\">Wychowanie do wra\u017cliwo\u015bci na prawd\u0119 i dobro&#8230;<\/a><\/li><li class=\"wp-block-pages-list__item\"><a class=\"wp-block-pages-list__item__link\" href=\"https:\/\/bp.ostroleka.pl\/en\/wzmocnienie-edukacji-ekologicznej-w-szkolach-rozwijanie-postawy-odpowiedzialnosci-za-srodowisko-naturalne\/\">Wzmocnienie edukacji ekologicznej w szko\u0142ach&#8230;<\/a><\/li><li class=\"wp-block-pages-list__item\"><a class=\"wp-block-pages-list__item__link\" href=\"https:\/\/bp.ostroleka.pl\/en\/zbiory\/\">Zbiory<\/a><\/li><\/ul>","protected":false},"excerpt":{"rendered":"","protected":false},"author":415,"featured_media":0,"parent":0,"menu_order":0,"comment_status":"closed","ping_status":"closed","template":"","meta":{"_acf_changed":false,"_oasis_is_in_workflow":0,"_oasis_original":0,"inline_featured_image":false,"site-sidebar-layout":"default","site-content-layout":"","ast-site-content-layout":"default","site-content-style":"default","site-sidebar-style":"default","ast-global-header-display":"","ast-banner-title-visibility":"","ast-main-header-display":"","ast-hfb-above-header-display":"","ast-hfb-below-header-display":"","ast-hfb-mobile-header-display":"","site-post-title":"","ast-breadcrumbs-content":"","ast-featured-img":"","footer-sml-layout":"","ast-disable-related-posts":"","theme-transparent-header-meta":"","adv-header-id-meta":"","stick-header-meta":"","header-above-stick-meta":"","header-main-stick-meta":"","header-below-stick-meta":"","astra-migrate-meta-layouts":"default","ast-page-background-enabled":"default","ast-page-background-meta":{"desktop":{"background-color":"","background-image":"","background-repeat":"repeat","background-position":"center center","background-size":"auto","background-attachment":"scroll","background-type":"","background-media":"","overlay-type":"","overlay-color":"","overlay-opacity":"","overlay-gradient":""},"tablet":{"background-color":"","background-image":"","background-repeat":"repeat","background-position":"center center","background-size":"auto","background-attachment":"scroll","background-type":"","background-media":"","overlay-type":"","overlay-color":"","overlay-opacity":"","overlay-gradient":""},"mobile":{"background-color":"","background-image":"","background-repeat":"repeat","background-position":"center center","background-size":"auto","background-attachment":"scroll","background-type":"","background-media":"","overlay-type":"","overlay-color":"","overlay-opacity":"","overlay-gradient":""}},"ast-content-background-meta":{"desktop":{"background-color":"var(--ast-global-color-5)","background-image":"","background-repeat":"repeat","background-position":"center center","background-size":"auto","background-attachment":"scroll","background-type":"","background-media":"","overlay-type":"","overlay-color":"","overlay-opacity":"","overlay-gradient":""},"tablet":{"background-color":"var(--ast-global-color-5)","background-image":"","background-repeat":"repeat","background-position":"center center","background-size":"auto","background-attachment":"scroll","background-type":"","background-media":"","overlay-type":"","overlay-color":"","overlay-opacity":"","overlay-gradient":""},"mobile":{"background-color":"var(--ast-global-color-5)","background-image":"","background-repeat":"repeat","background-position":"center center","background-size":"auto","background-attachment":"scroll","background-type":"","background-media":"","overlay-type":"","overlay-color":"","overlay-opacity":"","overlay-gradient":""}},"_themeisle_gutenberg_block_has_review":false,"footnotes":""},"class_list":["post-25407","page","type-page","status-publish","hentry"],"acf":[],"featured_image_urls_v2":{"full":"","thumbnail":"","medium":"","medium_large":"","large":"","1536x1536":"","2048x2048":"","menu-24x24":"","menu-36x36":"","menu-48x48":"","mailpoet_newsletter_max":""},"post_excerpt_stackable_v2":"<p>Accessibility declarationBibliografie osoboweBibliotekarstwo. Czytelnictwo.Biuletyn zbior\u00f3w multimedialnychContactCOVID 19 procedureDzia\u0142anie na rzecz szerszego udost\u0119pnienia kanonu edukacji klasycznej&#8230;Dzia\u0142yEventsFilieGDPRHomeHomeKalendariumKoncepcja pracy Biblioteki Pedagogicznej w Ostro\u0142\u0119ceLiteratura pedagogicznaLiteratura pi\u0119knaLiteratura popularnonaukowaLiteratura psychologiczno &#8211; spo\u0142ecznalog inMetodyka nauczania poszczeg\u00f3lnych przedmiot\u00f3w nauczaniaMoje wiadomo\u015bciNewsNewsletter regulationsOchrona danych osobowych w Bibliotece Pedagogicznej w Ostro\u0142\u0119ceOg\u0142oszeniaOtherPatologia spoleczna. Agresywno\u015b\u0107. Uzale\u017cnienia. PrzemocPedagogika. Szkolnictwo. O\u015bwiata. Wychowanie.Pisali o nasPodnoszenie jako\u015bci edukacji poprzez dzia\u0142ania&#8230;Privacy policyPsychologiaPurchase proposalRegionalizmRegisterRegulationsRODO \u2013 klauzula informacyjna o przetwarzaniu danych osobowychSerwis prasowySite MapSocjologiaSprawd\u017aTematyczne zestawienia zbior\u00f3w specjalnychUser profileMy ArticlesMy complaints and requestsMy consentsMy coursesMy coursesMy errorsMy eventsMy exhibitionsMy InquiriesMy library lessonsMy Library ListsMy newsMy practicesMy profileEdit profileMy purchase suggestionsMy scansMy videoconferencesWdra\u017canie Zintegrowanej Strategii Umiej\u0119tno\u015bciWspomaganie przez szko\u0142\u0119 wychowawczej roli rodziny&#8230;WspomnieniaWychowanie do&hellip;<\/p>\n","category_list_v2":"","author_info_v2":{"name":"idemczuk","url":"https:\/\/bp.ostroleka.pl\/en\/author\/idemczuk\/"},"comments_num_v2":"0 comments","_links":{"self":[{"href":"https:\/\/bp.ostroleka.pl\/en\/wp-json\/wp\/v2\/pages\/25407","targetHints":{"allow":["GET"]}}],"collection":[{"href":"https:\/\/bp.ostroleka.pl\/en\/wp-json\/wp\/v2\/pages"}],"about":[{"href":"https:\/\/bp.ostroleka.pl\/en\/wp-json\/wp\/v2\/types\/page"}],"author":[{"embeddable":true,"href":"https:\/\/bp.ostroleka.pl\/en\/wp-json\/wp\/v2\/users\/415"}],"replies":[{"embeddable":true,"href":"https:\/\/bp.ostroleka.pl\/en\/wp-json\/wp\/v2\/comments?post=25407"}],"version-history":[{"count":0,"href":"https:\/\/bp.ostroleka.pl\/en\/wp-json\/wp\/v2\/pages\/25407\/revisions"}],"wp:attachment":[{"href":"https:\/\/bp.ostroleka.pl\/en\/wp-json\/wp\/v2\/media?parent=25407"}],"curies":[{"name":"wp","href":"https:\/\/api.w.org\/{rel}","templated":true}]}}