{"id":20090,"date":"2022-01-20T09:53:47","date_gmt":"2022-01-20T08:53:47","guid":{"rendered":"https:\/\/bp.ostroleka.pl\/?page_id=20090"},"modified":"2022-01-20T09:53:55","modified_gmt":"2022-01-20T08:53:55","slug":"moje-wiadomosci","status":"publish","type":"page","link":"https:\/\/bp.ostroleka.pl\/en\/moje-wiadomosci\/","title":{"rendered":"Moje wiadomo\u015bci"},"content":{"rendered":"<div class=\"\">\r\n    <div class=\"bs_title_block\">\r\n        <h1 class=\"entry-title\">Moje wiadomo\u015bci<\/h1>\r\n    <\/div>\r\n    <div class=\"bs-my-account-post-navigation\" data-current-page-index=\"1\">\r\n        <div class=\"bs-my-account-post-count\">2messages <\/div>\r\n        <div class=\"bs-my-account-post-pages\">\r\n                            <button data-get-page=\"prev\"><img decoding=\"async\" src=\"\/wp-content\/uploads\/2021\/05\/left-arrow.svg\" data-get-page=\"prev\" style=\"pointer-events: none;\" \/><\/button>\r\n                <label> 1 z 1<\/label>\r\n                <button data-get-page=\"next\"><img decoding=\"async\" src=\"\/wp-content\/uploads\/2021\/05\/right-arrow.svg\" data-get-page=\"next\" style=\"pointer-events: none;\" \/><\/button>\r\n                    <\/div>\r\n    <\/div>\r\n    <div class=\"bs-my-account-posts\">\r\n                    <div class=\"bs-questions-page\" data-page-index=\"1\" id=\"bs-my-account-posts-page-1\">\r\n                                                        <div class=\"bs-my-account-single-post unseen\" id=\"81\" style=\"background-color:#9EE09359\">\r\n                        <div class=\"bs-my-account-date\">2022-08-04 13:49:56<\/div>\r\n                        <div class=\"bs-my-account-title\">Dodano now\u0105 wiadomo\u015b\u0107 do sprawy MBP.B.Ostr.Czasopisma\/2022\/1<\/div>\r\n                        <div class=\"bs-my-account-content\">U\u017cytkownik wys\u0142a\u0142 now\u0105 wiadomo\u015b\u0107 w[...]<\/div>\r\n                        <div class=\"bs-my-account-message\" style=\"display:none\">U\u017cytkownik wys\u0142a\u0142 now\u0105 wiadomo\u015b\u0107 w sprawie <a href=\"https:\/\/bp.ostroleka.pl\/mbpesprawa\/c6bb09abfebaaea0e0c3dd385c79c790\">MBP.B.Ostr.Czasopisma\/2022\/1<\/a>.<\/div>\r\n                        <button class=\"bs-my-account-details-show\" data-bona-id-notification='81'> go to the site<\/button>\r\n                        <button class=\"bs-my-account-details-hide\" style=\"display:none\" data-bona-id-notification='81'>Hide<\/button>\r\n                    <\/div>\r\n                                                        <div class=\"bs-my-account-single-post unseen\" id=\"65\" style=\"background-color:#9EE09359\">\r\n                        <div class=\"bs-my-account-date\">2022-08-02 16:33:00<\/div>\r\n                        <div class=\"bs-my-account-title\">Dodano now\u0105 wiadomo\u015b\u0107 do sprawy MBP.B.Ostr.Wystawy\/2022\/4<\/div>\r\n                        <div class=\"bs-my-account-content\">U\u017cytkownik wys\u0142a\u0142 now\u0105 wiadomo\u015b\u0107 w[...]<\/div>\r\n                        <div class=\"bs-my-account-message\" style=\"display:none\">U\u017cytkownik wys\u0142a\u0142 now\u0105 wiadomo\u015b\u0107 w sprawie <a href=\"https:\/\/bp.ostroleka.pl\/mbpesprawa\/415f16d37914b6701106c28a19670d6c\">MBP.B.Ostr.Wystawy\/2022\/4<\/a>.<\/div>\r\n                        <button class=\"bs-my-account-details-show\" data-bona-id-notification='65'> go to the site<\/button>\r\n                        <button class=\"bs-my-account-details-hide\" style=\"display:none\" data-bona-id-notification='65'>Hide<\/button>\r\n                    <\/div>\r\n                            <\/div>\r\n            <\/div>\r\n<\/div>\n","protected":false},"excerpt":{"rendered":"","protected":false},"author":112,"featured_media":0,"parent":0,"menu_order":0,"comment_status":"closed","ping_status":"closed","template":"","meta":{"_acf_changed":false,"_oasis_is_in_workflow":0,"_oasis_original":0,"inline_featured_image":false,"site-sidebar-layout":"default","site-content-layout":"","ast-site-content-layout":"default","site-content-style":"default","site-sidebar-style":"default","ast-global-header-display":"","ast-banner-title-visibility":"","ast-main-header-display":"","ast-hfb-above-header-display":"","ast-hfb-below-header-display":"","ast-hfb-mobile-header-display":"","site-post-title":"","ast-breadcrumbs-content":"","ast-featured-img":"","footer-sml-layout":"","ast-disable-related-posts":"","theme-transparent-header-meta":"","adv-header-id-meta":"","stick-header-meta":"","header-above-stick-meta":"","header-main-stick-meta":"","header-below-stick-meta":"","astra-migrate-meta-layouts":"default","ast-page-background-enabled":"default","ast-page-background-meta":{"desktop":{"background-color":"","background-image":"","background-repeat":"repeat","background-position":"center center","background-size":"auto","background-attachment":"scroll","background-type":"","background-media":"","overlay-type":"","overlay-color":"","overlay-opacity":"","overlay-gradient":""},"tablet":{"background-color":"","background-image":"","background-repeat":"repeat","background-position":"center center","background-size":"auto","background-attachment":"scroll","background-type":"","background-media":"","overlay-type":"","overlay-color":"","overlay-opacity":"","overlay-gradient":""},"mobile":{"background-color":"","background-image":"","background-repeat":"repeat","background-position":"center center","background-size":"auto","background-attachment":"scroll","background-type":"","background-media":"","overlay-type":"","overlay-color":"","overlay-opacity":"","overlay-gradient":""}},"ast-content-background-meta":{"desktop":{"background-color":"var(--ast-global-color-5)","background-image":"","background-repeat":"repeat","background-position":"center center","background-size":"auto","background-attachment":"scroll","background-type":"","background-media":"","overlay-type":"","overlay-color":"","overlay-opacity":"","overlay-gradient":""},"tablet":{"background-color":"var(--ast-global-color-5)","background-image":"","background-repeat":"repeat","background-position":"center center","background-size":"auto","background-attachment":"scroll","background-type":"","background-media":"","overlay-type":"","overlay-color":"","overlay-opacity":"","overlay-gradient":""},"mobile":{"background-color":"var(--ast-global-color-5)","background-image":"","background-repeat":"repeat","background-position":"center center","background-size":"auto","background-attachment":"scroll","background-type":"","background-media":"","overlay-type":"","overlay-color":"","overlay-opacity":"","overlay-gradient":""}},"_themeisle_gutenberg_block_has_review":false,"footnotes":""},"class_list":["post-20090","page","type-page","status-publish","hentry"],"acf":[],"featured_image_urls_v2":{"full":"","thumbnail":"","medium":"","medium_large":"","large":"","1536x1536":"","2048x2048":"","menu-24x24":"","menu-36x36":"","menu-48x48":"","mailpoet_newsletter_max":""},"post_excerpt_stackable_v2":"<p>Moje wiadomo\u015bci 2messages 1 z 1 2022-08-04 13:49:56 Dodano now\u0105 wiadomo\u015b\u0107 do sprawy MBP.B.Ostr.Czasopisma\/2022\/1 U\u017cytkownik wys\u0142a\u0142 now\u0105 wiadomo\u015b\u0107 w[&#8230;] U\u017cytkownik wys\u0142a\u0142 now\u0105 wiadomo\u015b\u0107 w sprawie MBP.B.Ostr.Czasopisma\/2022\/1. go to the site Hide 2022-08-02 16:33:00 Dodano now\u0105 wiadomo\u015b\u0107 do sprawy MBP.B.Ostr.Wystawy\/2022\/4 U\u017cytkownik wys\u0142a\u0142 now\u0105 wiadomo\u015b\u0107 w[&#8230;] U\u017cytkownik wys\u0142a\u0142 now\u0105 wiadomo\u015b\u0107 w sprawie MBP.B.Ostr.Wystawy\/2022\/4. go to the site Hide<\/p>\n","category_list_v2":"","author_info_v2":{"name":"Martyna Zalewska","url":"https:\/\/bp.ostroleka.pl\/en\/author\/mprzygodzka\/"},"comments_num_v2":"0 comments","_links":{"self":[{"href":"https:\/\/bp.ostroleka.pl\/en\/wp-json\/wp\/v2\/pages\/20090","targetHints":{"allow":["GET"]}}],"collection":[{"href":"https:\/\/bp.ostroleka.pl\/en\/wp-json\/wp\/v2\/pages"}],"about":[{"href":"https:\/\/bp.ostroleka.pl\/en\/wp-json\/wp\/v2\/types\/page"}],"author":[{"embeddable":true,"href":"https:\/\/bp.ostroleka.pl\/en\/wp-json\/wp\/v2\/users\/112"}],"replies":[{"embeddable":true,"href":"https:\/\/bp.ostroleka.pl\/en\/wp-json\/wp\/v2\/comments?post=20090"}],"version-history":[{"count":3,"href":"https:\/\/bp.ostroleka.pl\/en\/wp-json\/wp\/v2\/pages\/20090\/revisions"}],"predecessor-version":[{"id":20095,"href":"https:\/\/bp.ostroleka.pl\/en\/wp-json\/wp\/v2\/pages\/20090\/revisions\/20095"}],"wp:attachment":[{"href":"https:\/\/bp.ostroleka.pl\/en\/wp-json\/wp\/v2\/media?parent=20090"}],"curies":[{"name":"wp","href":"https:\/\/api.w.org\/{rel}","templated":true}]}}