{"id":20042,"date":"2021-08-20T20:36:43","date_gmt":"2021-08-20T18:36:43","guid":{"rendered":"https:\/\/bp.ostroleka.pl\/?page_id=20042"},"modified":"2022-07-05T10:55:10","modified_gmt":"2022-07-05T08:55:10","slug":"edytuj-profil","status":"publish","type":"page","link":"https:\/\/bp.ostroleka.pl\/en\/profil-uzytkownika\/moj-profil\/edytuj-profil\/","title":{"rendered":"Edit profile"},"content":{"rendered":"<div class=\"bs_site_content\">\n    <div class=\"bs_title_block\">\n        <h1 class=\"entry-title\">Edit profile<\/h1>\n    <\/div>\n        <table>\n        <tbody>\n            <tr>\n                <td class=\"bs_bold\">Login<\/td>\n                <td><\/td>\n            <\/tr>\n            <tr>\n                <td class=\"bs_bold\">E-mail<\/td>\n                <td><\/td>\n            <\/tr>\n        <\/tbody>\n    <\/table>\n    <div>\r\n    <form method=\"POST\" action=\"\" enctype=\"multipart\/form-data\" data-bs-anonymous=\"fasle\" data-bs-validation>\r\n\t\t<div class=\"row mt-1\" ><div class=\"col-12 col-sm-9\"><span id=\"error-_wpnonce_bs-\" data-bs-error-display><\/span><input type=\"hidden\" id=\"_wpnonce_bs\" name=\"_wpnonce_bs\" value=\"2b7d931090\" \/><input type=\"hidden\" name=\"_wp_http_referer\" value=\"\/en\/wp-json\/wp\/v2\/pages\/20042\" \/><span id=\"info-_wpnonce_bs-\"><\/span><\/div><\/div><div class=\"row mt-1\" ><div class=\"col-12 col-sm-9\"><span id=\"error-bs-input-security-\" data-bs-error-display><\/span><input id=\"hiddenbs-input-security\" class=\"form-control \" type=\"hidden\" name=\"bs-input-security\" value=\"b1e550e681c4344dc6637bae5a65d6a8\" placeholder=\"\"     data-bs-validate data-bs-field-instructions=\"\" \/><span id=\"info-bs-input-security-\"><\/span><\/div><\/div><div class=\"row mt-1\" ><label for=\"textfirstname\" class=\"col-12 col-sm-3 col-form-label\">Firstname<\/label><div class=\"col-12 col-sm-9\"><span id=\"error-firstname-\" data-bs-error-display><\/span><input id=\"textfirstname\" class=\"form-control \" type=\"text\" name=\"firstname\" value=\"\" placeholder=\"\"     data-bs-validate data-bs-field-instructions=\"\" \/><span id=\"info-firstname-\"><\/span><\/div><\/div><div class=\"row mt-1\" ><label for=\"textlastname\" class=\"col-12 col-sm-3 col-form-label\">Lastname<\/label><div class=\"col-12 col-sm-9\"><span id=\"error-lastname-\" data-bs-error-display><\/span><input id=\"textlastname\" class=\"form-control \" type=\"text\" name=\"lastname\" value=\"\" placeholder=\"\"     data-bs-validate data-bs-field-instructions=\"\" \/><span id=\"info-lastname-\"><\/span><\/div><\/div><div class=\"row mt-1\" ><label for=\"textworkplace\" class=\"col-12 col-sm-3 col-form-label\">Workplace<\/label><div class=\"col-12 col-sm-9\"><span id=\"error-workplace-\" data-bs-error-display><\/span><input id=\"textworkplace\" class=\"form-control \" type=\"text\" name=\"workplace\" value=\"\" placeholder=\"\"     data-bs-validate data-bs-field-instructions=\"\" \/><span id=\"info-workplace-\"><\/span><\/div><\/div><div class=\"row mt-1\" ><label for=\"fileavatar\" class=\"col-12 col-sm-3 col-form-label\">Avatar<\/label><div class=\"col-12 col-sm-9\"><span id=\"error-avatar-\" data-bs-error-display><\/span><input id=\"fileavatar\" class=\"form-control \" type=\"file\" name=\"avatar[]\" value=\"\" placeholder=\"\"     data-bs-validate data-bs-field-instructions=\"\"accept=\"image\/png,image\/jpeg\" \/><span id=\"info-avatar-\">Recommended file size: 200px \/ 200px<\/span><\/div><\/div><div class=\"row mt-1\" ><div class=\"col-12 col-sm-9\"><span id=\"error-submit-\" data-bs-error-display><\/span><input id=\"\" class=\"bs_submit_button\" type=\"submit\" name=\"submit\" value=\"Save\" placeholder=\"\"     data-bs-field-instructions=\"\" \/><span id=\"info-submit-\"><\/span><\/div><\/div>    <\/form>\r\n<\/div>    <hr>\n    <h2 class=\"bs_edit_account_headers\">Change Password<\/h2>\n    <div>\r\n    <form method=\"POST\" action=\"\" enctype=\"application\/x-www-form-urlencoded\" data-bs-anonymous=\"fasle\" data-bs-validation>\r\n\t\t<div class=\"row mt-1\" ><div class=\"col-12 col-sm-9\"><span id=\"error-_wpnonce_bs-\" data-bs-error-display><\/span><input type=\"hidden\" id=\"_wpnonce_bs\" name=\"_wpnonce_bs\" value=\"ae5c079f59\" \/><input type=\"hidden\" name=\"_wp_http_referer\" value=\"\/en\/wp-json\/wp\/v2\/pages\/20042\" \/><span id=\"info-_wpnonce_bs-\"><\/span><\/div><\/div><div class=\"row mt-1\" ><div class=\"col-12 col-sm-9\"><span id=\"error-bs-input-security-\" data-bs-error-display><\/span><input id=\"hiddenbs-input-security\" class=\"form-control \" type=\"hidden\" name=\"bs-input-security\" value=\"b1e550e681c4344dc6637bae5a65d6a8\" placeholder=\"\"     data-bs-validate data-bs-field-instructions=\"\" \/><span id=\"info-bs-input-security-\"><\/span><\/div><\/div><div class=\"row mt-1\" ><label for=\"passwordoldPassword\" class=\"col-12 col-sm-3 col-form-label\">Current password<\/label><div class=\"col-12 col-sm-9\"><span id=\"error-oldPassword-\" data-bs-error-display><\/span><input id=\"passwordoldPassword\" class=\"form-control \" type=\"password\" name=\"oldPassword\" value=\"\" placeholder=\"\"     data-bs-validate data-bs-field-instructions=\"\" \/><span id=\"info-oldPassword-\"><\/span><\/div><\/div><div class=\"row mt-1\" ><label for=\"passwordnewPassword\" class=\"col-12 col-sm-3 col-form-label\">New password<\/label><div class=\"col-12 col-sm-9\"><span id=\"error-newPassword-\" data-bs-error-display><\/span><input id=\"passwordnewPassword\" class=\"form-control \" type=\"password\" name=\"newPassword\" value=\"\" placeholder=\"\"  required   data-bs-validate data-bs-field-instructions=\"The password should contain at least sixteen characters. Password can not contain &#92; character. To make it stronger, use lowercase and uppercase letters, numbers and characters such as: ! ? $ % ^ & ) &#34;\"data-bs-is-strong-password=\"\"min=\"16\"data-bs-has-forbidden-characters=\"92;\" \/><span id=\"info-newPassword-\"><\/span><\/div><\/div><div class=\"row mt-1\" ><label for=\"passwordrepeatedPassword\" class=\"col-12 col-sm-3 col-form-label\">Confirm new password<\/label><div class=\"col-12 col-sm-9\"><span id=\"error-repeatedPassword-\" data-bs-error-display><\/span><input id=\"passwordrepeatedPassword\" class=\"form-control \" type=\"password\" name=\"repeatedPassword\" value=\"\" placeholder=\"\"  required   data-bs-validate data-bs-field-instructions=\"The password should contain at least sixteen characters. Password can not contain &#92; character. To make it stronger, use lowercase and uppercase letters, numbers and characters such as: ! ? $ % ^ & ) &#34;\"data-bs-is-strong-password=\"\"min=\"16\"data-bs-has-forbidden-characters=\"92;\" \/><span id=\"info-repeatedPassword-\"><\/span><\/div><\/div><div class=\"row mt-1\" ><div class=\"col-12 col-sm-9\"><span id=\"error-save-\" data-bs-error-display><\/span><input id=\"\" class=\"bs_submit_button\" type=\"submit\" name=\"save\" value=\"Save\" placeholder=\"\"     data-bs-field-instructions=\"\" \/><span id=\"info-save-\"><\/span><\/div><\/div>    <\/form>\r\n<\/div>    <hr>\n    <button id=\"bs-remove-account\" class=\"btn btn-danger\">Delete account<\/button>\n    <div style=\"text-align:right\">\n        <a href=\"\/profil-uzytkownika\/moj-profil\/\"><img decoding=\"async\" class=\"bs_arrow_in_link\" src=\"\/wp-content\/uploads\/2021\/05\/prev.svg\" \/>Back<\/a>\n    <\/div>\n    <div id=\"bs-remove-modal\" class=\"modal\">\n        <div class=\"modal-content\">\n            <div class=\"close-section\"><span class=\"close\">&times;<\/span><\/div>\n            <p>Czy na pewno chcesz usun\u0105\u0107 konto i wszystkie zgromadzone na nim dane?<\/p>\n            <div class=\"buttons-section\">\n              <button id=\"remove-all-data\" class=\"remove-button\">\n                  Potwierd\u017a              <\/button>\n              <button id=\"remove-abort\" class=\"remove-button\">\n                  Anuluj              <\/button>\n            <\/div>\n        <\/div>\n\n    <\/div>\n<\/div>\n\n","protected":false},"excerpt":{"rendered":"","protected":false},"author":1603,"featured_media":674,"parent":20040,"menu_order":0,"comment_status":"closed","ping_status":"closed","template":"user-account-template.php","meta":{"_acf_changed":false,"_oasis_is_in_workflow":0,"_oasis_original":0,"inline_featured_image":false,"site-sidebar-layout":"default","site-content-layout":"default","ast-site-content-layout":"default","site-content-style":"default","site-sidebar-style":"default","ast-global-header-display":"","ast-banner-title-visibility":"","ast-main-header-display":"","ast-hfb-above-header-display":"","ast-hfb-below-header-display":"","ast-hfb-mobile-header-display":"","site-post-title":"disabled","ast-breadcrumbs-content":"","ast-featured-img":"","footer-sml-layout":"","ast-disable-related-posts":"","theme-transparent-header-meta":"default","adv-header-id-meta":"","stick-header-meta":"","header-above-stick-meta":"","header-main-stick-meta":"","header-below-stick-meta":"","astra-migrate-meta-layouts":"default","ast-page-background-enabled":"default","ast-page-background-meta":{"desktop":{"background-color":"","background-image":"","background-repeat":"repeat","background-position":"center center","background-size":"auto","background-attachment":"scroll","background-type":"","background-media":"","overlay-type":"","overlay-color":"","overlay-opacity":"","overlay-gradient":""},"tablet":{"background-color":"","background-image":"","background-repeat":"repeat","background-position":"center center","background-size":"auto","background-attachment":"scroll","background-type":"","background-media":"","overlay-type":"","overlay-color":"","overlay-opacity":"","overlay-gradient":""},"mobile":{"background-color":"","background-image":"","background-repeat":"repeat","background-position":"center center","background-size":"auto","background-attachment":"scroll","background-type":"","background-media":"","overlay-type":"","overlay-color":"","overlay-opacity":"","overlay-gradient":""}},"ast-content-background-meta":{"desktop":{"background-color":"var(--ast-global-color-5)","background-image":"","background-repeat":"repeat","background-position":"center center","background-size":"auto","background-attachment":"scroll","background-type":"","background-media":"","overlay-type":"","overlay-color":"","overlay-opacity":"","overlay-gradient":""},"tablet":{"background-color":"var(--ast-global-color-5)","background-image":"","background-repeat":"repeat","background-position":"center center","background-size":"auto","background-attachment":"scroll","background-type":"","background-media":"","overlay-type":"","overlay-color":"","overlay-opacity":"","overlay-gradient":""},"mobile":{"background-color":"var(--ast-global-color-5)","background-image":"","background-repeat":"repeat","background-position":"center center","background-size":"auto","background-attachment":"scroll","background-type":"","background-media":"","overlay-type":"","overlay-color":"","overlay-opacity":"","overlay-gradient":""}},"_themeisle_gutenberg_block_has_review":false,"footnotes":""},"class_list":["post-20042","page","type-page","status-publish","has-post-thumbnail","hentry"],"acf":[],"featured_image_urls_v2":{"full":["https:\/\/bp.ostroleka.pl\/wp-content\/uploads\/sites\/11\/2021\/08\/budynekpoprawionekolory.jpg",1386,1040,false],"thumbnail":["https:\/\/bp.ostroleka.pl\/wp-content\/uploads\/sites\/11\/2021\/08\/budynekpoprawionekolory.jpg",150,113,false],"medium":["https:\/\/bp.ostroleka.pl\/wp-content\/uploads\/sites\/11\/2021\/08\/budynekpoprawionekolory.jpg",300,225,false],"medium_large":["https:\/\/bp.ostroleka.pl\/wp-content\/uploads\/sites\/11\/2021\/08\/budynekpoprawionekolory.jpg",768,576,false],"large":["https:\/\/bp.ostroleka.pl\/wp-content\/uploads\/sites\/11\/2021\/08\/budynekpoprawionekolory.jpg",1024,768,false],"1536x1536":["https:\/\/bp.ostroleka.pl\/wp-content\/uploads\/sites\/11\/2021\/08\/budynekpoprawionekolory.jpg",1386,1040,false],"2048x2048":["https:\/\/bp.ostroleka.pl\/wp-content\/uploads\/sites\/11\/2021\/08\/budynekpoprawionekolory.jpg",1386,1040,false],"menu-24x24":["https:\/\/bp.ostroleka.pl\/wp-content\/uploads\/sites\/11\/2021\/08\/budynekpoprawionekolory.jpg",24,18,false],"menu-36x36":["https:\/\/bp.ostroleka.pl\/wp-content\/uploads\/sites\/11\/2021\/08\/budynekpoprawionekolory.jpg",36,27,false],"menu-48x48":["https:\/\/bp.ostroleka.pl\/wp-content\/uploads\/sites\/11\/2021\/08\/budynekpoprawionekolory.jpg",48,36,false],"mailpoet_newsletter_max":["https:\/\/bp.ostroleka.pl\/wp-content\/uploads\/sites\/11\/2021\/08\/budynekpoprawionekolory.jpg",1320,990,false]},"post_excerpt_stackable_v2":"<p>Edit profile Login E-mail FirstnameLastnameWorkplaceAvatarRecommended file size: 200px \/ 200px Change Password Current passwordNew passwordConfirm new password Delete account Back &times; Czy na pewno chcesz usun\u0105\u0107 konto i wszystkie zgromadzone na nim dane? Potwierd\u017a Anuluj<\/p>\n","category_list_v2":"","author_info_v2":{"name":"uzytkownik niezalogowany","url":"https:\/\/bp.ostroleka.pl\/en\/author\/1705578372katarzyna-domagalamazovia-pl\/"},"comments_num_v2":"0 comments","_links":{"self":[{"href":"https:\/\/bp.ostroleka.pl\/en\/wp-json\/wp\/v2\/pages\/20042","targetHints":{"allow":["GET"]}}],"collection":[{"href":"https:\/\/bp.ostroleka.pl\/en\/wp-json\/wp\/v2\/pages"}],"about":[{"href":"https:\/\/bp.ostroleka.pl\/en\/wp-json\/wp\/v2\/types\/page"}],"author":[{"embeddable":true,"href":"https:\/\/bp.ostroleka.pl\/en\/wp-json\/wp\/v2\/users\/1603"}],"replies":[{"embeddable":true,"href":"https:\/\/bp.ostroleka.pl\/en\/wp-json\/wp\/v2\/comments?post=20042"}],"version-history":[{"count":0,"href":"https:\/\/bp.ostroleka.pl\/en\/wp-json\/wp\/v2\/pages\/20042\/revisions"}],"up":[{"embeddable":true,"href":"https:\/\/bp.ostroleka.pl\/en\/wp-json\/wp\/v2\/pages\/20040"}],"wp:featuredmedia":[{"embeddable":true,"href":"https:\/\/bp.ostroleka.pl\/en\/wp-json\/wp\/v2\/media\/674"}],"wp:attachment":[{"href":"https:\/\/bp.ostroleka.pl\/en\/wp-json\/wp\/v2\/media?parent=20042"}],"curies":[{"name":"wp","href":"https:\/\/api.w.org\/{rel}","templated":true}]}}