{"id":19711,"date":"2015-11-25T15:04:18","date_gmt":"2015-11-25T14:04:18","guid":{"rendered":"https:\/\/bp.ostroleka.pl\/bibliografie\/"},"modified":"2022-10-31T18:49:12","modified_gmt":"2022-10-31T17:49:12","slug":"bibliografie","status":"publish","type":"page","link":"https:\/\/bp.ostroleka.pl\/en\/bibliografie\/","title":{"rendered":"Bibliografie osobowe"},"content":{"rendered":"\n<figure class=\"wp-block-table is-style-stripes\"><table><tbody><tr><td><a href=\"\/krzysztof-kamil-baczynski\/\">Baczy\u0144ski Krzysztof Kamil (1921-1944)<\/a>: bibliografia podmiotowo \u2013 przedmiotowa. Ostro\u0142\u0119ka: BP, 2004<\/td><\/tr><tr><td><a href=\"\/miron-bialoszewski\/\">Bia\u0142oszewski Miron (1922-1983)<\/a>: bibliografia podmiotowo- przedmiotowa. Ostro\u0142\u0119ka: BP, 2012<\/td><\/tr><tr><td><a href=\"\/bochenski\/\">Boche\u0144ski J\u00f3zef Maria(1902-1995)<\/a>: bibliografia przedmiotowa. Ostro\u0142\u0119ka: BP, 2020<\/td><\/tr><tr><td><a href=\"\/wladyslaw-broniewski\/\">Broniewski W\u0142adys\u0142aw (1897-1962)<\/a>: bibliografia przedmiotowa. Ostro\u0142\u0119ka: BP, 2012<\/td><\/tr><tr><td><a href=\"\/lewis\/\">Carroll Lewis (1832-1898)<\/a>. Ostro\u0142\u0119ka : BP, 2018<\/td><\/tr><tr><td><a href=\"\/iwona-chmielewska\/\">Chmielewska Iwona (ur. 1960).<\/a>&nbsp;Ostro\u0142\u0119ka: BP, 2018<\/td><\/tr><tr><td><a href=\"\/joseph-conrad\/\">Conrad Joseph<\/a>: bibliografia podmiotowo \u2013 przedmiotowa. Ostro\u0142\u0119ka: BP, 2017<\/td><\/tr><tr><td><a href=\"\/jan-czochralski\/\">Czochralski Jan (1885-1953)<\/a>: zestawienie bibliograficzne. Ostro\u0142\u0119ka: BP, 2013.<\/td><\/tr><tr><td><a href=\"\/dmowski\/\">Dmowski Roman Stanis\u0142aw (1864-1939)<\/a>: zestawienie bibliograficzne. Ostro\u0142\u0119ka: BP, 2018<\/td><\/tr><tr><td><a href=\"\/aleksander-fredro\/\">Fredro Aleksander (1793-1876)<\/a>: bibliografia podmiotowo \u2013 przedmiotowa. Ostro\u0142\u0119ka : BP, 2013<\/td><\/tr><tr><td><a href=\"\/william-golding\/\">Golding William (1911-1993)<\/a>: zestawienie bibliograficzne w wyborze. Ostro\u0142\u0119ka: BP, 2003<\/td><\/tr><tr><td><a href=\"\/maria-grzegorzewska\/\">Grzegorzewska Maria (1888 \u2013 1967)<\/a>: zestawienie bibliograficzne. Ostro\u0142\u0119ka: BP, 2007<\/td><\/tr><tr><td><a href=\"\/stanislaw-grzesiuk\/\">Grzesiuk Stanis\u0142aw (1918-1963)<\/a>: zestawienie bibliograficzne w wyborze. Ostro\u0142\u0119ka: BP, 2003<\/td><\/tr><tr><td><a href=\"\/zbigniew-herbert\/\">Herbert Zbigniew (1924 \u2013 1998)<\/a>: bibliografia podmiotowo \u2013 przedmiotowa. Ostro\u0142\u0119ka: BP, 2005<\/td><\/tr><tr><td><a href=\"\/gustaw\/\">Herling \u2013 Grudzi\u0144ski Gustaw: zestawienie bibliograficzne. Ostro\u0142\u0119ka: BP, 2019.<\/a>&nbsp;Ostro\u0142\u0119ka: BP, 2019<\/td><\/tr><tr><td><a href=\"\/marek-hlasko-1934-1969\/\">H\u0142asko Marek (1934-1969):<\/a>&nbsp;bibliografia podmiotowo \u2013 przedmiotowa w wyborze. Ostro\u0142\u0119ka: BP, 2019<\/td><\/tr><tr><td><a href=\"\/james\/\">James Joyce (1882-1941):<\/a>\u00a0bibliografia przedmiotowa. Ostro\u0142\u0119ka : BP, 2021<\/td><\/tr><tr><td><a href=\"\/jan-pawel-ii\/\">Jan Pawe\u0142 II<\/a>: zestawienie bibliograficzne. Ostro\u0142\u0119ka: BP, 2014<\/td><\/tr><tr><td><a href=\"\/jan\/\">Jan Pawe\u0142 II papie\u017c<\/a>: zestawienie bibliograficzne za lata 2013-2020. Ostro\u0142\u0119ka : BP, 2020<\/td><\/tr><tr><td><a href=\"\/mieczyslaw-jastrun\/\">Jastrun Mieczys\u0142aw (1903-1983)<\/a>: zestawienie bibliograficzne w wyborze. Ostro\u0142\u0119ka: BP, 2003<\/td><\/tr><tr><td><a href=\"\/kamienska\/\">Kamie\u0144ska Anna (1920-1986)<\/a>: bibliografia podmiotowo-przedmiotowa. Ostro\u0142\u0119ka : BP, 2021.<\/td><\/tr><tr><td><a href=\"\/ryszard-kapuscinski\/\">Kapu\u015bci\u0144ski Ryszard (1932 \u2013 2007)<\/a>: bibliografia podmiotowo \u2013 przedmiotowa. Ostro\u0142\u0119ka: BP, 2007<\/td><\/tr><tr><td><a href=\"\/jan-karski\/\">Karski Jan (1914-2000)<\/a>: bibliografia podmiotowo-przedmiotowa. Ostro\u0142\u0119ka : BP, 2014<\/td><\/tr><tr><td><a href=\"\/henryk-oskar-kolberg\/\">Kolberg Oskar Henryk (1814 \u2013 1890)<\/a>: zestawienie bibliograficzne. Ostro\u0142\u0119ka: BP, 2014<\/td><\/tr><tr><td><a href=\"\/janusz-korczak\/\">Korczak Janusz (1978 [?] \u2013 1942)<\/a>: bibliografia przedmiotowa. Ostro\u0142\u0119ka: BP, 2009<\/td><\/tr><tr><td><a href=\"\/janusz-korczak-2\/\">Korczak Janusz (1978 [?] \u2013 1942)<\/a>: bibliografia przedmiotowa. Ostro\u0142\u0119ka: BP, 2011<\/td><\/tr><tr><td><a href=\"\/tadeusz-kosciuszko\/\">Ko\u015bciuszko Tadeusz (1746-1817)<\/a>: zestawienie bibliograficzne. Ostro\u0142\u0119ka: BP, 2017<\/td><\/tr><tr><td><a href=\"\/zygmunt-krasinski\/\">Kras\u0144ski Zygmunt (1812-1859)<\/a>: bibliografia podmiotowo- przedmiotowa. Ostro\u0142\u0119ka: BP, 2012<\/td><\/tr><tr><td><a href=\"\/jozef-ignacy-kraszewski\/\">Kraszewski J\u00f3zef Ignacy (1812-1887)<\/a>: bibliografia podmiotowo- przedmiotowa. Ostro\u0142\u0119ka: BP, 2012<\/td><\/tr><tr><td><a href=\"\/stanislaw-lem\/\">Lem Stanis\u0142aw (1921-2006)<\/a>: bibliografia podmiotowo-przedmiotowa. Ostro\u0142\u0119ka: BP, 2010<\/td><\/tr><tr><td><a href=\"\/stanislaw-3\/\">Lem Stanis\u0142aw (1921-2006)<\/a>: bibliografia podmiotowa. Ostro\u0142\u0119ka: BP, 2021<\/td><\/tr><tr><td><a href=\"\/boleslaw-lesmian-2\/\">Le\u015bmian Boles\u0142aw<\/a>: Bibliografia podmiotowo \u2013 przedmiotowa. Ostro\u0142\u0119ka: BP, 2008<\/td><\/tr><tr><td><a href=\"\/astrid-lindgren\/\">Lindgren Astrid (1907-2002):<\/a>: bibliografia przedmiotowa. Ostro\u0142\u0119ka: BP, 2012<\/td><\/tr><tr><td><a href=\"\/maria-lopatkowa\/\">\u0141opatkowa Maria (1927-2016):<\/a>&nbsp;bibliografia podmiotowo \u2013 przedmiotowa. Ostro\u0142\u0119ka: BP, 2018<\/td><\/tr><tr><td><a href=\"\/dorota-maslowska\/\">Mas\u0142owska Dorota<\/a>: bibliografia podmiotowo \u2013 przedmiotowa. Ostro\u0142\u0119ka: BP, 2013<\/td><\/tr><tr><td><a href=\"\/czeslaw-milosz\/\">Mi\u0142osz Czes\u0142aw (1911-2004)<\/a>: bibliografia przedmiotowa. Ostro\u0142\u0119ka: BP, 2011.<\/td><\/tr><tr><td><a href=\"\/patrick-modiano\/\">Modiano Patrick<\/a>: zestawienie bibliograficzne. Ostro\u0142\u0119ka: BP, 2016<\/td><\/tr><tr><td><a href=\"\/maria-montessori\/\">Montessori Maria<\/a>: zestawienie bibliograficzne. Ostro\u0142\u0119ka: BP, 2007<\/td><\/tr><tr><td><a href=\"\/stanislaw\/\">Moniuszko Stanis\u0142aw:<\/a>&nbsp;zestawienie bibliograficzne. Ostro\u0142\u0119ka: BP, 2019<\/td><\/tr><tr><td><a href=\"\/slawomir-mrozek\/\">Mro\u017cek S\u0142awomir (1930-2013)<\/a>: bibliografia podmiotowo \u2013 przedmiotowa. Ostro\u0142\u0119ka : BP, 2013<\/td><\/tr><tr><td><a href=\"\/alice-ann-munro\/\">Munro Alice (1931 \u2013 )<\/a>: bibliografia podmiotowo-przedmiotowa. Ostro\u0142\u0119ka: BP, 2015<\/td><\/tr><tr><td><a href=\"\/malgorzata-musierowicz\/\">Musierowicz Ma\u0142gorzata<\/a>: bibliografia podmiotowo \u2013 przedmiotowa. Ostro\u0142\u0119ka: BP, 2005<\/td><\/tr><tr><td><a href=\"\/herta-muller\/\">M\u00fcller Herta<\/a>: zestawienie bibliograficzne. Ostro\u0142\u0119ka: BP, 2016.<\/td><\/tr><tr><td><a href=\"\/igor-newerly\/\">Newerly Igor (1903-1987)<\/a>: zestawienie bibliograficzne w wyborze. Ostro\u0142\u0119ka: BP, 2003<\/td><\/tr><tr><td><a href=\"\/cyprian-kamil-norwid\/\">Norwid Cyprian Kamil (1821-1883)<\/a>: bibliografia podmiotowo \u2013 przedmiotowa. Ostro\u0142\u0119ka: BP, 2013<\/td><\/tr><tr><td><a href=\"\/jan-nowak-jezioranski\/\">Nowak Jeziora\u0144ski Jan (1914-2005)<\/a>: bibliografia podmiotowo-przedmiotowa. Ostro\u0142\u0119ka: BP, 2014<\/td><\/tr><tr><td><a href=\"\/georg-orwell\/\">Orwell Georg (1903-1950)<\/a>: zestawienie bibliograficzne w wyborze za lata 1979 \u2013 2002. Ostro\u0142\u0119ka: BP, 2003<\/td><\/tr><tr><td><a href=\"\/jozef-pilsudski\/\">Pi\u0142sudski J\u00f3zef<\/a>: bibliografia przedmiotowa. Ostro\u0142\u0119ka: BP, 2017.<\/td><\/tr><tr><td><a href=\"\/grzegorz-piramowicz\/\">Piramowicz Grzegorz (1735-1801) i Hugo Ko\u0142\u0142\u0105taj (1750-1812)<\/a>: bibliografia podmiotowo-przedmiotowa. Ostro\u0142\u0119ka: BP, 2010<\/td><\/tr><tr><td><a href=\"\/jan-potocki\/\">Potocki Jan (1761-1815)<\/a>: bibliografia podmiotowo-przedmiotowa. Ostro\u0142\u0119ka: BP, 2015<\/td><\/tr><tr><td><a href=\"\/boleslaw-prus\/\">Prus Boles\u0142aw (1847-1912)<\/a>: bibliografia przedmiotowa za lata 1990 \u2013 2012. Ostro\u0142\u0119ka: BP, 2012<\/td><\/tr><tr><td><a href=\"\/tadeusz-rozewicz\/\">R\u00f3\u017cewicz Tadeusz (1921-2014)<\/a>: bibliografia przedmiotowa. Ostro\u0142\u0119ka, 2021<\/td><\/tr><tr><td><a href=\"\/rymkiewicz-jaroslaw-marek\/\">Rymkiewicz Jaros\u0142aw Marek<\/a>: bibliografia podmiotowo \u2013 przedmiotowa. Ostro\u0142\u0119ka: BP, 2007<\/td><\/tr><tr><td><a href=\"\/andrzej-sapkowski\/\">Sapkowski Andrzej<\/a>: bibliografia podmiotowo \u2013 przedmiotowa. Ostro\u0142\u0119ka: BP, 2006<\/td><\/tr><tr><td><a href=\"\/bruno-schulz-2\/\">Schulz Bruno<\/a>: bibliografia przedmiotowa. Ostro\u0142\u0119ka: BP, 2012<\/td><\/tr><tr><td><a href=\"\/irena-sendlerowa\/\">Sendlerowa Irena Stanis\u0142awa (1910-2008).<\/a>&nbsp;Ostro\u0142\u0119ka: BP, 2017<\/td><\/tr><tr><td><a href=\"\/shaw-irwin\/\">Shaw Irwin (1913 \u2013 1984)<\/a>: Ostro\u0142\u0119ka: BP, 2004<\/td><\/tr><tr><td><a href=\"\/henryk-sienkiewicz\/\">Sienkiewicz Henryk (1846-1916)<\/a>: bibliografia podmiotowo-przedmiotowa. Ostro\u0142\u0119ka: BP, 2016<\/td><\/tr><tr><td><a href=\"\/stanislaw-staszic\/\">Staszic Stanis\u0142aw (1755 \u2013 1826) \u2013 patriota, nauczyciel, uczony<\/a>: zestawienie bibliograficzne. Ostro\u0142\u0119ka: BP, 2008<\/td><\/tr><tr><td><a href=\"\/wislawa-szymborska\/\">Szymborska Wis\u0142awa (1923 \u2013 2012)<\/a>: zestawienie bibliograficzne w wyborze. Ostro\u0142\u0119ka: BP, 2003<\/td><\/tr><tr><td><a href=\"\/tadeusz-sliwiak\/\">\u015aliwiak Tadeusz (1928 \u2013 1994)<\/a>: bibliografia podmiotowo \u2013 przedmiotowa. Ostro\u0142\u0119ka: BP, 2008<\/td><\/tr><tr><td><a href=\"\/julian-tuwim\/\">Tuwim Julian (1894-1953)<\/a>: bibliografia podmiotowo \u2013 przedmiotowa. Ostro\u0142\u0119ka: BP, 2013<\/td><\/tr><tr><td><a href=\"\/ks-jan-twardowski\/\">Ks. Twardowski Jan (1915-2006)<\/a>: bibliografia podmiotowo-przedmiotowa. Ostro\u0142\u0119ka: BP, 2015<\/td><\/tr><tr><td><a href=\"\/leopold-tyrmand\/\">Tyrmand Leopold (1920-1985):<\/a>&nbsp;bibliografia podmiotowo-przedmiotowa. Ostro\u0142\u0119ka: BP, 2019<\/td><\/tr><tr><td><a href=\"\/melchior-wankowicz\/\">Wa\u0144kowicz Melchior (1892 \u2013 1974)<\/a>: bibliografia podmiotowo \u2013 przedmiotowa. Ostro\u0142\u0119ka: BP, 2004<\/td><\/tr><tr><td><a href=\"\/rafal-wojaczek\/\">Wojaczek Rafa\u0142 (1945 \u2013 1971)<\/a>: bibliografia podmiotowo \u2013 przedmiotowa. Ostro\u0142\u0119ka: BP, 2010<\/td><\/tr><tr><td><a href=\"\/virginia-woolf\/\">Woolf Virginia (1882 \u2013 1941)<\/a>: bibliografia podmiotowo \u2013 przedmiotowa. Ostro\u0142\u0119ka: BP, 2012<\/td><\/tr><tr><td><a href=\"\/mo-yan\/\">Yan Mo (1955 \u2013 )<\/a>: bibliografia podmiotowo-przedmiotowa. Ostro\u0142\u0119ka: BP, 2015<\/td><\/tr><tr><td><a href=\"\/stanislaw-zolkiewski\/\">\u017b\u00f3\u0142kiewski Stanis\u0142aw (1547 \u2013 1620)<\/a>: Ostro\u0142\u0119ka: BP, 2020<\/td><\/tr><\/tbody><\/table><\/figure>\n","protected":false},"excerpt":{"rendered":"<p>Baczy\u0144ski Krzysztof Kamil (1921-1944): bibliografia podmiotowo \u2013 przedmiotowa. Ostro\u0142\u0119ka: BP, 2004 Bia\u0142oszewski Miron (1922-1983): bibliografia podmiotowo- przedmiotowa. Ostro\u0142\u0119ka: BP, 2012 [&hellip;]<\/p>\n","protected":false},"author":1603,"featured_media":0,"parent":0,"menu_order":0,"comment_status":"closed","ping_status":"closed","template":"","meta":{"_acf_changed":false,"_oasis_is_in_workflow":0,"_oasis_original":0,"inline_featured_image":false,"site-sidebar-layout":"default","site-content-layout":"","ast-site-content-layout":"default","site-content-style":"default","site-sidebar-style":"default","ast-global-header-display":"","ast-banner-title-visibility":"","ast-main-header-display":"","ast-hfb-above-header-display":"","ast-hfb-below-header-display":"","ast-hfb-mobile-header-display":"","site-post-title":"","ast-breadcrumbs-content":"","ast-featured-img":"","footer-sml-layout":"","ast-disable-related-posts":"","theme-transparent-header-meta":"","adv-header-id-meta":"","stick-header-meta":"","header-above-stick-meta":"","header-main-stick-meta":"","header-below-stick-meta":"","astra-migrate-meta-layouts":"default","ast-page-background-enabled":"default","ast-page-background-meta":{"desktop":{"background-color":"","background-image":"","background-repeat":"repeat","background-position":"center center","background-size":"auto","background-attachment":"scroll","background-type":"","background-media":"","overlay-type":"","overlay-color":"","overlay-opacity":"","overlay-gradient":""},"tablet":{"background-color":"","background-image":"","background-repeat":"repeat","background-position":"center center","background-size":"auto","background-attachment":"scroll","background-type":"","background-media":"","overlay-type":"","overlay-color":"","overlay-opacity":"","overlay-gradient":""},"mobile":{"background-color":"","background-image":"","background-repeat":"repeat","background-position":"center center","background-size":"auto","background-attachment":"scroll","background-type":"","background-media":"","overlay-type":"","overlay-color":"","overlay-opacity":"","overlay-gradient":""}},"ast-content-background-meta":{"desktop":{"background-color":"var(--ast-global-color-5)","background-image":"","background-repeat":"repeat","background-position":"center center","background-size":"auto","background-attachment":"scroll","background-type":"","background-media":"","overlay-type":"","overlay-color":"","overlay-opacity":"","overlay-gradient":""},"tablet":{"background-color":"var(--ast-global-color-5)","background-image":"","background-repeat":"repeat","background-position":"center center","background-size":"auto","background-attachment":"scroll","background-type":"","background-media":"","overlay-type":"","overlay-color":"","overlay-opacity":"","overlay-gradient":""},"mobile":{"background-color":"var(--ast-global-color-5)","background-image":"","background-repeat":"repeat","background-position":"center center","background-size":"auto","background-attachment":"scroll","background-type":"","background-media":"","overlay-type":"","overlay-color":"","overlay-opacity":"","overlay-gradient":""}},"_themeisle_gutenberg_block_has_review":false,"footnotes":""},"class_list":["post-19711","page","type-page","status-publish","hentry"],"acf":[],"featured_image_urls_v2":{"full":"","thumbnail":"","medium":"","medium_large":"","large":"","1536x1536":"","2048x2048":"","menu-24x24":"","menu-36x36":"","menu-48x48":"","mailpoet_newsletter_max":""},"post_excerpt_stackable_v2":"<p>Baczy\u0144ski Krzysztof Kamil (1921-1944): bibliografia podmiotowo \u2013 przedmiotowa. Ostro\u0142\u0119ka: BP, 2004Bia\u0142oszewski Miron (1922-1983): bibliografia podmiotowo- przedmiotowa. Ostro\u0142\u0119ka: BP, 2012Boche\u0144ski J\u00f3zef Maria(1902-1995): bibliografia przedmiotowa. Ostro\u0142\u0119ka: BP, 2020Broniewski W\u0142adys\u0142aw (1897-1962): bibliografia przedmiotowa. Ostro\u0142\u0119ka: BP, 2012Carroll Lewis (1832-1898). Ostro\u0142\u0119ka : BP, 2018Chmielewska Iwona (ur. 1960).&nbsp;Ostro\u0142\u0119ka: BP, 2018Conrad Joseph: bibliografia podmiotowo \u2013 przedmiotowa. Ostro\u0142\u0119ka: BP, 2017Czochralski Jan (1885-1953): zestawienie bibliograficzne. Ostro\u0142\u0119ka: BP, 2013.Dmowski Roman Stanis\u0142aw (1864-1939): zestawienie bibliograficzne. Ostro\u0142\u0119ka: BP, 2018Fredro Aleksander (1793-1876): bibliografia podmiotowo \u2013 przedmiotowa. Ostro\u0142\u0119ka : BP, 2013Golding William (1911-1993): zestawienie bibliograficzne w wyborze. Ostro\u0142\u0119ka: BP, 2003Grzegorzewska Maria (1888 \u2013 1967): zestawienie bibliograficzne. Ostro\u0142\u0119ka: BP, 2007Grzesiuk Stanis\u0142aw (1918-1963): zestawienie bibliograficzne w&hellip;<\/p>\n","category_list_v2":"","author_info_v2":{"name":"uzytkownik niezalogowany","url":"https:\/\/bp.ostroleka.pl\/en\/author\/1705578372katarzyna-domagalamazovia-pl\/"},"comments_num_v2":"0 comments","_links":{"self":[{"href":"https:\/\/bp.ostroleka.pl\/en\/wp-json\/wp\/v2\/pages\/19711","targetHints":{"allow":["GET"]}}],"collection":[{"href":"https:\/\/bp.ostroleka.pl\/en\/wp-json\/wp\/v2\/pages"}],"about":[{"href":"https:\/\/bp.ostroleka.pl\/en\/wp-json\/wp\/v2\/types\/page"}],"author":[{"embeddable":true,"href":"https:\/\/bp.ostroleka.pl\/en\/wp-json\/wp\/v2\/users\/1603"}],"replies":[{"embeddable":true,"href":"https:\/\/bp.ostroleka.pl\/en\/wp-json\/wp\/v2\/comments?post=19711"}],"version-history":[{"count":1,"href":"https:\/\/bp.ostroleka.pl\/en\/wp-json\/wp\/v2\/pages\/19711\/revisions"}],"predecessor-version":[{"id":32171,"href":"https:\/\/bp.ostroleka.pl\/en\/wp-json\/wp\/v2\/pages\/19711\/revisions\/32171"}],"wp:attachment":[{"href":"https:\/\/bp.ostroleka.pl\/en\/wp-json\/wp\/v2\/media?parent=19711"}],"curies":[{"name":"wp","href":"https:\/\/api.w.org\/{rel}","templated":true}]}}