{"id":19706,"date":"2015-11-25T15:03:25","date_gmt":"2015-11-25T14:03:25","guid":{"rendered":"https:\/\/bp.ostroleka.pl\/patologia\/"},"modified":"2022-10-31T18:57:02","modified_gmt":"2022-10-31T17:57:02","slug":"patologia","status":"publish","type":"page","link":"https:\/\/bp.ostroleka.pl\/en\/patologia\/","title":{"rendered":"Patologia spoleczna. Agresywno\u015b\u0107. Uzale\u017cnienia. Przemoc"},"content":{"rendered":"\n<figure class=\"wp-block-table table table-striped is-style-stripes\"><table><tbody><tr><td><a href=\"\/agresja-dzieci-i-mlodziezy\/\">Agresja dzieci i m\u0142odzie\u017cy<\/a>: zestawienie bibliograficzne w wyborze z lat 2000 &#8211; 2009. Wyszk\u00f3w: BP, 2010<\/td><\/tr><tr><td><a href=\"\/alkoholizm\/\">Alkoholizm dzieci i m\u0142odzie\u017cy:<\/a> zestawienie bibliograficzne. Ostro\u0142\u0119ka: BP, 2021<\/td><\/tr><tr><td><a href=\"\/anoreksja-i-bulimia\/\/\">Anoreksja i bulimia<\/a>: zestawienie bibliograficzne. Ostro\u0142\u0119ka: BP, 2007<\/td><\/tr><tr><td><a href=\"\/cyberprzemoc-i-cyberuzaleznienia\/\">Cyberprzemoc<\/a>: zestawienie bibliograficzne. Ostro\u0142\u0119ka: BP, 2012<\/td><\/tr><tr><td><a href=\"\/cyberuzaleznienia\/\">Cyberuzale\u017cnienia<\/a>: zestawienie bibliograficzne. Ostro\u0142\u0119ka: BP, 2012<\/td><\/tr><tr><td><a href=\"\/cyberuzaleznienia-2\/\">Cyberuzale\u017cnienia<\/a>: zestawienie bibliograficzne. Ostro\u0142\u0119ka: BP, 2021<\/td><\/tr><tr><td><a href=\"\/dopalacze\/\">Dopalacze<\/a>: Ostro\u0142\u0119ka: BP, 2016<\/td><\/tr><tr><td><a href=\"\/fonoholizm\/\">Fonoholizm:<\/a> zestawienie bibliograficzne. Ostro\u0142\u0119ka: BP, 2020<\/td><\/tr><tr><td><a href=\"\/profilaktyka-agresji-i-przemocy-w-szkole\/\">Profilaktyka agresji i przemocy w szkole<\/a>: wykaz ksi\u0105\u017cek i artyku\u0142\u00f3w z czasopism za lata 2000-2014. Ostro\u0142\u0119ka: BP, 2014<\/td><\/tr><tr><td><a href=\"\/profilaktyka-3\/\">Profilaktyka uzale\u017cnie\u0144 w szko\u0142ach i plac\u00f3wkach o\u015bwiatowych<\/a>: zestawienie bibliograficzne w wyborze. Ostro\u0142\u0119ka: BP, 2019<\/td><\/tr><tr><td><a href=\"\/prostytucja-nieletnich\/\">Prostytucja nieletnich<\/a>: zestawienie bibliograficzne. Ostro\u0142\u0119ka: BP, 2010<\/td><\/tr><tr><td><a href=\"\/przemoc-i-agresja-w-szkole-i-srodowisku-wychowawczym-dziecka\/\">Przemoc i agresja w szkole i \u015brodowisku wychowawczym dziecka<\/a>: Ostro\u0142\u0119ka: BP, 2003<\/td><\/tr><tr><td><a href=\"\/przestepczosc-nieletnich-i-mlodocianych\/\">Przest\u0119pczo\u015b\u0107 nieletnich i m\u0142odocianych<\/a>: zestawienie bibliograficzne za lata 1990 &#8211; 2010. Ostro\u0142\u0119ka: BP, 2010<\/td><\/tr><tr><td><a href=\"\/uzaleznienia-wsrod-mlodziezy-narkomania\/\">Uzale\u017cnienia w\u015br\u00f3d m\u0142odzie\u017cy &#8211; narkomania<\/a>: zestawienie bibliograficzne za lata 2005 &#8211; 2010. Wyszk\u00f3w: BP, 2011<\/td><\/tr><tr><td><a href=\"\/uzaleznienia-wsrod-mlodziezy-nikotynizm\/\">Uzale\u017cnienia w\u015br\u00f3d m\u0142odzie\u017cy &#8211; nikotynizm<\/a>: zestawienie bibliograficzne za lata 2000 &#8211; 2010. Wyszk\u00f3w: BP, 2011<\/td><\/tr><tr><td><a href=\"\/uzaleznienia-wsrod-mlodziezy\/\">Uzale\u017cnienia w\u015br\u00f3d m\u0142odzie\u017cy<\/a>: zestawienie bibliograficzne w wyborze za lata 2003 &#8211; 2008. Wyszk\u00f3w: BP, 2009<\/td><\/tr><\/tbody><\/table><\/figure>\n","protected":false},"excerpt":{"rendered":"<p>Agresja dzieci i m\u0142odzie\u017cy: zestawienie bibliograficzne w wyborze z lat 2000 &#8211; 2009. Wyszk\u00f3w: BP, 2010 Alkoholizm dzieci i m\u0142odzie\u017cy: [&hellip;]<\/p>\n","protected":false},"author":1603,"featured_media":0,"parent":0,"menu_order":0,"comment_status":"closed","ping_status":"closed","template":"","meta":{"_acf_changed":false,"_oasis_is_in_workflow":0,"_oasis_original":0,"inline_featured_image":false,"site-sidebar-layout":"default","site-content-layout":"","ast-site-content-layout":"default","site-content-style":"default","site-sidebar-style":"default","ast-global-header-display":"","ast-banner-title-visibility":"","ast-main-header-display":"","ast-hfb-above-header-display":"","ast-hfb-below-header-display":"","ast-hfb-mobile-header-display":"","site-post-title":"","ast-breadcrumbs-content":"","ast-featured-img":"","footer-sml-layout":"","ast-disable-related-posts":"","theme-transparent-header-meta":"","adv-header-id-meta":"","stick-header-meta":"","header-above-stick-meta":"","header-main-stick-meta":"","header-below-stick-meta":"","astra-migrate-meta-layouts":"default","ast-page-background-enabled":"default","ast-page-background-meta":{"desktop":{"background-color":"","background-image":"","background-repeat":"repeat","background-position":"center center","background-size":"auto","background-attachment":"scroll","background-type":"","background-media":"","overlay-type":"","overlay-color":"","overlay-opacity":"","overlay-gradient":""},"tablet":{"background-color":"","background-image":"","background-repeat":"repeat","background-position":"center center","background-size":"auto","background-attachment":"scroll","background-type":"","background-media":"","overlay-type":"","overlay-color":"","overlay-opacity":"","overlay-gradient":""},"mobile":{"background-color":"","background-image":"","background-repeat":"repeat","background-position":"center center","background-size":"auto","background-attachment":"scroll","background-type":"","background-media":"","overlay-type":"","overlay-color":"","overlay-opacity":"","overlay-gradient":""}},"ast-content-background-meta":{"desktop":{"background-color":"var(--ast-global-color-5)","background-image":"","background-repeat":"repeat","background-position":"center center","background-size":"auto","background-attachment":"scroll","background-type":"","background-media":"","overlay-type":"","overlay-color":"","overlay-opacity":"","overlay-gradient":""},"tablet":{"background-color":"var(--ast-global-color-5)","background-image":"","background-repeat":"repeat","background-position":"center center","background-size":"auto","background-attachment":"scroll","background-type":"","background-media":"","overlay-type":"","overlay-color":"","overlay-opacity":"","overlay-gradient":""},"mobile":{"background-color":"var(--ast-global-color-5)","background-image":"","background-repeat":"repeat","background-position":"center center","background-size":"auto","background-attachment":"scroll","background-type":"","background-media":"","overlay-type":"","overlay-color":"","overlay-opacity":"","overlay-gradient":""}},"_themeisle_gutenberg_block_has_review":false,"footnotes":""},"class_list":["post-19706","page","type-page","status-publish","hentry"],"acf":[],"featured_image_urls_v2":{"full":"","thumbnail":"","medium":"","medium_large":"","large":"","1536x1536":"","2048x2048":"","menu-24x24":"","menu-36x36":"","menu-48x48":"","mailpoet_newsletter_max":""},"post_excerpt_stackable_v2":"<p>Agresja dzieci i m\u0142odzie\u017cy: zestawienie bibliograficzne w wyborze z lat 2000 &#8211; 2009. Wyszk\u00f3w: BP, 2010Alkoholizm dzieci i m\u0142odzie\u017cy: zestawienie bibliograficzne. Ostro\u0142\u0119ka: BP, 2021Anoreksja i bulimia: zestawienie bibliograficzne. Ostro\u0142\u0119ka: BP, 2007Cyberprzemoc: zestawienie bibliograficzne. Ostro\u0142\u0119ka: BP, 2012Cyberuzale\u017cnienia: zestawienie bibliograficzne. Ostro\u0142\u0119ka: BP, 2012Cyberuzale\u017cnienia: zestawienie bibliograficzne. Ostro\u0142\u0119ka: BP, 2021Dopalacze: Ostro\u0142\u0119ka: BP, 2016Fonoholizm: zestawienie bibliograficzne. Ostro\u0142\u0119ka: BP, 2020Profilaktyka agresji i przemocy w szkole: wykaz ksi\u0105\u017cek i artyku\u0142\u00f3w z czasopism za lata 2000-2014. Ostro\u0142\u0119ka: BP, 2014Profilaktyka uzale\u017cnie\u0144 w szko\u0142ach i plac\u00f3wkach o\u015bwiatowych: zestawienie bibliograficzne w wyborze. Ostro\u0142\u0119ka: BP, 2019Prostytucja nieletnich: zestawienie bibliograficzne. Ostro\u0142\u0119ka: BP, 2010Przemoc i agresja w szkole i \u015brodowisku wychowawczym dziecka: Ostro\u0142\u0119ka: BP,&hellip;<\/p>\n","category_list_v2":"","author_info_v2":{"name":"uzytkownik niezalogowany","url":"https:\/\/bp.ostroleka.pl\/en\/author\/1705578372katarzyna-domagalamazovia-pl\/"},"comments_num_v2":"0 comments","_links":{"self":[{"href":"https:\/\/bp.ostroleka.pl\/en\/wp-json\/wp\/v2\/pages\/19706","targetHints":{"allow":["GET"]}}],"collection":[{"href":"https:\/\/bp.ostroleka.pl\/en\/wp-json\/wp\/v2\/pages"}],"about":[{"href":"https:\/\/bp.ostroleka.pl\/en\/wp-json\/wp\/v2\/types\/page"}],"author":[{"embeddable":true,"href":"https:\/\/bp.ostroleka.pl\/en\/wp-json\/wp\/v2\/users\/1603"}],"replies":[{"embeddable":true,"href":"https:\/\/bp.ostroleka.pl\/en\/wp-json\/wp\/v2\/comments?post=19706"}],"version-history":[{"count":1,"href":"https:\/\/bp.ostroleka.pl\/en\/wp-json\/wp\/v2\/pages\/19706\/revisions"}],"predecessor-version":[{"id":32369,"href":"https:\/\/bp.ostroleka.pl\/en\/wp-json\/wp\/v2\/pages\/19706\/revisions\/32369"}],"wp:attachment":[{"href":"https:\/\/bp.ostroleka.pl\/en\/wp-json\/wp\/v2\/media?parent=19706"}],"curies":[{"name":"wp","href":"https:\/\/api.w.org\/{rel}","templated":true}]}}