{"id":19704,"date":"2021-12-21T11:18:08","date_gmt":"2021-12-21T10:18:08","guid":{"rendered":"https:\/\/bp.ostroleka.pl\/socjologia\/"},"modified":"2022-10-31T19:04:27","modified_gmt":"2022-10-31T18:04:27","slug":"socjologia","status":"publish","type":"page","link":"https:\/\/bp.ostroleka.pl\/en\/socjologia\/","title":{"rendered":"Socjologia"},"content":{"rendered":"\n<figure class=\"wp-block-table is-style-stripes\"><table><tbody><tr><td><a href=\"\/aids\/\">AIDS:<\/a>\u00a0zestawienie bibliograficzne. Ostro\u0142\u0119ka: BP, 2021<\/td><\/tr><tr><td><a href=\"\/czas-3\/\">Czas wolny<\/a>: zestawienie bibliograficzne w wyborze. Ostro\u0142\u0119ka: BP, 2020<\/td><\/tr><tr><td><a href=\"\/rodzina-polska-po-1989-roku\/\">Rodzina polska po 1989 roku<\/a>: zestawienie bibliograficzne. Ostro\u0142\u0119ka: BP, 2006<\/td><\/tr><tr><td><a href=\"\/socjologia-internetu\/\">Socjologia Internetu<\/a>. Ostro\u0142\u0119ka: BP, 2017<\/td><\/tr><tr><td><a href=\"\/socjologia-internetu\/\">Subkultury<\/a>: zestawienie bibliograficzne. Ostro\u0142\u0119ka: BP, 2009<\/td><\/tr><tr><td><a href=\"\/socjologia-internetu\/\">Tolerancja<\/a>: zestawienie bibliograficzne za lata 2000 \u2013 2011. Wyszk\u00f3w: BP, 2012<\/td><\/tr><\/tbody><\/table><\/figure>\n","protected":false},"excerpt":{"rendered":"<p>AIDS:\u00a0zestawienie bibliograficzne. Ostro\u0142\u0119ka: BP, 2021 Czas wolny: zestawienie bibliograficzne w wyborze. Ostro\u0142\u0119ka: BP, 2020 Rodzina polska po 1989 roku: zestawienie [&hellip;]<\/p>\n","protected":false},"author":10,"featured_media":0,"parent":0,"menu_order":0,"comment_status":"closed","ping_status":"closed","template":"","meta":{"_acf_changed":false,"_oasis_is_in_workflow":0,"_oasis_original":0,"inline_featured_image":false,"site-sidebar-layout":"default","site-content-layout":"","ast-site-content-layout":"default","site-content-style":"default","site-sidebar-style":"default","ast-global-header-display":"","ast-banner-title-visibility":"","ast-main-header-display":"","ast-hfb-above-header-display":"","ast-hfb-below-header-display":"","ast-hfb-mobile-header-display":"","site-post-title":"","ast-breadcrumbs-content":"","ast-featured-img":"","footer-sml-layout":"","ast-disable-related-posts":"","theme-transparent-header-meta":"","adv-header-id-meta":"","stick-header-meta":"","header-above-stick-meta":"","header-main-stick-meta":"","header-below-stick-meta":"","astra-migrate-meta-layouts":"default","ast-page-background-enabled":"default","ast-page-background-meta":{"desktop":{"background-color":"","background-image":"","background-repeat":"repeat","background-position":"center center","background-size":"auto","background-attachment":"scroll","background-type":"","background-media":"","overlay-type":"","overlay-color":"","overlay-opacity":"","overlay-gradient":""},"tablet":{"background-color":"","background-image":"","background-repeat":"repeat","background-position":"center center","background-size":"auto","background-attachment":"scroll","background-type":"","background-media":"","overlay-type":"","overlay-color":"","overlay-opacity":"","overlay-gradient":""},"mobile":{"background-color":"","background-image":"","background-repeat":"repeat","background-position":"center center","background-size":"auto","background-attachment":"scroll","background-type":"","background-media":"","overlay-type":"","overlay-color":"","overlay-opacity":"","overlay-gradient":""}},"ast-content-background-meta":{"desktop":{"background-color":"var(--ast-global-color-5)","background-image":"","background-repeat":"repeat","background-position":"center center","background-size":"auto","background-attachment":"scroll","background-type":"","background-media":"","overlay-type":"","overlay-color":"","overlay-opacity":"","overlay-gradient":""},"tablet":{"background-color":"var(--ast-global-color-5)","background-image":"","background-repeat":"repeat","background-position":"center center","background-size":"auto","background-attachment":"scroll","background-type":"","background-media":"","overlay-type":"","overlay-color":"","overlay-opacity":"","overlay-gradient":""},"mobile":{"background-color":"var(--ast-global-color-5)","background-image":"","background-repeat":"repeat","background-position":"center center","background-size":"auto","background-attachment":"scroll","background-type":"","background-media":"","overlay-type":"","overlay-color":"","overlay-opacity":"","overlay-gradient":""}},"_themeisle_gutenberg_block_has_review":false,"footnotes":""},"class_list":["post-19704","page","type-page","status-publish","hentry"],"acf":[],"featured_image_urls_v2":{"full":"","thumbnail":"","medium":"","medium_large":"","large":"","1536x1536":"","2048x2048":"","menu-24x24":"","menu-36x36":"","menu-48x48":"","mailpoet_newsletter_max":""},"post_excerpt_stackable_v2":"<p>AIDS:\u00a0zestawienie bibliograficzne. Ostro\u0142\u0119ka: BP, 2021Czas wolny: zestawienie bibliograficzne w wyborze. Ostro\u0142\u0119ka: BP, 2020Rodzina polska po 1989 roku: zestawienie bibliograficzne. Ostro\u0142\u0119ka: BP, 2006Socjologia Internetu. Ostro\u0142\u0119ka: BP, 2017Subkultury: zestawienie bibliograficzne. Ostro\u0142\u0119ka: BP, 2009Tolerancja: zestawienie bibliograficzne za lata 2000 \u2013 2011. Wyszk\u00f3w: BP, 2012<\/p>\n","category_list_v2":"","author_info_v2":{"name":"bWdyemVnb3Jjenlr","url":"https:\/\/bp.ostroleka.pl\/en\/author\/bwdyemvnb3jjenlr\/"},"comments_num_v2":"0 comments","_links":{"self":[{"href":"https:\/\/bp.ostroleka.pl\/en\/wp-json\/wp\/v2\/pages\/19704","targetHints":{"allow":["GET"]}}],"collection":[{"href":"https:\/\/bp.ostroleka.pl\/en\/wp-json\/wp\/v2\/pages"}],"about":[{"href":"https:\/\/bp.ostroleka.pl\/en\/wp-json\/wp\/v2\/types\/page"}],"author":[{"embeddable":true,"href":"https:\/\/bp.ostroleka.pl\/en\/wp-json\/wp\/v2\/users\/10"}],"replies":[{"embeddable":true,"href":"https:\/\/bp.ostroleka.pl\/en\/wp-json\/wp\/v2\/comments?post=19704"}],"version-history":[{"count":1,"href":"https:\/\/bp.ostroleka.pl\/en\/wp-json\/wp\/v2\/pages\/19704\/revisions"}],"predecessor-version":[{"id":32495,"href":"https:\/\/bp.ostroleka.pl\/en\/wp-json\/wp\/v2\/pages\/19704\/revisions\/32495"}],"wp:attachment":[{"href":"https:\/\/bp.ostroleka.pl\/en\/wp-json\/wp\/v2\/media?parent=19704"}],"curies":[{"name":"wp","href":"https:\/\/api.w.org\/{rel}","templated":true}]}}