{"id":19702,"date":"2015-11-25T15:02:46","date_gmt":"2015-11-25T14:02:46","guid":{"rendered":"https:\/\/bp.ostroleka.pl\/psychologia\/"},"modified":"2022-10-31T18:59:03","modified_gmt":"2022-10-31T17:59:03","slug":"psychologia","status":"publish","type":"page","link":"https:\/\/bp.ostroleka.pl\/en\/psychologia\/","title":{"rendered":"Psychologia"},"content":{"rendered":"\n<figure class=\"wp-block-table table table-striped is-style-stripes\"><table><tbody><tr><td><a href=\"\/asertywnosc-2\/\">Asertywno\u015b\u0107<\/a>: Ostro\u0142\u0119ka: BP, 2003<\/td><\/tr><tr><td><a href=\"\/empatia\/\">Empatia:<\/a> zestawienie bibliograficzne. Ostro\u0142\u0119ka: BP, 2016<\/td><\/tr><tr><td><a href=\"\/inteligencja-emocjonalna\/\">Inteligencja emocjonalna: <\/a>zestawienie bibliograficzne: BP, 2017<\/td><\/tr><tr><td><a href=\"http:\/\/old.bp.ostroleka.pl\/index.php?option=com_content&amp;task=view&amp;id=1793&amp;Itemid=97\">Kinezjologia edukacyjna:<\/a> zestawienie bibliograficzne. Ostro\u0142\u0119ka: BP, 2017<\/td><\/tr><tr><td><a href=\"\/komunikacja-spoleczna\/\">Komunikacja spo\u0142eczna:<\/a> zestawienie bibliograficzne. Ostro\u0142\u0119ka: BP, 2009<\/td><\/tr><tr><td><a href=\"\/kreatywnosc-i-aktywnosc-tworcza\/\">Kreatywno\u015b\u0107 i aktywno\u015b\u0107 tw\u00f3rcza:<\/a> zestawienie bibliograficzne za lata 2000 &#8211; 2009. Ostro\u0142\u0119ka: BP, 2009<\/td><\/tr><tr><td><a href=\"\/mlodociane-matki\/\">M\u0142odociane matki:<\/a> zestawienie bibliograficzne. Ostro\u0142\u0119ka: BP, 2012.<\/td><\/tr><tr><td><a href=\"\/myslenie-tworcze\/\">My\u015blenie tw\u00f3rcze.&nbsp;<\/a> Ostro\u0142\u0119ka : BP, 2014<\/td><\/tr><tr><td><a href=\"\/neuroedukacja-i-neurodydaktyka\/\">Neuroedukacja i neurodydaktyka: <\/a>zestawienie bibliograficzne za lata 2005-2017. Ostro\u0142\u0119ka: BP, 2017<\/td><\/tr><tr><td><a href=\"\/poczucie\/\">Poczucie w\u0142asnej warto\u015bci:<\/a> zestawienie bibliograficzne za lata 2015-2020. Ostro\u0142\u0119ka : BP,2021<\/td><\/tr><tr><td><a href=\"\/psychologia-roznic-indywidualnych\/\">Psychologia r\u00f3\u017cnic indywidualnych:<\/a> zestawienie bibliograficzne. Ostro\u0142\u0119ka: BP, 2013<\/td><\/tr><tr><td><a href=\"\/psychologiaspoleczna\/\">Psychologia spo\u0142eczna:<\/a> Ostro\u0142\u0119ka: BP, 2018<\/td><\/tr><tr><td><a href=\"\/psychologia-wychowawcza\/\">Psychologia wychowawcza : <\/a>zestawienie bibliograficzne za lata 1990-2010. Ostro\u0142\u0119ka: BP, 2011<\/td><\/tr><tr><td><a href=\"\/samobojstwa-i-autoagresja\/\">Samob\u00f3jstwa i autoagresja: <\/a>zestawienie bibliograficzne. Ostro\u0142\u0119ka: BP, 2013.<\/td><\/tr><tr><td><a href=\"\/samotnosc-i-alienacja-dzieci-i-mlodziezy\/\">Samotno\u015b\u0107 i alienacja dzieci i m\u0142odzie\u017cy<\/a>: Ostro\u0142\u0119ka: BP, 2005<\/td><\/tr><tr><td><a href=\"\/stres\/\">Stres<\/a>: zestawienie bibliograficzne za lata 1990-2007. Ostro\u0142\u0119ka: BP, 2007<\/td><\/tr><tr><td><a href=\"\/stres-2\/\">Stres<\/a>: zestawienie bibliograficzne w wyborze. Ostro\u0142\u0119ka: BP, 2018<\/td><\/tr><tr><td><a href=\"\/wypalenie-zawodowe\/\">Wypalenie zawodowe:<\/a> zestawienie bibliograficzne w wyborze. Ostro\u0142\u0119ka: BP, 2012.<\/td><\/tr><tr><td><a href=\"\/z-ksiazka-na-pomoc\/\">Z ksi\u0105\u017ck\u0105 na pomoc:<\/a> bibliografia adnotowana. Ksi\u0105\u017cki dost\u0119pne w Wypo\u017cyczalni i Czytelni BP (wyb\u00f3r)<\/td><\/tr><tr><td><a href=\"\/zaburzenia-mowy-2\/\">Zaburzenia mowy:<\/a> zestawienie bibliograficzne. Ostro\u0142\u0119ka: BP, 2008<\/td><\/tr><tr><td><a href=\"\/zaburzenia-osobowosci\/\">Zaburzenia osobowo\u015bci:<\/a> zestawienie bibliograficzne w wyborze. Ostro\u0142\u0119ka: BP, 2013.<\/td><\/tr><\/tbody><\/table><\/figure>\n","protected":false},"excerpt":{"rendered":"<p>Asertywno\u015b\u0107: Ostro\u0142\u0119ka: BP, 2003 Empatia: zestawienie bibliograficzne. Ostro\u0142\u0119ka: BP, 2016 Inteligencja emocjonalna: zestawienie bibliograficzne: BP, 2017 Kinezjologia edukacyjna: zestawienie bibliograficzne. [&hellip;]<\/p>\n","protected":false},"author":1603,"featured_media":0,"parent":0,"menu_order":0,"comment_status":"closed","ping_status":"closed","template":"","meta":{"_acf_changed":false,"_oasis_is_in_workflow":0,"_oasis_original":0,"inline_featured_image":false,"site-sidebar-layout":"default","site-content-layout":"","ast-site-content-layout":"default","site-content-style":"default","site-sidebar-style":"default","ast-global-header-display":"","ast-banner-title-visibility":"","ast-main-header-display":"","ast-hfb-above-header-display":"","ast-hfb-below-header-display":"","ast-hfb-mobile-header-display":"","site-post-title":"","ast-breadcrumbs-content":"","ast-featured-img":"","footer-sml-layout":"","ast-disable-related-posts":"","theme-transparent-header-meta":"","adv-header-id-meta":"","stick-header-meta":"","header-above-stick-meta":"","header-main-stick-meta":"","header-below-stick-meta":"","astra-migrate-meta-layouts":"default","ast-page-background-enabled":"default","ast-page-background-meta":{"desktop":{"background-color":"","background-image":"","background-repeat":"repeat","background-position":"center center","background-size":"auto","background-attachment":"scroll","background-type":"","background-media":"","overlay-type":"","overlay-color":"","overlay-opacity":"","overlay-gradient":""},"tablet":{"background-color":"","background-image":"","background-repeat":"repeat","background-position":"center center","background-size":"auto","background-attachment":"scroll","background-type":"","background-media":"","overlay-type":"","overlay-color":"","overlay-opacity":"","overlay-gradient":""},"mobile":{"background-color":"","background-image":"","background-repeat":"repeat","background-position":"center center","background-size":"auto","background-attachment":"scroll","background-type":"","background-media":"","overlay-type":"","overlay-color":"","overlay-opacity":"","overlay-gradient":""}},"ast-content-background-meta":{"desktop":{"background-color":"var(--ast-global-color-5)","background-image":"","background-repeat":"repeat","background-position":"center center","background-size":"auto","background-attachment":"scroll","background-type":"","background-media":"","overlay-type":"","overlay-color":"","overlay-opacity":"","overlay-gradient":""},"tablet":{"background-color":"var(--ast-global-color-5)","background-image":"","background-repeat":"repeat","background-position":"center center","background-size":"auto","background-attachment":"scroll","background-type":"","background-media":"","overlay-type":"","overlay-color":"","overlay-opacity":"","overlay-gradient":""},"mobile":{"background-color":"var(--ast-global-color-5)","background-image":"","background-repeat":"repeat","background-position":"center center","background-size":"auto","background-attachment":"scroll","background-type":"","background-media":"","overlay-type":"","overlay-color":"","overlay-opacity":"","overlay-gradient":""}},"_themeisle_gutenberg_block_has_review":false,"footnotes":""},"class_list":["post-19702","page","type-page","status-publish","hentry"],"acf":[],"featured_image_urls_v2":{"full":"","thumbnail":"","medium":"","medium_large":"","large":"","1536x1536":"","2048x2048":"","menu-24x24":"","menu-36x36":"","menu-48x48":"","mailpoet_newsletter_max":""},"post_excerpt_stackable_v2":"<p>Asertywno\u015b\u0107: Ostro\u0142\u0119ka: BP, 2003Empatia: zestawienie bibliograficzne. Ostro\u0142\u0119ka: BP, 2016Inteligencja emocjonalna: zestawienie bibliograficzne: BP, 2017Kinezjologia edukacyjna: zestawienie bibliograficzne. Ostro\u0142\u0119ka: BP, 2017Komunikacja spo\u0142eczna: zestawienie bibliograficzne. Ostro\u0142\u0119ka: BP, 2009Kreatywno\u015b\u0107 i aktywno\u015b\u0107 tw\u00f3rcza: zestawienie bibliograficzne za lata 2000 &#8211; 2009. Ostro\u0142\u0119ka: BP, 2009M\u0142odociane matki: zestawienie bibliograficzne. Ostro\u0142\u0119ka: BP, 2012.My\u015blenie tw\u00f3rcze.&nbsp; Ostro\u0142\u0119ka : BP, 2014Neuroedukacja i neurodydaktyka: zestawienie bibliograficzne za lata 2005-2017. Ostro\u0142\u0119ka: BP, 2017Poczucie w\u0142asnej warto\u015bci: zestawienie bibliograficzne za lata 2015-2020. Ostro\u0142\u0119ka : BP,2021Psychologia r\u00f3\u017cnic indywidualnych: zestawienie bibliograficzne. Ostro\u0142\u0119ka: BP, 2013Psychologia spo\u0142eczna: Ostro\u0142\u0119ka: BP, 2018Psychologia wychowawcza : zestawienie bibliograficzne za lata 1990-2010. Ostro\u0142\u0119ka: BP, 2011Samob\u00f3jstwa i autoagresja: zestawienie bibliograficzne. Ostro\u0142\u0119ka: BP, 2013.Samotno\u015b\u0107 i alienacja&hellip;<\/p>\n","category_list_v2":"","author_info_v2":{"name":"uzytkownik niezalogowany","url":"https:\/\/bp.ostroleka.pl\/en\/author\/1705578372katarzyna-domagalamazovia-pl\/"},"comments_num_v2":"0 comments","_links":{"self":[{"href":"https:\/\/bp.ostroleka.pl\/en\/wp-json\/wp\/v2\/pages\/19702","targetHints":{"allow":["GET"]}}],"collection":[{"href":"https:\/\/bp.ostroleka.pl\/en\/wp-json\/wp\/v2\/pages"}],"about":[{"href":"https:\/\/bp.ostroleka.pl\/en\/wp-json\/wp\/v2\/types\/page"}],"author":[{"embeddable":true,"href":"https:\/\/bp.ostroleka.pl\/en\/wp-json\/wp\/v2\/users\/1603"}],"replies":[{"embeddable":true,"href":"https:\/\/bp.ostroleka.pl\/en\/wp-json\/wp\/v2\/comments?post=19702"}],"version-history":[{"count":1,"href":"https:\/\/bp.ostroleka.pl\/en\/wp-json\/wp\/v2\/pages\/19702\/revisions"}],"predecessor-version":[{"id":32453,"href":"https:\/\/bp.ostroleka.pl\/en\/wp-json\/wp\/v2\/pages\/19702\/revisions\/32453"}],"wp:attachment":[{"href":"https:\/\/bp.ostroleka.pl\/en\/wp-json\/wp\/v2\/media?parent=19702"}],"curies":[{"name":"wp","href":"https:\/\/api.w.org\/{rel}","templated":true}]}}