{"id":19688,"date":"2021-12-07T14:06:33","date_gmt":"2021-12-07T13:06:33","guid":{"rendered":"https:\/\/bp.ostroleka.pl\/koncepcja-pracy-biblioteki-pedagogicznej-w-ostrolece\/"},"modified":"2021-12-07T14:06:33","modified_gmt":"2021-12-07T13:06:33","slug":"koncepcja-pracy-biblioteki-pedagogicznej-w-ostrolece","status":"publish","type":"page","link":"https:\/\/bp.ostroleka.pl\/en\/koncepcja-pracy-biblioteki-pedagogicznej-w-ostrolece\/","title":{"rendered":"Koncepcja pracy Biblioteki Pedagogicznej w Ostro\u0142\u0119ce"},"content":{"rendered":"\n<p>Biblioteka Pedagogiczna w Ostro\u0142\u0119ce jest plac\u00f3wk\u0105 o\u015bwiatow\u0105, s\u0142u\u017c\u0105c\u0105 w szczeg\u00f3lno\u015bci wspieraniu procesu kszta\u0142cenia i doskonalenia nauczycieli, w tak\u017ce wspieraniu dzia\u0142alno\u015bci szk\u00f3\u0142, w tym bibliotek szkolnych oraz plac\u00f3wek o\u015bwiatowych, zak\u0142ad\u00f3w kszta\u0142cenia nauczycieli i plac\u00f3wek doskonalenia nauczycieli. Do zada\u0144 biblioteki &nbsp;nale\u017cy:<\/p>\n\n\n\n<ul class=\"wp-block-list\"><li>gromadzenie, opracowywanie, ochrona, przechowywanie i udost\u0119pnianie u\u017cytkownikom materia\u0142\u00f3w bibliotecznych, w tym dokument\u00f3w pi\u015bmienniczych, zapis\u00f3w obrazu i d\u017awi\u0119ku oraz zbior\u00f3w multimedialnych;<\/li><li>organizowanie i prowadzenie wspomagania szk\u00f3\u0142 i plac\u00f3wek w realizacji zada\u0144 dydaktycznych, wychowawczych i opieku\u0144czych, w tym w wykorzystaniu technologii informacyjnej i komunikacyjnej;<\/li><li>organizowanie i prowadzenie wspomagania bibliotek szkolnych, w tym w zakresie organizacji i zarz\u0105dzania bibliotek\u0105 szkoln\u0105;<\/li><li>prowadzenie dzia\u0142alno\u015bci informacyjnej i bibliograficznej;<\/li><li>inspirowanie i promowanie edukacji czytelniczej i medialnej;<\/li><li>wsp\u00f3\u0142praca z zak\u0142adami kszta\u0142cenia nauczycieli oraz plac\u00f3wkami doskonalenia nauczycieli.<\/li><\/ul>\n\n\n\n<p>Biblioteka mo\u017ce ponadto:<\/p>\n\n\n\n<ul class=\"wp-block-list\"><li>prowadzi\u0107 dzia\u0142alno\u015b\u0107 wydawnicz\u0105;<\/li><li>organizowa\u0107 i prowadzi\u0107 dzia\u0142alno\u015b\u0107 edukacyjn\u0105 i kulturaln\u0105, w szczeg\u00f3lno\u015bci otwarte zaj\u0119cia edukacyjne, lekcje biblioteczne i spotkania autorskie;<\/li><li>wsp\u00f3\u0142pracowa\u0107 z innymi instytucjami o\u015bwiatowymi, instytucjami kultury oraz ze zwi\u0105zkami i stowarzyszeniami zawodowymi, szko\u0142ami wy\u017cszymi i innymi bibliotekami.<\/li><\/ul>\n\n\n\n<p>Biblioteka Pedagogiczna w Ostro\u0142\u0119ce oraz jej 4 filie wspieraj\u0105 lokalne \u015brodowisko o\u015bwiatowe, wspomagaj\u0105c proces edukacyjny szk\u00f3\u0142 i instytucji o\u015bwiatowych, szerz\u0105c czytelnictwo oraz prowadz\u0105c dzia\u0142alno\u015b\u0107 kulturaln\u0105. Biblioteka Pedagogiczna stale si\u0119 rozwija, nie tylko w sensie powi\u0119kszania zbior\u00f3w ale r\u00f3wnie\u017c przez podejmowanie nowych wyzwa\u0144, kt\u00f3re przynosi wci\u0105\u017c zmieniaj\u0105ca si\u0119 wsp\u00f3\u0142czesno\u015b\u0107. Poza udost\u0119pnianiem zbior\u00f3w bibliotecznych prowadzi szerok\u0105 dzia\u0142alno\u015b\u0107 dydaktyczno- informacyjn\u0105 poprzez s\u0142u\u017cenie pomoc\u0105 nauczycielom w wyborze publikacji potrzebnych w ich codziennej pracy, doskonaleniu, opracowywaniu tematycznych zestawie\u0144 bibliograficznych oraz nowo\u015bci, organizowaniu lekcji bibliotecznych dla uczni\u00f3w r\u00f3\u017cnych typ\u00f3w szk\u00f3\u0142, organizowanie szkole\u0144 dla bibliotekarzy szkolnych z wykorzystaniem warsztatu informacyjnego biblioteki pedagogicznej, udzielanie im instrukta\u017cu, organizowanie warsztat\u00f3w dla nauczycieli i wychowawc\u00f3w, konkurs\u00f3w, wystaw, spotka\u0144 autorskich. W centrum zainteresowania biblioteki znajduje si\u0119 tak\u017ce edukacja regionalna. Biblioteka Pedagogiczna w Ostro\u0142\u0119ce jako wyspecjalizowane centrum informacji pedagogicznej nawi\u0105zuje w swojej koncepcji pracy do d\u0142ugoletniej tradycji instytucji wspieraj\u0105cej kszta\u0142c\u0105cych si\u0119 i dokszta\u0142caj\u0105cych nauczycieli. G\u0142\u00f3wnym zadaniem w my\u015bl koncepcji jest wspomaganie rozwoju zawodowego nauczycieli poprzez zapewnienie dost\u0119pu do \u017ar\u00f3de\u0142 wiedzy i informacji edukacyjnej, promowanie nowych kierunk\u00f3w i obszar\u00f3w dzia\u0142alno\u015bci edukacyjnej, prowadzenie dzia\u0142alno\u015bci dydaktycznej na rzecz nauczycieli, aktualizacja bogatych zbior\u00f3w bibliotecznych, zapewnienie dost\u0119pu do elektronicznych \u017ar\u00f3de\u0142 informacji z zachowaniem element\u00f3w biblioteki tradycyjnej<strong>.<\/strong><\/p>\n","protected":false},"excerpt":{"rendered":"<p>Biblioteka Pedagogiczna w Ostro\u0142\u0119ce jest plac\u00f3wk\u0105 o\u015bwiatow\u0105, s\u0142u\u017c\u0105c\u0105 w szczeg\u00f3lno\u015bci wspieraniu procesu kszta\u0142cenia i doskonalenia nauczycieli, w tak\u017ce wspieraniu dzia\u0142alno\u015bci [&hellip;]<\/p>\n","protected":false},"author":10,"featured_media":0,"parent":0,"menu_order":0,"comment_status":"closed","ping_status":"closed","template":"","meta":{"_acf_changed":false,"_oasis_is_in_workflow":0,"_oasis_original":0,"inline_featured_image":false,"site-sidebar-layout":"default","site-content-layout":"","ast-site-content-layout":"default","site-content-style":"default","site-sidebar-style":"default","ast-global-header-display":"","ast-banner-title-visibility":"","ast-main-header-display":"","ast-hfb-above-header-display":"","ast-hfb-below-header-display":"","ast-hfb-mobile-header-display":"","site-post-title":"","ast-breadcrumbs-content":"","ast-featured-img":"","footer-sml-layout":"","ast-disable-related-posts":"","theme-transparent-header-meta":"","adv-header-id-meta":"","stick-header-meta":"","header-above-stick-meta":"","header-main-stick-meta":"","header-below-stick-meta":"","astra-migrate-meta-layouts":"default","ast-page-background-enabled":"default","ast-page-background-meta":{"desktop":{"background-color":"","background-image":"","background-repeat":"repeat","background-position":"center center","background-size":"auto","background-attachment":"scroll","background-type":"","background-media":"","overlay-type":"","overlay-color":"","overlay-opacity":"","overlay-gradient":""},"tablet":{"background-color":"","background-image":"","background-repeat":"repeat","background-position":"center center","background-size":"auto","background-attachment":"scroll","background-type":"","background-media":"","overlay-type":"","overlay-color":"","overlay-opacity":"","overlay-gradient":""},"mobile":{"background-color":"","background-image":"","background-repeat":"repeat","background-position":"center center","background-size":"auto","background-attachment":"scroll","background-type":"","background-media":"","overlay-type":"","overlay-color":"","overlay-opacity":"","overlay-gradient":""}},"ast-content-background-meta":{"desktop":{"background-color":"var(--ast-global-color-5)","background-image":"","background-repeat":"repeat","background-position":"center center","background-size":"auto","background-attachment":"scroll","background-type":"","background-media":"","overlay-type":"","overlay-color":"","overlay-opacity":"","overlay-gradient":""},"tablet":{"background-color":"var(--ast-global-color-5)","background-image":"","background-repeat":"repeat","background-position":"center center","background-size":"auto","background-attachment":"scroll","background-type":"","background-media":"","overlay-type":"","overlay-color":"","overlay-opacity":"","overlay-gradient":""},"mobile":{"background-color":"var(--ast-global-color-5)","background-image":"","background-repeat":"repeat","background-position":"center center","background-size":"auto","background-attachment":"scroll","background-type":"","background-media":"","overlay-type":"","overlay-color":"","overlay-opacity":"","overlay-gradient":""}},"_themeisle_gutenberg_block_has_review":false,"footnotes":""},"class_list":["post-19688","page","type-page","status-publish","hentry"],"acf":[],"featured_image_urls_v2":{"full":"","thumbnail":"","medium":"","medium_large":"","large":"","1536x1536":"","2048x2048":"","menu-24x24":"","menu-36x36":"","menu-48x48":"","mailpoet_newsletter_max":""},"post_excerpt_stackable_v2":"<p>Biblioteka Pedagogiczna w Ostro\u0142\u0119ce jest plac\u00f3wk\u0105 o\u015bwiatow\u0105, s\u0142u\u017c\u0105c\u0105 w szczeg\u00f3lno\u015bci wspieraniu procesu kszta\u0142cenia i doskonalenia nauczycieli, w tak\u017ce wspieraniu dzia\u0142alno\u015bci szk\u00f3\u0142, w tym bibliotek szkolnych oraz plac\u00f3wek o\u015bwiatowych, zak\u0142ad\u00f3w kszta\u0142cenia nauczycieli i plac\u00f3wek doskonalenia nauczycieli. Do zada\u0144 biblioteki &nbsp;nale\u017cy: gromadzenie, opracowywanie, ochrona, przechowywanie i udost\u0119pnianie u\u017cytkownikom materia\u0142\u00f3w bibliotecznych, w tym dokument\u00f3w pi\u015bmienniczych, zapis\u00f3w obrazu i d\u017awi\u0119ku oraz zbior\u00f3w multimedialnych;organizowanie i prowadzenie wspomagania szk\u00f3\u0142 i plac\u00f3wek w realizacji zada\u0144 dydaktycznych, wychowawczych i opieku\u0144czych, w tym w wykorzystaniu technologii informacyjnej i komunikacyjnej;organizowanie i prowadzenie wspomagania bibliotek szkolnych, w tym w zakresie organizacji i zarz\u0105dzania bibliotek\u0105 szkoln\u0105;prowadzenie dzia\u0142alno\u015bci informacyjnej i bibliograficznej;inspirowanie i promowanie&hellip;<\/p>\n","category_list_v2":"","author_info_v2":{"name":"bWdyemVnb3Jjenlr","url":"https:\/\/bp.ostroleka.pl\/en\/author\/bwdyemvnb3jjenlr\/"},"comments_num_v2":"0 comments","_links":{"self":[{"href":"https:\/\/bp.ostroleka.pl\/en\/wp-json\/wp\/v2\/pages\/19688","targetHints":{"allow":["GET"]}}],"collection":[{"href":"https:\/\/bp.ostroleka.pl\/en\/wp-json\/wp\/v2\/pages"}],"about":[{"href":"https:\/\/bp.ostroleka.pl\/en\/wp-json\/wp\/v2\/types\/page"}],"author":[{"embeddable":true,"href":"https:\/\/bp.ostroleka.pl\/en\/wp-json\/wp\/v2\/users\/10"}],"replies":[{"embeddable":true,"href":"https:\/\/bp.ostroleka.pl\/en\/wp-json\/wp\/v2\/comments?post=19688"}],"version-history":[{"count":0,"href":"https:\/\/bp.ostroleka.pl\/en\/wp-json\/wp\/v2\/pages\/19688\/revisions"}],"wp:attachment":[{"href":"https:\/\/bp.ostroleka.pl\/en\/wp-json\/wp\/v2\/media?parent=19688"}],"curies":[{"name":"wp","href":"https:\/\/api.w.org\/{rel}","templated":true}]}}