{"id":19678,"date":"2021-12-07T13:43:16","date_gmt":"2021-12-07T12:43:16","guid":{"rendered":"https:\/\/bp.ostroleka.pl\/zbiory\/"},"modified":"2022-10-31T19:10:54","modified_gmt":"2022-10-31T18:10:54","slug":"zbiory","status":"publish","type":"page","link":"https:\/\/bp.ostroleka.pl\/en\/zbiory\/","title":{"rendered":"Zbiory"},"content":{"rendered":"\n<div class=\"wp-block-columns is-layout-flex wp-container-core-columns-is-layout-28f84493 wp-block-columns-is-layout-flex\">\n<div class=\"wp-block-column is-layout-flow wp-block-column-is-layout-flow\">\n<div class=\"wp-block-stackable-icon-label aligncenter stk-block-icon-label stk-block stk-016d93d\" data-block-id=\"016d93d\"><div class=\"stk-row stk-inner-blocks stk-block-content\">\n<div class=\"wp-block-stackable-icon stk-block-icon has-text-align-left stk-block stk-5035853\" data-block-id=\"5035853\"><style>.stk-5035853 .stk--svg-wrapper .stk--inner-svg svg:last-child,.stk-5035853 .stk--svg-wrapper .stk--inner-svg svg:last-child :is(g,path,rect,polygon,ellipse){fill:var(--ast-global-color-1) !important}<\/style><span class=\"stk--svg-wrapper\"><div class=\"stk--inner-svg\"><svg style=\"height:0;width:0\"><defs><linearGradient id=\"linear-gradient-5035853\" x1=\"0\" x2=\"100%\" y1=\"0\" y2=\"0\"><stop offset=\"0%\" style=\"stop-opacity:1;stop-color:var(--linear-gradient-5035853-color-1)\"><\/stop><stop offset=\"100%\" style=\"stop-opacity:1;stop-color:var(--linear-gradient-5035853-color-2)\"><\/stop><\/linearGradient><\/defs><\/svg><svg data-prefix=\"fas\" data-icon=\"book\" class=\"svg-inline--fa fa-book fa-w-14\" xmlns=\"http:\/\/www.w3.org\/2000\/svg\" viewBox=\"0 0 448 512\" aria-hidden=\"true\" width=\"32\" height=\"32\"><path fill=\"currentColor\" d=\"M448 360V24c0-13.3-10.7-24-24-24H96C43 0 0 43 0 96v320c0 53 43 96 96 96h328c13.3 0 24-10.7 24-24v-16c0-7.5-3.5-14.3-8.9-18.7-4.2-15.4-4.2-59.3 0-74.7 5.4-4.3 8.9-11.1 8.9-18.6zM128 134c0-3.3 2.7-6 6-6h212c3.3 0 6 2.7 6 6v20c0 3.3-2.7 6-6 6H134c-3.3 0-6-2.7-6-6v-20zm0 64c0-3.3 2.7-6 6-6h212c3.3 0 6 2.7 6 6v20c0 3.3-2.7 6-6 6H134c-3.3 0-6-2.7-6-6v-20zm253.4 250H96c-17.7 0-32-14.3-32-32 0-17.6 14.4-32 32-32h285.4c-1.9 17.1-1.9 46.9 0 64z\"><\/path><\/svg><\/div><\/span><\/div>\n\n\n\n<div class=\"wp-block-stackable-heading stk-block-heading stk-block stk-af4845b\" data-block-id=\"af4845b\"><style>.stk-af4845b .stk-block-heading__text{font-size:30px !important}@media screen and (max-width:1023px){.stk-af4845b .stk-block-heading__text{font-size:30px !important}}<\/style><p class=\"stk-block-heading__text\">67,575<br>Ksi\u0105\u017cek<\/p><\/div>\n<\/div><\/div>\n<\/div>\n\n\n\n<div class=\"wp-block-column is-layout-flow wp-block-column-is-layout-flow\" style=\"flex-basis:10%\"><\/div>\n\n\n\n<div class=\"wp-block-column is-layout-flow wp-block-column-is-layout-flow\">\n<div class=\"wp-block-stackable-icon-label stk-block-icon-label stk-block stk-3d265b8\" data-block-id=\"3d265b8\"><div class=\"stk-row stk-inner-blocks stk-block-content\">\n<div class=\"wp-block-stackable-icon stk-block-icon has-text-align-left stk-block stk-c8dd25a\" data-block-id=\"c8dd25a\"><style>.stk-c8dd25a .stk--svg-wrapper .stk--inner-svg svg:last-child,.stk-c8dd25a .stk--svg-wrapper .stk--inner-svg svg:last-child :is(g,path,rect,polygon,ellipse){fill:var(--ast-global-color-3) !important}<\/style><span class=\"stk--svg-wrapper\"><div class=\"stk--inner-svg\"><svg style=\"height:0;width:0\"><defs><linearGradient id=\"linear-gradient-c8dd25a\" x1=\"0\" x2=\"100%\" y1=\"0\" y2=\"0\"><stop offset=\"0%\" style=\"stop-opacity:1;stop-color:var(--linear-gradient-c-8-dd-25-a-color-1)\"><\/stop><stop offset=\"100%\" style=\"stop-opacity:1;stop-color:var(--linear-gradient-c-8-dd-25-a-color-2)\"><\/stop><\/linearGradient><\/defs><\/svg><svg data-prefix=\"fas\" data-icon=\"tape\" class=\"svg-inline--fa fa-tape fa-w-20\" xmlns=\"http:\/\/www.w3.org\/2000\/svg\" viewBox=\"0 0 640 512\" aria-hidden=\"true\" width=\"32\" height=\"32\"><path fill=\"currentColor\" d=\"M224 192c-35.3 0-64 28.7-64 64s28.7 64 64 64 64-28.7 64-64-28.7-64-64-64zm400 224H380.6c41.5-40.7 67.4-97.3 67.4-160 0-123.7-100.3-224-224-224S0 132.3 0 256s100.3 224 224 224h400c8.8 0 16-7.2 16-16v-32c0-8.8-7.2-16-16-16zm-400-64c-53 0-96-43-96-96s43-96 96-96 96 43 96 96-43 96-96 96z\"><\/path><\/svg><\/div><\/span><\/div>\n\n\n\n<div class=\"wp-block-stackable-heading stk-block-heading stk-block stk-720b6e9\" data-block-id=\"720b6e9\"><style>.stk-720b6e9 .stk-block-heading__text{font-size:30px !important}@media screen and (max-width:1023px){.stk-720b6e9 .stk-block-heading__text{font-size:30px !important}}<\/style><p class=\"stk-block-heading__text\">7,578<br>Zbior\u00f3w audiowizualnych<\/p><\/div>\n<\/div><\/div>\n<\/div>\n<\/div>\n\n\n\n<div class=\"wp-block-columns is-layout-flex wp-container-core-columns-is-layout-28f84493 wp-block-columns-is-layout-flex\">\n<div class=\"wp-block-column is-layout-flow wp-block-column-is-layout-flow\" style=\"flex-basis:25%\"><\/div>\n\n\n\n<div class=\"wp-block-column is-layout-flow wp-block-column-is-layout-flow\">\n<div class=\"wp-block-stackable-icon-label stk-block-icon-label stk-block stk-3f73c29\" data-block-id=\"3f73c29\"><div class=\"stk-row stk-inner-blocks stk-block-content\">\n<div class=\"wp-block-stackable-icon stk-block-icon has-text-align-left stk-block stk-72324b5\" data-block-id=\"72324b5\"><style>.stk-72324b5 .stk--svg-wrapper .stk--inner-svg svg:last-child,.stk-72324b5 .stk--svg-wrapper .stk--inner-svg svg:last-child :is(g,path,rect,polygon,ellipse){fill:var(--ast-global-color-8) !important}<\/style><span class=\"stk--svg-wrapper\"><div class=\"stk--inner-svg\"><svg style=\"height:0;width:0\"><defs><linearGradient id=\"linear-gradient-72324b5\" x1=\"0\" x2=\"100%\" y1=\"0\" y2=\"0\"><stop offset=\"0%\" style=\"stop-opacity:1;stop-color:var(--linear-gradient-72324-b-5-color-1)\"><\/stop><stop offset=\"100%\" style=\"stop-opacity:1;stop-color:var(--linear-gradient-72324-b-5-color-2)\"><\/stop><\/linearGradient><\/defs><\/svg><svg data-prefix=\"far\" data-icon=\"newspaper\" class=\"svg-inline--fa fa-newspaper fa-w-18\" xmlns=\"http:\/\/www.w3.org\/2000\/svg\" viewBox=\"0 0 576 512\" aria-hidden=\"true\" width=\"32\" height=\"32\"><path fill=\"currentColor\" d=\"M552 64H112c-20.858 0-38.643 13.377-45.248 32H24c-13.255 0-24 10.745-24 24v272c0 30.928 25.072 56 56 56h496c13.255 0 24-10.745 24-24V88c0-13.255-10.745-24-24-24zM48 392V144h16v248c0 4.411-3.589 8-8 8s-8-3.589-8-8zm480 8H111.422c.374-2.614.578-5.283.578-8V112h416v288zM172 280h136c6.627 0 12-5.373 12-12v-96c0-6.627-5.373-12-12-12H172c-6.627 0-12 5.373-12 12v96c0 6.627 5.373 12 12 12zm28-80h80v40h-80v-40zm-40 140v-24c0-6.627 5.373-12 12-12h136c6.627 0 12 5.373 12 12v24c0 6.627-5.373 12-12 12H172c-6.627 0-12-5.373-12-12zm192 0v-24c0-6.627 5.373-12 12-12h104c6.627 0 12 5.373 12 12v24c0 6.627-5.373 12-12 12H364c-6.627 0-12-5.373-12-12zm0-144v-24c0-6.627 5.373-12 12-12h104c6.627 0 12 5.373 12 12v24c0 6.627-5.373 12-12 12H364c-6.627 0-12-5.373-12-12zm0 72v-24c0-6.627 5.373-12 12-12h104c6.627 0 12 5.373 12 12v24c0 6.627-5.373 12-12 12H364c-6.627 0-12-5.373-12-12z\"><\/path><\/svg><\/div><\/span><\/div>\n\n\n\n<div class=\"wp-block-stackable-heading stk-block-heading stk-block stk-bbe7e45\" data-block-id=\"bbe7e45\"><style>.stk-bbe7e45 .stk-block-heading__text{font-size:30px !important}@media screen and (max-width:1023px){.stk-bbe7e45 .stk-block-heading__text{font-size:30px !important}}<\/style><p class=\"stk-block-heading__text\">77<br>Tytu\u0142\u00f3w czasopism<\/p><\/div>\n<\/div><\/div>\n<\/div>\n\n\n\n<div class=\"wp-block-column is-layout-flow wp-block-column-is-layout-flow\" style=\"flex-basis:20%\"><\/div>\n<\/div>\n\n\n\n<h2 class=\"wp-block-heading\">STRUKTURA TRE\u015aCIOWA KSI\u0118GOZBIORU W % STAN NA 31 GRUDNIA 2020<\/h2>\n\n\n<div class=\"visualizer-front-container visualizer-lazy-render\" id=\"chart_wrapper_visualizer-15166-894505706\"><style type=\"text\/css\" name=\"visualizer-custom-css\" id=\"customcss-visualizer-15166\">.locker,.locker-loader{position:absolute;top:0;left:0;width:100%;height:100%}.locker{z-index:1000;opacity:.8;background-color:#fff;-ms-filter:\"progid:DXImageTransform.Microsoft.Alpha(Opacity=80)\";filter:alpha(opacity=80)}.locker-loader{z-index:1001;background:url(https:\/\/bp.ostroleka.pl\/wp-content\/plugins\/visualizer\/images\/ajax-loader.gif) no-repeat center center}.dt-button{display:none!important}.visualizer-front-container.visualizer-lazy-render{content-visibility: auto;}.google-visualization-controls-categoryfilter label.google-visualization-controls-label {vertical-align: middle;}.google-visualization-controls-categoryfilter li.goog-inline-block {margin: 0 0.2em;}.google-visualization-controls-categoryfilter li {padding: 0 0.2em;}.visualizer-front-container .dataTables_scrollHeadInner{margin: 0 auto;}<\/style><div id=\"visualizer-15166-894505706\" class=\"visualizer-front  visualizer-front-15166\"><\/div><!-- Not showing structured data for chart 15166 because title is empty --><\/div>\n\n\n<h2 class=\"wp-block-heading\">STRUKTURA ZBIOR\u00d3W SPECJALNYCH STAN NA 31 GRUDNIA 2020<\/h2>\n\n\n<div class=\"visualizer-front-container\" id=\"chart_wrapper_visualizer-15140-706496497\"><style type=\"text\/css\" name=\"visualizer-custom-css\" id=\"customcss-visualizer-15140\">.locker,.locker-loader{position:absolute;top:0;left:0;width:100%;height:100%}.locker{z-index:1000;opacity:.8;background-color:#fff;-ms-filter:\"progid:DXImageTransform.Microsoft.Alpha(Opacity=80)\";filter:alpha(opacity=80)}.locker-loader{z-index:1001;background:url(https:\/\/bp.ostroleka.pl\/wp-content\/plugins\/visualizer\/images\/ajax-loader.gif) no-repeat center center}.dt-button{display:none!important}.visualizer-front-container.visualizer-lazy-render{content-visibility: auto;}.google-visualization-controls-categoryfilter label.google-visualization-controls-label {vertical-align: middle;}.google-visualization-controls-categoryfilter li.goog-inline-block {margin: 0 0.2em;}.google-visualization-controls-categoryfilter li {padding: 0 0.2em;}.visualizer-front-container .dataTables_scrollHeadInner{margin: 0 auto;}<\/style><div id=\"visualizer-15140-706496497\" class=\"visualizer-front  visualizer-front-15140\"><\/div><!-- Not showing structured data for chart 15140 because title is empty --><\/div>\n\n\n<h2 class=\"wp-block-heading\">CZASOPISMA &#8211; LISTA TYTU\u0141\u00d3W PRENUMEROWANYCH W 2021R.<\/h2>\n\n\n\n<div class=\"wp-block-columns is-layout-flex wp-container-core-columns-is-layout-28f84493 wp-block-columns-is-layout-flex\">\n<div class=\"wp-block-column is-layout-flow wp-block-column-is-layout-flow\">\n<ol class=\"wp-block-list\"><li>Aktualno\u015bci kadrowe Plus<\/li><li>Aura<\/li><li>Biblioteka w Szkole<\/li><li>Bibliotekarz<\/li><li>Biblioteraupeuta<\/li><li>Biologia w Szkole<\/li><li>Charaktery<\/li><li>Chemia w Szkole<\/li><li>Dialog<\/li><li>Dyrektor Szko\u0142y<\/li><li>Dzieje Najnowsze<\/li><li>Dziennik Gazeta Prawna<\/li><li>Edukacja<\/li><li>Edukacja Ustawiczna Doros\u0142ych<\/li><li>Edukacja Wczesnoszkolna<\/li><li>Fizyka w Szkole<\/li><li>Gazeta Wyborcza<\/li><li>Geografia w Szkole<\/li><li>G\u0142os Nauczycielski<\/li><li>G\u0142os Pedagogiczny<\/li><li>Guliwer<\/li><li>J\u0119zyk Polski<\/li><li>J\u0119zyk Polski w Szkole Podstawowej<\/li><li>J\u0119zyk Polski w Szkole Ponadpodstawowej<\/li><li>Kwartalnik Historyczny<\/li><li>Kwartalnik Pedagogiczny<\/li><li>Literatura na \u015awiecie<\/li><li>Matematyka<\/li><li>Monitor Dyrektora Przedszkola<\/li><li>Monitor Dyrektora Szko\u0142y<\/li><li>M\u00f3wi\u0105 Wieki<\/li><li>Niebieska Linia<\/li><li>Niepe\u0142nosprawno\u015b\u0107 i Rehabilitacja<\/li><li>Nowe Ksi\u0105\u017cki<\/li><li>Pami\u0119tnik Literacki<\/li><li>Pa\u0144stwo i Prawo<\/li><li>Pedagogika Spo\u0142eczna<\/li><li>Polityka<\/li><li>Polonistyka<\/li><\/ol>\n<\/div>\n\n\n\n<div class=\"wp-block-column is-layout-flow wp-block-column-is-layout-flow\">\n<ol class=\"wp-block-list\" start=\"40\"><li>Poradnik Bibliotekarza<\/li><li>Poradnik J\u0119zykowy<\/li><li>Praca Socjalna<\/li><li>Problemy Opieku\u0144czo-Wychowawcze<\/li><li>Przegl\u0105d Biblioteczny<\/li><li>Przegl\u0105d Historyczno-O\u015bwiatowy<\/li><li>Przegl\u0105d Historyczny<\/li><li>Przegl\u0105d Humanistyczny<\/li><li>Przyroda Polska<\/li><li>Remedium<\/li><li>Rzeczpospolita<\/li><li>Sprawy Mi\u0119dzynarodowe<\/li><li>Szko\u0142a Specjalna<\/li><li>\u015awiat Nauki<\/li><li>\u015awietlica w Szkole<\/li><li>Tw\u00f3rczo\u015b\u0107<\/li><li>Tygodnik Ostro\u0142\u0119cki<\/li><li>Tygodnik Powszechny<\/li><li>Wiadomo\u015bci Historyczne<\/li><li>Wiedza i \u017bycie<\/li><li>Wprost<\/li><li>Wychowanie Fizyczne i Zdrowotne<\/li><li>Wychowanie Muzyczne<\/li><li>Wychowanie na Co Dzie\u0144<\/li><li>Wychowanie w Przedszkolu<\/li><li>Wychowawca<\/li><li>Zagadnienia Informacji Naukowej<\/li><li>Znak<\/li><li>\u017bycie Szko\u0142y<\/li><\/ol>\n<\/div>\n<\/div>\n\n\n\n<p><a href=\"https:\/\/bp.ostroleka.pl\/zasob-czasopism\/\">Zas\u00f3b czasopism Biblioteki Pedagogicznej<\/a><\/p>\n","protected":false},"excerpt":{"rendered":"<p>67,575Ksi\u0105\u017cek 7,578Zbior\u00f3w audiowizualnych 77Tytu\u0142\u00f3w czasopism STRUKTURA TRE\u015aCIOWA KSI\u0118GOZBIORU W % STAN NA 31 GRUDNIA 2020 STRUKTURA ZBIOR\u00d3W SPECJALNYCH STAN NA [&hellip;]<\/p>\n","protected":false},"author":10,"featured_media":0,"parent":0,"menu_order":0,"comment_status":"closed","ping_status":"closed","template":"","meta":{"_acf_changed":false,"_oasis_is_in_workflow":0,"_oasis_original":0,"inline_featured_image":false,"site-sidebar-layout":"default","site-content-layout":"","ast-site-content-layout":"default","site-content-style":"default","site-sidebar-style":"default","ast-global-header-display":"","ast-banner-title-visibility":"","ast-main-header-display":"","ast-hfb-above-header-display":"","ast-hfb-below-header-display":"","ast-hfb-mobile-header-display":"","site-post-title":"","ast-breadcrumbs-content":"","ast-featured-img":"","footer-sml-layout":"","ast-disable-related-posts":"","theme-transparent-header-meta":"","adv-header-id-meta":"","stick-header-meta":"","header-above-stick-meta":"","header-main-stick-meta":"","header-below-stick-meta":"","astra-migrate-meta-layouts":"default","ast-page-background-enabled":"default","ast-page-background-meta":{"desktop":{"background-color":"","background-image":"","background-repeat":"repeat","background-position":"center center","background-size":"auto","background-attachment":"scroll","background-type":"","background-media":"","overlay-type":"","overlay-color":"","overlay-opacity":"","overlay-gradient":""},"tablet":{"background-color":"","background-image":"","background-repeat":"repeat","background-position":"center center","background-size":"auto","background-attachment":"scroll","background-type":"","background-media":"","overlay-type":"","overlay-color":"","overlay-opacity":"","overlay-gradient":""},"mobile":{"background-color":"","background-image":"","background-repeat":"repeat","background-position":"center center","background-size":"auto","background-attachment":"scroll","background-type":"","background-media":"","overlay-type":"","overlay-color":"","overlay-opacity":"","overlay-gradient":""}},"ast-content-background-meta":{"desktop":{"background-color":"var(--ast-global-color-5)","background-image":"","background-repeat":"repeat","background-position":"center center","background-size":"auto","background-attachment":"scroll","background-type":"","background-media":"","overlay-type":"","overlay-color":"","overlay-opacity":"","overlay-gradient":""},"tablet":{"background-color":"var(--ast-global-color-5)","background-image":"","background-repeat":"repeat","background-position":"center center","background-size":"auto","background-attachment":"scroll","background-type":"","background-media":"","overlay-type":"","overlay-color":"","overlay-opacity":"","overlay-gradient":""},"mobile":{"background-color":"var(--ast-global-color-5)","background-image":"","background-repeat":"repeat","background-position":"center center","background-size":"auto","background-attachment":"scroll","background-type":"","background-media":"","overlay-type":"","overlay-color":"","overlay-opacity":"","overlay-gradient":""}},"_themeisle_gutenberg_block_has_review":false,"footnotes":""},"class_list":["post-19678","page","type-page","status-publish","hentry"],"acf":[],"featured_image_urls_v2":{"full":"","thumbnail":"","medium":"","medium_large":"","large":"","1536x1536":"","2048x2048":"","menu-24x24":"","menu-36x36":"","menu-48x48":"","mailpoet_newsletter_max":""},"post_excerpt_stackable_v2":"<p>67,575Ksi\u0105\u017cek 7,578Zbior\u00f3w audiowizualnych 77Tytu\u0142\u00f3w czasopism STRUKTURA TRE\u015aCIOWA KSI\u0118GOZBIORU W % STAN NA 31 GRUDNIA 2020 STRUKTURA ZBIOR\u00d3W SPECJALNYCH STAN NA 31 GRUDNIA 2020 CZASOPISMA &#8211; LISTA TYTU\u0141\u00d3W PRENUMEROWANYCH W 2021R. Aktualno\u015bci kadrowe PlusAuraBiblioteka w SzkoleBibliotekarzBiblioteraupeutaBiologia w SzkoleCharakteryChemia w SzkoleDialogDyrektor Szko\u0142yDzieje NajnowszeDziennik Gazeta PrawnaEdukacjaEdukacja Ustawiczna Doros\u0142ychEdukacja WczesnoszkolnaFizyka w SzkoleGazeta WyborczaGeografia w SzkoleG\u0142os NauczycielskiG\u0142os PedagogicznyGuliwerJ\u0119zyk PolskiJ\u0119zyk Polski w Szkole PodstawowejJ\u0119zyk Polski w Szkole PonadpodstawowejKwartalnik HistorycznyKwartalnik PedagogicznyLiteratura na \u015awiecieMatematykaMonitor Dyrektora PrzedszkolaMonitor Dyrektora Szko\u0142yM\u00f3wi\u0105 WiekiNiebieska LiniaNiepe\u0142nosprawno\u015b\u0107 i RehabilitacjaNowe Ksi\u0105\u017ckiPami\u0119tnik LiterackiPa\u0144stwo i PrawoPedagogika Spo\u0142ecznaPolitykaPolonistyka Poradnik BibliotekarzaPoradnik J\u0119zykowyPraca SocjalnaProblemy Opieku\u0144czo-WychowawczePrzegl\u0105d BibliotecznyPrzegl\u0105d Historyczno-O\u015bwiatowyPrzegl\u0105d HistorycznyPrzegl\u0105d HumanistycznyPrzyroda PolskaRemediumRzeczpospolitaSprawy Mi\u0119dzynarodoweSzko\u0142a Specjalna\u015awiat Nauki\u015awietlica w SzkoleTw\u00f3rczo\u015b\u0107Tygodnik Ostro\u0142\u0119ckiTygodnik PowszechnyWiadomo\u015bci HistoryczneWiedza i \u017bycieWprostWychowanie Fizyczne&hellip;<\/p>\n","category_list_v2":"","author_info_v2":{"name":"bWdyemVnb3Jjenlr","url":"https:\/\/bp.ostroleka.pl\/en\/author\/bwdyemvnb3jjenlr\/"},"comments_num_v2":"0 comments","_links":{"self":[{"href":"https:\/\/bp.ostroleka.pl\/en\/wp-json\/wp\/v2\/pages\/19678","targetHints":{"allow":["GET"]}}],"collection":[{"href":"https:\/\/bp.ostroleka.pl\/en\/wp-json\/wp\/v2\/pages"}],"about":[{"href":"https:\/\/bp.ostroleka.pl\/en\/wp-json\/wp\/v2\/types\/page"}],"author":[{"embeddable":true,"href":"https:\/\/bp.ostroleka.pl\/en\/wp-json\/wp\/v2\/users\/10"}],"replies":[{"embeddable":true,"href":"https:\/\/bp.ostroleka.pl\/en\/wp-json\/wp\/v2\/comments?post=19678"}],"version-history":[{"count":1,"href":"https:\/\/bp.ostroleka.pl\/en\/wp-json\/wp\/v2\/pages\/19678\/revisions"}],"predecessor-version":[{"id":32669,"href":"https:\/\/bp.ostroleka.pl\/en\/wp-json\/wp\/v2\/pages\/19678\/revisions\/32669"}],"wp:attachment":[{"href":"https:\/\/bp.ostroleka.pl\/en\/wp-json\/wp\/v2\/media?parent=19678"}],"curies":[{"name":"wp","href":"https:\/\/api.w.org\/{rel}","templated":true}]}}