{"id":19666,"date":"2026-01-26T12:49:24","date_gmt":"2026-01-26T11:49:24","guid":{"rendered":"https:\/\/bp.ostroleka.pl\/literatura-piekna\/"},"modified":"2022-10-31T18:50:38","modified_gmt":"2022-10-31T17:50:38","slug":"literatura-piekna","status":"publish","type":"page","link":"https:\/\/bp.ostroleka.pl\/en\/literatura-piekna\/","title":{"rendered":"Literatura pi\u0119kna"},"content":{"rendered":"\n<p><strong>Za II p\u00f3\u0142rocze 2021<\/strong>&nbsp;autor&nbsp;<em>Edyta Rogala<\/em><\/p>\n\n\n\n<ol class=\"wp-block-list\"><li>Cichym s\u0142owem \/ Lidia Liszewska, Robert Kornacki. Pozna\u0144 : Czwarta Strona, copyright 2021. Inw.: K 83777<\/li><li>Magda : autobiografia Magdy Gessler \/ Magda Gessler, Dominik Linowski. [Warszawa] : 5Why Promotion, copyright 2021. Inw.: K 83746<\/li><li>Moje maski, moje twarze : wybrane przek\u0142ady poetyckie \/ [przek\u0142ad] Leszek Engelking. \u0141\u00f3d\u017a : Officyna, 2021 Inw.: K 84522<\/li><li>Poezja polska okresu mi\u0119dzywojennego : antologia. Cz. 1 \/ wyb\u00f3r i wst\u0119p Micha\u0142 G\u0142owi\u0144ski i Janusz S\u0142awi\u0144ski ; przypisy oprac. Janusz Stradecki. Wroc\u0142aw ; Krak\u00f3w [etc.] : Zak\u0142ad Narodowy im. Ossoli\u0144skich, 1987.(Biblioteka Narodowa. Seria 1) Inw.: K 83979<\/li><li>Poezja polska okresu mi\u0119dzywojennego : antologia. Cz. 2 \/ wyb\u00f3r i wst\u0119p Micha\u0142 G\u0142owi\u0144ski i Janusz S\u0142awi\u0144ski ; przypisy oprac. Janusz Stradecki. Wroc\u0142aw ; Krak\u00f3w [etc.] : Zak\u0142ad Narodowy im. Ossoli\u0144skich, 1987.(Biblioteka Narodowa. Seria 1) Inw.: K 83980<\/li><li>BALDINI, LAURA Sekret Marii : \u017cycie, mi\u0142o\u015b\u0107 i pasja Marii Montessori \/ Laura Baldini ; z j\u0119zyka niemieckiego prze\u0142o\u017cy\u0142a Anna Kierejewska. Krak\u00f3w : Znak Litera Nova, 2021. Inw.: K 83918<\/li><li>BIANEK, KLAUDIA. Promyczek na \u015bwi\u0119ta \/ Klaudia Bianek. Pozna\u0144 : Czwarta Strona, copyright 2021. Inw.: K 84165<\/li><li>BREJDYGANT, IGOR Rysa \/ Igor Brejdygant. Warszawa : Wydawnictwo WAB, 2021. Inw.: K 83807<\/li><li>BRONT\u00cb, CHARLOTTE Dziwne losy Jane Eyre \/ Charlotte Bronte ; t\u0142umaczenie Teresa \u015awiderska. Warszawa : Wydawnictwo MG, 2021. Inw.: K 83994<\/li><li>BRONT\u00cb, EMILY Wichrowe wzg\u00f3rza \/ Emily Bront\u00eb ; t\u0142umaczy\u0142a Janina Sujkowska. Warszawa : \u015awiat Ksi\u0105\u017cki, 2020. Inw.: K 83769<\/li><li>BRZEZI\u0143SKA, DIANA, Odejdziesz ze mn\u0105? \/ Diana Brzezi\u0144ska. Krak\u00f3w : Otwarte, 2021. Inw.: K 84385<\/li><li>BURNETT, FRANCES HODGSON Tajemniczy ogr\u00f3d \/ Frances Hodgson Burnett ; ilustrowa\u0142a Zuzanna Orli\u0144ska ; [t\u0142umaczenie Jadwiga W\u0142odarkiewicz]. Krak\u00f3w : Wydawnictwo GREG, 2020.(Kolorowa Klasyka) Inw.: K 83959<\/li><li>CAMUS, ALBERT D\u017cuma \/ Albert Camus ; prze\u0142o\u017cy\u0142a Joanna Guze. Warszawa : Pa\u0144stwowy Instytut Wydawniczy, 2021. Inw.: K 83794<\/li><li>CERVANTES SAAVEDRA, MIGUEL DE Don Kichot z La Manczy \/ Miguel de Cervantes ; prze\u0142o\u017cy\u0142 Edward Boy\u00e9. [Warszawa] : MG, copyright 2020. Inw.: K 83741<\/li><li>CHMIELARZ, WOJCIECH D\u0142ug honorowy \/ Wojciech Chmielarz. Warszawa : Marginesy, 2021. Inw.: K 84146<\/li><li>CHMIELARZ, WOJCIECH Wilko\u0142ak \/ Wojciech Chmielarz. Warszawa : Marginesy ; 2021. Inw.: K 83770<\/li><li>COELHO, PAULO Manual of the warrior of light \/ Paulo Coelho ; translated from the Portuguese by Margaret Jull Costa. London : HarperCollins Publishers, 2003. Inw.: K 83972<\/li><li>DMITRUK, URSZULA. Bajki pocieszanki : opowiadania terapeutyczne dla dzieci borykaj\u0105cych si\u0119 z l\u0119kiem \/ Urszula Dmitruk ; [ilustracje: Magdalena Guba\u0142a]. Gda\u0144sk : Wydawnictwo Harmonia, 2020. Inw.: K 84503<\/li><li>DOSTOEVSKIJ, FEDOR MIHAJLOVI\u010c Idiota \/ Fiodor Dostojewski ; prze\u0142o\u017cy\u0142a Helena Grotowska. [Warszawa] : Wydawnictwo MG, copyright 2016. Inw.: K 83795<\/li><li>DOUGLAS, LLOYD C. Szata \/ Lloyd C. Douglas ; prze\u0142. Maria Skibniewska. Warszawa : Instytut Wydawniczy Pax, 2019.(Feniks \u2013 Instytut Wydawniczy \u201ePax\u201d) Inw.: K 83808<\/li><li>DULIER, GHISLAINE Sam i Watson patrz\u0105 sercem \/ tekst Ghislaine Dulier ; ilustracje B\u00e9reng\u00e8re Delaporte ; przek\u0142ad Bo\u017cena S\u0119k. Gda\u0144sk : Adamada, 2020. Inw.: K 84374<\/li><li>DULIER, GHISLAINE Sam i Watson pokonuj\u0105 zazdro\u015b\u0107 \/ tekst Ghislaine Dulier ; ilustracje B\u00e9reng\u00e8re Delaporte ; przek\u0142ad Bo\u017cena S\u0119k. Gda\u0144sk : Adamada, 2020. Inw.: K 84375<\/li><li>DULIER, GHISLAINE Sam i Watson przeganiaj\u0105 gniew \/ tekst Ghislaine Dulier ; ilustracje B\u00e9reng\u00e8re Delaporte ; przek\u0142ad Bo\u017cena S\u0119k. Gda\u0144sk : Adamada, 2020. Inw.: K 84400<\/li><li>ER, PAULA. Tam, gdzie milcz\u0105 r\u00f3\u017ce \/ Paula Er. Gdynia : Novae Res, copyright 2020. Inw.: K 84453<\/li><li>ER, PAULA. Wolno\u015b\u0107 jask\u00f3\u0142ki \/ Paula Er. Gdynia : Wydawnictwo Novae Res, \u00a9 2018. Inw.: K 84456<\/li><li>EVARISTO, BERNARDINE Dziewczyna, kobieta, inna \/ Bernardine Evaristo ; prze\u0142o\u017cy\u0142a Aga Zano. Pozna\u0144 : Wydawnictwo Pozna\u0144skie, \u00a9 2021. Inw.: K 84022<\/li><li>FALCONES DE SIERRA, ILDEFONSO Malarz dusz \/ Ildefonso Falcones ; z hiszpa\u0144skiego prze\u0142o\u017cyli Joanna Ostrowska, El\u017cbieta Rzewuska. Warszawa : Wydawnictwo Albatros, 2020. Inw.: K 83747<\/li><li>FEDOROWICZ, KRZYSZTOF Za\u015bwiaty : opowie\u015bci o nieprzemijaniu \/ Krzysztof Fedorowicz. Krak\u00f3w : Wydawnictwo Wysoki Zamek, 2020. Inw.: K 84015<\/li><li>FLAUBERT, GUSTAVE Pani Bovary \/ Gustaw Flaubert ; [opracowa\u0142a Joanna Rodziewicz]. Wroc\u0142aw : Siedmior\u00f3g, 2017.(Kanon Lektur) Inw.: K 83958<\/li><li>FOLLETT, KEN Kraw\u0119d\u017a wieczno\u015bci \/ Ken Follett ; z angielskiego prze\u0142o\u017cyli Grzegorz Ko\u0142odziejczyk, Zbigniew A. Kr\u00f3licki. Warszawa : Albatros, 2021. Inw.: K 83765<\/li><li>FOLLETT, KEN Upadek gigant\u00f3w \/ Ken Follett ; z angielskiego prze\u0142o\u017cyli Grzegorz Ko\u0142odziejczyk, Zbigniew A. Kr\u00f3licki. Warszawa : Albatros, 2021. Inw.: K 83763<\/li><li>FOLLETT, KEN Zima \u015bwiata \/ Ken Follett ; z angielskiego prze\u0142o\u017cyli Grzegorz Ko\u0142odziejczyk, Zbigniew A. Kr\u00f3licki. Warszawa : Wydawnictwo Albatros, 2018. Inw.: K 83764<\/li><li>FURNIVALL, KATE. The White Pear \/ Kate Furnivall. Londyn : Sphere, 2014. Inw.: K 83974<\/li><li>G\u0141OGOWSKA, KAROLINA Sprawa Sary \/ Karolina G\u0142ogowska. Warszawa : Wydawnictwo WAB, 2020. Inw.: K 83877<\/li><li>GOLDING, WILLIAM W\u0142adca much \/ William Golding ; t\u0142umaczenie Wac\u0142aw Niepok\u00f3lczycki. Pozna\u0144 : Zysk i S-ka Wydawnictwo, copyright 2020. Inw.: K 84034<\/li><li>GRABOWSKA-GRZYB, A\u0141BENA Doktor Anna \/ A\u0142bena Grabowska. Warszawa : Wydawnictwo Marginesy, 2021. Inw.: K 83853<\/li><li>GRABOWSKA-GRZYB, A\u0141BENA Doktor Bogumi\u0142 \/ A\u0142bena Grabowska. Warszawa : Marginesy, 2020. Inw.: K 83961<\/li><li>GRABOWSKA-GRZYB, A\u0141BENA Rzeki p\u0142yn\u0105, jak chc\u0105 \/ A\u0142bena Grabowska. Pozna\u0144 : Dom Wydawniczy Rebis, 2021. Inw.: K 84167<\/li><li>GRABOWSKA-GRZYB, A\u0141BENA Stulecie Winnych : pocz\u0105tek \/ A\u0142bena Grabowska. Warszawa : Zwierciad\u0142o, copyright 2021. Inw.: K 84148<\/li><li>GRASS, \u0141UKASZ Szlag mnie trafi\u0142 : s\u0105 w \u017cyciu rzeczy, o kt\u00f3re warto walczy\u0107 do ko\u0144ca \/ \u0141ukasz Grass. [Warszawa] : Ringier Axel Springer, [2019]. Inw.: K 84106<\/li><li>GRE\u0143, HANNA Jak kamie\u0144 w wod\u0119 \/ Hanna Gre\u0144. Zakrzewo : Wydawnictwo Replika, copyright 2020. Inw.: K 83783,83997<\/li><li>GRE\u0143, HANNA \u015awiate\u0142ko w tunelu \/ Hanna Gre\u0144. Zakrzewo : Wydawnictwo Replika, copyright 2020. Inw.: K 83792<\/li><li>GRETKOWSKA, MANUELA Mistrzyni \/ Manuela Gretkowska. Krak\u00f3w : Znak Litera Nova, 2021. Inw.: K 84173<\/li><li>HAIG, MATT Biblioteka o p\u00f3\u0142nocy \/ Matt Haig ; prze\u0142o\u017cy\u0142a Ewa Wojtczak. Pozna\u0144 : Zysk i S-ka Wydawnictwo, copyright 2021. Inw.: K 83875<\/li><li>HANNAH, KRISTIN Pomi\u0119dzy siostrami \/ Kristin Hannah ; z angielskiego prze\u0142o\u017cy\u0142a Anna Zieli\u0144ska. Warszawa : \u015awiat Ksi\u0105\u017cki, 2021. Inw.: K 83868<\/li><li>HANNAH, KRISTIN Pozw\u00f3l odej\u015b\u0107 \/ Kristin Hannah ; z angielskiego prze\u0142o\u017cy\u0142a Daria Kuczy\u0144ska-Szymala. Warszawa : \u015awiat Ksi\u0105\u017cki, 2021. Inw.: K 84151<\/li><li>JANKO, ANNA Finalistka \/ Anna Janko. Krak\u00f3w : Wydawnictwo Literackie, 2021. Inw.: K 84147<\/li><li>KA\u0141UCKI, STANIS\u0141AW Wierszykowanie \/ Stanis\u0142aw Ka\u0142ucki. Ostro\u0142\u0119ka : Towarzystwo Przyjaci\u00f3\u0142 Ostro\u0142\u0119ki, 2021. Inw.: K 83975<\/li><li>KAUFMANN, GEORGIA. Krawcowa z Pary\u017ca \/ Georgia Kaufmann ; t\u0142umaczenie Robert Sud\u00f3\u0142. Krak\u00f3w : Otwarte, 2021. Inw.: K 84319<\/li><li>KOSSAK, ZOFIA Bursztyny \/ Zofia Kossak. Warszawa : Instytut Wydawniczy PAX, 2020. Inw.: K 83984<\/li><li>KRAJEWSKI, MAREK Diabe\u0142 str\u00f3\u017c \/ Marek Krajewski. Krak\u00f3w : Wydawnictwo Znak, 2021. Inw.: K 84182<\/li><li>KRASI\u0143SKI, ZYGMUNT Nie-Boska komedia \/ Zygmunt Krasi\u0144ski ; [oprac. Wojciech Rzehak, Katarzyna Duda-Kaptur]. Krak\u00f3w : Wydawnictwo Greg, 2020.(Lektura \u2013 Greg) Inw.: K 83752<\/li><li>L\u00c4CKBERG, CAMILLA Idziesz do wi\u0119zienia &amp; Kobiety bez lito\u015bci : [opowiadania] \/ Camilla L\u00e4ckberg ; prze\u0142o\u017cyli Robert K\u0119dzierski i Inga Sawicka. Warszawa : Wydawnictwo Czarna Owca, copyright 2021. Inw.: K 83796<\/li><li>LIBERA, ANTONI Madame \/ Antoni Libera. Krak\u00f3w : Instytut Literatury, 2021. Inw.: K 83967<\/li><li>LIGOCKA, ROMA Si\u0142a rzeczy \/ Roma Ligocka. Krak\u00f3w : Wydawnictwo Literackie, 2021. Inw.: K 83992<\/li><li>LOFTING, HUGH Doktor Dolittle i jego zwierz\u0119ta : opowie\u015b\u0107 o \u017cyciu doktora w domowym zaciszu oraz niezwyk\u0142ych przygodach w dalekich krainach \/ Hugh Lofting ; ilustrowa\u0142 Zbigniew Lengren ; prze\u0142o\u017cy\u0142a Beata Adamczyk. Pozna\u0144 : Zysk i S-ka Wydawnictwo, copyright 2016. Inw.: K 84317<\/li><li>MAJKA, PAWE\u0141 Familia : mroczna strona w\u0142adzy \/ Pawe\u0142 Majka. Krakow : Znak Horyzont, 2021. Inw.: K 83878<\/li><li>MALISZEWSKI, DIONIZY Przed wyrokiem \/ Dionizy Maliszewski ; edycja i opracowanie dr hab. Karol Samsel ; [redakcja: Karol Samsel, Joanna Zy\u015bk, Sabina Malinowska]. Ostro\u0142\u0119ka : Muzeum Kultury Kurpiowskiej : Miejska Biblioteka Publiczna : Stowarzyszenie Przyjaci\u00f3\u0142 Bibliotek i Ksi\u0105\u017cki, 2021. Inw.: K 83968<\/li><li>MA\u0141ECKI, ROBERT \u017ba\u0142obnica \/ Robert Ma\u0142ecki. Pozna\u0144 : Czwarta Strona, copyright \u00a9 2020. Inw.: K 84035<\/li><li>MCCREIGHT, KIMBERLY. Ma\u0142\u017ce\u0144stwo doskona\u0142e \/ Kimberly McCreight ; prze\u0142o\u017cy\u0142a Beata Hrycak. Wroc\u0142aw : Bukowy Las, copyright 2021. Inw.: K 83869<\/li><li>MICHAELIDES, ALEX Boginie \/ Alex Michaelides ; prze\u0142o\u017cy\u0142a Agnieszka Patrycja Wyszogrodzka-Gaik. Warszawa : W.A.B., 2021. Inw.: K 84067<\/li><li>MIKULSKA, JANINA W blasku s\u0142o\u0144ca : wiersze zebrane \/ Janina \u017baneta Mikulska ; [redakcja: Wies\u0142aw Janusz Mikulski]. Ostro\u0142\u0119ka : Towarzystwo Przyjaci\u00f3\u0142 Ostro\u0142\u0119ki, 2021. Inw.: K 83977<\/li><li>MILEWSKA, MARTA H. Sk\u0105d si\u0119 bior\u0105 dzieci? \/ Marta H. Milewska ; ilustracje Anka Wikli\u0144ska. [Warszawa] : Wydawnictwo Tatarak, \u00a9 2019. Inw.: K 83789<\/li><li>MOLN\u00c1R, FERENC Ch\u0142opcy z Placu Broni \/ Ferenc Moln\u00e1r ; prze\u0142o\u017cy\u0142 Tadeusz Olsza\u0144ski. Warszawa : Wydawnictwo Nasza Ksi\u0119garnia, 2021. Inw.: K 84318<\/li><li>MORRIS, HEATHER. Trzy siostry \/ Morris Heather ; prze\u0142o\u017cy\u0142a Kaja Gucio. Warszawa : Marginesy, 2021. Inw.: K 84149<\/li><li>NA\u0141KOWSKA, ZOFIA Granica \/ Zofia Na\u0142kowska ; ilustracje \u0141ukasz Ciaciuch. Krak\u00f3w : Wydawnictwo Edukacyjne Greg, copyright 2021.(Kolorowa Klasyka) Inw.: K 83742<\/li><li>OLEKSA, MONIKA A. Nad rzek\u0105 wspomnie\u0144 \/ Monika A. Oleksa. Pozna\u0144 : Filia, 2021. Inw.: K 83876<\/li><li>ORWELL, GEORGE Czy naprawd\u0119 schamieli\u015bmy? : nieznane eseje, szkice, opowiadania i felietony \/ George Orwell ; prze\u0142o\u017cy\u0142 Bart\u0142omiej Zborski. Warszawa : Muza Warszawskie Wydawnictwo Literackie, 2021. Inw.: K 83938<\/li><li>ORZESZKOWA, ELIZA Nad Niemnem \/ Eliza Orzeszkowa ; [autorki opracowania: Anna Pop\u0142awska, Sylwia W\u00f3jtowicz ; ilustracje Jolanta Adamus Ludwikowska]. Krak\u00f3w : Wydawnictwo Greg, copyright 2020. Inw.: K 83751<\/li><li>OSTRO\u0141\u0118CKI KONKURS LITERACKI (NIE)CODZIENNE \u017bYCIE W CZASACH ZARAZY (2021 ; OSTRO\u0141\u0118KA). (Nie)codzienne \u017cycie w czasach zarazy : utwory nagrodzone i wyr\u00f3\u017cnione \/ [redakcja: Agnieszka Zaorska]. Ostro\u0142\u0119ka : Stowarzyszenie Przyjaci\u00f3\u0142 Bibliotek i Ksi\u0105\u017cki : Miejska Biblioteka Publiczna, 2021. Inw.: K 83962<\/li><li>OZIEWICZ, TINA Co robi\u0105 uczucia? \/ Tina Oziewicz ; ilustrowa\u0142a Aleksandra Zaj\u0105c. Warszawa : Wydawnictwo Dwie Siostry, 2020. Inw.: K 84331<\/li><li>PAINCHAUD, MICHELLE. By\u0107 jak Erica \/ Michelle Painchaud ; prze\u0142o\u017cy\u0142a Ma\u0142gorzata Kocza\u0144ska. Warszawa : YA!, 2016. Inw.: K 83978<\/li><li>PATCHETT, ANN Dom Holendr\u00f3w \/ Ann Patchett ; prze\u0142o\u017cy\u0142a Anna Gralak. Krak\u00f3w : Znak Litera Nova, 2021. Inw.: K 83740<\/li><li>PATEREK, ANNA. Pani Bovary Gustawa Flauberta \/ [oprac. Anna Paterek]. Toru\u0144 : Wydawnictwo Literat, [2016].(Lektury Wszech Czas\u00f3w \u2013 Literat) Inw.: K 83753<\/li><li>PIQUEMAL, MICHEL Bajki filozoficzne : opowie\u015bci m\u0119drca Sofiosa \/ Michel Piquemal ; prze\u0142o\u017cyli Maria Braunstein, Micha\u0142 Krasicki ; ilustrowa\u0142a Agnieszka Malmon. Warszawa : Muchomor, 2021.(Muchomor \u2013 Filozofia) Inw.: K 83865<\/li><li>PLATH, SYLVIA Szklany klosz \/ Sylvia Plath ; prze\u0142o\u017cy\u0142a Mira Micha\u0142owska. Warszawa : Marginesy, 2019. Inw.: K 83762<\/li><li>PRUS, BOLES\u0141AW Lalka \/ Boles\u0142aw Prus ; [autorki opracowania Anna Pop\u0142awska, Katarzyna Duda-Kaptur; ilustracje Jolanta Adamus-Ludwikowska]. Krak\u00f3w : Wydawnictwo Greg, 2021. Inw.: K 83745<\/li><li>PUZY\u0143SKA, KATARZYNA Ch\u0105\u015bba \/ Katarzyna Puzy\u0144ska. Warszawa : Pr\u00f3szy\u0144ski Media, 2021. Inw.: K 84162<\/li><li>PUZY\u0143SKA, KATARZYNA Martwiec \/ Katarzyna Puzy\u0144ska. Warszawa : Pr\u00f3szy\u0144ski i S-ka \u2013 Pr\u00f3szy\u0144ski Media, 2021. Inw.: K 83748<\/li><li>REYMONT, W\u0141ADYS\u0141AW STANIS\u0141AW Ch\u0142opi \/ W\u0142adys\u0142aw Reymont ; [autorki opracowania Anna Pop\u0142awska, Maria Zagni\u0144ska ; ilustracje Jolanta Adamus Ludwikowska]. Krak\u00f3w : Wydawnictwo Greg, copyright 2020. Inw.: K 83738<\/li><li>RIMMER, KELLY. Sierota z Warszawy \/ Kelly Rimmer ; przek\u0142ad Violetta Dobosz. Krak\u00f3w : Znak Horyzont, 2021. Inw.: K 84181<\/li><li>S\u00c1ENZ, BENJAMIN ALIRE. Arystoteles i Dante odkrywaj\u0105 sekrety wszech\u015bwiata \/ Benjamin Alire S\u00e1enz ; prze\u0142o\u017cy\u0142a Agnieszka Brodzik. Pozna\u0144 : We Need YA, copyright 2021. Inw.: K 84439<\/li><li>SCHULZ, BRUNO Sklepy cynamonowe ; Sanatorium pod Klepsydr\u0105 \/ Bruno Schulz ; opracowali Wojciech Rzehak, Katarzyna Duda-Kaptur ; [ilustracje Jacek Siudak]. Krak\u00f3w : Wydawnictwo Greg, 2020.(Lektura \u2013 Greg) Inw.: K 83760<\/li><li>SHUKRI, LAILA. Perska niepewno\u015b\u0107 \/ Laila Shukri. Warszawa : Pr\u00f3szy\u0144ski i S-ka, 2021. Inw.: K 83870<\/li><li>SIENKIEWICZ, HENRYK Bez dogmatu \/ Henryk Sienkiewicz. [Warszawa] : Wydawnictwo MG, copyright 2018. Inw.: K 83824,83957<\/li><li>SILVERSTEIN, SHEL Drzewo dar\u00f3w \/ Shel Silverstein ; t\u0142umaczenie Gra\u017cyna Chamielec. Warszawa : Wydawnictwo Kinderkulka, 2017. Inw.: K 84332<\/li><li>SIMONI, MARCELLO Handlarz ksi\u0105g przekl\u0119tych \/ Marcello Simoni ; z j\u0119z. w\u0142. prze\u0142. Joanna Kluza. Katowice : Wydawnictwo Sonia Draga, 2013. Inw.: K 83981<\/li><li>S\u0141OWACKI, JULIUSZ Beniowski : poema : pi\u0119\u0107 pierwszych pie\u015bni \/ Juliusz S\u0142owacki. Krak\u00f3w : Greg, 2017.(Lektura \u2013 Greg) Inw.: K 83956<\/li><li>S\u0141OWACKI, JULIUSZ Beniowski \/ Juliusz S\u0142owacki ; oprac. Marian Ursel. Wroc\u0142aw : Zak\u0142ad Narodowy im. Ossoli\u0144skich, 1985.(Nasza Biblioteka) Inw.: K 83982<\/li><li>SMITH, MIRANDA Nie moja matka \/ Miranda Smith ; prze\u0142o\u017cy\u0142a Malwina Stopyra. Pozna\u0144 : Filia, 2021.(Mroczna Strona) Inw.: K 84163<\/li><li>SO\u0143SKA, NATALIA Zaufaj swoim marzeniom \/ Natalia So\u0144ska. Pozna\u0144 : Czwarta Strona, copyright 2021. Inw.: K 84164<\/li><li>STACHULA, MAGDA Odnaleziona \/ Magda Stachula. Warszawa : Wydawnictwo Edipresse, 2021.(Ksi\u0105\u017cki \u2013 Edipresse) Inw.: K 83785<\/li><li>STASIKOWSKA-WO\u0179NIAK, DOROTA. \u017b\u0105dze Kleopatry \/ Ewa Kassala. Katowice : Wydawnictwo Sonia Draga, 2021. Inw.: K 84150<\/li><li>STASIUK, ANDRZEJ Przew\u00f3z \/ Andrzej Stasiuk. Wo\u0142owiec : Wydawnictwo Czarne, 2021. Inw.: K 83757<\/li><li>STONEX, EMMA Latarnicy \/ Emma Stonex ; prze\u0142o\u017cy\u0142a Agata Ostrowska. Warszawa : Czarna Owca, copyright 2021. Inw.: K 84053<\/li><li>STYCHNO-G\u0104SIOR, MAGDALENA. (Nie)ziemskie przygody Ciekawskiego = (Un)earthly adventures of Phil O\u2019Math \/ Magdalena Stychno-G\u0105sior ; [concept and English translation: Dorota Matysek ; illustrations: Mateusz Masiak]. Nowy Targ : Langero, 2021. Inw.: K 84061<\/li><li>SZCZYGIELSKI, BARTOSZ Nie chcesz wiedzie\u0107 \/ Bartosz Szczygielski. Pozna\u0144 : Czwarta Strona \u2013 Grupa Wydawnictwa Pozna\u0144skiego, 2021. Inw.: K 83858<\/li><li>SZMAGLEWSKA, SEWERYNA Czarne stopy \/ Seweryna Szmaglewska. Warszawa : Ksi\u0105\u017cka i Wiedza, 2010.(Lektura Szkolna \u2013 Ksi\u0105\u017cka i Wiedza) Inw.: K 83960<\/li><li>WALA, MAGDALENA Skradzione \u017cycie \/ Magdalena Wala. Pozna\u0144 ; Wroc\u0142aw : Ksi\u0105\u017cnica, \u00a9 2021. Inw.: K 83930<\/li><li>WATSON, SUE Znam tw\u00f3j sekret \/ Sue Watson ; prze\u0142o\u017cy\u0142a Anna Poch\u0142\u00f3dka-W\u0105torek. Pozna\u0144 : Filia, 2021.(Mroczna Strona) Inw.: K 83850<\/li><li>WEIR, ALISON The Marriage game \/ Alison Weir. London : Arrow Books, 2015. Inw.: K 83983<\/li><li>WHITEHEAD, COLSON Miedziaki \/ Colson Whitehead ; z angielskiego prze\u0142o\u017cy\u0142 Robert Sud\u00f3\u0142. Warszawa : Albatros, 2019. Inw.: K 83798<\/li><li>WID\u0141AK, WOJCIECH Weso\u0142y Ryjek \/ Wojciech Wid\u0142ak ; ilustracje Agnieszka \u017belewska. Pozna\u0144 : Media Rodzina, copyright 2010. Inw.: K 84239<\/li><li>WILDE, OSCAR Portret Doriana Graya \/ Oscar Wilde ; prze\u0142o\u017cy\u0142a Maria Feldmanowa. Czerwonak : Vesper, 2015. Inw.: K 84368<\/li><li>WITKIEWICZ, STANIS\u0141AW IGNACY W ma\u0142ym dworku \/ Stanis\u0142aw Ignacy Witkiewicz. Wroc\u0142aw : Wydawnictwo Siedmior\u00f3g, 2017.(Kanon Lektur)(Kanon Literatury Polskiej \u2013 Siedmior\u00f3g)(Biblioteka Literatury Pi\u0119knej) Inw.: K 83767<\/li><li>WYSOCZA\u0143SKA, BARBARA Narzeczona nazisty \/ Barbara Wysocza\u0144ska. Pozna\u0144 : Filia, 2021. Inw.: K 83799<\/li><li>WYSPIA\u0143SKI, STANIS\u0141AW Wesele \/ Stanis\u0142aw Wyspia\u0144ski ; autorki opracowania Anna Pop\u0142awska, Sylwia W\u00f3jtowicz ; ilustracje Jolanta Adamus Ludwikowska. Krak\u00f3w : Wydawnictwo GREG, copyright 2018. Inw.: K 83768<\/li><li>YAMADA, KOBI Pr\u00f3bowanie : przypowie\u015b\u0107 o wytrwa\u0142o\u015bci \/ Kobi Yamada ; w przek\u0142adzie Anny Kmiecik ; z ilustracjami Elise Hurst. [Olsztyn] : LEVYZ BOOKS\u00ae, copyright 2021. Inw.: K 84502<\/li><li>YAMADA, KOBI. Mo\u017ce \/ Kobi Yamada ; ilustrowa\u0142a Gabriella Barouch ; t\u0142umacz: Anna Kmiecik. [Olsztyn] : Wydawnictwo L\u00e9vyz, \u00a9 2021.(Artworks Therapy) Inw.: K 84341<\/li><li>ZBROJA, ALEKSANDRA. Mireczek : patoopowie\u015b\u0107 o moim ojcu \/ Aleksandra Zbroja. Warszawa : Wydawnictwo Agora, 2021. Inw.: K 83750<\/li><li>ZUBRZYCKA, EL\u017bBIETA Ma\u0142y wielki przyjaciel : jak pokocha\u0142em zwierz\u0105tko, kt\u00f3rego nikt nie lubi\u0142 \/ El\u017cbieta Zubrzycka ; il. Walentyna Strunilina. Sopot : Gda\u0144skie Wydawnictwo Psychologiczne, 2016.(Dla Dzieci \u2013 Gda\u0144skie Wydawnictwo Psychologiczne) Inw.: K 84203<\/li><li>ZY\u015aK, ZDZIS\u0141AW Lirydy \/ Zdzis\u0142aw Zy\u015bk ; [redaktor dr hab. Karol Samsel]. Ostro\u0142\u0119ka : Stowarzyszenie Przyjaci\u00f3\u0142 Bibliotek i Ksi\u0105\u017cki : Miejska Biblioteka Publiczna w Ostro\u0142\u0119ce, 2020.(Biblioteczka Przydro\u017cy \ud83d\ude09 Inw.: K 83971<\/li><li>\u017bEROMSKI, STEFAN Przedwio\u015bnie \/ Stefan \u017beromski ; [autorki opracowania Anna Pop\u0142awska, Honorata Liszka ; ilustracje Jolanta Adamus Ludwikowska]. Krak\u00f3w : Wydawnictwo Greg, 2020. Inw.: K 83756<\/li><\/ol>\n","protected":false},"excerpt":{"rendered":"<p>Za II p\u00f3\u0142rocze 2021&nbsp;autor&nbsp;Edyta Rogala Cichym s\u0142owem \/ Lidia Liszewska, Robert Kornacki. Pozna\u0144 : Czwarta Strona, copyright 2021. Inw.: K [&hellip;]<\/p>\n","protected":false},"author":10,"featured_media":0,"parent":0,"menu_order":0,"comment_status":"closed","ping_status":"closed","template":"","meta":{"_acf_changed":false,"_oasis_is_in_workflow":0,"_oasis_original":0,"inline_featured_image":false,"site-sidebar-layout":"default","site-content-layout":"","ast-site-content-layout":"default","site-content-style":"default","site-sidebar-style":"default","ast-global-header-display":"","ast-banner-title-visibility":"","ast-main-header-display":"","ast-hfb-above-header-display":"","ast-hfb-below-header-display":"","ast-hfb-mobile-header-display":"","site-post-title":"","ast-breadcrumbs-content":"","ast-featured-img":"","footer-sml-layout":"","ast-disable-related-posts":"","theme-transparent-header-meta":"","adv-header-id-meta":"","stick-header-meta":"","header-above-stick-meta":"","header-main-stick-meta":"","header-below-stick-meta":"","astra-migrate-meta-layouts":"default","ast-page-background-enabled":"default","ast-page-background-meta":{"desktop":{"background-color":"","background-image":"","background-repeat":"repeat","background-position":"center center","background-size":"auto","background-attachment":"scroll","background-type":"","background-media":"","overlay-type":"","overlay-color":"","overlay-opacity":"","overlay-gradient":""},"tablet":{"background-color":"","background-image":"","background-repeat":"repeat","background-position":"center center","background-size":"auto","background-attachment":"scroll","background-type":"","background-media":"","overlay-type":"","overlay-color":"","overlay-opacity":"","overlay-gradient":""},"mobile":{"background-color":"","background-image":"","background-repeat":"repeat","background-position":"center center","background-size":"auto","background-attachment":"scroll","background-type":"","background-media":"","overlay-type":"","overlay-color":"","overlay-opacity":"","overlay-gradient":""}},"ast-content-background-meta":{"desktop":{"background-color":"var(--ast-global-color-5)","background-image":"","background-repeat":"repeat","background-position":"center center","background-size":"auto","background-attachment":"scroll","background-type":"","background-media":"","overlay-type":"","overlay-color":"","overlay-opacity":"","overlay-gradient":""},"tablet":{"background-color":"var(--ast-global-color-5)","background-image":"","background-repeat":"repeat","background-position":"center center","background-size":"auto","background-attachment":"scroll","background-type":"","background-media":"","overlay-type":"","overlay-color":"","overlay-opacity":"","overlay-gradient":""},"mobile":{"background-color":"var(--ast-global-color-5)","background-image":"","background-repeat":"repeat","background-position":"center center","background-size":"auto","background-attachment":"scroll","background-type":"","background-media":"","overlay-type":"","overlay-color":"","overlay-opacity":"","overlay-gradient":""}},"_themeisle_gutenberg_block_has_review":false,"footnotes":""},"class_list":["post-19666","page","type-page","status-publish","hentry"],"acf":[],"featured_image_urls_v2":{"full":"","thumbnail":"","medium":"","medium_large":"","large":"","1536x1536":"","2048x2048":"","menu-24x24":"","menu-36x36":"","menu-48x48":"","mailpoet_newsletter_max":""},"post_excerpt_stackable_v2":"<p>Za II p\u00f3\u0142rocze 2021&nbsp;autor&nbsp;Edyta Rogala Cichym s\u0142owem \/ Lidia Liszewska, Robert Kornacki. Pozna\u0144 : Czwarta Strona, copyright 2021. Inw.: K 83777Magda : autobiografia Magdy Gessler \/ Magda Gessler, Dominik Linowski. [Warszawa] : 5Why Promotion, copyright 2021. Inw.: K 83746Moje maski, moje twarze : wybrane przek\u0142ady poetyckie \/ [przek\u0142ad] Leszek Engelking. \u0141\u00f3d\u017a : Officyna, 2021 Inw.: K 84522Poezja polska okresu mi\u0119dzywojennego : antologia. Cz. 1 \/ wyb\u00f3r i wst\u0119p Micha\u0142 G\u0142owi\u0144ski i Janusz S\u0142awi\u0144ski ; przypisy oprac. Janusz Stradecki. Wroc\u0142aw ; Krak\u00f3w [etc.] : Zak\u0142ad Narodowy im. Ossoli\u0144skich, 1987.(Biblioteka Narodowa. Seria 1) Inw.: K 83979Poezja polska okresu mi\u0119dzywojennego : antologia. Cz.&hellip;<\/p>\n","category_list_v2":"","author_info_v2":{"name":"bWdyemVnb3Jjenlr","url":"https:\/\/bp.ostroleka.pl\/en\/author\/bwdyemvnb3jjenlr\/"},"comments_num_v2":"0 comments","_links":{"self":[{"href":"https:\/\/bp.ostroleka.pl\/en\/wp-json\/wp\/v2\/pages\/19666","targetHints":{"allow":["GET"]}}],"collection":[{"href":"https:\/\/bp.ostroleka.pl\/en\/wp-json\/wp\/v2\/pages"}],"about":[{"href":"https:\/\/bp.ostroleka.pl\/en\/wp-json\/wp\/v2\/types\/page"}],"author":[{"embeddable":true,"href":"https:\/\/bp.ostroleka.pl\/en\/wp-json\/wp\/v2\/users\/10"}],"replies":[{"embeddable":true,"href":"https:\/\/bp.ostroleka.pl\/en\/wp-json\/wp\/v2\/comments?post=19666"}],"version-history":[{"count":2,"href":"https:\/\/bp.ostroleka.pl\/en\/wp-json\/wp\/v2\/pages\/19666\/revisions"}],"predecessor-version":[{"id":32258,"href":"https:\/\/bp.ostroleka.pl\/en\/wp-json\/wp\/v2\/pages\/19666\/revisions\/32258"}],"wp:attachment":[{"href":"https:\/\/bp.ostroleka.pl\/en\/wp-json\/wp\/v2\/media?parent=19666"}],"curies":[{"name":"wp","href":"https:\/\/api.w.org\/{rel}","templated":true}]}}